{"id":6672,"date":"2024-01-02T03:48:33","date_gmt":"2024-01-02T03:48:33","guid":{"rendered":"https:\/\/ifcfa.org\/?page_id=6672"},"modified":"2024-01-02T04:30:47","modified_gmt":"2024-01-02T04:30:47","slug":"affiliate-program","status":"publish","type":"page","link":"https:\/\/ifcfa.org\/it\/affiliate-program\/","title":{"rendered":"Programma di affiliazione"},"content":{"rendered":"<p><\/p>\n<h2>Presentiamo il nostro Programma Partner!<\/h2>\n<p>Siamo lieti di annunciare il lancio del nostro nuovo programma di affiliazione, che offre un&#8217;opportunit\u00e0 unica ai nostri clienti e a coloro che vogliono guadagnare lavorando con noi.<\/p>\n<p><strong>Come funziona?<\/strong><\/p>\n<p><strong>Innanzitutto,<\/strong> accedete al vostro account sul nostro sito web o registrate il vostro account qui: Registrati su<br \/>\n<strong>Per trovare un partner:<\/strong> sulla home page, nella finestra del Programma di affiliazione, alla voce &#8220;Ulteriori dettagli&#8221;, troverete la sezione &#8220;Link unico&#8221;. Copiare e incollare questo link.<br \/>\n<strong>Condividi il link:<\/strong> invia questo link alle persone a cui vuoi raccomandare i nostri servizi.<\/p>\n<p><strong>Perch\u00e9 aderire?<\/strong><\/p>\n<p><strong>Commissione del 25%:<\/strong> Per ogni nuovo cliente che si registra attraverso il vostro link e acquista da noi, riceverete una commissione del 25% sul valore totale del servizio ordinato e pagato!<br \/>\n<strong>Entrate ricorrenti:<\/strong> ad esempio, se un nuovo cliente si abbona a un servizio di contabilit\u00e0 mensile, riceverete una commissione ogni mese finch\u00e9 il cliente utilizza il nostro servizio e paga regolarmente.<br \/>\n<strong>Opzioni di pagamento:<\/strong> Una volta raggiunto il saldo di 25 sterline, potrete richiedere la vostra commissione o utilizzarla per pagare le vostre fatture.<br \/>\n<strong>Frequenza di pagamento:<\/strong> Venerd\u00ec di ogni settimana (se il venerd\u00ec \u00e8 festivo, il pagamento viene effettuato il gioved\u00ec).<\/p>\n<p>&nbsp;<\/p>\n<h3 style=\"text-align: center;\">Se volete fare della raccomandazione del nostro link un lavoro secondario o a tempo pieno, vi daremo tutto l&#8217;aiuto di cui avete bisogno,<\/h3>\n<h3 style=\"text-align: center;\">per massimizzare il vostro reddito!<br \/>\nIl potenziale per guadagnare milioni di fiorini \u00e8 proprio davanti a te!<\/h3>\n<h3>\nIscriviti ora!<\/h3>\n<p>Non esitate a cogliere questa straordinaria opportunit\u00e0 di guadagnare mentre aiutate gli altri a scoprire i nostri servizi!<\/p>\n<p>Basta un solo clic per approfittare del nostro Programma di affiliazione!<\/p>\n<h3><\/h3>\n<h3>\n1. Registrarsi per un account o accedere al proprio account<\/h3>\n<p>(Consultate le istruzioni per la registrazione qui:<\/p>\n<h3>\n2. Ottenere il proprio link di affiliazione<br \/>\n3. Scegliere i servizi che si desidera promuovere.<br \/>\n4. Domande frequenti sul Programma di affiliazione<\/h3>\n<p><\/p>","protected":false},"excerpt":{"rendered":"<p><p>Presentiamo il nostro Programma Partner! Siamo lieti di annunciare il lancio del nostro nuovo programma di affiliazione, che offre un&#8217;opportunit\u00e0 unica ai nostri clienti e a coloro che vogliono guadagnare lavorando con noi. Come funziona? Innanzitutto, accedete al vostro account sul nostro sito web o registrate il vostro account qui: Registrati su Per trovare un<\/p>\n<\/p>","protected":false},"author":5,"featured_media":0,"parent":0,"menu_order":0,"comment_status":"closed","ping_status":"closed","template":"","meta":{"footnotes":""},"class_list":["post-6672","page","type-page","status-publish","hentry"],"_links":{"self":[{"href":"https:\/\/ifcfa.org\/it\/wp-json\/wp\/v2\/pages\/6672"}],"collection":[{"href":"https:\/\/ifcfa.org\/it\/wp-json\/wp\/v2\/pages"}],"about":[{"href":"https:\/\/ifcfa.org\/it\/wp-json\/wp\/v2\/types\/page"}],"author":[{"embeddable":true,"href":"https:\/\/ifcfa.org\/it\/wp-json\/wp\/v2\/users\/5"}],"replies":[{"embeddable":true,"href":"https:\/\/ifcfa.org\/it\/wp-json\/wp\/v2\/comments?post=6672"}],"version-history":[{"count":19,"href":"https:\/\/ifcfa.org\/it\/wp-json\/wp\/v2\/pages\/6672\/revisions"}],"predecessor-version":[{"id":6692,"href":"https:\/\/ifcfa.org\/it\/wp-json\/wp\/v2\/pages\/6672\/revisions\/6692"}],"wp:attachment":[{"href":"https:\/\/ifcfa.org\/it\/wp-json\/wp\/v2\/media?parent=6672"}],"curies":[{"name":"wp","href":"https:\/\/api.w.org\/{rel}","templated":true}]}}