{"id":5664,"date":"2018-10-22T09:27:46","date_gmt":"2018-10-22T09:27:46","guid":{"rendered":"https:\/\/ifcfa.org\/?page_id=5664"},"modified":"2018-12-30T10:40:36","modified_gmt":"2018-12-30T10:40:36","slug":"featured-members","status":"publish","type":"page","link":"https:\/\/ifcfa.org\/it\/featured-members\/","title":{"rendered":"Membri in primo piano"},"content":{"rendered":"<p>Un membro prioritario dell&#8217;Associazione pu\u00f2 diventare una persona fisica, un&#8217;entit\u00e0 legale, un&#8217;entit\u00e0 non giuridica, che \u00e8 impegnata in:<\/p>\n<p>&nbsp;<\/p>\n<p><strong>In base a un abbonamento selezionato:<\/strong><\/p>\n<ul>\n<li>Accetta gli obiettivi dell&#8217;associazione e gli obblighi associati al tipo di abbonamento,<\/li>\n<li>Pagare la quota associativa annuale, e<\/li>\n<li>Eletto dalla presidenza della IFCFA per questa posizione, come membro.<\/li>\n<\/ul>\n<p>&nbsp;<\/p>\n<h2>Definizione di appartenenza prioritaria:<\/h2>\n<p>Il membro selezionato pu\u00f2 essere selezionato all&#8217;interno della sezione dalla raccomandazione di tutti i membri della Presidenza.<\/p>\n<p>L&#8217;appartenenza elettiva fornisce un&#8217;appartenenza prominente dell&#8217;Associazione per tutti i tipi di membri. Una persona fisica, o una persona giuridica (con un&#8217;appartenenza prominente), pu\u00f2 costituire gruppi di lavoro, supervisionare il loro lavoro, dirigerli ed essere responsabile del lavoro del gruppo di lavoro.<\/p>\n<p>La persona che richiede l&#8217;iscrizione sar\u00e0 registrata dai Segretari dopo il pagamento della quota di iscrizione e invier\u00e0 un messaggio elettronico al membro della registrazione. La data di inizio del rapporto di appartenenza per il membro \u00e8 il giorno in cui la Presidenza dell&#8217;Associazione ha preso una decisione in merito all&#8217;adesione.<\/p>","protected":false},"excerpt":{"rendered":"<p><p>Un membro prioritario dell&#8217;Associazione pu\u00f2 diventare una persona fisica, un&#8217;entit\u00e0 legale, un&#8217;entit\u00e0 non giuridica, che \u00e8 impegnata in: &nbsp; In base a un abbonamento selezionato: Accetta gli obiettivi dell&#8217;associazione e gli obblighi associati al tipo di abbonamento, Pagare la quota associativa annuale, e Eletto dalla presidenza della IFCFA per questa posizione, come membro. &nbsp; Definizione<\/p>\n<\/p>","protected":false},"author":5,"featured_media":0,"parent":0,"menu_order":0,"comment_status":"closed","ping_status":"closed","template":"","meta":{"footnotes":""},"class_list":["post-5664","page","type-page","status-publish","hentry"],"_links":{"self":[{"href":"https:\/\/ifcfa.org\/it\/wp-json\/wp\/v2\/pages\/5664"}],"collection":[{"href":"https:\/\/ifcfa.org\/it\/wp-json\/wp\/v2\/pages"}],"about":[{"href":"https:\/\/ifcfa.org\/it\/wp-json\/wp\/v2\/types\/page"}],"author":[{"embeddable":true,"href":"https:\/\/ifcfa.org\/it\/wp-json\/wp\/v2\/users\/5"}],"replies":[{"embeddable":true,"href":"https:\/\/ifcfa.org\/it\/wp-json\/wp\/v2\/comments?post=5664"}],"version-history":[{"count":13,"href":"https:\/\/ifcfa.org\/it\/wp-json\/wp\/v2\/pages\/5664\/revisions"}],"predecessor-version":[{"id":6083,"href":"https:\/\/ifcfa.org\/it\/wp-json\/wp\/v2\/pages\/5664\/revisions\/6083"}],"wp:attachment":[{"href":"https:\/\/ifcfa.org\/it\/wp-json\/wp\/v2\/media?parent=5664"}],"curies":[{"name":"wp","href":"https:\/\/api.w.org\/{rel}","templated":true}]}}