{"id":5406,"date":"2018-07-26T13:42:06","date_gmt":"2018-07-26T13:42:06","guid":{"rendered":"https:\/\/ifcfa.org\/?page_id=5406"},"modified":"2018-12-30T10:32:41","modified_gmt":"2018-12-30T10:32:41","slug":"selected-membership","status":"publish","type":"page","link":"https:\/\/ifcfa.org\/it\/selected-membership\/","title":{"rendered":"Appartenenza selezionata"},"content":{"rendered":"<p>Un membro eletto dell&#8217;Associazione pu\u00f2 diventare una persona (persona fisica, persona giuridica) che<\/p>\n<p>&nbsp;<\/p>\n<ol>\n<li><strong>Volontariato:<\/strong><\/li>\n<\/ol>\n<ul>\n<li>Dichiara l&#8217;intenzione di entrare,<\/li>\n<li>Accetta gli obiettivi dell&#8217;associazione e gli obblighi associati al tipo di abbonamento,<\/li>\n<li>Pagare la quota associativa annuale e<\/li>\n<li>Eletto dalla Presidenza della IFCFA come membro della posizione designata.<\/li>\n<\/ul>\n<p>&nbsp;<\/p>\n<p>2. <strong>Sulla base dell&#8217;adesione elettiva:<\/strong><\/p>\n<ul>\n<li>Dichiara l&#8217;intenzione di entrare,<\/li>\n<li>Accetta gli obiettivi dell&#8217;associazione e gli obblighi associati al tipo di abbonamento,<\/li>\n<li>Pagare la quota associativa annuale e<\/li>\n<li>Eletto dalla Presidenza della IFCFA come membro della posizione designata.<\/li>\n<\/ul>\n<p>&nbsp;<\/p>\n<h2>Definizione di appartenenza elettiva:<\/h2>\n<p>Il membro eletto pu\u00f2 essere selezionato sulla base di una raccomandazione di 13 membri che hanno aderito all&#8217;Unione membro dell&#8217;Associazione.<\/p>\n<p>L&#8217;iscrizione elettiva fornisce un abbonamento equivalente all&#8217;Associazione federale.<\/p>\n<p>La persona che richiede l&#8217;iscrizione sar\u00e0 registrata dai Segretari dopo il pagamento della quota di iscrizione e invier\u00e0 un messaggio elettronico al membro della registrazione. La data di inizio del rapporto di appartenenza per il membro \u00e8 il giorno in cui la Presidenza dell&#8217;Associazione ha preso una decisione in merito all&#8217;adesione.<\/p>\n<p>&nbsp;<\/p>\n<h2>Se desideri essere un membro della IFCFA, compila il modulo di domanda seguente:<\/h2>\n<p>[vfb id = 8]<\/p>\n<p>&nbsp;<\/p>\n<p>Per continuare l\u2019iscrizione federale, fai clic sul link \u201c<strong>Accedi<\/strong>\u201d (direttamente nel menu) per registrare un account con i tuoi dettagli. Nel tuo account finito, puoi fare clic sul pulsante \u201c<strong>Acquista<\/strong>\u201d nell\u2019intestazione (in alto a sinistra) per selezionare l\u2019appartenenza appropriata e quindi puoi effettuare l\u2019ordine selezionando le seguenti opzioni di pagamento:<\/p>\n<ul>\n<li><strong>PayPal<\/strong>\u00a0&gt; (Passaggi: Seleziona pacchetto) &gt;\u00a0<strong>Pagamento<\/strong>\u00a0(pulsante verde) &gt; (Selezione PayPal)\u00a0<strong>PayPal<\/strong>\u00a0&gt;\u00a0<strong>Ordine<\/strong>\u00a0(pulsante blu) &gt;\u00a0<strong>Accedi al tuo conto PayPal<\/strong><\/li>\n<li><strong>Carta di credito<\/strong>\u00a0&gt; (Passaggi: Seleziona pacchetto) &gt;\u00a0<strong>Pagamento<\/strong>\u00a0(pulsante verde) &gt; (Selezione PayPal)\u00a0<strong>PayPal<\/strong>\u00a0&gt; Ordine (pulsante blu) &gt;\u00a0<strong>Pagamento con carta di credito<\/strong><\/li>\n<li><strong>Con bonifico bancario<\/strong>\u00a0&gt; (Passi: Seleziona pacchetto) &gt;\u00a0<strong>Pagamento<\/strong>\u00a0(pulsante verde) &gt; (Seleziona metodo di pagamento)\u00a0<strong>Posta in pagamento<\/strong>\u00a0&gt;\u00a0<strong>Opzione<\/strong>(pulsante blu).<br \/>\nCon i passaggi precedenti, puoi ordinare il tuo ordine per IFCFA Alliance.<\/li>\n<\/ul>\n<p><strong>Non appena il pagamento arriver\u00e0, ti invieremo la nostra conferma per verificare la corretta compilazione del modulo. Non appena avrai ricevuto la conferma della correttezza dei dati, avvieremo la procedura di accesso e ti invieremo ulteriori passaggi.<\/strong><\/p>","protected":false},"excerpt":{"rendered":"<p><p>Un membro eletto dell&#8217;Associazione pu\u00f2 diventare una persona (persona fisica, persona giuridica) che &nbsp; Volontariato: Dichiara l&#8217;intenzione di entrare, Accetta gli obiettivi dell&#8217;associazione e gli obblighi associati al tipo di abbonamento, Pagare la quota associativa annuale e Eletto dalla Presidenza della IFCFA come membro della posizione designata. &nbsp; 2. Sulla base dell&#8217;adesione elettiva: Dichiara l&#8217;intenzione<\/p>\n<\/p>","protected":false},"author":5,"featured_media":0,"parent":0,"menu_order":0,"comment_status":"closed","ping_status":"closed","template":"","meta":{"footnotes":""},"class_list":["post-5406","page","type-page","status-publish","hentry"],"_links":{"self":[{"href":"https:\/\/ifcfa.org\/it\/wp-json\/wp\/v2\/pages\/5406"}],"collection":[{"href":"https:\/\/ifcfa.org\/it\/wp-json\/wp\/v2\/pages"}],"about":[{"href":"https:\/\/ifcfa.org\/it\/wp-json\/wp\/v2\/types\/page"}],"author":[{"embeddable":true,"href":"https:\/\/ifcfa.org\/it\/wp-json\/wp\/v2\/users\/5"}],"replies":[{"embeddable":true,"href":"https:\/\/ifcfa.org\/it\/wp-json\/wp\/v2\/comments?post=5406"}],"version-history":[{"count":14,"href":"https:\/\/ifcfa.org\/it\/wp-json\/wp\/v2\/pages\/5406\/revisions"}],"predecessor-version":[{"id":6082,"href":"https:\/\/ifcfa.org\/it\/wp-json\/wp\/v2\/pages\/5406\/revisions\/6082"}],"wp:attachment":[{"href":"https:\/\/ifcfa.org\/it\/wp-json\/wp\/v2\/media?parent=5406"}],"curies":[{"name":"wp","href":"https:\/\/api.w.org\/{rel}","templated":true}]}}