{"id":5404,"date":"2018-07-26T13:40:58","date_gmt":"2018-07-26T13:40:58","guid":{"rendered":"https:\/\/ifcfa.org\/?page_id=5404"},"modified":"2023-05-07T22:05:15","modified_gmt":"2023-05-07T22:05:15","slug":"basic-membership","status":"publish","type":"page","link":"https:\/\/ifcfa.org\/it\/basic-membership\/","title":{"rendered":"Iscrizione di base"},"content":{"rendered":"<p><\/p>\n<h2>Membership \/ Federal Membership<\/h2>\n<p>Un membro della IFCFA pu\u00f2 diventare una persona (persona fisica, persona giuridica, entit\u00e0 non giuridica) che \u00e8 impegnata in: Avvio di un&#8217;impresa, costituzione di una societ\u00e0, servizi di liquidazione, contabilit\u00e0, buste paga, revisione e contabilit\u00e0.<\/p>\n<p>&nbsp;<\/p>\n<ol>\n<li><strong>Su base volontaria:<\/strong><\/li>\n<\/ol>\n<ul>\n<li>Dichiara l&#8217;intenzione di entrare,<\/li>\n<li>Accetta gli obiettivi dell&#8217;associazione e gli obblighi associati al tipo di abbonamento,<\/li>\n<li>Pagare la quota associativa annuale e<\/li>\n<li>Eletto dalla Presidenza della IFCFA come membro della posizione designata.<\/li>\n<\/ul>\n<p>&nbsp;<\/p>\n<p>2. <strong>Sulla base dell&#8217;adesione elettiva:<\/strong><\/p>\n<ul>\n<li>Dichiara l&#8217;intenzione di entrare,<\/li>\n<li>Accetta gli obiettivi dell&#8217;associazione e gli obblighi associati al tipo di abbonamento,<\/li>\n<li>Pagare la quota associativa annuale e<\/li>\n<li>Eletto dalla Presidenza della IFCFA come membro della posizione designata.<\/li>\n<\/ul>\n<p>&nbsp;<\/p>\n<h2>L&#8217;abbonamento copre:<\/h2>\n<ul>\n<li>All&#8217;adesione nazionale (appartenenza al membro) scelta dal membro,<\/li>\n<li>Per l&#8217;International Membership of IFCFA (Federal Membership)<\/li>\n<\/ul>\n<p>&nbsp;<\/p>\n<h2>La quota di iscrizione<\/h2>\n<p>La quota associativa dell&#8217;Associazione \u00e8 determinata dalla Presidenza dell&#8217;Associazione.<\/p>\n<p>L&#8217;attuale quota associativa annuale e il suo cambiamento saranno comunicati ai membri via e-mail e l&#8217;attuale quota associativa \u00e8 disponibile sulla pagina &#8220;Quote associative&#8221;.<\/p>\n<p>La quota associativa deve essere pagata tramite bonifico sul conto dell&#8217;Associazione, tramite PayPal o tramite deposito presso gli uffici locali dell&#8217;Associazione IFCFA.<\/p>\n<p>Il certificato di appartenenza viene rilasciato alla societ\u00e0 o azienda, al nome del manager \/ rappresentante della societ\u00e0.<\/p>\n<p>&nbsp;<\/p>\n<h2>Diritti e doveri del membro federale<\/h2>\n<p>Il membro federale<\/p>\n<ul>\n<li>Partecipare alle attivit\u00e0 e agli eventi dell&#8217;associazione;<\/li>\n<li>Vota in assemblea;<\/li>\n<li>Se soddisfa le condizioni statutarie, pu\u00f2 essere eletto in qualsiasi ufficio dell&#8217;associazione;<\/li>\n<li>Formulare proposte sull&#8217;ordine del giorno dell&#8217;Assemblea dei soci;<\/li>\n<li>Iniziare l&#8217;ammissione di un membro onorario;<\/li>\n<li>Hanno il diritto di utilizzare i servizi forniti dall&#8217;associazione ai suoi membri.<\/li>\n<li>Solo un membro della federazione pu\u00f2 aderire volontariamente al programma di assicurazione di responsabilit\u00e0 dell&#8217;Associazione. L&#8217;iscrizione al programma di assicurazione responsabilit\u00e0 civile comporta un aumento della quota associativa e dei diritti garantiti dalla polizza assicurativa dell&#8217;Associazione.<\/li>\n<li>Il membro federale accede ai canali di comunicazione elettronica dell&#8217;Associazione. Quando concede l&#8217;accesso, i Segretari che agiscono per conto dell&#8217;Associazione verificano la titolarit\u00e0 dell&#8217;utente all&#8217;utente verificando l&#8217;identit\u00e0.<\/li>\n<\/ul>\n<p>&nbsp;<\/p>\n<h2>Benefici dell&#8217;appartenenza<\/h2>\n<p>Il membro federale fornir\u00e0 le parole chiave che si desidera che la pagina secondaria dell&#8217;associazione compaia nei motori di ricerca al momento della registrazione.<\/p>\n<p>(Google, Yahoo, Bing, Ricerca, Yandex).<\/p>\n<p>In base alle parole chiave inserite, l&#8217;ottimizzazione del motore di ricerca della pagina secondaria (il membro specificato al momento della registrazione) su Google, Yahoo, Bing, Ricerca, Pagine Yandex.<\/p>\n<p>In base alle parole chiave inserite, il lato dell&#8217;associazione (visualizzato dal membro al momento della registrazione) viene visualizzato sulla prima pagina nei motori di ricerca.<\/p>\n<p>&nbsp;<\/p>\n<h2>Basato su questo:<\/h2>\n<ul>\n<li>Il sito web e l&#8217;indirizzo email del membro federale appariranno su https:\/\/ifcfa.org<\/li>\n<li>Il membro federale pu\u00f2 anche essere visitato direttamente dai visitatori di https:\/\/ifcfa.org<\/li>\n<li>Inoltrare richieste ai visitatori di ifcfa.org ai membri<\/li>\n<li>Il membro federale riceve raccomandazioni e ordini<\/li>\n<\/ul>\n<p>I membri, le pagine dell&#8217;associazione, sono elencati nell&#8217;ordine in cui sono visualizzati, indipendentemente dal tempo di registrazione, dal pagamento della quota o dalla dimensione della donazione o della sponsorizzazione.<\/p>\n<p>Un membro federale svolge tutte le attivit\u00e0 della federazione, pi\u00f9 alto diventa nell&#8217;elenco dei membri del Web.<\/p>\n<p>&nbsp;<\/p>\n<h2>Se desideri essere un membro di IFCFA, completa il modulo di domanda qui sotto:<\/h2>\n<p>&nbsp;<\/p>\n<p>[vfb id = 2]<\/p>\n<p>&nbsp;<\/p>\n<p>Per continuare l\u2019iscrizione federale, fai clic sul link \u201c<strong>Accedi<\/strong>\u201d (direttamente nel menu) per registrare un account con i tuoi dettagli. Nel tuo account finito, puoi fare clic sul pulsante \u201c<strong>Acquista<\/strong>\u201d nell\u2019intestazione (in alto a sinistra) per selezionare l\u2019appartenenza appropriata e quindi puoi effettuare l\u2019ordine selezionando le seguenti opzioni di pagamento:<\/p>\n<ul>\n<li><strong>PayPal<\/strong>\u00a0&gt; (Passaggi: Seleziona pacchetto) &gt;\u00a0<strong>Pagamento<\/strong>\u00a0(pulsante verde) &gt; (Selezione PayPal)\u00a0<strong>PayPal<\/strong>\u00a0&gt;\u00a0<strong>Ordine<\/strong>\u00a0(pulsante blu) &gt;\u00a0<strong>Accedi al tuo conto PayPal<\/strong><\/li>\n<li><strong>Carta di credito<\/strong>\u00a0&gt; (Passaggi: Seleziona pacchetto) &gt;\u00a0<strong>Pagamento<\/strong>\u00a0(pulsante verde) &gt; (Selezione PayPal)\u00a0<strong>PayPal<\/strong>\u00a0&gt; Ordine (pulsante blu) &gt;\u00a0<strong>Pagamento con carta di credito<\/strong><\/li>\n<li><strong>Con bonifico bancario<\/strong>\u00a0&gt; (Passi: Seleziona pacchetto) &gt;\u00a0<strong>Pagamento<\/strong>\u00a0(pulsante verde) &gt; (Seleziona metodo di pagamento)\u00a0<strong>Posta in pagamento<\/strong>\u00a0&gt;\u00a0<strong>Opzione<\/strong>(pulsante blu).<br \/>\nCon i passaggi precedenti, puoi ordinare il tuo ordine per IFCFA Alliance.<\/li>\n<\/ul>\n<p><strong>Non appena il pagamento arriver\u00e0, ti invieremo la nostra conferma per verificare la corretta compilazione del modulo. Non appena avrai ricevuto la conferma della correttezza dei dati, avvieremo la procedura di accesso e ti invieremo ulteriori passaggi.<\/strong><\/p>","protected":false},"excerpt":{"rendered":"<p><p>Membership \/ Federal Membership Un membro della IFCFA pu\u00f2 diventare una persona (persona fisica, persona giuridica, entit\u00e0 non giuridica) che \u00e8 impegnata in: Avvio di un&#8217;impresa, costituzione di una societ\u00e0, servizi di liquidazione, contabilit\u00e0, buste paga, revisione e contabilit\u00e0. &nbsp; Su base volontaria: Dichiara l&#8217;intenzione di entrare, Accetta gli obiettivi dell&#8217;associazione e gli obblighi associati<\/p>\n<\/p>","protected":false},"author":5,"featured_media":0,"parent":0,"menu_order":0,"comment_status":"closed","ping_status":"closed","template":"","meta":{"footnotes":""},"class_list":["post-5404","page","type-page","status-publish","hentry"],"_links":{"self":[{"href":"https:\/\/ifcfa.org\/it\/wp-json\/wp\/v2\/pages\/5404"}],"collection":[{"href":"https:\/\/ifcfa.org\/it\/wp-json\/wp\/v2\/pages"}],"about":[{"href":"https:\/\/ifcfa.org\/it\/wp-json\/wp\/v2\/types\/page"}],"author":[{"embeddable":true,"href":"https:\/\/ifcfa.org\/it\/wp-json\/wp\/v2\/users\/5"}],"replies":[{"embeddable":true,"href":"https:\/\/ifcfa.org\/it\/wp-json\/wp\/v2\/comments?post=5404"}],"version-history":[{"count":55,"href":"https:\/\/ifcfa.org\/it\/wp-json\/wp\/v2\/pages\/5404\/revisions"}],"predecessor-version":[{"id":6515,"href":"https:\/\/ifcfa.org\/it\/wp-json\/wp\/v2\/pages\/5404\/revisions\/6515"}],"wp:attachment":[{"href":"https:\/\/ifcfa.org\/it\/wp-json\/wp\/v2\/media?parent=5404"}],"curies":[{"name":"wp","href":"https:\/\/api.w.org\/{rel}","templated":true}]}}