{"id":5398,"date":"2018-07-26T13:38:01","date_gmt":"2018-07-26T13:38:01","guid":{"rendered":"https:\/\/ifcfa.org\/?page_id=5398"},"modified":"2018-12-30T10:47:42","modified_gmt":"2018-12-30T10:47:42","slug":"correspondence-membership","status":"publish","type":"page","link":"https:\/\/ifcfa.org\/it\/correspondence-membership\/","title":{"rendered":"Appartenenza alla corrispondenza"},"content":{"rendered":"<p>Un membro della IFCFA pu\u00f2 diventare una persona fisica, una persona giuridica, un&#8217;entit\u00e0 non giuridica, che \u00e8 impegnata in: Avvio di un&#8217;attivit\u00e0, Creazione di una societ\u00e0, Servizi di ufficio, Contabilit\u00e0, Gestione stipendi, Revisione contabile e Contabilit\u00e0.<\/p>\n<p>&nbsp;<\/p>\n<h2>Volontariato:<\/h2>\n<p>&#8211; dichiara l&#8217;intenzione di entrare,<\/p>\n<p>&#8211; Accetta gli obiettivi dell&#8217;associazione e gli obblighi associati al tipo di iscrizione<\/p>\n<p>&#8211; paga la quota associativa annuale<\/p>\n<p>&#8211; che \u00e8 eletto membro della presidenza di appartenenza della IFCFA<\/p>\n<p>&#8211; eletto dalla Presidenza della IFCFA come membro della posizione designata.<\/p>\n<p>&nbsp;<\/p>\n<h2>Attivit\u00e0:<\/h2>\n<p>In caso di registrazione di un&#8217;azienda o di un&#8217;azienda, l&#8217;iscrizione corrispondente interessa solo il direttore della societ\u00e0.<\/p>\n<p>Il corrispondente pu\u00f2 fare commenti, raccomandazioni, aggiunte, suggerimenti, che dovrebbero sempre essere scritti per iscritto al team di direzione.<\/p>\n<p>Il corrispondente pu\u00f2 partecipare alle assemblee, alle riunioni e agli eventi dell&#8217;Associazione e dei Membri, ma non ha il diritto di commentare o parlare.<\/p>\n<p>I commenti e i suggerimenti inviati dal membro corrispondente dovrebbero sempre essere presi in considerazione dalla Presidenza e dai dirigenti.<\/p>\n<p>Il membro corrispondente pu\u00f2 partecipare a un gruppo di lavoro solo con l&#8217;indennit\u00e0 della presidenza di appartenenza.<\/p>\n<p>Un corrispondente \u00e8 registrato dalla segreteria dopo il pagamento della quota di iscrizione e invia un messaggio elettronico alla persona per la registrazione. La data di inizio dell&#8217;appartenenza ai membri corrispondenti \u00e8 il giorno (dopo le quote associative) che la presidenza dell&#8217;adesione prende una decisione sulla scelta di appartenenza della persona.<\/p>\n<p>&nbsp;<\/p>\n<h2>Se desideri essere membro dell&#8217;Associazione IFCFA, compila il modulo di domanda seguente:<\/h2>\n<p>&nbsp;<\/p>\n<p>[vfb id = 2]<\/p>\n<p>&nbsp;<\/p>\n<p>Per continuare l\u2019iscrizione federale, fai clic sul link \u201c<strong>Accedi<\/strong>\u201d (direttamente nel menu) per registrare un account con i tuoi dettagli. Nel tuo account finito, puoi fare clic sul pulsante \u201c<strong>Acquista<\/strong>\u201d nell\u2019intestazione (in alto a sinistra) per selezionare l\u2019appartenenza appropriata e quindi puoi effettuare l\u2019ordine selezionando le seguenti opzioni di pagamento:<\/p>\n<ul>\n<li><strong>PayPal<\/strong>\u00a0&gt; (Passaggi: Seleziona pacchetto) &gt;\u00a0<strong>Pagamento<\/strong>\u00a0(pulsante verde) &gt; (Selezione PayPal)\u00a0<strong>PayPal<\/strong>\u00a0&gt;\u00a0<strong>Ordine<\/strong>\u00a0(pulsante blu) &gt;\u00a0<strong>Accedi al tuo conto PayPal<\/strong><\/li>\n<li><strong>Carta di credito<\/strong>\u00a0&gt; (Passaggi: Seleziona pacchetto) &gt;\u00a0<strong>Pagamento<\/strong>\u00a0(pulsante verde) &gt; (Selezione PayPal)\u00a0<strong>PayPal<\/strong>\u00a0&gt; Ordine (pulsante blu) &gt;\u00a0<strong>Pagamento con carta di credito<\/strong><\/li>\n<li><strong>Con bonifico bancario<\/strong>\u00a0&gt; (Passi: Seleziona pacchetto) &gt;\u00a0<strong>Pagamento<\/strong>\u00a0(pulsante verde) &gt; (Seleziona metodo di pagamento)\u00a0<strong>Posta in pagamento<\/strong>\u00a0&gt;\u00a0<strong>Opzione<\/strong>(pulsante blu).<br \/>\nCon i passaggi precedenti, puoi ordinare il tuo ordine per IFCFA Alliance.<\/li>\n<\/ul>\n<p><strong>Non appena il pagamento arriver\u00e0, ti invieremo la nostra conferma per verificare la corretta compilazione del modulo. Non appena avrai ricevuto la conferma della correttezza dei dati, avvieremo la procedura di accesso e ti invieremo ulteriori passaggi.<\/strong><\/p>","protected":false},"excerpt":{"rendered":"<p><p>Un membro della IFCFA pu\u00f2 diventare una persona fisica, una persona giuridica, un&#8217;entit\u00e0 non giuridica, che \u00e8 impegnata in: Avvio di un&#8217;attivit\u00e0, Creazione di una societ\u00e0, Servizi di ufficio, Contabilit\u00e0, Gestione stipendi, Revisione contabile e Contabilit\u00e0. &nbsp; Volontariato: &#8211; dichiara l&#8217;intenzione di entrare, &#8211; Accetta gli obiettivi dell&#8217;associazione e gli obblighi associati al tipo di<\/p>\n<\/p>","protected":false},"author":5,"featured_media":0,"parent":0,"menu_order":0,"comment_status":"closed","ping_status":"closed","template":"","meta":{"footnotes":""},"class_list":["post-5398","page","type-page","status-publish","hentry"],"_links":{"self":[{"href":"https:\/\/ifcfa.org\/it\/wp-json\/wp\/v2\/pages\/5398"}],"collection":[{"href":"https:\/\/ifcfa.org\/it\/wp-json\/wp\/v2\/pages"}],"about":[{"href":"https:\/\/ifcfa.org\/it\/wp-json\/wp\/v2\/types\/page"}],"author":[{"embeddable":true,"href":"https:\/\/ifcfa.org\/it\/wp-json\/wp\/v2\/users\/5"}],"replies":[{"embeddable":true,"href":"https:\/\/ifcfa.org\/it\/wp-json\/wp\/v2\/comments?post=5398"}],"version-history":[{"count":28,"href":"https:\/\/ifcfa.org\/it\/wp-json\/wp\/v2\/pages\/5398\/revisions"}],"predecessor-version":[{"id":6084,"href":"https:\/\/ifcfa.org\/it\/wp-json\/wp\/v2\/pages\/5398\/revisions\/6084"}],"wp:attachment":[{"href":"https:\/\/ifcfa.org\/it\/wp-json\/wp\/v2\/media?parent=5398"}],"curies":[{"name":"wp","href":"https:\/\/api.w.org\/{rel}","templated":true}]}}