{"id":5357,"date":"2018-06-20T10:31:03","date_gmt":"2018-06-20T10:31:03","guid":{"rendered":"https:\/\/ifcfa.org\/?page_id=5357"},"modified":"2018-12-30T10:41:49","modified_gmt":"2018-12-30T10:41:49","slug":"honorary-members","status":"publish","type":"page","link":"https:\/\/ifcfa.org\/it\/honorary-members\/","title":{"rendered":"Membri onorari"},"content":{"rendered":"<p><\/p>\n<h2>Iscrizione onoraria<\/h2>\n<p>Il Socio Onorario dell&#8217;Associazione pu\u00f2 diventare una persona fisica o giuridica di qualsiasi nazionalit\u00e0 (persona fisica, persona giuridica, impresa non legale) che \u00e8 impegnata in base all&#8217;obiettivo dell&#8217;associazione o delle attivit\u00e0 continuative connesse all&#8217;area dell&#8217;associazione e nella promozione della federazione obiettivi dell&#8217;associazione, l&#8217;assemblea dei soci decide come membri onorari. Inoltre, il candidato:<\/p>\n<ul>\n<li>Dichiara la tua intenzione di entrare, e<\/li>\n<li>Accetta gli obiettivi dell&#8217;Alleanza,<\/li>\n<li>Ai sensi dello statuto, si impegna a soddisfare gli obblighi dei membri dell&#8217;associazione.<\/li>\n<\/ul>\n<h2>Il membro onorario<\/h2>\n<ul>\n<li>Non pu\u00f2 essere eletto negli organi dell&#8217;Associazione;<\/li>\n<li>Puoi partecipare solo al processo decisionale dell&#8217;Assemblea dell&#8217;Associazione;<\/li>\n<li>Devi rispettare la Costituzione dell&#8217;Associazione, attuare le risoluzioni dell&#8217;Assemblea, delle Commissioni e della Presidenza.<\/li>\n<\/ul>\n<p>Il membro onorario sar\u00e0 registrato dal Segretariato in base alla decisione dell&#8217;Assemblea dei soci e invier\u00e0 un messaggio elettronico sulla registrazione. La data di inizio dell&#8217;appartenenza avverr\u00e0 alla data della decisione di eleggere il membro onorario.<\/p>","protected":false},"excerpt":{"rendered":"<p><p>Iscrizione onoraria Il Socio Onorario dell&#8217;Associazione pu\u00f2 diventare una persona fisica o giuridica di qualsiasi nazionalit\u00e0 (persona fisica, persona giuridica, impresa non legale) che \u00e8 impegnata in base all&#8217;obiettivo dell&#8217;associazione o delle attivit\u00e0 continuative connesse all&#8217;area dell&#8217;associazione e nella promozione della federazione obiettivi dell&#8217;associazione, l&#8217;assemblea dei soci decide come membri onorari. Inoltre, il candidato: Dichiara<\/p>\n<\/p>","protected":false},"author":5,"featured_media":0,"parent":0,"menu_order":0,"comment_status":"closed","ping_status":"closed","template":"","meta":{"footnotes":""},"class_list":["post-5357","page","type-page","status-publish","hentry"],"_links":{"self":[{"href":"https:\/\/ifcfa.org\/it\/wp-json\/wp\/v2\/pages\/5357"}],"collection":[{"href":"https:\/\/ifcfa.org\/it\/wp-json\/wp\/v2\/pages"}],"about":[{"href":"https:\/\/ifcfa.org\/it\/wp-json\/wp\/v2\/types\/page"}],"author":[{"embeddable":true,"href":"https:\/\/ifcfa.org\/it\/wp-json\/wp\/v2\/users\/5"}],"replies":[{"embeddable":true,"href":"https:\/\/ifcfa.org\/it\/wp-json\/wp\/v2\/comments?post=5357"}],"version-history":[{"count":13,"href":"https:\/\/ifcfa.org\/it\/wp-json\/wp\/v2\/pages\/5357\/revisions"}],"predecessor-version":[{"id":5965,"href":"https:\/\/ifcfa.org\/it\/wp-json\/wp\/v2\/pages\/5357\/revisions\/5965"}],"wp:attachment":[{"href":"https:\/\/ifcfa.org\/it\/wp-json\/wp\/v2\/media?parent=5357"}],"curies":[{"name":"wp","href":"https:\/\/api.w.org\/{rel}","templated":true}]}}