{"id":3102,"date":"2018-04-30T14:04:57","date_gmt":"2018-04-30T14:04:57","guid":{"rendered":"https:\/\/ifcfa.org\/?page_id=3102"},"modified":"2023-05-04T17:18:06","modified_gmt":"2023-05-04T17:18:06","slug":"articles-of-association","status":"publish","type":"page","link":"https:\/\/ifcfa.org\/it\/articles-of-association\/","title":{"rendered":"Statuto"},"content":{"rendered":"<p><\/p>\n<h2 style=\"text-align: center;\">Informazioni Generali<\/h2>\n<p>&nbsp;<\/p>\n<ol>\n<li><strong>Il nome dell&#8217;associazione:<\/strong> International Federation of Company Founders &amp; Accountants (<strong>Federazione internazionale dei fondatori e contabili aziendali<\/strong>)<\/li>\n<li><strong>Nome abbreviato dell&#8217;associazione:<\/strong> IFCFA Association<\/li>\n<li><strong>L&#8217;indirizzo della sede dell&#8217;associazione:<\/strong> 293 Sugar Mill Business Park, Oakhurst Avenue, Leeds, South Yorkshire, LS117HL, United Kingdom<\/li>\n<li><strong>Numero di azienda:<\/strong> 11335775<\/li>\n<li><strong>Dati bancari:<\/strong> Santander Bank, <strong>Sort Code:<\/strong> 09-01-29; <strong>Numero di conto:<\/strong> 26808206; <strong>IBAN:<\/strong> GB35ABBY09012926808206; <strong>Codice BIC \/ Swift:<\/strong> ABBYGB2L<\/li>\n<\/ol>\n<blockquote><p><strong>\u20acuro bank account (\u20ac)\u00a0 Swift\/BIC code: <\/strong><span>TRWIBEB1XXX;\u00a0 <strong>IBAN<\/strong>: BE07 9676 2842 4566<\/span><br \/>\n<strong>British pounds account (\u00a3)\u00a0 Sort code: <\/strong>23-14-70;<strong>\u00a0 \u00a0Account number: <\/strong>46617012;<strong><span>\u00a0 \u00a0IBAN: <\/span><\/strong>GB61 TRWI 2314 7046 6170 12<br \/>\n<strong>American USD account ($) dollar account details: ACH: <\/strong>084009519;\u00a0 <strong>Bank account number:<\/strong> <span>9600013415668150<\/span><\/p><\/blockquote>\n<ol>\n<li><strong>Account PayPal:<\/strong> info@ifcfa.org<\/li>\n<li><strong>Sito web:<\/strong> https:\/\/ifcfa.org<\/li>\n<li><strong>Indirizzo email:<\/strong> <a href=\"mailto:info@ifcfa.org\">info@ifcfa.org<\/a><\/li>\n<li><strong>Client Gate:<\/strong> <a href=\"https:\/\/ifcfa.org\/login\/clientarea.php?language=italian\">https:\/\/ifcfa.org\/login\/<\/a><\/li>\n<li><strong>Telefono: UK-Land Line:<\/strong> +44 (0) 1357-340-000; <strong>UK-Mobile:<\/strong> +44 (0) 757-29-410-40; <strong>HU-Mobile:<\/strong> + 3670 \/ 550-2804<\/li>\n<li><strong>Status giuridico dell\u2019associazione: <\/strong>la International Federation of Company Founders &amp; Accountants (nel prosieguo: IFCFA) \u00e8 un\u2019associazione civile operante come organizzazione professionale e di tutela e rappresentanza degli interessi in ogni paese del mondo (ove si eseguono costituzioni di societ\u00e0 e\/o contabilit\u00e0) che svolge l\u2019attivit\u00e0 secondo le norme associative.<\/li>\n<li><strong>La IFCFA\u00a0<\/strong>\u00e8 un\u2019associazione, persona giuridica.<\/li>\n<li><strong>Lingua ufficiale dell\u2019Associazione:<\/strong> inglese e ungherese.<\/li>\n<\/ol>\n<p>&nbsp;<\/p>\n<p>&nbsp;<\/p>\n<h2 style=\"text-align: center;\">Obiettivo primario dell\u2019Associazione:<\/h2>\n<p>&nbsp;<\/p>\n<p>&nbsp;<\/p>\n<ol start=\"14\">\n<li><strong>Tutela e sostegno della<\/strong> rappresentanza degli interessi dei soci, informazioni professionali, istruzione, offerta di consulenze, formazione con discussioni e presentazioni dei compiti in merito alla costituzione di societ\u00e0 e alla contabilit\u00e0, organizzazione di conferenze, edizione e divulgazione di pubblicazioni.<\/li>\n<li><strong>Ottimizzazione del<\/strong> sito web dell\u2019Associazione con le parole chiave, date al momento della registrazione come socio, (Google, Yahoo, Bing, Search, Yandex) ed inoltre invio ai soci delle ricerche in arrivo sul sito web ifcfa.org.<\/li>\n<li><strong>Ogni visitatore del sito<\/strong> web trova nella propria lingua l\u2019impresa di costituzione di societ\u00e0 e\/o lo studio contabile che opera nel paese dove il visitatore vorrebbe costituire una societ\u00e0 o eseguire l\u2019attivit\u00e0 di contabilit\u00e0.<\/li>\n<li><strong>Ogni visitatore del<\/strong> sito web trova nella propria lingua l\u2019impresa di costituzione di societ\u00e0 e\/o lo studio contabile che opera nel paese dove in base ai requisiti supportati dall\u2019associazione (punto \u2026\u2026\u2026\u2026.) si offre al committente una garanzia di qualit\u00e0.<\/li>\n<li><strong>Trasmissione al<\/strong> committente delle societ\u00e0 che offrono servizi di qualit\u00e0 (uso del logo)<\/li>\n<li><strong>Promozione della<\/strong> condivisione dei clienti tra i soci (ad es. soci che si occupano soltanto della costituzione di societ\u00e0 turche, un socio che si occupa della fondazione di societ\u00e0 tedesche pu\u00f2 richiedere aiuto per un proprio cliente se vuole fondare una societ\u00e0 tedesca)<\/li>\n<li><strong>Fornire<\/strong> opportunit\u00e0 di investimento, sovvenzioni, programmi di mentoring per i membri<\/li>\n<li><strong>Fornire<\/strong> supporto ai membri per le attivit\u00e0 di investimento, applicazione e mentoring dei loro clienti<\/li>\n<li><strong>Divulgazione della<\/strong> professione di costituzione di societ\u00e0 e della contabilit\u00e0<\/li>\n<li><strong>Rappresentanza<\/strong> degli interessi professionali della costituzione di societ\u00e0 e della contabilit\u00e0 in merito alle bozze di legge che interessano dette professioni e tramite i pareri professionali delle varie autorit\u00e0<\/li>\n<li><strong>Rappresentanza nei<\/strong> paesi e nelle organizzazioni professionali internazionali<\/li>\n<li><strong>Creazione di proprie<\/strong> sezioni in ogni paese per un funzionamento autonomo<\/li>\n<li><strong>Valutazione delle<\/strong> norme legali che interessano l\u2019attivit\u00e0 di costituzione di societ\u00e0 e della contabilit\u00e0,<\/li>\n<li><strong>Elaborazione di proposte<\/strong> atte a modificare le leggi relative alle attivit\u00e0 di costituzione di societ\u00e0 e della contabilit\u00e0, a elaborare standard internazionali, a semplificare il lavoro di costituzione di societ\u00e0 e della contabilit\u00e0, a rendere pi\u00f9 moderne la formazione e l\u2019istruzione,<\/li>\n<li><strong>Ulteriore sviluppo<\/strong> teorico e realizzazione pratica delle questioni riguardanti la costituzione di societ\u00e0 e la contabilit\u00e0,<\/li>\n<li><strong>Elaborazione delle<\/strong> norme etiche professionali e dei concetti di aggiornamento che interessano l\u2019attivit\u00e0 di costituzione di societ\u00e0 e della contabilit\u00e0,<\/li>\n<li><strong>Aggiornamento professionale<\/strong> continuo dei soci, partecipazione dei soci alla formazione professionale,<\/li>\n<li><strong>Servizio di informazioni<\/strong> professionali, raccolta delle domande irrisolte e relativi pareri professionali,<\/li>\n<li><strong>Raccolta e pubblicazione<\/strong> dei pareri professionali concordati ed accettati dai professionisti<\/li>\n<li><strong>Organizzazione di<\/strong> conferenze, consultazioni, forum di discussione sui compiti attuali e i problemi sorti, occasionalmente con avvocati, consulenti fiscali e revisori dei conti con una libera espressione delle opinioni<\/li>\n<li><strong>Consulenza professionale<\/strong> a beneficio dei soci affinch\u00e9 diventino esperti riconosciuti nella costituzione di societ\u00e0, nel settore fiscale e della contabilit\u00e0<\/li>\n<li><strong>Istruzione per<\/strong> esperti nella costituzione di societ\u00e0 e per commercialisti in qualit\u00e0 di partecipanti ad una formazione accreditata<\/li>\n<li><strong>Cooperazione con<\/strong> altre organizzazioni ed associazioni al fine di raggiungere gli scopi professionali<\/li>\n<li><strong>Sussidio, per<\/strong> quanto possibile, a favore dei soci per soddisfare le loro esigenze di riposo e sport<\/li>\n<li><strong> Sfera d\u2019azione dell\u2019Associazione:<\/strong>Tutti i paesi del mondo dove si svolge la costituzione di societ\u00e0 e\/o la contabilit\u00e0.<\/li>\n<\/ol>\n<p>&nbsp;<\/p>\n<p>&nbsp;<\/p>\n<h2 style=\"text-align: center;\">La struttura organizzativa dell&#8217;Associazione<\/h2>\n<p style=\"text-align: center;\">In ogni paese:\u00a0<a href=\"https:\/\/ifcfa.org\/it\/registration\/\">https:\/\/ifcfa.org\/it\/registration\/<\/a><\/p>\n<p>&nbsp;<\/p>\n<p>&nbsp;<\/p>\n<p>&nbsp;<\/p>\n<h2>Sei una domanda? Scrivere qui:<\/h2>\n<p>[vfb id=1]<\/p>","protected":false},"excerpt":{"rendered":"<p><p>Informazioni Generali &nbsp; Il nome dell&#8217;associazione: International Federation of Company Founders &amp; Accountants (Federazione internazionale dei fondatori e contabili aziendali) Nome abbreviato dell&#8217;associazione: IFCFA Association L&#8217;indirizzo della sede dell&#8217;associazione: 293 Sugar Mill Business Park, Oakhurst Avenue, Leeds, South Yorkshire, LS117HL, United Kingdom Numero di azienda: 11335775 Dati bancari: Santander Bank, Sort Code: 09-01-29; Numero di<\/p>\n<\/p>","protected":false},"author":5,"featured_media":0,"parent":0,"menu_order":0,"comment_status":"closed","ping_status":"closed","template":"","meta":{"footnotes":""},"class_list":["post-3102","page","type-page","status-publish","hentry"],"_links":{"self":[{"href":"https:\/\/ifcfa.org\/it\/wp-json\/wp\/v2\/pages\/3102"}],"collection":[{"href":"https:\/\/ifcfa.org\/it\/wp-json\/wp\/v2\/pages"}],"about":[{"href":"https:\/\/ifcfa.org\/it\/wp-json\/wp\/v2\/types\/page"}],"author":[{"embeddable":true,"href":"https:\/\/ifcfa.org\/it\/wp-json\/wp\/v2\/users\/5"}],"replies":[{"embeddable":true,"href":"https:\/\/ifcfa.org\/it\/wp-json\/wp\/v2\/comments?post=3102"}],"version-history":[{"count":207,"href":"https:\/\/ifcfa.org\/it\/wp-json\/wp\/v2\/pages\/3102\/revisions"}],"predecessor-version":[{"id":6444,"href":"https:\/\/ifcfa.org\/it\/wp-json\/wp\/v2\/pages\/3102\/revisions\/6444"}],"wp:attachment":[{"href":"https:\/\/ifcfa.org\/it\/wp-json\/wp\/v2\/media?parent=3102"}],"curies":[{"name":"wp","href":"https:\/\/api.w.org\/{rel}","templated":true}]}}