{"id":6672,"date":"2024-01-02T03:48:33","date_gmt":"2024-01-02T03:48:33","guid":{"rendered":"https:\/\/ifcfa.org\/?page_id=6672"},"modified":"2024-01-02T04:30:47","modified_gmt":"2024-01-02T04:30:47","slug":"affiliate-program","status":"publish","type":"page","link":"https:\/\/ifcfa.org\/hu\/affiliate-program\/","title":{"rendered":"Affiliate Program"},"content":{"rendered":"<p><\/p>\n<div class=\"entry-content\">\n<div class=\"entry-the-content\">\n<h1><strong>Bemutatjuk Partnerprogramunkat!<\/strong><\/h1>\n<p>\u00d6r\u00f6mmel jelentj\u00fck be \u00faj Partnerprogramunk elind\u00edt\u00e1s\u00e1t, amely egyed\u00fcl\u00e1ll\u00f3 lehet\u0151s\u00e9get k\u00edn\u00e1l \u00fcgyfeleink \u00e9s a vel\u00fcnk egy\u00fcttm\u0171k\u00f6dve p\u00e9nzt keresni v\u00e1gy\u00f3k sz\u00e1m\u00e1ra.<\/p>\n<p><strong>Hogyan m\u0171k\u00f6dik?<\/strong><\/p>\n<ul>\n<li><strong>Jelentkezzen be \u00dcgyf\u00e9lkapuj\u00e1ra:<\/strong> Els\u0151 l\u00e9p\u00e9sk\u00e9nt jelentkezzen be saj\u00e1t \u00fcgyf\u00e9lkapuj\u00e1ra a weboldalunkon, vagy regisztr\u00e1lja n\u00e1lunk saj\u00e1t fi\u00f3kj\u00e1t itt: <strong>Regisztr\u00e1ci\u00f3<\/strong><\/li>\n<li><strong>Partnerkapcsolat megkeres\u00e9se:<\/strong> A kezd\u0151lapon, a Partnerprogram ablak\u00e1ban, a \u201eTov\u00e1bbi r\u00e9szletek\u201d alatt tal\u00e1lja az \u201eEgyedi link\u201d r\u00e9szt. M\u00e1sold ki ezt a linket.<\/li>\n<li><strong>A link megoszt\u00e1sa:<\/strong> K\u00fcldje el ezt a linket azoknak, akiknek aj\u00e1nlani szeretn\u00e9 szolg\u00e1ltat\u00e1sainkat.<\/li>\n<\/ul>\n<p><strong>Mi\u00e9rt csatlakozz?<\/strong><\/p>\n<ul>\n<li><strong>25% jutal\u00e9k:<\/strong> Minden \u00faj v\u00e1s\u00e1rl\u00f3 ut\u00e1n, aki az \u00d6n linkj\u00e9n kereszt\u00fcl regisztr\u00e1l \u00e9s v\u00e1s\u00e1rol t\u0151l\u00fcnk, 25% jutal\u00e9kot kap a megrendelt \u00e9s kifizetett szolg\u00e1ltat\u00e1s teljes \u00e9rt\u00e9k\u00e9re!<\/li>\n<li><strong>Ism\u00e9tl\u0151d\u0151 bev\u00e9tel:<\/strong> P\u00e9ld\u00e1ul, ha az \u00faj \u00fcgyf\u00e9l el\u0151fizet egy havi k\u00f6nyvel\u00e9si szolg\u00e1ltat\u00e1sra, akkor minden h\u00f3napban megkapja a jutal\u00e9kot, am\u00edg az \u00fcgyf\u00e9l ig\u00e9nybe veszi szolg\u00e1ltat\u00e1sunkat \u00e9s rendszeresen fizeti a d\u00edjat.<\/li>\n<li><strong>Fizet\u00e9si lehet\u0151s\u00e9gek:<\/strong> Amint egyenlege el\u00e9ri a 25 fontot, k\u00e9rheti jutal\u00e9k\u00e1nak kifizet\u00e9s\u00e9t, vagy haszn\u00e1lhatja saj\u00e1t sz\u00e1ml\u00e1i kiegyenl\u00edt\u00e9s\u00e9re.<\/li>\n<li><b><span class=\"\">Fizet\u00e9si gyakoris\u00e1g:<\/span><\/b><span class=\"\"> Minden h\u00e9ten P\u00e9nteken. <\/span>(Ha a p\u00e9ntek munkasz\u00fcneti nap, a fizet\u00e9s cs\u00fct\u00f6rt\u00f6k\u00f6n t\u00f6rt\u00e9nik)<\/li>\n<\/ul>\n<p>&nbsp;<\/p>\n<h2 style=\"text-align: center;\"><strong>Gondoljon bele: 10 \u00fcgyfelet hoz nek\u00fcnk, akik ut\u00e1n \u00e1tlagosan havi 68 GBP-t jutal\u00e9k j\u00e1r \u00f6nnek,\u00a0<\/strong><\/h2>\n<h2 style=\"text-align: center;\"><strong>ami m\u00e1r minimum: \u00a3680 havonta! Mennyi is az most forintban? <\/strong><\/h2>\n<h2 style=\"text-align: center;\"><strong>cca: 300.000.-forint havonta!<\/strong><\/h2>\n<h2 style=\"text-align: center;\"><\/h2>\n<p style=\"text-align: center;\"><strong>Ha mell\u00e9k\u00e1ll\u00e1sk\u00e9nt vagy f\u0151\u00e1ll\u00e1sk\u00e9nt akarja csin\u00e1lni a link\u00fcnk aj\u00e1nl\u00e1s\u00e1t,\u00a0 minden seg\u00edts\u00e9get megadunk ahhoz, <\/strong><\/p>\n<p style=\"text-align: center;\"><strong>hogy maximaliz\u00e1lni tudja a bev\u00e9teleit! <\/strong><\/p>\n<h2 style=\"text-align: center;\"><strong>T\u00f6bb milli\u00f3 forintos kereseti lehet\u0151s\u00e9g itt van \u00f6n el\u0151tt!<\/strong><\/h2>\n<p>&nbsp;<\/p>\n<h2><strong>Csatlakozzon most!<\/strong><\/h2>\n<p>Ne habozzon megragadni ezt a rendk\u00edv\u00fcli lehet\u0151s\u00e9get, hogy p\u00e9nzt keressen, mik\u00f6zben seg\u00edt m\u00e1soknak felfedezni szolg\u00e1ltat\u00e1sainkat!<\/p>\n<p>Csak egy kattint\u00e1snyira van att\u00f3l, hogy kihaszn\u00e1lja Partnerprogramunk el\u0151nyeit!<\/p>\n<p>&nbsp;<\/p>\n<h2>1. Regisztr\u00e1ljon egy fi\u00f3kot, vagy jelentkezzen be az \u00fcgyf\u00e9lfi\u00f3kba<\/h2>\n<p>(N\u00e9zze meg a regisztr\u00e1ci\u00f3s \u00fatmutat\u00f3t itt: https:\/\/nemzetkozicegalapitas.com\/affiliate-regisztracio-lepesrol-lepesre\/)<\/p>\n<\/div>\n<h2>2. Szerezze meg a saj\u00e1t affiliate linkj\u00e9t<\/h2>\n<h2>3. V\u00e1lassza ki, melyik szolg\u00e1ltat\u00e1sunkat szeretn\u00e9 h\u00edrdetni<\/h2>\n<h2>4. Gyakori k\u00e9rd\u00e9sek az Affiliate programmal kapcsolatban<\/h2>\n<\/div>\n<p><\/p>","protected":false},"excerpt":{"rendered":"<p><p>Bemutatjuk Partnerprogramunkat! \u00d6r\u00f6mmel jelentj\u00fck be \u00faj Partnerprogramunk elind\u00edt\u00e1s\u00e1t, amely egyed\u00fcl\u00e1ll\u00f3 lehet\u0151s\u00e9get k\u00edn\u00e1l \u00fcgyfeleink \u00e9s a vel\u00fcnk egy\u00fcttm\u0171k\u00f6dve p\u00e9nzt keresni v\u00e1gy\u00f3k sz\u00e1m\u00e1ra. Hogyan m\u0171k\u00f6dik? Jelentkezzen be \u00dcgyf\u00e9lkapuj\u00e1ra: Els\u0151 l\u00e9p\u00e9sk\u00e9nt jelentkezzen be saj\u00e1t \u00fcgyf\u00e9lkapuj\u00e1ra a weboldalunkon, vagy regisztr\u00e1lja n\u00e1lunk saj\u00e1t fi\u00f3kj\u00e1t itt: Regisztr\u00e1ci\u00f3 Partnerkapcsolat megkeres\u00e9se: A kezd\u0151lapon, a Partnerprogram ablak\u00e1ban, a \u201eTov\u00e1bbi r\u00e9szletek\u201d alatt tal\u00e1lja az \u201eEgyedi<\/p>\n<\/p>","protected":false},"author":5,"featured_media":0,"parent":0,"menu_order":0,"comment_status":"closed","ping_status":"closed","template":"","meta":{"footnotes":""},"class_list":["post-6672","page","type-page","status-publish","hentry"],"_links":{"self":[{"href":"https:\/\/ifcfa.org\/hu\/wp-json\/wp\/v2\/pages\/6672"}],"collection":[{"href":"https:\/\/ifcfa.org\/hu\/wp-json\/wp\/v2\/pages"}],"about":[{"href":"https:\/\/ifcfa.org\/hu\/wp-json\/wp\/v2\/types\/page"}],"author":[{"embeddable":true,"href":"https:\/\/ifcfa.org\/hu\/wp-json\/wp\/v2\/users\/5"}],"replies":[{"embeddable":true,"href":"https:\/\/ifcfa.org\/hu\/wp-json\/wp\/v2\/comments?post=6672"}],"version-history":[{"count":19,"href":"https:\/\/ifcfa.org\/hu\/wp-json\/wp\/v2\/pages\/6672\/revisions"}],"predecessor-version":[{"id":6692,"href":"https:\/\/ifcfa.org\/hu\/wp-json\/wp\/v2\/pages\/6672\/revisions\/6692"}],"wp:attachment":[{"href":"https:\/\/ifcfa.org\/hu\/wp-json\/wp\/v2\/media?parent=6672"}],"curies":[{"name":"wp","href":"https:\/\/api.w.org\/{rel}","templated":true}]}}