{"id":6533,"date":"2023-05-19T19:56:49","date_gmt":"2023-05-19T19:56:49","guid":{"rendered":"https:\/\/ifcfa.org\/?page_id=6533"},"modified":"2023-05-19T20:13:33","modified_gmt":"2023-05-19T20:13:33","slug":"newsletter","status":"publish","type":"page","link":"https:\/\/ifcfa.org\/hu\/newsletter\/","title":{"rendered":"H\u00edrlev\u00e9l feliratkoz\u00e1s!"},"content":{"rendered":"<p>[vfb id=18]<\/p>\n","protected":false},"excerpt":{"rendered":"<p><p>[vfb id=18]<\/p>\n<\/p>","protected":false},"author":5,"featured_media":0,"parent":0,"menu_order":0,"comment_status":"closed","ping_status":"closed","template":"","meta":{"footnotes":""},"class_list":["post-6533","page","type-page","status-publish","hentry"],"_links":{"self":[{"href":"https:\/\/ifcfa.org\/hu\/wp-json\/wp\/v2\/pages\/6533"}],"collection":[{"href":"https:\/\/ifcfa.org\/hu\/wp-json\/wp\/v2\/pages"}],"about":[{"href":"https:\/\/ifcfa.org\/hu\/wp-json\/wp\/v2\/types\/page"}],"author":[{"embeddable":true,"href":"https:\/\/ifcfa.org\/hu\/wp-json\/wp\/v2\/users\/5"}],"replies":[{"embeddable":true,"href":"https:\/\/ifcfa.org\/hu\/wp-json\/wp\/v2\/comments?post=6533"}],"version-history":[{"count":1,"href":"https:\/\/ifcfa.org\/hu\/wp-json\/wp\/v2\/pages\/6533\/revisions"}],"predecessor-version":[{"id":6534,"href":"https:\/\/ifcfa.org\/hu\/wp-json\/wp\/v2\/pages\/6533\/revisions\/6534"}],"wp:attachment":[{"href":"https:\/\/ifcfa.org\/hu\/wp-json\/wp\/v2\/media?parent=6533"}],"curies":[{"name":"wp","href":"https:\/\/api.w.org\/{rel}","templated":true}]}}