{"id":5664,"date":"2018-10-22T09:27:46","date_gmt":"2018-10-22T09:27:46","guid":{"rendered":"https:\/\/ifcfa.org\/?page_id=5664"},"modified":"2018-12-30T10:40:36","modified_gmt":"2018-12-30T10:40:36","slug":"featured-members","status":"publish","type":"page","link":"https:\/\/ifcfa.org\/hu\/featured-members\/","title":{"rendered":"Kiemelt tagok"},"content":{"rendered":"<p><strong>A Sz\u00f6vets\u00e9g<\/strong>\u00a0kiemelt tagj\u00e1v\u00e1 olyan term\u00e9szetes szem\u00e9ly, jogi szem\u00e9ly, jogi szem\u00e9lyis\u00e9ggel nem rendelkez\u0151 gazdas\u00e1gi t\u00e1rsas\u00e1g v\u00e1lhat, aki\/amely:<\/p>\n<p>&nbsp;<\/p>\n<p><strong>Kiv\u00e1lasztott tags\u00e1gi alapon:<\/strong><\/p>\n<ul>\n<li>Elfogadja\u00a0<strong>A Sz\u00f6vets\u00e9g\u00a0<\/strong>c\u00e9ljait, \u00e9s a\u00a0<strong>Tags\u00e1gi t\u00edpus<\/strong>sal j\u00e1r\u00f3 k\u00f6telezetts\u00e9geket<\/li>\n<li>Fizeti az \u00e9ves tagd\u00edjat \u00e9s<\/li>\n<li>Akit az IFCFA Sz\u00f6vets\u00e9g Eln\u00f6ks\u00e9ge erre a\u00a0 poz\u00edci\u00f3ra, a tagj\u00e1v\u00e1 v\u00e1laszt.<\/li>\n<\/ul>\n<p>&nbsp;<\/p>\n<h2>A Kiemelt tags\u00e1g Defin\u00edci\u00f3ja:<\/h2>\n<p>A kiv\u00e1lasztott tag, a Tagozaton bel\u00fcl az eln\u00f6ks\u00e9g minden tagj\u00e1nak aj\u00e1nl\u00e1s\u00e1val v\u00e1laszthat\u00f3 meg.<\/p>\n<p>A megv\u00e1lasztott tags\u00e1g, kiemelt tags\u00e1got biztos\u00edt a Sz\u00f6vets\u00e9g \u00f6sszes tags\u00e1gi t\u00edpus\u00e1hoz k\u00e9pest. A kiemelt tags\u00e1ggal rendelkez\u0151 term\u00e9szetes szem\u00e9ly, vagy jogi szem\u00e9ly (c\u00e9g vagy v\u00e1llalkoz\u00e1s k\u00e9pviselet\u00e9ben) munkacsoportokat hozhat l\u00e9tre, azok munk\u00e1j\u00e1t fel\u00fcgyeli, ir\u00e1ny\u00edtja \u00e9s felel\u0151ss\u00e9ggel tartozik a munkacsoport tev\u00e9kenys\u00e9g\u00e9\u00e9rt.<\/p>\n<p>A tags\u00e1gra jelentkez\u0151 szem\u00e9lyt a titk\u00e1rs\u00e1g a d\u00edjfizet\u00e9st k\u00f6vet\u0151en nyilv\u00e1ntart\u00e1sba veszi, \u00e9s a nyilv\u00e1ntart\u00e1sba v\u00e9telr\u0151l elektronikus \u00fczenetet k\u00fcld a tag sz\u00e1m\u00e1ra. A tags\u00e1gi viszony kezd\u0151 id\u0151pontja a tag eset\u00e9ben az a nap,\u00a0 amelyen a Tagozati Eln\u00f6ks\u00e9g a tagg\u00e1 v\u00e1laszt\u00e1sr\u00f3l sz\u00f3l\u00f3 d\u00f6nt\u00e9st meghozta.<\/p>","protected":false},"excerpt":{"rendered":"<p><p>A Sz\u00f6vets\u00e9g\u00a0kiemelt tagj\u00e1v\u00e1 olyan term\u00e9szetes szem\u00e9ly, jogi szem\u00e9ly, jogi szem\u00e9lyis\u00e9ggel nem rendelkez\u0151 gazdas\u00e1gi t\u00e1rsas\u00e1g v\u00e1lhat, aki\/amely: &nbsp; Kiv\u00e1lasztott tags\u00e1gi alapon: Elfogadja\u00a0A Sz\u00f6vets\u00e9g\u00a0c\u00e9ljait, \u00e9s a\u00a0Tags\u00e1gi t\u00edpussal j\u00e1r\u00f3 k\u00f6telezetts\u00e9geket Fizeti az \u00e9ves tagd\u00edjat \u00e9s Akit az IFCFA Sz\u00f6vets\u00e9g Eln\u00f6ks\u00e9ge erre a\u00a0 poz\u00edci\u00f3ra, a tagj\u00e1v\u00e1 v\u00e1laszt. &nbsp; A Kiemelt tags\u00e1g Defin\u00edci\u00f3ja: A kiv\u00e1lasztott tag, a Tagozaton bel\u00fcl az<\/p>\n<\/p>","protected":false},"author":5,"featured_media":0,"parent":0,"menu_order":0,"comment_status":"closed","ping_status":"closed","template":"","meta":{"footnotes":""},"class_list":["post-5664","page","type-page","status-publish","hentry"],"_links":{"self":[{"href":"https:\/\/ifcfa.org\/hu\/wp-json\/wp\/v2\/pages\/5664"}],"collection":[{"href":"https:\/\/ifcfa.org\/hu\/wp-json\/wp\/v2\/pages"}],"about":[{"href":"https:\/\/ifcfa.org\/hu\/wp-json\/wp\/v2\/types\/page"}],"author":[{"embeddable":true,"href":"https:\/\/ifcfa.org\/hu\/wp-json\/wp\/v2\/users\/5"}],"replies":[{"embeddable":true,"href":"https:\/\/ifcfa.org\/hu\/wp-json\/wp\/v2\/comments?post=5664"}],"version-history":[{"count":13,"href":"https:\/\/ifcfa.org\/hu\/wp-json\/wp\/v2\/pages\/5664\/revisions"}],"predecessor-version":[{"id":6083,"href":"https:\/\/ifcfa.org\/hu\/wp-json\/wp\/v2\/pages\/5664\/revisions\/6083"}],"wp:attachment":[{"href":"https:\/\/ifcfa.org\/hu\/wp-json\/wp\/v2\/media?parent=5664"}],"curies":[{"name":"wp","href":"https:\/\/api.w.org\/{rel}","templated":true}]}}