{"id":5516,"date":"2018-07-27T09:09:53","date_gmt":"2018-07-27T09:09:53","guid":{"rendered":"https:\/\/ifcfa.org\/?page_id=5516"},"modified":"2019-01-27T12:44:13","modified_gmt":"2019-01-27T12:44:13","slug":"membership-fees","status":"publish","type":"page","link":"https:\/\/ifcfa.org\/hu\/membership-fees\/","title":{"rendered":"Tagd\u00edjak"},"content":{"rendered":"<p>Az IFCFA Sz\u00f6vets\u00e9g minden tagja tags\u00e1gi d\u00edjat k\u00f6teles fizetni. Az IFCFA Sz\u00f6vets\u00e9g dolgoz\u00f3i, munkat\u00e1rsai a mindenkori alap tags\u00e1gi d\u00edjat k\u00f6telesek fizetni kiv\u00e9ve, ha az IFCFA Sz\u00f6vets\u00e9gben valaki vezet\u0151 pozic\u00ed\u00f3t l\u00e1t el. Minden poz\u00edci\u00f3nak m\u00e1s \u00e9s m\u00e1s az \u00e9ves tagd\u00edjfizet\u00e9si \u00f6sszege, amelyet az al\u00e1bbiakban mutatunk be:<\/p>\n<p>&nbsp;<\/p>\n<h2>Az IFCFA Sz\u00f6vets\u00e9g tagja lehet olyan szem\u00e9ly<\/h2>\n<h2>(term\u00e9szetes szem\u00e9ly, jogi szem\u00e9ly, C\u00e9g vagy v\u00e1llalkoz\u00e1s) aki:<\/h2>\n<p>&nbsp;<\/p>\n<p><strong>\u00d6nk\u00e9ntes \u00e9s\/vagy Megv\u00e1lasztott alapon:<\/strong><\/p>\n<p style=\"padding-left: 90px;\">\u2013 nyilatkozik a bel\u00e9p\u00e9si sz\u00e1nd\u00e9kr\u00f3l,<br \/>\n\u2013 elfogadja\u00a0<strong>A Sz\u00f6vets\u00e9g\u00a0<\/strong>c\u00e9ljait, \u00e9s a <strong>Tags\u00e1gi t\u00edpus<\/strong>sal j\u00e1r\u00f3 k\u00f6telezetts\u00e9geket<br \/>\n\u2013 fizeti a tagd\u00edjat (legal\u00e1bb 1 \u00e9vig)<br \/>\n\u2013 akit az IFCFA Sz\u00f6vets\u00e9g Eln\u00f6ks\u00e9ge, a megp\u00e1ly\u00e1zott poz\u00edci\u00f3ra, a tagj\u00e1v\u00e1 v\u00e1laszt.<\/p>\n<p>&nbsp;<\/p>\n\n<table id=\"tablepress-1743\" class=\"tablepress tablepress-id-1743\">\n<thead>\n<tr class=\"row-1\">\n\t<th class=\"column-1\">Megnevez\u00e9s<\/th><th class=\"column-2\">Tags\u00e1g t\u00edpusa<\/th><th class=\"column-3\">Tagd\u00edj<\/th><th class=\"column-4\">Id\u0151tartam<\/th>\n<\/tr>\n<\/thead>\n<tbody class=\"row-striping row-hover\">\n<tr class=\"row-2\">\n\t<td class=\"column-1\"><b>Tagozati Alapd\u00edjak<\/b><\/td><td class=\"column-2\">Sz\u00f6vets\u00e9gi Alaptags\u00e1g: <br>Megv\u00e1lasztott tags\u00e1g:<br>Levelez\u0151 tags\u00e1g:<br>Kiemelt tags\u00e1g:<br>T\u00e1mogat\u00f3 tags\u00e1g:<br><b>T\u00e1mogat\u00f3 tags\u00e1g:<\/b><br>T\u00e1mogat\u00f3 tags\u00e1g:<br><b>T\u00e1mogat\u00f3 tags\u00e1g:<\/b><br>T\u00e1mogat\u00f3 tags\u00e1g:<br><b>T\u00e1mogat\u00f3 tags\u00e1g:<\/b><br>T\u00e1mogat\u00f3 tags\u00e1g:<br><b>T\u00e1mogat\u00f3 tags\u00e1g:<\/b><br>T\u00e1mogat\u00f3 tags\u00e1g:<br><b>T\u00e1mogat\u00f3 tags\u00e1g:<\/b><br>T\u00e1mogat\u00f3 tags\u00e1g:<br><b>T\u00e1mogat\u00f3 tags\u00e1g:<\/b><\/td><td class=\"column-3\">220.- font<br>250.- font<br>50.- font<br>350.- font<br>500.- font<br><b>500.- font<\/b><br>1000.- font<br><b>1000.- font<\/b><br>2500.- font<br><b>2500.- font<\/b><br>5000.- font<br><b>5000.- font<\/b><br>10.000.- font<br><b>10.000.- font<\/b><br>20.000.- font<br><b>20.000.- font<\/b><\/td><td class=\"column-4\">\/\u00e9v<br>\/\u00e9v<br>\/\u00e9v<br>\/\u00e9v<br>\/\u00e9v<br><b>\/h\u00f3<\/b><br>\/\u00e9v<br><b>\/h\u00f3<\/b><br>\/\u00e9v<br><b>\/h\u00f3<\/b><br>\/\u00e9v<br><b>\/h\u00f3<\/b><br>\/\u00e9v<br><b>\/h\u00f3<\/b><br>\/\u00e9v<br><b>\/h\u00f3<\/b><\/td>\n<\/tr>\n<tr class=\"row-3\">\n\t<td class=\"column-1\"><b>Tagozat Tagfelv\u00e9teli Oszt\u00e1lya<\/b><\/td><td class=\"column-2\">Tagfelv\u00e9teli Oszt\u00e1ly alapd\u00edja<br>Tagfelv\u00e9teli Oszt\u00e1lyvezet\u0151 helyettes d\u00edja<br>Tagfelv\u00e9teli Oszt\u00e1lyvezet\u0151 d\u00edja<\/td><td class=\"column-3\">220.- font<br>240.- font<br>250.- font<\/td><td class=\"column-4\">\/\u00e9v<br>\/\u00e9v<br>\/\u00e9v<\/td>\n<\/tr>\n<tr class=\"row-4\">\n\t<td class=\"column-1\"><b>Tagozat Marketing Oszt\u00e1lya<\/b><\/td><td class=\"column-2\">Marketing Oszt\u00e1ly alapd\u00edja<br>Marketing Oszt\u00e1lyvezet\u0151 helyettes d\u00edja<br>Marketing Oszt\u00e1lyvezet\u0151 d\u00edja<\/td><td class=\"column-3\">220.- font<br>240.- font<br>250.- font<\/td><td class=\"column-4\">\/\u00e9v<br>\/\u00e9v<br>\/\u00e9v<\/td>\n<\/tr>\n<tr class=\"row-5\">\n\t<td class=\"column-1\"><b>Tagozat P\u00e9nz\u00fcgyi Oszt\u00e1lya<\/b><\/td><td class=\"column-2\">P\u00e9nz\u00fcgyi Oszt\u00e1ly alapd\u00edja<br>P\u00e9nz\u00fcgyi Oszt\u00e1lyvezet\u0151 helyettes d\u00edja<br>P\u00e9nz\u00fcgyi Oszt\u00e1lyvezet\u0151 d\u00edja<\/td><td class=\"column-3\">220.- font<br>240.- font<br>250.- font<\/td><td class=\"column-4\">\/\u00e9v<br>\/\u00e9v<br>\/\u00e9v<\/td>\n<\/tr>\n<tr class=\"row-6\">\n\t<td class=\"column-1\"><b>Tagozat K\u00f6nyvel\u00e9si Oszt\u00e1lya<\/b><\/td><td class=\"column-2\">K\u00f6nyvel\u00e9si Oszt\u00e1ly alapd\u00edja<br>K\u00f6nyvel\u00e9si Oszt\u00e1lyvezet\u0151 helyettes d\u00edja<br>K\u00f6nyvel\u00e9si Oszt\u00e1lyvezet\u0151 d\u00edja<\/td><td class=\"column-3\">220.- font<br>240.- font<br>250.- font<\/td><td class=\"column-4\">\/\u00e9v<br>\/\u00e9v<br>\/\u00e9v<\/td>\n<\/tr>\n<tr class=\"row-7\">\n\t<td class=\"column-1\"><b>Tagozat Jogi Oszt\u00e1lya<\/b><\/td><td class=\"column-2\">Jogi Oszt\u00e1ly alapd\u00edja<br>Jogi Oszt\u00e1lyvezet\u0151 helyettes d\u00edja<br>Jogi Oszt\u00e1lyvezet\u0151 d\u00edja<\/td><td class=\"column-3\">220.- font<br>240.- font<br>250.- font<\/td><td class=\"column-4\">\/\u00e9v<br>\/\u00e9v<br>\/\u00e9v<\/td>\n<\/tr>\n<tr class=\"row-8\">\n\t<td class=\"column-1\"><b>Tagozat Titk\u00e1rs\u00e1gi Oszt\u00e1lya<\/b><\/td><td class=\"column-2\">Titk\u00e1rs\u00e1gi Oszt\u00e1ly alapd\u00edja<br>Titk\u00e1rs\u00e1gi Oszt\u00e1lyvezet\u0151 helyettes d\u00edja<br>Titk\u00e1rs\u00e1gi Oszt\u00e1lyvezet\u0151 d\u00edja<\/td><td class=\"column-3\">220.- font<br>240.- font<br>250.- font<\/td><td class=\"column-4\">\/\u00e9v<br>\/\u00e9v<br>\/\u00e9v<\/td>\n<\/tr>\n<tr class=\"row-9\">\n\t<td class=\"column-1\"><b>Tagozat Bizotts\u00e1gi Oszt\u00e1lya<\/b><\/td><td class=\"column-2\">Bizotts\u00e1gi Eln\u00f6khelyettesi poz\u00edci\u00f3 d\u00edja<br>Bizotts\u00e1gi Aleln\u00f6ki poz\u00edci\u00f3 d\u00edja<br>Bizotts\u00e1gi Eln\u00f6k poz\u00edci\u00f3 d\u00edja<\/td><td class=\"column-3\">500.- font<br>600.- font<br>750.- font<\/td><td class=\"column-4\">\/\u00e9v<br>\/\u00e9v<br>\/\u00e9v<\/td>\n<\/tr>\n<tr class=\"row-10\">\n\t<td class=\"column-1\"><b>Tagozat Fel\u00fcgyel\u0151 Bizotts\u00e1gi Oszt\u00e1lya<\/b><\/td><td class=\"column-2\">Fel\u00fcgyel\u0151 Bizotts\u00e1gi Eln\u00f6khelyettesi poz\u00edci\u00f3 d\u00edja<br>Fel\u00fcgyel\u0151 Bizotts\u00e1gi Aleln\u00f6ki poz\u00edci\u00f3 d\u00edja<br>Fel\u00fcgyel\u0151 Bizotts\u00e1gi Eln\u00f6k poz\u00edci\u00f3 d\u00edja<\/td><td class=\"column-3\">990.- font<br>2.500.- font<br>3.000.- font<\/td><td class=\"column-4\">\/\u00e9v<br>\/\u00e9v<br>\/\u00e9v<\/td>\n<\/tr>\n<tr class=\"row-11\">\n\t<td class=\"column-1\"><b>Tagozati Eln\u00f6ks\u00e9g<\/b><\/td><td class=\"column-2\">Tagozati Eln\u00f6khelyettesi poz\u00edci\u00f3 d\u00edja<br>Tagozati Aleln\u00f6ki poz\u00edci\u00f3 d\u00edja<br>Tagozati Eln\u00f6k poz\u00edci\u00f3 d\u00edja<\/td><td class=\"column-3\">3.500.- font<br>4.000.- font<br>5.000.- font<\/td><td class=\"column-4\">\/\u00e9v<br>\/\u00e9v<br>\/\u00e9v<\/td>\n<\/tr>\n<tr class=\"row-12\">\n\t<td class=\"column-1\"><b>Tagozati Franchise<\/b><\/td><td class=\"column-2\">Tagozati Franchise alapd\u00edja<\/td><td class=\"column-3\">25.000.- font<\/td><td class=\"column-4\">\/\u00e9v<\/td>\n<\/tr>\n<tr class=\"row-13\">\n\t<td class=\"column-1\"><\/td><td class=\"column-2\"><\/td><td class=\"column-3\"><\/td><td class=\"column-4\"><\/td>\n<\/tr>\n<tr class=\"row-14\">\n\t<td class=\"column-1\"><\/td><td class=\"column-2\"><\/td><td class=\"column-3\"><\/td><td class=\"column-4\"><\/td>\n<\/tr>\n<tr class=\"row-15\">\n\t<td class=\"column-1\"><\/td><td class=\"column-2\"><\/td><td class=\"column-3\"><\/td><td class=\"column-4\"><\/td>\n<\/tr>\n<tr class=\"row-16\">\n\t<td class=\"column-1\"><\/td><td class=\"column-2\"><\/td><td class=\"column-3\"><\/td><td class=\"column-4\"><\/td>\n<\/tr>\n<tr class=\"row-17\">\n\t<td class=\"column-1\"><b>Sz\u00f6vets\u00e9g Tagfelv\u00e9teli Oszt\u00e1lya<\/b><\/td><td class=\"column-2\">Tagfelv\u00e9teli Oszt\u00e1ly alapd\u00edja<br>Tagfelv\u00e9teli Oszt\u00e1lyvezet\u0151 helyettes d\u00edja<br>Tagfelv\u00e9teli Oszt\u00e1lyvezet\u0151 d\u00edja<\/td><td class=\"column-3\">2.200.- font<br>3.400.- font<br>3.500.- font<\/td><td class=\"column-4\">\/\u00e9v<br>\/\u00e9v<br>\/\u00e9v<\/td>\n<\/tr>\n<tr class=\"row-18\">\n\t<td class=\"column-1\"><b>Sz\u00f6vets\u00e9g Marketing Oszt\u00e1lya<\/b><\/td><td class=\"column-2\">Marketing Oszt\u00e1ly alapd\u00edja<br>Marketing Oszt\u00e1lyvezet\u0151 helyettes d\u00edja<br>Marketing Oszt\u00e1lyvezet\u0151 d\u00edja<\/td><td class=\"column-3\">2.200.- font<br>3.400.- font<br>3.500.- font<\/td><td class=\"column-4\">\/\u00e9v<br>\/\u00e9v<br>\/\u00e9v<\/td>\n<\/tr>\n<tr class=\"row-19\">\n\t<td class=\"column-1\"><b>Sz\u00f6vets\u00e9g P\u00e9nz\u00fcgyi Oszt\u00e1lya<\/b><\/td><td class=\"column-2\">P\u00e9nz\u00fcgyi Oszt\u00e1ly alapd\u00edja<br>P\u00e9nz\u00fcgyi Oszt\u00e1lyvezet\u0151 helyettes d\u00edja<br>P\u00e9nz\u00fcgyi Oszt\u00e1lyvezet\u0151 d\u00edja<\/td><td class=\"column-3\">2.200.- font<br>3.400.- font<br>3.500.- font<\/td><td class=\"column-4\">\/\u00e9v<br>\/\u00e9v<br>\/\u00e9v<\/td>\n<\/tr>\n<tr class=\"row-20\">\n\t<td class=\"column-1\"><b>Sz\u00f6vets\u00e9g K\u00f6nyvel\u00e9si Oszt\u00e1lya<\/b><\/td><td class=\"column-2\">K\u00f6nyvel\u00e9si Oszt\u00e1ly alapd\u00edja<br>K\u00f6nyvel\u00e9si Oszt\u00e1lyvezet\u0151 helyettes d\u00edja<br>K\u00f6nyvel\u00e9si Oszt\u00e1lyvezet\u0151 d\u00edja<\/td><td class=\"column-3\">2.200.- font<br>3.400.- font<br>3.500.- font<\/td><td class=\"column-4\">\/\u00e9v<br>\/\u00e9v<br>\/\u00e9v<\/td>\n<\/tr>\n<tr class=\"row-21\">\n\t<td class=\"column-1\"><b>Sz\u00f6vets\u00e9g Jogi Oszt\u00e1lya<\/b><\/td><td class=\"column-2\">Jogi Oszt\u00e1ly alapd\u00edja<br>Jogi Oszt\u00e1lyvezet\u0151 helyettes d\u00edja<br>Jogi Oszt\u00e1lyvezet\u0151 d\u00edja<\/td><td class=\"column-3\">2.200.- font<br>3.400.- font<br>3.500.- font<\/td><td class=\"column-4\">\/\u00e9v<br>\/\u00e9v<br>\/\u00e9v<\/td>\n<\/tr>\n<tr class=\"row-22\">\n\t<td class=\"column-1\"><b>Sz\u00f6vets\u00e9g Titk\u00e1rs\u00e1ga<\/b><\/td><td class=\"column-2\">Titk\u00e1rs\u00e1gi Oszt\u00e1ly alapd\u00edja<br>Titk\u00e1rs\u00e1gi Oszt\u00e1lyvezet\u0151 helyettes d\u00edja<br>Titk\u00e1rs\u00e1gi Oszt\u00e1lyvezet\u0151 d\u00edja<\/td><td class=\"column-3\">2.200.- font<br>3.400.- font<br>3.500.- font<\/td><td class=\"column-4\">\/\u00e9v<br>\/\u00e9v<br>\/\u00e9v<\/td>\n<\/tr>\n<tr class=\"row-23\">\n\t<td class=\"column-1\"><b>Sz\u00f6vets\u00e9g Bizotts\u00e1ga<\/b><\/td><td class=\"column-2\">Bizotts\u00e1gi Eln\u00f6khelyettesi poz\u00edci\u00f3 d\u00edja<br>Bizotts\u00e1gi Aleln\u00f6ki poz\u00edci\u00f3 d\u00edja<br>Bizotts\u00e1gi Eln\u00f6k poz\u00edci\u00f3 d\u00edja<\/td><td class=\"column-3\">5.000.- font<br>6.000.- font<br>7.500.- font<\/td><td class=\"column-4\">\/\u00e9v<br>\/\u00e9v<br>\/\u00e9v<\/td>\n<\/tr>\n<tr class=\"row-24\">\n\t<td class=\"column-1\"><b>Sz\u00f6vets\u00e9g Fel\u00fcgyel\u0151 Bizotts\u00e1gi Oszt\u00e1lya<\/b><\/td><td class=\"column-2\">Fel\u00fcgyel\u0151 Bizotts\u00e1gi Eln\u00f6khelyettesi poz\u00edci\u00f3 d\u00edja<br>Fel\u00fcgyel\u0151 Bizotts\u00e1gi Aleln\u00f6ki poz\u00edci\u00f3 d\u00edja<br>Fel\u00fcgyel\u0151 Bizotts\u00e1gi Eln\u00f6k poz\u00edci\u00f3 d\u00edja<\/td><td class=\"column-3\">9.990.- font<br>18.000.- font<br>25.000.- font<\/td><td class=\"column-4\">\/\u00e9v<br>\/\u00e9v<br>\/\u00e9v<\/td>\n<\/tr>\n<tr class=\"row-25\">\n\t<td class=\"column-1\"><b>Sz\u00f6vets\u00e9g Eln\u00f6ks\u00e9ge<\/b><\/td><td class=\"column-2\">Eln\u00f6khelyettesi poz\u00edci\u00f3 d\u00edja<br>Aleln\u00f6ki poz\u00edci\u00f3 d\u00edja<\/td><td class=\"column-3\">99.000.- font<br>100.000.- font<\/td><td class=\"column-4\">\/\u00e9v<br>\/\u00e9v<\/td>\n<\/tr>\n<tr class=\"row-26\">\n\t<td class=\"column-1\"><\/td><td class=\"column-2\"><\/td><td class=\"column-3\"><\/td><td class=\"column-4\"><\/td>\n<\/tr>\n<tr class=\"row-27\">\n\t<td class=\"column-1\"><\/td><td class=\"column-2\"><\/td><td class=\"column-3\"><\/td><td class=\"column-4\"><\/td>\n<\/tr>\n<\/tbody>\n<\/table>\n<!-- #tablepress-1743 from cache -->\n<p>Tags\u00e1gi d\u00edj \u00e9vk\u00f6zi kil\u00e9p\u00e9s est\u00e9n sem j\u00e1r vissza.<\/p>","protected":false},"excerpt":{"rendered":"<p><p>Az IFCFA Sz\u00f6vets\u00e9g minden tagja tags\u00e1gi d\u00edjat k\u00f6teles fizetni. Az IFCFA Sz\u00f6vets\u00e9g dolgoz\u00f3i, munkat\u00e1rsai a mindenkori alap tags\u00e1gi d\u00edjat k\u00f6telesek fizetni kiv\u00e9ve, ha az IFCFA Sz\u00f6vets\u00e9gben valaki vezet\u0151 pozic\u00ed\u00f3t l\u00e1t el. Minden poz\u00edci\u00f3nak m\u00e1s \u00e9s m\u00e1s az \u00e9ves tagd\u00edjfizet\u00e9si \u00f6sszege, amelyet az al\u00e1bbiakban mutatunk be: &nbsp; Az IFCFA Sz\u00f6vets\u00e9g tagja lehet olyan szem\u00e9ly (term\u00e9szetes szem\u00e9ly,<\/p>\n<\/p>","protected":false},"author":5,"featured_media":0,"parent":0,"menu_order":0,"comment_status":"closed","ping_status":"closed","template":"","meta":{"footnotes":""},"class_list":["post-5516","page","type-page","status-publish","hentry"],"_links":{"self":[{"href":"https:\/\/ifcfa.org\/hu\/wp-json\/wp\/v2\/pages\/5516"}],"collection":[{"href":"https:\/\/ifcfa.org\/hu\/wp-json\/wp\/v2\/pages"}],"about":[{"href":"https:\/\/ifcfa.org\/hu\/wp-json\/wp\/v2\/types\/page"}],"author":[{"embeddable":true,"href":"https:\/\/ifcfa.org\/hu\/wp-json\/wp\/v2\/users\/5"}],"replies":[{"embeddable":true,"href":"https:\/\/ifcfa.org\/hu\/wp-json\/wp\/v2\/comments?post=5516"}],"version-history":[{"count":55,"href":"https:\/\/ifcfa.org\/hu\/wp-json\/wp\/v2\/pages\/5516\/revisions"}],"predecessor-version":[{"id":6187,"href":"https:\/\/ifcfa.org\/hu\/wp-json\/wp\/v2\/pages\/5516\/revisions\/6187"}],"wp:attachment":[{"href":"https:\/\/ifcfa.org\/hu\/wp-json\/wp\/v2\/media?parent=5516"}],"curies":[{"name":"wp","href":"https:\/\/api.w.org\/{rel}","templated":true}]}}