{"id":5406,"date":"2018-07-26T13:42:06","date_gmt":"2018-07-26T13:42:06","guid":{"rendered":"https:\/\/ifcfa.org\/?page_id=5406"},"modified":"2018-12-30T10:32:41","modified_gmt":"2018-12-30T10:32:41","slug":"selected-membership","status":"publish","type":"page","link":"https:\/\/ifcfa.org\/hu\/selected-membership\/","title":{"rendered":"Megv\u00e1lasztott Tags\u00e1g"},"content":{"rendered":"<p><strong>A Sz\u00f6vets\u00e9g<\/strong>\u00a0megv\u00e1lasztott tagj\u00e1v\u00e1 olyan szem\u00e9ly (term\u00e9szetes szem\u00e9ly, jogi szem\u00e9ly) v\u00e1lhat, aki<\/p>\n<p>&nbsp;<\/p>\n<ol>\n<li><strong>\u00d6nk\u00e9ntes alapon:<\/strong><\/li>\n<\/ol>\n<ul>\n<li>Nyilatkozik a bel\u00e9p\u00e9si sz\u00e1nd\u00e9kr\u00f3l,<\/li>\n<li>Elfogadja\u00a0<strong>A Sz\u00f6vets\u00e9g\u00a0<\/strong>c\u00e9ljait, \u00e9s a\u00a0<strong>Tags\u00e1gi t\u00edpus<\/strong>sal j\u00e1r\u00f3 k\u00f6telezetts\u00e9geket<\/li>\n<li>Fizeti az \u00e9ves tagd\u00edjat \u00e9s<\/li>\n<li>Akit az IFCFA Sz\u00f6vets\u00e9g Eln\u00f6ks\u00e9ge, a megp\u00e1ly\u00e1zott poz\u00edci\u00f3ra a tagj\u00e1v\u00e1 v\u00e1laszt.<\/li>\n<\/ul>\n<p>&nbsp;<\/p>\n<p><strong>\u00a0 \u00a0 2. Megv\u00e1lasztott tags\u00e1gi alapon:<\/strong><\/p>\n<ul>\n<li>Nyilatkozik a bel\u00e9p\u00e9si sz\u00e1nd\u00e9kr\u00f3l,<\/li>\n<li>Elfogadja\u00a0<strong>A Sz\u00f6vets\u00e9g\u00a0<\/strong>c\u00e9ljait, \u00e9s a\u00a0<strong>Tags\u00e1gi t\u00edpus<\/strong>sal j\u00e1r\u00f3 k\u00f6telezetts\u00e9geket<\/li>\n<li>Fizeti az \u00e9ves tagd\u00edjat \u00e9s<\/li>\n<li>Akit az IFCFA Sz\u00f6vets\u00e9g Eln\u00f6ks\u00e9ge, a megp\u00e1ly\u00e1zott poz\u00edci\u00f3ra a tagj\u00e1v\u00e1 v\u00e1laszt.<\/li>\n<\/ul>\n<p>&nbsp;<\/p>\n<h2>A Megv\u00e1lasztott tags\u00e1g Defin\u00edci\u00f3ja:<\/h2>\n<p>A Megv\u00e1lasztott tag, a Tagozaton bel\u00fcl 13 tags\u00e1ggal rendelkez\u0151 szem\u00e9ly aj\u00e1nl\u00e1s\u00e1val v\u00e1laszthat\u00f3 meg.<\/p>\n<p>A megv\u00e1lasztott tags\u00e1g egyen\u00e9rt\u00e9k\u0171 tags\u00e1got biztos\u00edt a Sz\u00f6vets\u00e9gi Alaptags\u00e1ggal.<\/p>\n<p>&nbsp;<\/p>\n<p>A tags\u00e1gra jelentkez\u0151 szem\u00e9lyt a titk\u00e1rs\u00e1g a d\u00edjfizet\u00e9st k\u00f6vet\u0151en nyilv\u00e1ntart\u00e1sba veszi, \u00e9s a nyilv\u00e1ntart\u00e1sba v\u00e9telr\u0151l elektronikus \u00fczenetet k\u00fcld a tag sz\u00e1m\u00e1ra. A tags\u00e1gi viszony kezd\u0151 id\u0151pontja a tag eset\u00e9ben az a nap,\u00a0 amelyen a Tagozati Eln\u00f6ks\u00e9g a tagg\u00e1 v\u00e1laszt\u00e1sr\u00f3l sz\u00f3l\u00f3 d\u00f6nt\u00e9st meghozta.<\/p>\n<p>&nbsp;<\/p>\n<h2>Ha szeretne tagja lenni az IFCFA Sz\u00f6vets\u00e9gnek, t\u00f6ltse ki az al\u00e1bbi jelentkez\u00e9si lapot:<\/h2>\n<p>&nbsp;<\/p>\n<p>[vfb id=8]<\/p>\n<p>&nbsp;<\/p>\n<p>A Sz\u00f6vets\u00e9gi tags\u00e1g folytat\u00e1s\u00e1hoz\u00a0a \u201c<strong>Login<\/strong>\u201d\u00a0\u00a0(jobb oldalon fel\u00fcl, a men\u00fcben) linkre kattintva regisztr\u00e1ljon saj\u00e1t adataival egy fi\u00f3kot. Az elk\u00e9sz\u00fclt fi\u00f3kj\u00e1ban m\u00e1r a<br \/>\n(a fejl\u00e9cben, a bal fels\u0151 r\u00e9szen)\u00a0 a\u00a0<strong>\u201cShop\u201d<\/strong>\u00a0gombra kattintva tudja kiv\u00e1lasztani a megfelel\u0151 tags\u00e1got, majd ez ut\u00e1n a megrendel\u00e9s\u00e9t a k\u00f6vetkez\u0151 d\u00edjfizet\u00e9si opci\u00f3k kiv\u00e1laszt\u00e1s\u00e1val teheti meg:<\/p>\n<ul>\n<li><strong>PayPal<\/strong>\u00a0<strong>fizet\u00e9ssel<\/strong>\u00a0&gt;\u00a0<em>(L\u00e9p\u00e9sek:\u00a0<strong>Csomag kiv\u00e1laszt\u00e1sa<\/strong>) &gt;\u00a0<strong>Fizet\u00e9s<\/strong>\u00a0(z\u00f6ld gomb) &gt; (Fizet\u00e9si m\u00f3d kiv\u00e1laszt\u00e1sa)\u00a0<strong>PayPal<\/strong>\u00a0&gt;\u00a0\u00a0<strong>Megrendel\u00e9s<\/strong>\u00a0(K\u00e9k gomb) &gt;\u00a0<strong>L\u00e9pjen be saj\u00e1t PayPal fi\u00f3kj\u00e1ba<\/strong><\/em><\/li>\n<li><strong>Bankk\u00e1rty\u00e1val<\/strong>\u00a0&gt;\u00a0<em>(L\u00e9p\u00e9sek: Csomag kiv\u00e1laszt\u00e1sa) &gt;\u00a0<strong>Fizet\u00e9s<\/strong>\u00a0(z\u00f6ld gomb) &gt; (Fizet\u00e9si m\u00f3d kiv\u00e1laszt\u00e1sa)\u00a0<strong>PayPal<\/strong>\u00a0&gt;\u00a0\u00a0<strong>Megrendel\u00e9s<\/strong>\u00a0(K\u00e9k gomb) &gt;\u00a0<strong>Fizet\u00e9s Hitelk\u00e1rty\u00e1val<\/strong>\u00a0opci\u00f3t kell v\u00e1lasztani<\/em><\/li>\n<li><strong>Banki utal\u00e1ssal<\/strong>\u00a0&gt;\u00a0<em>(L\u00e9p\u00e9sek: Csomag kiv\u00e1laszt\u00e1sa) &gt;\u00a0<strong>Fizet\u00e9s<\/strong>\u00a0(z\u00f6ld gomb) &gt; (Fizet\u00e9si m\u00f3d kiv\u00e1laszt\u00e1sa)\u00a0\u00a0<strong>Mail in Payment<\/strong>\u00a0&gt;\u00a0\u00a0<strong>Megrendel\u00e9s<\/strong>\u00a0(K\u00e9k gomb)\u00a0 opci\u00f3t kell v\u00e1lasztani.<\/em><\/li>\n<\/ul>\n<p><em>\u00a0 \u00a0 \u00a0 \u00a0 \u00a0 A fenti l\u00e9p\u00e9sekkel tudja megrendel\u00e9s\u00e9t az IFCFA<\/em>\u00a0Sz\u00f6vets\u00e9g\u00a0r\u00e9sz\u00e9re kiegyenl\u00edteni.<\/p>\n<p><strong>Amint a befizet\u00e9s meg\u00e9rkezik, k\u00fcldj\u00fck visszaigazol\u00e1sunkat az \u0171rlap helyes kit\u00f6lt\u00e9s\u00e9nek ellen\u0151rz\u00e9se v\u00e9gett. Amint az adatok helyess\u00e9g\u00e9r\u0151l megkaptuk \u00f6nt\u0151l a visszaigazol\u00e1st, a bel\u00e9p\u00e9si folyamatot elind\u00edtjuk, \u00e9s minden tov\u00e1bbi l\u00e9p\u00e9sr\u0151l t\u00e1j\u00e9koztat\u00e1st k\u00fcld\u00fcnk.<\/strong><\/p>","protected":false},"excerpt":{"rendered":"<p><p>A Sz\u00f6vets\u00e9g\u00a0megv\u00e1lasztott tagj\u00e1v\u00e1 olyan szem\u00e9ly (term\u00e9szetes szem\u00e9ly, jogi szem\u00e9ly) v\u00e1lhat, aki &nbsp; \u00d6nk\u00e9ntes alapon: Nyilatkozik a bel\u00e9p\u00e9si sz\u00e1nd\u00e9kr\u00f3l, Elfogadja\u00a0A Sz\u00f6vets\u00e9g\u00a0c\u00e9ljait, \u00e9s a\u00a0Tags\u00e1gi t\u00edpussal j\u00e1r\u00f3 k\u00f6telezetts\u00e9geket Fizeti az \u00e9ves tagd\u00edjat \u00e9s Akit az IFCFA Sz\u00f6vets\u00e9g Eln\u00f6ks\u00e9ge, a megp\u00e1ly\u00e1zott poz\u00edci\u00f3ra a tagj\u00e1v\u00e1 v\u00e1laszt. &nbsp; \u00a0 \u00a0 2. Megv\u00e1lasztott tags\u00e1gi alapon: Nyilatkozik a bel\u00e9p\u00e9si sz\u00e1nd\u00e9kr\u00f3l, Elfogadja\u00a0A Sz\u00f6vets\u00e9g\u00a0c\u00e9ljait, \u00e9s<\/p>\n<\/p>","protected":false},"author":5,"featured_media":0,"parent":0,"menu_order":0,"comment_status":"closed","ping_status":"closed","template":"","meta":{"footnotes":""},"class_list":["post-5406","page","type-page","status-publish","hentry"],"_links":{"self":[{"href":"https:\/\/ifcfa.org\/hu\/wp-json\/wp\/v2\/pages\/5406"}],"collection":[{"href":"https:\/\/ifcfa.org\/hu\/wp-json\/wp\/v2\/pages"}],"about":[{"href":"https:\/\/ifcfa.org\/hu\/wp-json\/wp\/v2\/types\/page"}],"author":[{"embeddable":true,"href":"https:\/\/ifcfa.org\/hu\/wp-json\/wp\/v2\/users\/5"}],"replies":[{"embeddable":true,"href":"https:\/\/ifcfa.org\/hu\/wp-json\/wp\/v2\/comments?post=5406"}],"version-history":[{"count":14,"href":"https:\/\/ifcfa.org\/hu\/wp-json\/wp\/v2\/pages\/5406\/revisions"}],"predecessor-version":[{"id":6082,"href":"https:\/\/ifcfa.org\/hu\/wp-json\/wp\/v2\/pages\/5406\/revisions\/6082"}],"wp:attachment":[{"href":"https:\/\/ifcfa.org\/hu\/wp-json\/wp\/v2\/media?parent=5406"}],"curies":[{"name":"wp","href":"https:\/\/api.w.org\/{rel}","templated":true}]}}