{"id":5404,"date":"2018-07-26T13:40:58","date_gmt":"2018-07-26T13:40:58","guid":{"rendered":"https:\/\/ifcfa.org\/?page_id=5404"},"modified":"2023-05-07T22:05:15","modified_gmt":"2023-05-07T22:05:15","slug":"basic-membership","status":"publish","type":"page","link":"https:\/\/ifcfa.org\/hu\/basic-membership\/","title":{"rendered":"Alaptags\u00e1g \/ Sz\u00f6vets\u00e9gi Tags\u00e1g"},"content":{"rendered":"<p><strong>Az IFCFA Sz\u00f6vets\u00e9g<\/strong>\u00a0tagj\u00e1v\u00e1 olyan szem\u00e9ly (term\u00e9szetes szem\u00e9ly, jogi szem\u00e9ly, jogi szem\u00e9lyis\u00e9ggel nem rendelkez\u0151 gazdas\u00e1gi t\u00e1rsas\u00e1g) v\u00e1lhat, aki\/amely: V\u00e1llalkoz\u00e1s Ind\u00edt\u00e1s\u00e1val, C\u00e9galap\u00edt\u00e1ssal, Sz\u00e9khelyszolg\u00e1ltat\u00e1ssal, K\u00f6nyvel\u00e9ssel, B\u00e9rsz\u00e1mfejt\u00e9ssel, K\u00f6nyvvizsg\u00e1lati- \u00e9s Sz\u00e1mviteli tev\u00e9kenys\u00e9ggel foglalkozik.<\/p>\n<p>&nbsp;<\/p>\n<p><strong>\u00a0 \u00a0 1. \u00d6nk\u00e9ntes alapon:<\/strong><\/p>\n<p>\u2013 nyilatkozik a bel\u00e9p\u00e9si sz\u00e1nd\u00e9kr\u00f3l,<br \/>\n\u2013 elfogadja\u00a0<strong>A Sz\u00f6vets\u00e9g\u00a0<\/strong>c\u00e9ljait, \u00e9s a\u00a0<strong>Tags\u00e1gi t\u00edpus<\/strong>sal j\u00e1r\u00f3 k\u00f6telezetts\u00e9geket<br \/>\n\u2013 fizeti az \u00e9ves tagd\u00edjat \u00e9s<br \/>\n\u2013 akit az\u00a0IFCFA Sz\u00f6vets\u00e9g Eln\u00f6ks\u00e9ge, a megp\u00e1ly\u00e1zott poz\u00edci\u00f3ra a tagj\u00e1v\u00e1 v\u00e1laszt.<\/p>\n<p>&nbsp;<\/p>\n<p><strong>\u00a0 \u00a0 2. Megv\u00e1lasztott tags\u00e1gi alapon:<\/strong><\/p>\n<p>\u2013 nyilatkozik a bel\u00e9p\u00e9si sz\u00e1nd\u00e9kr\u00f3l,<br \/>\n\u2013 elfogadja\u00a0<strong>A Sz\u00f6vets\u00e9g\u00a0<\/strong>c\u00e9ljait, \u00e9s a\u00a0<strong>Tags\u00e1gi t\u00edpus<\/strong>sal j\u00e1r\u00f3 k\u00f6telezetts\u00e9geket<br \/>\n\u2013 fizeti az \u00e9ves tagd\u00edjat \u00e9s<br \/>\n\u2013 akit az\u00a0IFCFA Sz\u00f6vets\u00e9g Eln\u00f6ks\u00e9ge, a megp\u00e1ly\u00e1zott poz\u00edci\u00f3ra a tagj\u00e1v\u00e1 v\u00e1laszt.<\/p>\n<p>&nbsp;<\/p>\n<h2>A Tags\u00e1g kiterjed:<\/h2>\n<ul>\n<li>A tag \u00e1ltal v\u00e1lasztott Orsz\u00e1gos tags\u00e1gra (Tagozati tags\u00e1g)<\/li>\n<li>az\u00a0IFCFA Sz\u00f6vets\u00e9g nemzetk\u00f6zi tags\u00e1g\u00e1ra (Sz\u00f6vets\u00e9gi tags\u00e1g)<\/li>\n<\/ul>\n<p>&nbsp;<\/p>\n<h2>A tagd\u00edj<\/h2>\n<p>A Sz\u00f6vets\u00e9g tagd\u00edj\u00e1nak a m\u00e9rt\u00e9k\u00e9t a Sz\u00f6vets\u00e9g Eln\u00f6ks\u00e9ge hat\u00e1rozza meg.<\/p>\n<p>A mindenkori \u00e9ves tagd\u00edjr\u00f3l \u00e9s annak v\u00e1ltoz\u00e1s\u00e1r\u00f3l a tagokat\u00a0 e-mailben \u00e9rtes\u00edtj\u00fck, illetve a mindenkori aktu\u00e1lis tagd\u00edj m\u00e9rt\u00e9ke a &#8222;<strong><a href=\"https:\/\/ifcfa.org\/hu\/membership-fees\/\">Tagd\u00edjak<\/a><\/strong>&#8221;\u00a0oldalon \u00e9rhet\u0151 el.<\/p>\n<p>A tagd\u00edjat a Sz\u00f6vets\u00e9g sz\u00e1ml\u00e1j\u00e1ra t\u00f6rt\u00e9n\u0151 \u00e1tutal\u00e1ssal, PayPal fizet\u00e9ssel, vagy az\u00a0IFCFA Sz\u00f6vets\u00e9g helyi irod\u00e1inak a p\u00e9nzt\u00e1r\u00e1ba t\u00f6rt\u00e9n\u0151 befizet\u00e9ssel kell megfizetni.<\/p>\n<p>A tags\u00e1gi igazol\u00e1st a c\u00e9g vagy a v\u00e1llalkoz\u00e1s kapja, a c\u00e9g vezet\u0151j\u00e9nek\/k\u00e9pvisel\u0151j\u00e9nek a nev\u00e9re.<\/p>\n<p>&nbsp;<\/p>\n<h2>A sz\u00f6vets\u00e9gi tag jogai \u00e9s k\u00f6telezetts\u00e9gei<\/h2>\n<p>&nbsp;<\/p>\n<p><strong>A sz\u00f6vets\u00e9gi tag<\/strong><\/p>\n<p>\u2013 r\u00e9szt vehet a sz\u00f6vets\u00e9g tev\u00e9kenys\u00e9g\u00e9ben \u00e9s rendezv\u00e9nyein;<br \/>\n\u2013 a taggy\u0171l\u00e9sen szavazhat;<br \/>\n\u2013 ha a t\u00f6rv\u00e9nyben foglalt felt\u00e9teleknek eleget tesz, a sz\u00f6vets\u00e9g b\u00e1rmely tiszts\u00e9g\u00e9re v\u00e1laszthat\u00f3;<br \/>\n\u2013 a taggy\u0171l\u00e9s napirendj\u00e9re, napirendi pontj\u00e1ra javaslatot tehet;<br \/>\n\u2013 kezdem\u00e9nyezheti tiszteletbeli tag felv\u00e9tel\u00e9t;<br \/>\n\u2013 jogosult ig\u00e9nybe venni a sz\u00f6vets\u00e9g \u00e1ltal a tagok r\u00e9sz\u00e9re biztos\u00edtott szolg\u00e1ltat\u00e1sait.<\/p>\n<p>&nbsp;<\/p>\n<ul>\n<li>Kiz\u00e1r\u00f3lag a sz\u00f6vets\u00e9gi tag csatlakozhat \u00f6nk\u00e9ntes alapon a Sz\u00f6vets\u00e9g felel\u0151ss\u00e9gbiztos\u00edt\u00e1si programj\u00e1hoz. A felel\u0151ss\u00e9gbiztos\u00edt\u00e1si programhoz val\u00f3 csatlakoz\u00e1s emelt tagd\u00edjfizet\u00e9si k\u00f6telezetts\u00e9ggel \u00e9s az Sz\u00f6vets\u00e9g \u00e1ltal megk\u00f6t\u00f6tt biztos\u00edt\u00e1si k\u00f6tv\u00e9nyben garant\u00e1lt jogosults\u00e1gokkal j\u00e1r.<\/li>\n<li>A sz\u00f6vets\u00e9gi tag hozz\u00e1f\u00e9r\u00e9st kap az Sz\u00f6vets\u00e9g elektronikus kommunik\u00e1ci\u00f3s csatorn\u00e1ihoz. A hozz\u00e1f\u00e9r\u00e9s megad\u00e1sa sor\u00e1n az Sz\u00f6vets\u00e9g r\u00e9sz\u00e9r\u0151l elj\u00e1r\u00f3 titk\u00e1rs\u00e1g ellen\u0151rzi a tag felhaszn\u00e1l\u00f3i jogosults\u00e1g\u00e1t a szem\u00e9lyazonoss\u00e1g visszaigazol\u00e1sa \u00fatj\u00e1n.<\/li>\n<\/ul>\n<p>&nbsp;<\/p>\n<h2>A tags\u00e1g el\u0151nyei<\/h2>\n<p>A sz\u00f6vets\u00e9gi tag a regisztr\u00e1ci\u00f3 sor\u00e1n megadja azokat a kulcsszavakat, amelyekre szeretn\u00e9, hogy a sz\u00f6vets\u00e9g aloldala megjelenjen a keres\u0151kben.<br \/>\n(Google, Yahoo, Bing, Search, Yandex).<\/p>\n<p>A megadott kulcsszavak alapj\u00e1n a sz\u00f6vets\u00e9g,\u00a0 (a tag \u00e1ltal a regisztr\u00e1ci\u00f3kor megadott)<br \/>\naloldal\u00e1ra\u00a0keres\u0151 optimaliz\u00e1l\u00e1st v\u00e9gez a\u00a0Google, Yahoo, Bing, Search, Yandex oldalakon.<\/p>\n<p>A megadott kulcsszavak alapj\u00e1n a sz\u00f6vets\u00e9g, (a tag \u00e1ltal a regisztr\u00e1ci\u00f3kor megadott) aloldala az els\u0151 oldalon jelenik meg a keres\u0151kben.<\/p>\n<p>&nbsp;<\/p>\n<p><strong>Ez alapj\u00e1n:<\/strong><\/p>\n<p style=\"margin: 0cm; margin-bottom: .0001pt;\">&#8211; A sz\u00f6vets\u00e9gi tag weboldala \u00e9s email c\u00edme megjelenik a https:\/\/ifcfa.org oldalon<\/p>\n<p style=\"margin: 0cm; margin-bottom: .0001pt;\">&#8211; A sz\u00f6vets\u00e9gi tagot a https:\/\/ifcfa.org l\u00e1togat\u00f3i k\u00f6zvetlen\u0171l is megkereshetik<\/p>\n<p style=\"margin: 0cm; margin-bottom: .0001pt;\">&#8211; a ifcfa.org honlapra \u00e9rkez\u0151 l\u00e1togat\u00f3k megkeres\u00e9seinek tov\u00e1bb\u00edt\u00e1sa a tagok fel\u00e9<\/p>\n<p style=\"margin: 0cm; margin-bottom: .0001pt;\">&#8211; A sz\u00f6vets\u00e9gi tag aj\u00e1nl\u00e1sokat, megrendel\u00e9seket kap<\/p>\n<p>&nbsp;<\/p>\n<p>A tagok, a sz\u00f6vets\u00e9g aloldalain t\u00e1bl\u00e1zati sorrendben vannak felt\u00fcntetve, a regisztr\u00e1ci\u00f3s id\u0151, a d\u00edjfizet\u00e9s, vagy az adom\u00e1nyoz\u00e1s illetve a szponzor\u00e1l\u00e1s nagys\u00e1g\u00e1t\u00f3l f\u00fcggetlen\u0171l.<\/p>\n<p>Egy sz\u00f6vets\u00e9gi tag min\u00e9l t\u00f6bb tev\u00e9kenys\u00e9get v\u00e9gez a sz\u00f6vets\u00e9gnek, ann\u00e1l feljebb ker\u00fcl a weboldali tags\u00e1gi list\u00e1n.<\/p>\n<p>&nbsp;<\/p>\n<h2>Ha szeretne \u00d6n is az\u00a0IFCFA Sz\u00f6vets\u00e9g tagja lenni, t\u00f6ltse ki az al\u00e1bbi jelentkez\u00e9si lapot:<\/h2>\n<p>&nbsp;<\/p>\n<p>[vfb id=17]<\/p>\n<p>&nbsp;<\/p>\n<p>A Sz\u00f6vets\u00e9gi tags\u00e1g folytat\u00e1s\u00e1hoz\u00a0a \u201c<strong>Login<\/strong>\u201d\u00a0\u00a0(jobb oldalon fel\u00fcl, a men\u00fcben) linkre kattintva regisztr\u00e1ljon saj\u00e1t adataival egy fi\u00f3kot. Az elk\u00e9sz\u00fclt fi\u00f3kj\u00e1ban m\u00e1r a<br \/>\n(a fejl\u00e9cben, a bal fels\u0151 r\u00e9szen)\u00a0 a\u00a0<strong>\u201cShop\u201d<\/strong>\u00a0gombra kattintva tudja kiv\u00e1lasztani a megfelel\u0151 tags\u00e1got, majd ez ut\u00e1n a megrendel\u00e9s\u00e9t a k\u00f6vetkez\u0151 d\u00edjfizet\u00e9si opci\u00f3k kiv\u00e1laszt\u00e1s\u00e1val teheti meg:<\/p>\n<ul>\n<li><strong>PayPal<\/strong>\u00a0<strong>fizet\u00e9ssel<\/strong>\u00a0&gt;\u00a0<em>(L\u00e9p\u00e9sek:\u00a0<strong>Csomag kiv\u00e1laszt\u00e1sa<\/strong>) &gt;\u00a0<strong>Fizet\u00e9s<\/strong>\u00a0(z\u00f6ld gomb) &gt; (Fizet\u00e9si m\u00f3d kiv\u00e1laszt\u00e1sa)\u00a0<strong>PayPal<\/strong>\u00a0&gt;\u00a0\u00a0<strong>Megrendel\u00e9s<\/strong>\u00a0(K\u00e9k gomb) &gt;\u00a0<strong>L\u00e9pjen be saj\u00e1t PayPal fi\u00f3kj\u00e1ba<\/strong><\/em><\/li>\n<li><strong>Bankk\u00e1rty\u00e1val<\/strong>\u00a0&gt;\u00a0<em>(L\u00e9p\u00e9sek: Csomag kiv\u00e1laszt\u00e1sa) &gt;\u00a0<strong>Fizet\u00e9s<\/strong>\u00a0(z\u00f6ld gomb) &gt; (Fizet\u00e9si m\u00f3d kiv\u00e1laszt\u00e1sa)\u00a0<strong>PayPal<\/strong>\u00a0&gt;\u00a0\u00a0<strong>Megrendel\u00e9s<\/strong>\u00a0(K\u00e9k gomb) &gt;\u00a0<strong>Fizet\u00e9s Hitelk\u00e1rty\u00e1val<\/strong>\u00a0opci\u00f3t kell v\u00e1lasztani<\/em><\/li>\n<li><strong>Banki utal\u00e1ssal<\/strong>\u00a0&gt;\u00a0<em>(L\u00e9p\u00e9sek: Csomag kiv\u00e1laszt\u00e1sa) &gt;\u00a0<strong>Fizet\u00e9s<\/strong>\u00a0(z\u00f6ld gomb) &gt; (Fizet\u00e9si m\u00f3d kiv\u00e1laszt\u00e1sa)\u00a0\u00a0<strong>Mail in Payment<\/strong>\u00a0&gt;\u00a0\u00a0<strong>Megrendel\u00e9s<\/strong>\u00a0(K\u00e9k gomb)\u00a0 opci\u00f3t kell v\u00e1lasztani.<\/em><\/li>\n<\/ul>\n<p><em>\u00a0 \u00a0 \u00a0 \u00a0 \u00a0 A fenti l\u00e9p\u00e9sekkel tudja megrendel\u00e9s\u00e9t az\u00a0IFCFA<\/em>\u00a0Sz\u00f6vets\u00e9g\u00a0r\u00e9sz\u00e9re kiegyenl\u00edteni.<\/p>\n<p><strong>Amint a befizet\u00e9s meg\u00e9rkezik, k\u00fcldj\u00fck visszaigazol\u00e1sunkat az \u0171rlap helyes kit\u00f6lt\u00e9s\u00e9nek ellen\u0151rz\u00e9se v\u00e9gett. Amint az adatok helyess\u00e9g\u00e9r\u0151l megkaptuk \u00f6nt\u0151l a visszaigazol\u00e1st, a bel\u00e9p\u00e9si folyamatot elind\u00edtjuk, \u00e9s minden tov\u00e1bbi l\u00e9p\u00e9sr\u0151l t\u00e1j\u00e9koztat\u00e1st k\u00fcld\u00fcnk.<\/strong><\/p>","protected":false},"excerpt":{"rendered":"<p><p>Az IFCFA Sz\u00f6vets\u00e9g\u00a0tagj\u00e1v\u00e1 olyan szem\u00e9ly (term\u00e9szetes szem\u00e9ly, jogi szem\u00e9ly, jogi szem\u00e9lyis\u00e9ggel nem rendelkez\u0151 gazdas\u00e1gi t\u00e1rsas\u00e1g) v\u00e1lhat, aki\/amely: V\u00e1llalkoz\u00e1s Ind\u00edt\u00e1s\u00e1val, C\u00e9galap\u00edt\u00e1ssal, Sz\u00e9khelyszolg\u00e1ltat\u00e1ssal, K\u00f6nyvel\u00e9ssel, B\u00e9rsz\u00e1mfejt\u00e9ssel, K\u00f6nyvvizsg\u00e1lati- \u00e9s Sz\u00e1mviteli tev\u00e9kenys\u00e9ggel foglalkozik. &nbsp; \u00a0 \u00a0 1. \u00d6nk\u00e9ntes alapon: \u2013 nyilatkozik a bel\u00e9p\u00e9si sz\u00e1nd\u00e9kr\u00f3l, \u2013 elfogadja\u00a0A Sz\u00f6vets\u00e9g\u00a0c\u00e9ljait, \u00e9s a\u00a0Tags\u00e1gi t\u00edpussal j\u00e1r\u00f3 k\u00f6telezetts\u00e9geket \u2013 fizeti az \u00e9ves tagd\u00edjat \u00e9s \u2013 akit<\/p>\n<\/p>","protected":false},"author":5,"featured_media":0,"parent":0,"menu_order":0,"comment_status":"closed","ping_status":"closed","template":"","meta":{"footnotes":""},"class_list":["post-5404","page","type-page","status-publish","hentry"],"_links":{"self":[{"href":"https:\/\/ifcfa.org\/hu\/wp-json\/wp\/v2\/pages\/5404"}],"collection":[{"href":"https:\/\/ifcfa.org\/hu\/wp-json\/wp\/v2\/pages"}],"about":[{"href":"https:\/\/ifcfa.org\/hu\/wp-json\/wp\/v2\/types\/page"}],"author":[{"embeddable":true,"href":"https:\/\/ifcfa.org\/hu\/wp-json\/wp\/v2\/users\/5"}],"replies":[{"embeddable":true,"href":"https:\/\/ifcfa.org\/hu\/wp-json\/wp\/v2\/comments?post=5404"}],"version-history":[{"count":55,"href":"https:\/\/ifcfa.org\/hu\/wp-json\/wp\/v2\/pages\/5404\/revisions"}],"predecessor-version":[{"id":6515,"href":"https:\/\/ifcfa.org\/hu\/wp-json\/wp\/v2\/pages\/5404\/revisions\/6515"}],"wp:attachment":[{"href":"https:\/\/ifcfa.org\/hu\/wp-json\/wp\/v2\/media?parent=5404"}],"curies":[{"name":"wp","href":"https:\/\/api.w.org\/{rel}","templated":true}]}}