{"id":5396,"date":"2018-07-26T13:36:49","date_gmt":"2018-07-26T13:36:49","guid":{"rendered":"https:\/\/ifcfa.org\/?page_id=5396"},"modified":"2018-12-30T10:15:34","modified_gmt":"2018-12-30T10:15:34","slug":"working-groups","status":"publish","type":"page","link":"https:\/\/ifcfa.org\/hu\/working-groups\/","title":{"rendered":"Munkacsoportok"},"content":{"rendered":"<p><\/p>\n<h2>A munkacsoport l\u00e9nyege, hogy egy k\u00f6z\u00f6s c\u00e9l\u00e9rt j\u00f6n l\u00e9tre.<\/h2>\n<p>T\u00edpusai:<\/p>\n<ul>\n<li>Bizotts\u00e1gi Munkacsoport<\/li>\n<li>Szakmai Munkacsoport<\/li>\n<li>Egy\u00e9b Munkacsoportok<\/li>\n<\/ul>\n<p>&nbsp;<\/p>\n<h2>Ha szeretne \u00d6n is az IFCFA Sz\u00f6vets\u00e9g tagja lenni, t\u00f6ltse ki az al\u00e1bbi jelentkez\u00e9si lapot:<\/h2>\n<p>&nbsp;<\/p>\n<p>[vfb id=2]<\/p>\n<p>&nbsp;<\/p>\n<p>A Sz\u00f6vets\u00e9gi tags\u00e1g folytat\u00e1s\u00e1hoz\u00a0a \u201c<strong>Login<\/strong>\u201d\u00a0\u00a0(jobb oldalon fel\u00fcl, a men\u00fcben) linkre kattintva regisztr\u00e1ljon saj\u00e1t adataival egy fi\u00f3kot. Az elk\u00e9sz\u00fclt fi\u00f3kj\u00e1ban m\u00e1r a<br \/>\n(a fejl\u00e9cben, a bal fels\u0151 r\u00e9szen)\u00a0 a\u00a0<strong>\u201cShop\u201d<\/strong>\u00a0gombra kattintva tudja kiv\u00e1lasztani a megfelel\u0151 tags\u00e1got, majd ez ut\u00e1n a megrendel\u00e9s\u00e9t a k\u00f6vetkez\u0151 d\u00edjfizet\u00e9si opci\u00f3k kiv\u00e1laszt\u00e1s\u00e1val teheti meg:<\/p>\n<ul>\n<li><strong>PayPal<\/strong>\u00a0<strong>fizet\u00e9ssel<\/strong>\u00a0&gt;\u00a0<em>(L\u00e9p\u00e9sek:\u00a0<strong>Csomag kiv\u00e1laszt\u00e1sa<\/strong>) &gt;\u00a0<strong>Fizet\u00e9s<\/strong>\u00a0(z\u00f6ld gomb) &gt; (Fizet\u00e9si m\u00f3d kiv\u00e1laszt\u00e1sa)\u00a0<strong>PayPal<\/strong>\u00a0&gt;\u00a0\u00a0<strong>Megrendel\u00e9s<\/strong>\u00a0(K\u00e9k gomb) &gt;\u00a0<strong>L\u00e9pjen be saj\u00e1t PayPal fi\u00f3kj\u00e1ba<\/strong><\/em><\/li>\n<li><strong>Bankk\u00e1rty\u00e1val<\/strong>\u00a0&gt;\u00a0<em>(L\u00e9p\u00e9sek: Csomag kiv\u00e1laszt\u00e1sa) &gt;\u00a0<strong>Fizet\u00e9s<\/strong>\u00a0(z\u00f6ld gomb) &gt; (Fizet\u00e9si m\u00f3d kiv\u00e1laszt\u00e1sa)\u00a0<strong>PayPal<\/strong>\u00a0&gt;\u00a0\u00a0<strong>Megrendel\u00e9s<\/strong>\u00a0(K\u00e9k gomb) &gt;\u00a0<strong>Fizet\u00e9s Hitelk\u00e1rty\u00e1val<\/strong>\u00a0opci\u00f3t kell v\u00e1lasztani<\/em><\/li>\n<li><strong>Banki utal\u00e1ssal<\/strong>\u00a0&gt;\u00a0<em>(L\u00e9p\u00e9sek: Csomag kiv\u00e1laszt\u00e1sa) &gt;\u00a0<strong>Fizet\u00e9s<\/strong>\u00a0(z\u00f6ld gomb) &gt; (Fizet\u00e9si m\u00f3d kiv\u00e1laszt\u00e1sa)\u00a0\u00a0<strong>Mail in Payment<\/strong>\u00a0&gt;\u00a0\u00a0<strong>Megrendel\u00e9s<\/strong>\u00a0(K\u00e9k gomb)\u00a0 opci\u00f3t kell v\u00e1lasztani.<\/em><\/li>\n<\/ul>\n<p><em>\u00a0 \u00a0 \u00a0 \u00a0 \u00a0 A fenti l\u00e9p\u00e9sekkel tudja megrendel\u00e9s\u00e9t\u00a0<\/em>az IFCFA Sz\u00f6vets\u00e9g\u00a0r\u00e9sz\u00e9re kiegyenl\u00edteni.<\/p>\n<p><strong>Amint a befizet\u00e9s meg\u00e9rkezik, k\u00fcldj\u00fck visszaigazol\u00e1sunkat az \u0171rlap helyes kit\u00f6lt\u00e9s\u00e9nek ellen\u0151rz\u00e9se v\u00e9gett. Amint az adatok helyess\u00e9g\u00e9r\u0151l megkaptuk \u00f6nt\u0151l a visszaigazol\u00e1st, a bel\u00e9p\u00e9si folyamatot elind\u00edtjuk, \u00e9s minden tov\u00e1bbi l\u00e9p\u00e9sr\u0151l t\u00e1j\u00e9koztat\u00e1st k\u00fcld\u00fcnk.<\/strong><\/p>","protected":false},"excerpt":{"rendered":"<p><p>A munkacsoport l\u00e9nyege, hogy egy k\u00f6z\u00f6s c\u00e9l\u00e9rt j\u00f6n l\u00e9tre. T\u00edpusai: Bizotts\u00e1gi Munkacsoport Szakmai Munkacsoport Egy\u00e9b Munkacsoportok &nbsp; Ha szeretne \u00d6n is az IFCFA Sz\u00f6vets\u00e9g tagja lenni, t\u00f6ltse ki az al\u00e1bbi jelentkez\u00e9si lapot: &nbsp; [vfb id=2] &nbsp; A Sz\u00f6vets\u00e9gi tags\u00e1g folytat\u00e1s\u00e1hoz\u00a0a \u201cLogin\u201d\u00a0\u00a0(jobb oldalon fel\u00fcl, a men\u00fcben) linkre kattintva regisztr\u00e1ljon saj\u00e1t adataival egy fi\u00f3kot. Az elk\u00e9sz\u00fclt fi\u00f3kj\u00e1ban<\/p>\n<\/p>","protected":false},"author":5,"featured_media":0,"parent":0,"menu_order":0,"comment_status":"closed","ping_status":"closed","template":"","meta":{"footnotes":""},"class_list":["post-5396","page","type-page","status-publish","hentry"],"_links":{"self":[{"href":"https:\/\/ifcfa.org\/hu\/wp-json\/wp\/v2\/pages\/5396"}],"collection":[{"href":"https:\/\/ifcfa.org\/hu\/wp-json\/wp\/v2\/pages"}],"about":[{"href":"https:\/\/ifcfa.org\/hu\/wp-json\/wp\/v2\/types\/page"}],"author":[{"embeddable":true,"href":"https:\/\/ifcfa.org\/hu\/wp-json\/wp\/v2\/users\/5"}],"replies":[{"embeddable":true,"href":"https:\/\/ifcfa.org\/hu\/wp-json\/wp\/v2\/comments?post=5396"}],"version-history":[{"count":10,"href":"https:\/\/ifcfa.org\/hu\/wp-json\/wp\/v2\/pages\/5396\/revisions"}],"predecessor-version":[{"id":6078,"href":"https:\/\/ifcfa.org\/hu\/wp-json\/wp\/v2\/pages\/5396\/revisions\/6078"}],"wp:attachment":[{"href":"https:\/\/ifcfa.org\/hu\/wp-json\/wp\/v2\/media?parent=5396"}],"curies":[{"name":"wp","href":"https:\/\/api.w.org\/{rel}","templated":true}]}}