{"id":5380,"date":"2018-07-26T13:16:12","date_gmt":"2018-07-26T13:16:12","guid":{"rendered":"https:\/\/ifcfa.org\/?page_id=5380"},"modified":"2018-12-30T00:37:11","modified_gmt":"2018-12-30T00:37:11","slug":"chairman","status":"publish","type":"page","link":"https:\/\/ifcfa.org\/hu\/chairman\/","title":{"rendered":"Eln\u00f6k"},"content":{"rendered":"<p><\/p>\n<h2>Vezet\u0151s\u00e9gi Eln\u00f6k jelent\u00e9se:<\/h2>\n<p>A Vezet\u0151s\u00e9gi eln\u00f6k, az IFCFA Sz\u00f6vets\u00e9gen bel\u00fcli: <strong>Tagozat<\/strong> (Orsz\u00e1g\/\u00c1llam) <strong>vezet\u0151je.<\/strong><\/p>\n<p>&nbsp;<\/p>\n<h2>Vezet\u0151s\u00e9gi Eln\u00f6k<\/h2>\n<p>Az eln\u00f6k\u00f6t a taggy\u0171l\u00e9s v\u00e1lasztja meg 3 \u00e9vre. Ugyanaz a tiszts\u00e9g \u00fajrav\u00e1laszt\u00e1ssal korl\u00e1tlan ideig bet\u00f6lthet\u0151.<\/p>\n<p>Az eln\u00f6ks\u00e9gi tagokat az eln\u00f6k \u00e9s az alap\u00edt\u00f3 tagok v\u00e1lasztj\u00e1k 1 \u00e9vre. Ugyanaz a tiszts\u00e9g \u00fajrav\u00e1laszt\u00e1ssal korl\u00e1tlan ideig bet\u00f6lthet\u0151.<\/p>\n<p>&nbsp;<\/p>\n<h2>Az eln\u00f6ks\u00e9gi tags\u00e1g megsz\u0171nik:<\/h2>\n<ul>\n<li>A tiszts\u00e9gr\u0151l val\u00f3 lemond\u00e1ssal<\/li>\n<li>Visszah\u00edv\u00e1ssal,<\/li>\n<li>A hat\u00e1rozott id\u0151 lej\u00e1rt\u00e1val,<\/li>\n<li>Az eln\u00f6ks\u00e9gi tag hal\u00e1l\u00e1val.<\/li>\n<\/ul>\n<p>&nbsp;<\/p>\n<p>A lemond\u00e1st az Eln\u00f6ks\u00e9g \u00fcl\u00e9s\u00e9n kell bejelenteni \u00e9s a jegyz\u0151k\u00f6nyvben r\u00f6gz\u00edteni, vagy az eln\u00f6kkel \u00edr\u00e1sban, igazolhat\u00f3 m\u00f3don kell k\u00f6z\u00f6lni.<\/p>\n<p>Ha az Eln\u00f6ks\u00e9g tagjai k\u00f6z\u00fcl a tagok valamelyik\u00e9nek eln\u00f6ks\u00e9gi tags\u00e1ga \u2013 annak lej\u00e1rt\u00e1t megel\u0151z\u0151en \u2013 megsz\u0171nik, az \u00fajonnan megv\u00e1lasztott tag megbizat\u00e1sa az eredetileg megv\u00e1lasztott tag megbizat\u00e1si idej\u00e9nek h\u00e1tralev\u0151 id\u0151tartam\u00e1ra sz\u00f3l.<\/p>\n<p>&nbsp;<\/p>\n<h2>Az Eln\u00f6ks\u00e9g hat\u00e1sk\u00f6r\u00e9be tartozik a k\u00f6vetkez\u0151 d\u00f6nt\u00e9sek meghozatala:<\/h2>\n<ul>\n<li>A Sz\u00f6vets\u00e9g \u00e9ves k\u00f6lts\u00e9gvet\u00e9s\u00e9nek meg\u00e1llap\u00edt\u00e1sa.<\/li>\n<li>Javaslatt\u00e9tel a Sz\u00f6vets\u00e9g c\u00e9ljaival, feladataival \u00f6sszef\u00fcgg\u0151 k\u00e9rd\u00e9sekkel kapcsolatos strat\u00e9giai \u00e1ll\u00e1spontra vonatkoz\u00f3an;<\/li>\n<li>Javaslatt\u00e9tel a taggy\u0171l\u00e9s napirendi pontjaira vonatkoz\u00f3an;<\/li>\n<li>Eseti bizotts\u00e1gok megalak\u00edt\u00e1sa;<\/li>\n<\/ul>\n<p>&nbsp;<\/p>\n<ul>\n<li>Az Eln\u00f6ks\u00e9get az eln\u00f6k b\u00e1rmikor \u00f6sszeh\u00edvhatja, de legal\u00e1bb \u00e9vente egyszer \u00f6ssze kell h\u00edvnia. Az Eln\u00f6ks\u00e9get igazolhat\u00f3 m\u00f3don, \u00edr\u00e1sban, elektronikus lev\u00e9lben kell \u00f6sszeh\u00edvni.<\/li>\n<li>Az Eln\u00f6ks\u00e9g hat\u00e1rozatk\u00e9pes, ha azon a tagjainak t\u00f6bb mint fele r\u00e9szt vesz. Az Eln\u00f6ks\u00e9g hat\u00e1rozatait a jelenl\u00e9v\u0151 tagok sz\u00f3t\u00f6bbs\u00e9g\u00e9vel, ny\u00edlt szavaz\u00e1ssal hozza. 1 tags\u00e1g, egy szavazatot \u00e9r.<\/li>\n<li>Az Eln\u00f6ks\u00e9g jegyz\u0151k\u00f6nyvvezet\u0151t \u00e9s a jegyz\u0151k\u00f6nyvet hiteles\u00edt\u0151 k\u00e9t tagot k\u00f6teles v\u00e1lasztani.<\/li>\n<\/ul>\n<p>&nbsp;<\/p>\n<h2>Az eln\u00f6k feladatai \u00e9s hat\u00e1sk\u00f6re:<\/h2>\n<ul>\n<li>\u00d6sszeh\u00edvja a taggy\u0171l\u00e9st,<\/li>\n<li>\u00d6sszeh\u00edvja \u00e9s levezeti az Eln\u00f6ks\u00e9g \u00fcl\u00e9s\u00e9t,<\/li>\n<li>Gondoskodik az Eln\u00f6ks\u00e9g \u00e9s a taggy\u0171l\u00e9s \u00fcl\u00e9seinek, d\u00f6nt\u00e9seinek megfelel\u0151 el\u0151k\u00e9sz\u00edt\u00e9s\u00e9r\u0151l,<\/li>\n<li>Kapcsolatot tart a hasonl\u00f3 jelleg\u0171 szakmai szervezetekkel, k\u00f6zigazgat\u00e1si szervekkel, k\u00f6ztest\u00fcletekkel,<\/li>\n<\/ul>\n<p>&nbsp;<\/p>\n<h2>Az eln\u00f6k az Orsz\u00e1gos vezet\u0151s\u00e9g k\u00f6r\u00e9ben:<\/h2>\n<ul>\n<li>Ir\u00e1ny\u00edtja a Orsz\u00e1gos Sz\u00f6vets\u00e9g gazd\u00e1lkod\u00e1s\u00e1t,<\/li>\n<li>Megk\u00f6ti a Orsz\u00e1gos Sz\u00f6vets\u00e9g m\u0171k\u00f6d\u00e9s\u00e9hez sz\u00fcks\u00e9ges szerz\u0151d\u00e9seket,<\/li>\n<li>Az Eln\u00f6ks\u00e9g el\u00e9 terjeszti a szerz\u0151d\u00e9seket, meg\u00e1llapod\u00e1sokat,<\/li>\n<li>Gyakorolja a Orsz\u00e1gos Sz\u00f6vets\u00e9g munkav\u00e1llal\u00f3i felett a munk\u00e1ltat\u00f3i jogokat,<\/li>\n<li>Megszervezi \u00e9s ir\u00e1ny\u00edtja a Titk\u00e1rs\u00e1got.<\/li>\n<\/ul>\n<p>&nbsp;<\/p>\n<h2>Az eln\u00f6k a Titk\u00e1rs\u00e1g bevon\u00e1s\u00e1val<\/h2>\n<ul>\n<li>Vezeti a Orsz\u00e1gos Sz\u00f6vets\u00e9g tagnyilv\u00e1ntart\u00e1s\u00e1t (Sz\u00f6vets\u00e9gi tagok, p\u00e1rtol\u00f3 tagok, tiszteletbeli tagok, szakmai tagok megbont\u00e1sban),<\/li>\n<li>Nyilv\u00e1ntartja a befizetett tagd\u00edjakat, szakmai tagd\u00edjakat, t\u00e1mogat\u00e1sokat,<\/li>\n<li>Kezeli az Orsz\u00e1gos Sz\u00f6vets\u00e9g p\u00e9nzeszk\u00f6zeit, ennek keret\u00e9ben utalv\u00e1nyoz\u00e1si jogk\u00f6rt gyakorol,<\/li>\n<li>Kezeli az Orsz\u00e1gos Sz\u00f6vets\u00e9g iratait, bev\u00e9teli \u00e9s kiad\u00e1si bizonylatait,<\/li>\n<li>K\u00f6nyvel\u00e9si feladatokat l\u00e1tja el,<\/li>\n<li>Vezeti a hat\u00e1rozatok t\u00e1r\u00e1t.<\/li>\n<li>Int\u00e9zked\u00e9seit a taggy\u0171l\u00e9s, \u00e9s az Eln\u00f6ks\u00e9g d\u00f6nt\u00e9s\u00e9nek megfelel\u0151en, d\u00f6nt\u00e9s hi\u00e1ny\u00e1ban pedig a Orsz\u00e1gos Vezet\u0151s\u00e9g, illetve a Nemzetk\u00f6zi sz\u00f6vets\u00e9g (IFCFA)\u00a0 \u00e9rdekeivel \u00f6sszhangban kell megtennie.<\/li>\n<li>Az eln\u00f6k\u00f6t akad\u00e1lyoztat\u00e1sa eset\u00e9n az \u00e1ltala kijel\u00f6lt aleln\u00f6k\u00f6k helyettes\u00edtik.<\/li>\n<li>Az aleln\u00f6k\u00f6k k\u00f6z\u00fcl az eln\u00f6k jel\u00f6li ki a szakmai feladatok\u00e9rt felel\u0151s aleln\u00f6k\u00f6ket \u00e9s az elektronikus m\u0171k\u00f6dtet\u00e9s\u00e9rt felel\u0151s aleln\u00f6k\u00f6t.<\/li>\n<\/ul>\n<p>&nbsp;<\/p>\n<h2>A Sz\u00f6vets\u00e9g k\u00e9pviselete<\/h2>\n<ul>\n<li>A Orsz\u00e1gos Sz\u00f6vets\u00e9get az eln\u00f6k \u00f6n\u00e1ll\u00f3an k\u00e9pviseli. Az Orsz\u00e1gos Sz\u00f6vets\u00e9g nev\u00e9ben al\u00e1\u00edr\u00e1sra az eln\u00f6k \u00f6n\u00e1ll\u00f3an jogosult. Ha nem \u0151 az al\u00e1\u00edr\u00f3, \u00e9s jogszab\u00e1ly a nyilatkozat \u00e9rv\u00e9nyess\u00e9g\u00e9hez \u00edr\u00e1sbeli alakot k\u00edv\u00e1n, k\u00e9t, az eln\u00f6k \u00e1ltal k\u00e9pviseleti joggal felruh\u00e1zott aleln\u00f6k al\u00e1\u00edr\u00e1sa sz\u00fcks\u00e9ges. Az eln\u00f6k az aleln\u00f6k\u00f6k \u00e9s az eln\u00f6ks\u00e9gi tagok k\u00f6z\u00fcl legal\u00e1bb 4 szem\u00e9ly sz\u00e1m\u00e1ra biztos\u00edt elektronikus banki hozz\u00e1f\u00e9r\u00e9st, amely alapj\u00e1n kiz\u00e1r\u00f3lag egy\u00fcttes al\u00e1\u00edr\u00e1s melletti kifizet\u00e9s enged\u00e9lyezhet\u0151.<\/li>\n<li>A Orsz\u00e1gos Sz\u00f6vets\u00e9g, illetve a Nemzetk\u00f6zi Sz\u00f6vets\u00e9g (IFCFA) szakmai tev\u00e9kenys\u00e9ge k\u00f6r\u00e9ben az Orsz\u00e1gos Sz\u00f6vets\u00e9g nev\u00e9ben hivatalos \u00e1ll\u00e1sfoglal\u00e1sra, v\u00e9lem\u00e9nynyilv\u00e1n\u00edt\u00e1sra az eln\u00f6k, az aleln\u00f6k\u00f6k, a Bizotts\u00e1gi Eln\u00f6k\u00f6k, vagy az \u00e1ltaluk kijel\u00f6lt eln\u00f6ks\u00e9gi tag jogosult. Kijel\u00f6l\u00e9s hi\u00e1ny\u00e1ban a nyilatkoz\u00f3 nem tekinthet\u0151 az Orsz\u00e1gos Sz\u00f6vets\u00e9g nev\u00e9ben nyilatkoz\u00f3 szem\u00e9lynek.<\/li>\n<\/ul>\n<p>&nbsp;<\/p>\n<h2>Ha szeretne jelentkezni az Orsz\u00e1gos eln\u00f6ki posztra, k\u00e9rj\u00fck t\u00f6ltse ki az al\u00e1bbi \u0171rlapot:<\/h2>\n<p>&nbsp;<\/p>\n<p>[vfb id=3]<\/p>\n<p>&nbsp;<\/p>\n<p>A Sz\u00f6vets\u00e9gi tags\u00e1g folytat\u00e1s\u00e1hoz\u00a0a \u201c<strong>Login<\/strong>\u201d\u00a0\u00a0(jobb oldalon fel\u00fcl, a men\u00fcben) linkre kattintva regisztr\u00e1ljon saj\u00e1t adataival egy fi\u00f3kot. Az elk\u00e9sz\u00fclt fi\u00f3kj\u00e1ban m\u00e1r a<br \/>\n(a fejl\u00e9cben, a bal fels\u0151 r\u00e9szen)\u00a0 a\u00a0<strong>\u201cShop\u201d<\/strong>\u00a0gombra kattintva tudja kiv\u00e1lasztani a megfelel\u0151 tags\u00e1got, majd ez ut\u00e1n a megrendel\u00e9s\u00e9t a k\u00f6vetkez\u0151 d\u00edjfizet\u00e9si opci\u00f3k kiv\u00e1laszt\u00e1s\u00e1val teheti meg:<\/p>\n<ul>\n<li><strong>PayPal<\/strong>\u00a0<strong>fizet\u00e9ssel<\/strong>\u00a0&gt;\u00a0<em>(L\u00e9p\u00e9sek:\u00a0<strong>Csomag kiv\u00e1laszt\u00e1sa<\/strong>) &gt;\u00a0<strong>Fizet\u00e9s<\/strong>\u00a0(z\u00f6ld gomb) &gt; (Fizet\u00e9si m\u00f3d kiv\u00e1laszt\u00e1sa)\u00a0<strong>PayPal<\/strong>\u00a0&gt;\u00a0\u00a0<strong>Megrendel\u00e9s<\/strong>\u00a0(K\u00e9k gomb) &gt;\u00a0<strong>L\u00e9pjen be saj\u00e1t PayPal fi\u00f3kj\u00e1ba<\/strong><\/em><\/li>\n<li><strong>Bankk\u00e1rty\u00e1val<\/strong>\u00a0&gt;\u00a0<em>(L\u00e9p\u00e9sek: Csomag kiv\u00e1laszt\u00e1sa) &gt;\u00a0<strong>Fizet\u00e9s<\/strong>\u00a0(z\u00f6ld gomb) &gt; (Fizet\u00e9si m\u00f3d kiv\u00e1laszt\u00e1sa)\u00a0<strong>PayPal<\/strong>\u00a0&gt;\u00a0\u00a0<strong>Megrendel\u00e9s<\/strong>\u00a0(K\u00e9k gomb) &gt;\u00a0<strong>Fizet\u00e9s Hitelk\u00e1rty\u00e1val<\/strong>\u00a0opci\u00f3t kell v\u00e1lasztani<\/em><\/li>\n<li><strong>Banki utal\u00e1ssal<\/strong>\u00a0&gt;\u00a0<em>(L\u00e9p\u00e9sek: Csomag kiv\u00e1laszt\u00e1sa) &gt;\u00a0<strong>Fizet\u00e9s<\/strong>\u00a0(z\u00f6ld gomb) &gt; (Fizet\u00e9si m\u00f3d kiv\u00e1laszt\u00e1sa)\u00a0\u00a0<strong>Mail in Payment<\/strong>\u00a0&gt;\u00a0\u00a0<strong>Megrendel\u00e9s<\/strong>\u00a0(K\u00e9k gomb)\u00a0 opci\u00f3t kell v\u00e1lasztani.<\/em><\/li>\n<\/ul>\n<p><em>\u00a0 \u00a0 \u00a0 \u00a0 \u00a0 A fenti l\u00e9p\u00e9sekkel tudja megrendel\u00e9s\u00e9t\u00a0<\/em>az\u00a0IFCFA Sz\u00f6vets\u00e9g\u00a0r\u00e9sz\u00e9re kiegyenl\u00edteni.<\/p>\n<p><strong>Amint a befizet\u00e9s meg\u00e9rkezik, k\u00fcldj\u00fck visszaigazol\u00e1sunkat az \u0171rlap helyes kit\u00f6lt\u00e9s\u00e9nek ellen\u0151rz\u00e9se v\u00e9gett. Amint az adatok helyess\u00e9g\u00e9r\u0151l megkaptuk \u00f6nt\u0151l a visszaigazol\u00e1st, a bel\u00e9p\u00e9si folyamatot elind\u00edtjuk, \u00e9s minden tov\u00e1bbi l\u00e9p\u00e9sr\u0151l t\u00e1j\u00e9koztat\u00e1st k\u00fcld\u00fcnk.<\/strong><\/p>","protected":false},"excerpt":{"rendered":"<p><p>Vezet\u0151s\u00e9gi Eln\u00f6k jelent\u00e9se: A Vezet\u0151s\u00e9gi eln\u00f6k, az IFCFA Sz\u00f6vets\u00e9gen bel\u00fcli: Tagozat (Orsz\u00e1g\/\u00c1llam) vezet\u0151je. &nbsp; Vezet\u0151s\u00e9gi Eln\u00f6k Az eln\u00f6k\u00f6t a taggy\u0171l\u00e9s v\u00e1lasztja meg 3 \u00e9vre. Ugyanaz a tiszts\u00e9g \u00fajrav\u00e1laszt\u00e1ssal korl\u00e1tlan ideig bet\u00f6lthet\u0151. Az eln\u00f6ks\u00e9gi tagokat az eln\u00f6k \u00e9s az alap\u00edt\u00f3 tagok v\u00e1lasztj\u00e1k 1 \u00e9vre. Ugyanaz a tiszts\u00e9g \u00fajrav\u00e1laszt\u00e1ssal korl\u00e1tlan ideig bet\u00f6lthet\u0151. &nbsp; Az eln\u00f6ks\u00e9gi tags\u00e1g megsz\u0171nik:<\/p>\n<\/p>","protected":false},"author":5,"featured_media":0,"parent":0,"menu_order":0,"comment_status":"closed","ping_status":"closed","template":"","meta":{"footnotes":""},"class_list":["post-5380","page","type-page","status-publish","hentry"],"_links":{"self":[{"href":"https:\/\/ifcfa.org\/hu\/wp-json\/wp\/v2\/pages\/5380"}],"collection":[{"href":"https:\/\/ifcfa.org\/hu\/wp-json\/wp\/v2\/pages"}],"about":[{"href":"https:\/\/ifcfa.org\/hu\/wp-json\/wp\/v2\/types\/page"}],"author":[{"embeddable":true,"href":"https:\/\/ifcfa.org\/hu\/wp-json\/wp\/v2\/users\/5"}],"replies":[{"embeddable":true,"href":"https:\/\/ifcfa.org\/hu\/wp-json\/wp\/v2\/comments?post=5380"}],"version-history":[{"count":30,"href":"https:\/\/ifcfa.org\/hu\/wp-json\/wp\/v2\/pages\/5380\/revisions"}],"predecessor-version":[{"id":6036,"href":"https:\/\/ifcfa.org\/hu\/wp-json\/wp\/v2\/pages\/5380\/revisions\/6036"}],"wp:attachment":[{"href":"https:\/\/ifcfa.org\/hu\/wp-json\/wp\/v2\/media?parent=5380"}],"curies":[{"name":"wp","href":"https:\/\/api.w.org\/{rel}","templated":true}]}}