{"id":5357,"date":"2018-06-20T10:31:03","date_gmt":"2018-06-20T10:31:03","guid":{"rendered":"https:\/\/ifcfa.org\/?page_id=5357"},"modified":"2018-12-30T10:41:49","modified_gmt":"2018-12-30T10:41:49","slug":"honorary-members","status":"publish","type":"page","link":"https:\/\/ifcfa.org\/hu\/honorary-members\/","title":{"rendered":"Tiszteletbeli Tagok"},"content":{"rendered":"<p><strong>A Sz\u00f6vets\u00e9g<\/strong>\u00a0tiszteletbeli tagj\u00e1v\u00e1 olyan\u00a0b\u00e1rmilyen nemzetis\u00e9g\u0171 term\u00e9szetes vagy jogi szem\u00e9ly (term\u00e9szetes szem\u00e9ly, jogi szem\u00e9ly, jogi szem\u00e9lyis\u00e9ggel nem rendelkez\u0151 gazdas\u00e1gi t\u00e1rsas\u00e1g) v\u00e1lhat, aki\/amely a sz\u00f6vets\u00e9g c\u00e9lja szerinti, vagy ahhoz kapcsol\u00f3d\u00f3 ter\u00fcleten folytat tev\u00e9kenys\u00e9get \u00e9s akit a sz\u00f6vets\u00e9gi c\u00e9lok el\u0151mozd\u00edt\u00e1sa \u00e9rdek\u00e9ben v\u00e9gzett tev\u00e9kenys\u00e9g\u00e9\u00e9rt a taggy\u0171l\u00e9s tiszteletbeli tagg\u00e1 v\u00e1laszt. Tov\u00e1bb\u00e1 a jel\u00f6lt:<\/p>\n<ul>\n<li>Nyilatkozik a bel\u00e9p\u00e9si sz\u00e1nd\u00e9kr\u00f3l, \u00e9s<\/li>\n<li>Elfogadja\u00a0<strong>A Sz\u00f6vets\u00e9g\u00a0<\/strong>c\u00e9ljait,<\/li>\n<li>Az Alapszab\u00e1ly alapj\u00e1n a sz\u00f6vets\u00e9g tagjait terhel\u0151 k\u00f6telezetts\u00e9gek teljes\u00edt\u00e9s\u00e9t v\u00e1llalja.<\/li>\n<\/ul>\n<p>&nbsp;<\/p>\n<h2>A tiszteletbeli tag<\/h2>\n<p>\u2013 A Sz\u00f6vets\u00e9g szerveibe nem v\u00e1laszthat \u00e9s nem v\u00e1laszthat\u00f3;<br \/>\n\u2013 A Sz\u00f6vets\u00e9g taggy\u0171l\u00e9s\u00e9nek d\u00f6nt\u00e9shozatal\u00e1ban csak tan\u00e1cskoz\u00e1si joggal vehet r\u00e9szt;<br \/>\n\u2013 K\u00f6teles betartani a Sz\u00f6vets\u00e9g Alapszab\u00e1ly\u00e1t, v\u00e9grehajtani a taggy\u0171l\u00e9s, a Bizotts\u00e1gok \u00e9s az Eln\u00f6ks\u00e9g hat\u00e1rozatait.<\/p>\n<p>&nbsp;<\/p>\n<p>A tiszteletbeli tagot a taggy\u0171l\u00e9s d\u00f6nt\u00e9se alapj\u00e1n a titk\u00e1rs\u00e1g nyilv\u00e1ntart\u00e1sba veszi, \u00e9s a nyilv\u00e1ntart\u00e1sba v\u00e9telr\u0151l elektronikus \u00fczenetet k\u00fcld. A tags\u00e1gi viszony kezd\u0151 id\u0151pontja a tiszteletbeli tagg\u00e1 v\u00e1laszt\u00e1st kimond\u00f3 hat\u00e1rozat napj\u00e1n l\u00e9p \u00e9letbe.<\/p>","protected":false},"excerpt":{"rendered":"<p><p>A Sz\u00f6vets\u00e9g\u00a0tiszteletbeli tagj\u00e1v\u00e1 olyan\u00a0b\u00e1rmilyen nemzetis\u00e9g\u0171 term\u00e9szetes vagy jogi szem\u00e9ly (term\u00e9szetes szem\u00e9ly, jogi szem\u00e9ly, jogi szem\u00e9lyis\u00e9ggel nem rendelkez\u0151 gazdas\u00e1gi t\u00e1rsas\u00e1g) v\u00e1lhat, aki\/amely a sz\u00f6vets\u00e9g c\u00e9lja szerinti, vagy ahhoz kapcsol\u00f3d\u00f3 ter\u00fcleten folytat tev\u00e9kenys\u00e9get \u00e9s akit a sz\u00f6vets\u00e9gi c\u00e9lok el\u0151mozd\u00edt\u00e1sa \u00e9rdek\u00e9ben v\u00e9gzett tev\u00e9kenys\u00e9g\u00e9\u00e9rt a taggy\u0171l\u00e9s tiszteletbeli tagg\u00e1 v\u00e1laszt. Tov\u00e1bb\u00e1 a jel\u00f6lt: Nyilatkozik a bel\u00e9p\u00e9si sz\u00e1nd\u00e9kr\u00f3l, \u00e9s Elfogadja\u00a0A Sz\u00f6vets\u00e9g\u00a0c\u00e9ljait,<\/p>\n<\/p>","protected":false},"author":5,"featured_media":0,"parent":0,"menu_order":0,"comment_status":"closed","ping_status":"closed","template":"","meta":{"footnotes":""},"class_list":["post-5357","page","type-page","status-publish","hentry"],"_links":{"self":[{"href":"https:\/\/ifcfa.org\/hu\/wp-json\/wp\/v2\/pages\/5357"}],"collection":[{"href":"https:\/\/ifcfa.org\/hu\/wp-json\/wp\/v2\/pages"}],"about":[{"href":"https:\/\/ifcfa.org\/hu\/wp-json\/wp\/v2\/types\/page"}],"author":[{"embeddable":true,"href":"https:\/\/ifcfa.org\/hu\/wp-json\/wp\/v2\/users\/5"}],"replies":[{"embeddable":true,"href":"https:\/\/ifcfa.org\/hu\/wp-json\/wp\/v2\/comments?post=5357"}],"version-history":[{"count":13,"href":"https:\/\/ifcfa.org\/hu\/wp-json\/wp\/v2\/pages\/5357\/revisions"}],"predecessor-version":[{"id":5965,"href":"https:\/\/ifcfa.org\/hu\/wp-json\/wp\/v2\/pages\/5357\/revisions\/5965"}],"wp:attachment":[{"href":"https:\/\/ifcfa.org\/hu\/wp-json\/wp\/v2\/media?parent=5357"}],"curies":[{"name":"wp","href":"https:\/\/api.w.org\/{rel}","templated":true}]}}