{"id":3102,"date":"2018-04-30T14:04:57","date_gmt":"2018-04-30T14:04:57","guid":{"rendered":"https:\/\/ifcfa.org\/?page_id=3102"},"modified":"2023-05-04T17:18:06","modified_gmt":"2023-05-04T17:18:06","slug":"articles-of-association","status":"publish","type":"page","link":"https:\/\/ifcfa.org\/hu\/articles-of-association\/","title":{"rendered":"Alapszab\u00e1ly"},"content":{"rendered":"<p><\/p>\n<h2 style=\"text-align: center;\">\u00c1ltal\u00e1nos Inform\u00e1ci\u00f3k<\/h2>\n<p>&nbsp;<\/p>\n<p style=\"margin: 0cm; margin-bottom: .0001pt;\"><strong>1. A Sz\u00f6vets\u00e9g neve:\u00a0<\/strong>International Federation of Company Founders &amp; Accountants\u00a0(<strong>C\u00e9galap\u00edt\u00f3k &amp; K\u00f6nyvel\u0151k Nemzetk\u00f6zi Sz\u00f6vets\u00e9ge<\/strong>)<br \/>\n<strong>2. A Sz\u00f6vets\u00e9g r\u00f6vid\u00edtett neve:\u00a0<\/strong> IFCFA Association<br \/>\n<strong>3. A Sz\u00f6vets\u00e9g k\u00f6zponti sz\u00e9khely c\u00edme: <\/strong>293 Sugar Mill Business Park, Oakhurst Avenue, Leeds, South Yorkshire, LS117HL, United Kingdom<\/p>\n<p style=\"margin: 0cm; margin-bottom: .0001pt;\"><strong>4. Company Number: <\/strong>11335775<br \/>\n<strong>5. Bank adatok:<\/strong>\u00a0Santander Bank,\u00a0<strong>Sort Code:<\/strong>\u00a009-01-29;\u00a0<strong>Account Number:<\/strong>\u00a0 26808206;\u00a0<b>IBAN: <\/b>GB35ABBY09012926808206;\u00a0<b>BIC\/Swift code:<\/b>\u00a0ABBYGB2L<\/p>\n<blockquote><p><strong>\u20acuro bank account (\u20ac)\u00a0 Swift\/BIC code: <\/strong><span>TRWIBEB1XXX;\u00a0 <strong>IBAN<\/strong>: BE07 9676 2842 4566<\/span><br \/>\n<strong>British pounds account (\u00a3)\u00a0 Sort code: <\/strong>23-14-70;<strong>\u00a0 \u00a0Account number: <\/strong>46617012;<strong><span>\u00a0 \u00a0IBAN: <\/span><\/strong>GB61 TRWI 2314 7046 6170 12<br \/>\n<strong>American USD account ($) dollar account details: ACH: <\/strong>084009519;\u00a0 <strong>Bank account number:<\/strong> <span>9600013415668150<\/span><\/p><\/blockquote>\n<p style=\"margin: 0cm; margin-bottom: .0001pt;\"><strong>6. PayPal account:\u00a0 <\/strong>info@ifcfa.org<\/p>\n<p style=\"margin: 0cm; margin-bottom: .0001pt;\"><strong>7. Weboldal:<\/strong> https:\/\/ifcfa.org<\/p>\n<p style=\"margin: 0cm; margin-bottom: .0001pt;\"><strong>8. Email c\u00edm:<\/strong> <a href=\"mailto:info@ifcfa.org\">info@ifcfa.org<\/a><\/p>\n<p style=\"margin: 0cm; margin-bottom: .0001pt;\"><strong>9. \u00dcgyf\u00e9lkapu:<\/strong>\u00a0<a href=\"https:\/\/ifcfa.org\/login\/clientarea.php?language=hungarian\">https:\/\/ifcfa.org\/login\/<\/a><\/p>\n<p style=\"margin: 0cm; margin-bottom: .0001pt;\"><strong>10. Telefon:<\/strong>\u00a0<strong>UK-Vonalas:<\/strong> +44 (0) 1357-340-000;\u00a0 \u00a0<strong>UK-Mobil:<\/strong> +44 (0) 757-29-410-40;\u00a0 <strong>HU-Mobil:<\/strong> +3670\/550-2804<br \/>\n<strong>11. A Sz\u00f6vets\u00e9g jog\u00e1ll\u00e1sa:<\/strong>\u00a0a International Federation of Company Founders &amp; Accountants (a tov\u00e1bbiakban: IFCFA) a vil\u00e1g minden orsz\u00e1g\u00e1ban (ahol c\u00e9galap\u00edt\u00e1st \u00e9s\/vagy k\u00f6nyvel\u00e9st is v\u00e9geznek) szakmai \u00e9s \u00e9rdekv\u00e9delmi, \u00e9rdekk\u00e9pviseleti szervezetk\u00e9nt m\u0171k\u00f6d\u0151 civil sz\u00f6vets\u00e9g, amely a sz\u00f6vets\u00e9gi szab\u00e1lyok szerint folytatja tev\u00e9kenys\u00e9g\u00e9t.<br \/>\n<strong>12. Az IFCFA\u00a0<\/strong>mint sz\u00f6vets\u00e9g, jogi szem\u00e9ly.<br \/>\n<strong>13. A Sz\u00f6vets\u00e9g hivatalos nyelve:<\/strong> az Angol \u00e9s a Magyar.<\/p>\n<p>&nbsp;<\/p>\n<h2 style=\"text-align: center;\">A Sz\u00f6vets\u00e9g alapvet\u0151 c\u00e9lja:<\/h2>\n<p>&nbsp;<\/p>\n<p>&nbsp;<\/p>\n<p><strong>14.<\/strong> A tagok szakmai \u00e9rdekk\u00e9pviselet\u00e9nek ell\u00e1t\u00e1sa, t\u00e1mogat\u00e1sa, szakmai t\u00e1j\u00e9koztat\u00e1sa, oktat\u00e1sa, tan\u00e1csad\u00e1s ny\u00fajt\u00e1sa, tov\u00e1bb\u00e1 a c\u00e9galap\u00edt\u00f3i \u00e9s k\u00f6nyvel\u0151i feladatokat t\u00e1rgyal\u00f3, bemutat\u00f3 k\u00e9pz\u00e9s, el\u0151ad\u00e1s szervez\u00e9se, kiadv\u00e1nyok megjelentet\u00e9se \u00e9s terjeszt\u00e9se.<\/p>\n<p><strong>15.<\/strong> A sz\u00f6vets\u00e9g weboldal\u00e1nak\u00a0 -a tagi regisztr\u00e1ci\u00f3kor megadott-\u00a0 kulcsszavakra val\u00f3 optimaliz\u00e1l\u00e1sa, (Google, Yahoo, Bing, Search, Yandex) tov\u00e1bb\u00e1 a ifcfa.org weboldal\u00e1ra \u00e9rkez\u0151 megkeres\u00e9sek tov\u00e1bb\u00edt\u00e1sa a tagok r\u00e9sz\u00e9re.<\/p>\n<p><strong>16.<\/strong> Minden weboldall\u00e1togat\u00f3 megtal\u00e1lja a saj\u00e1t nyelv\u00e9n azt a c\u00e9galap\u00edt\u00f3 v\u00e1llalkoz\u00e1st \u00e9s\/vagy k\u00f6nyvel\u0151irod\u00e1t, amelyik abban az orsz\u00e1gban tev\u00e9kenykedik, ahol a l\u00e1togat\u00f3 c\u00e9get szeretne alap\u00edtani, vagy k\u00f6nyvel\u00e9st szeretne v\u00e9geztetni.<\/p>\n<p><strong>17.<\/strong> Minden weboldall\u00e1togat\u00f3 megtal\u00e1lja a saj\u00e1t nyelv\u00e9n azt a c\u00e9galap\u00edt\u00f3 v\u00e1llalkoz\u00e1st \u00e9s\/vagy k\u00f6nyvel\u0151irod\u00e1t, amelyik abban az orsz\u00e1gban tev\u00e9kenykedik,\u00a0 ahol a sz\u00f6vets\u00e9g \u00e1ltal t\u00e1masztott k\u00f6vetelm\u00e9nyek alapj\u00e1n (&#8230;&#8230;&#8230;&#8230;. pont) min\u0151s\u00e9gi garancia ny\u00fajt\u00e1s biztos\u00edtva van a megrendel\u0151 fel\u00e9.<\/p>\n<p><strong>18.<\/strong>\u00a0 Min\u0151s\u00e9gi szolg\u00e1ltat\u00e1st ny\u00fajt\u00f3 c\u00e9gek tov\u00e1bb\u00edt\u00e1sa a megrendel\u0151k fel\u00e9 (logo haszn\u00e1lat)<\/p>\n<p><strong>19.<\/strong> Tagok egym\u00e1s k\u00f6z\u00f6tti \u00fcgyf\u00e9lmegoszt\u00e1s\u00e1nak el\u0151seg\u00edt\u00e9se (pl: csak t\u00f6r\u00f6k c\u00e9galap\u00edt\u00e1ssal foglalkoz\u00f3 sz\u00f6vets\u00e9gi tag, egy n\u00e9met c\u00e9galap\u00edt\u00e1ssal foglalkoz\u00f3 sz\u00f6vets\u00e9gi tag seg\u00edts\u00e9g\u00e9t tudja k\u00e9rni a saj\u00e1t \u00fcgyfel\u00e9nek, ha az n\u00e9met c\u00e9get szeretne alap\u00edtani)<\/p>\n<p><strong>20.<\/strong> Befektet\u00e9si lehet\u0151s\u00e9gek, p\u00e1ly\u00e1zatok, mentor programok ny\u00fajt\u00e1sa a tagok sz\u00e1m\u00e1ra<\/p>\n<p><strong>21<\/strong>. T\u00e1mogat\u00e1s ny\u00fajt\u00e1sa a tagok r\u00e9sz\u00e9re, az \u00fcgyfeleik befektet\u00e9si, p\u00e1ly\u00e1zati \u00e9s mentor\u00e1l\u00e1si tev\u00e9kenys\u00e9geik v\u00e9gz\u00e9s\u00e9hez<\/p>\n<p><strong>22.<\/strong> A c\u00e9galap\u00edt\u00e1si \u00e9s k\u00f6nyvel\u00e9si szakma n\u00e9pszer\u0171s\u00edt\u00e9se<\/p>\n<p><strong>23.<\/strong> A\u00a0c\u00e9galap\u00edt\u00f3i \u00e9s k\u00f6nyvel\u0151i szakma \u00e9rdekeinek k\u00e9pviselete a szakm\u00e1t \u00e9rint\u0151 t\u00f6rv\u00e9nytervezetekkel kapcsolatos, valamint a k\u00fcl\u00f6nf\u00e9le hat\u00f3s\u00e1gok el\u0151tti szakmai \u00e1ll\u00e1sfoglal\u00e1sokon kereszt\u00fcl<\/p>\n<p><strong>24.<\/strong> K\u00e9pviselet az orsz\u00e1gokban \u00e9s a nemzetk\u00f6zi szakmai szervezetekben<\/p>\n<p><strong>25.<\/strong> Saj\u00e1t tagozatok l\u00e9trehoz\u00e1sa minden orsz\u00e1gban, az \u00f6n\u00e1ll\u00f3 m\u0171k\u00f6d\u00e9s\u00e9rt<\/p>\n<p><strong>26.<\/strong> A c\u00e9galap\u00edt\u00e1si \u00e9s k\u00f6nyvel\u00e9si tev\u00e9kenys\u00e9get \u00e9rint\u0151 jogszab\u00e1lyok v\u00e9lem\u00e9nyez\u00e9se,<\/p>\n<p><strong>27.<\/strong> Javaslatok kidolgoz\u00e1sa a c\u00e9galap\u00edt\u00e1si \u00e9s k\u00f6nyvel\u00e9si tev\u00e9kenys\u00e9gre vonatkoz\u00f3 t\u00f6rv\u00e9nyek m\u00f3dos\u00edt\u00e1s\u00e1ra, nemzetk\u00f6zi standardok kidolgoz\u00e1s\u00e1ra, a c\u00e9galap\u00edt\u00e1si \u00e9s k\u00f6nyvel\u00e9si munka egyszer\u0171s\u00edt\u00e9s\u00e9re, a k\u00e9pz\u00e9s \u00e9s oktat\u00e1s korszer\u0171s\u00edt\u00e9s\u00e9re,<\/p>\n<p><strong>28.<\/strong> A\u00a0c\u00e9galap\u00edt\u00e1st \u00e9s k\u00f6nyvel\u00e9st \u00e9rint\u0151 k\u00e9rd\u00e9sek elm\u00e9leti tov\u00e1bbfejleszt\u00e9se \u00e9s gyakorlati megval\u00f3s\u00edt\u00e1sa,<\/p>\n<p><strong>29.<\/strong> A\u00a0c\u00e9galap\u00edt\u00e1si \u00e9s k\u00f6nyvel\u0151i tev\u00e9kenys\u00e9g eg\u00e9sz\u00e9re vonatkoz\u00f3 szakmai etikai norm\u00e1k \u00e9s tov\u00e1bbk\u00e9pz\u00e9si koncepci\u00f3k kidolgoz\u00e1sa,<\/p>\n<p><strong>30.<\/strong> A\u00a0tagok folyamatos szakmai tov\u00e1bbk\u00e9pz\u00e9s\u00e9vel kapcsolatos int\u00e9zked\u00e9sek megval\u00f3s\u00edt\u00e1sa, r\u00e9szv\u00e9tel a tagok szakmai k\u00e9pz\u00e9s\u00e9ben,<\/p>\n<p><strong>31.<\/strong> Szakmai inform\u00e1ci\u00f3szolg\u00e1ltat\u00e1s, a megv\u00e1laszolatlan k\u00e9rd\u00e9sek \u00e9s az azokkal kapcsolatos \u00e1ll\u00e1sfoglal\u00e1sok \u00f6sszegy\u0171jt\u00e9se,<\/p>\n<p><strong>32.<\/strong> Egyeztetett \u00e9s a szakma \u00e1ltal elfogadott \u00e1ll\u00e1sfoglal\u00e1sok \u00f6sszegy\u0171jt\u00e9se, megjelentet\u00e9se<\/p>\n<p><strong>33.<\/strong> El\u0151ad\u00e1sok, konzult\u00e1ci\u00f3k, vitaf\u00f3rumok szervez\u00e9se az id\u0151szer\u0171 feladatokr\u00f3l, a felmer\u00fclt probl\u00e9m\u00e1kr\u00f3l, alkalmank\u00e9nt \u00fcgyv\u00e9dekkel, ad\u00f3tan\u00e1csad\u00f3kkal \u00e9s k\u00f6nyvvizsg\u00e1l\u00f3kkal k\u00f6z\u00f6sen, szabad v\u00e9lem\u00e9nynyilv\u00e1n\u00edt\u00e1s mellett<\/p>\n<p><strong>34.<\/strong> A\u00a0tagok r\u00e9sz\u00e9re szakmai tan\u00e1csad\u00e1s ny\u00fajt\u00e1sa annak \u00e9rdek\u00e9ben, hogy a c\u00e9galap\u00edt\u00e1si \u00e9s az ad\u00f3z\u00e1si, illetve a sz\u00e1mviteli szakma elismert szak\u00e9rt\u0151i legyenek<\/p>\n<p><strong>35.<\/strong> A\u00a0c\u00e9galap\u00edt\u00f3k \u00e9s k\u00f6nyvel\u0151k oktat\u00e1sa akkredit\u00e1lt k\u00e9pz\u00e9s r\u00e9szvev\u0151jek\u00e9nt<\/p>\n<p><strong>36.<\/strong> Egy\u00fcttm\u0171k\u00f6d\u00e9s m\u00e1s szervezetekkel, egyes\u00fcletekkel a szakmai c\u00e9lok el\u00e9r\u00e9se \u00e9rdek\u00e9ben<\/p>\n<p><strong>37.<\/strong> A\u00a0sz\u00f6vets\u00e9g tagjai r\u00e9sz\u00e9re &#8211; lehet\u0151s\u00e9ge szerint &#8211; t\u00e1mogat\u00e1s ny\u00fajt\u00e1sa pihen\u00e9si, sportol\u00e1si ig\u00e9nyeik kiel\u00e9g\u00edt\u00e9s\u00e9hez<\/p>\n<p><strong>38. A Sz\u00f6vets\u00e9g hat\u00f3k\u00f6re:<\/strong>\u00a0A vil\u00e1g \u00f6sszes orsz\u00e1ga, ahol c\u00e9galap\u00edt\u00e1s \u00e9s\/vagy k\u00f6nyvel\u00e9s t\u00f6rt\u00e9nik.<\/p>\n<p>&nbsp;<\/p>\n<h2 style=\"text-align: center;\">A Sz\u00f6vets\u00e9g Szervezeti Fel\u00e9p\u00edt\u00e9se<\/h2>\n<p style=\"text-align: center;\">Minden Orsz\u00e1gban:\u00a0<a href=\"https:\/\/ifcfa.org\/hu\/registration\/\">https:\/\/ifcfa.org\/hu\/registration\/\u00a0<\/a><\/p>\n<p>&nbsp;<\/p>\n<h2>K\u00e9rd\u00e9se van? K\u00e9rj\u00fck \u00edrja meg itt:<\/h2>\n<p>[vfb id=1]<\/p>","protected":false},"excerpt":{"rendered":"<p><p>\u00c1ltal\u00e1nos Inform\u00e1ci\u00f3k &nbsp; 1. A Sz\u00f6vets\u00e9g neve:\u00a0International Federation of Company Founders &amp; Accountants\u00a0(C\u00e9galap\u00edt\u00f3k &amp; K\u00f6nyvel\u0151k Nemzetk\u00f6zi Sz\u00f6vets\u00e9ge) 2. A Sz\u00f6vets\u00e9g r\u00f6vid\u00edtett neve:\u00a0 IFCFA Association 3. A Sz\u00f6vets\u00e9g k\u00f6zponti sz\u00e9khely c\u00edme: 293 Sugar Mill Business Park, Oakhurst Avenue, Leeds, South Yorkshire, LS117HL, United Kingdom 4. Company Number: 11335775 5. Bank adatok:\u00a0Santander Bank,\u00a0Sort Code:\u00a009-01-29;\u00a0Account Number:\u00a0 26808206;\u00a0IBAN: GB35ABBY09012926808206;\u00a0BIC\/Swift<\/p>\n<\/p>","protected":false},"author":5,"featured_media":0,"parent":0,"menu_order":0,"comment_status":"closed","ping_status":"closed","template":"","meta":{"footnotes":""},"class_list":["post-3102","page","type-page","status-publish","hentry"],"_links":{"self":[{"href":"https:\/\/ifcfa.org\/hu\/wp-json\/wp\/v2\/pages\/3102"}],"collection":[{"href":"https:\/\/ifcfa.org\/hu\/wp-json\/wp\/v2\/pages"}],"about":[{"href":"https:\/\/ifcfa.org\/hu\/wp-json\/wp\/v2\/types\/page"}],"author":[{"embeddable":true,"href":"https:\/\/ifcfa.org\/hu\/wp-json\/wp\/v2\/users\/5"}],"replies":[{"embeddable":true,"href":"https:\/\/ifcfa.org\/hu\/wp-json\/wp\/v2\/comments?post=3102"}],"version-history":[{"count":207,"href":"https:\/\/ifcfa.org\/hu\/wp-json\/wp\/v2\/pages\/3102\/revisions"}],"predecessor-version":[{"id":6444,"href":"https:\/\/ifcfa.org\/hu\/wp-json\/wp\/v2\/pages\/3102\/revisions\/6444"}],"wp:attachment":[{"href":"https:\/\/ifcfa.org\/hu\/wp-json\/wp\/v2\/media?parent=3102"}],"curies":[{"name":"wp","href":"https:\/\/api.w.org\/{rel}","templated":true}]}}