{"id":3096,"date":"2018-04-30T13:33:45","date_gmt":"2018-04-30T13:33:45","guid":{"rendered":"https:\/\/ifcfa.org\/?page_id=3096"},"modified":"2018-12-30T00:05:51","modified_gmt":"2018-12-30T00:05:51","slug":"registration","status":"publish","type":"page","link":"https:\/\/ifcfa.org\/hu\/registration\/","title":{"rendered":"Regisztr\u00e1ci\u00f3"},"content":{"rendered":"<p>V\u00e1lassza ki, hogy melyik tags\u00e1gra k\u00edv\u00e1n felv\u00e9telt nyerni:<\/p>\n<p>&nbsp;<\/p>\n<h2 style=\"text-align: center;\">Tagozaton bel\u00fcl (Orsz\u00e1gon bel\u00fcl)<\/h2>\n<p>&nbsp;<\/p>\n<p>&nbsp;<\/p>\n<p>[docxpresso file=&#8221;https:\/\/ifcfa.org\/wp-content\/uploads\/2018\/12\/Registration-Magyar.odt&#8221; comments=&#8221;true&#8221; SVG=&#8221;true&#8221;]<\/p>\n<form action=\"https:\/\/www.paypal.com\/cgi-bin\/webscr\" method=\"post\" target=\"_top\"><img loading=\"lazy\" decoding=\"async\" src=\"https:\/\/www.paypalobjects.com\/en_GB\/i\/scr\/pixel.gif\" alt=\"\" width=\"1\" height=\"1\" border=\"0\" \/><\/p>\n<\/form>\n<p><\/p>","protected":false},"excerpt":{"rendered":"<p><p>V\u00e1lassza ki, hogy melyik tags\u00e1gra k\u00edv\u00e1n felv\u00e9telt nyerni: &nbsp; Tagozaton bel\u00fcl (Orsz\u00e1gon bel\u00fcl) &nbsp; &nbsp; [docxpresso file=&#8221;https:\/\/ifcfa.org\/wp-content\/uploads\/2018\/12\/Registration-Magyar.odt&#8221; comments=&#8221;true&#8221; SVG=&#8221;true&#8221;]<\/p>\n<\/p>","protected":false},"author":5,"featured_media":0,"parent":0,"menu_order":0,"comment_status":"closed","ping_status":"closed","template":"","meta":{"footnotes":""},"class_list":["post-3096","page","type-page","status-publish","hentry"],"_links":{"self":[{"href":"https:\/\/ifcfa.org\/hu\/wp-json\/wp\/v2\/pages\/3096"}],"collection":[{"href":"https:\/\/ifcfa.org\/hu\/wp-json\/wp\/v2\/pages"}],"about":[{"href":"https:\/\/ifcfa.org\/hu\/wp-json\/wp\/v2\/types\/page"}],"author":[{"embeddable":true,"href":"https:\/\/ifcfa.org\/hu\/wp-json\/wp\/v2\/users\/5"}],"replies":[{"embeddable":true,"href":"https:\/\/ifcfa.org\/hu\/wp-json\/wp\/v2\/comments?post=3096"}],"version-history":[{"count":82,"href":"https:\/\/ifcfa.org\/hu\/wp-json\/wp\/v2\/pages\/3096\/revisions"}],"predecessor-version":[{"id":6029,"href":"https:\/\/ifcfa.org\/hu\/wp-json\/wp\/v2\/pages\/3096\/revisions\/6029"}],"wp:attachment":[{"href":"https:\/\/ifcfa.org\/hu\/wp-json\/wp\/v2\/media?parent=3096"}],"curies":[{"name":"wp","href":"https:\/\/api.w.org\/{rel}","templated":true}]}}