{"id":1339,"date":"2018-04-15T13:07:39","date_gmt":"2018-04-15T13:07:39","guid":{"rendered":"https:\/\/ifcfa.org\/?page_id=1339"},"modified":"2023-05-19T20:19:39","modified_gmt":"2023-05-19T20:19:39","slug":"contact","status":"publish","type":"page","link":"https:\/\/ifcfa.org\/hu\/contact\/","title":{"rendered":"Kapcsolat"},"content":{"rendered":"<p><strong>1. A Sz\u00f6vets\u00e9g neve:\u00a0<\/strong>International Federation of Company Founders &amp; Accountants\u00a0(<strong>C\u00e9galap\u00edt\u00f3k &amp; K\u00f6nyvel\u0151k Nemzetk\u00f6zi Sz\u00f6vets\u00e9ge<\/strong>)<br \/>\n<strong>2. A Sz\u00f6vets\u00e9g r\u00f6vid\u00edtett neve:\u00a0<\/strong><span>\u00a0<\/span>IFCFA Association<br \/>\n<strong>3. A Sz\u00f6vets\u00e9g k\u00f6zponti sz\u00e9khely c\u00edme:<span>\u00a0<\/span><\/strong>293 Sugar Mill Business Park, Oakhurst Avenue, Leeds, South Yorkshire, LS117HL, United Kingdom<\/p>\n<p><strong>4. Company Number:<span>\u00a0<\/span><\/strong>11335775<br \/>\n<strong>5. Bank adatok:<\/strong>\u00a0Santander Bank,\u00a0<strong>Sort Code:<\/strong>\u00a009-01-29;\u00a0<strong>Account Number:<\/strong>\u00a0 26808206;\u00a0<b>IBAN:<span>\u00a0<\/span><\/b>GB35ABBY09012926808206;\u00a0<b>BIC\/Swift code:<\/b>\u00a0ABBYGB2L<\/p>\n<blockquote><p><strong>\u20acuro bank account (\u20ac)\u00a0 Swift\/BIC code:<span>\u00a0<\/span><\/strong><span>TRWIBEB1XXX;\u00a0\u00a0<strong>IBAN<\/strong>: BE07 9676 2842 4566<\/span><br \/>\n<strong>British pounds account (\u00a3)\u00a0 Sort code:<span>\u00a0<\/span><\/strong>23-14-70;<strong>\u00a0 \u00a0Account number:<span>\u00a0<\/span><\/strong>46617012;<strong><span>\u00a0 \u00a0IBAN:\u00a0<\/span><\/strong>GB61 TRWI 2314 7046 6170 12<br \/>\n<strong>American USD account ($) dollar account details: ACH:<span>\u00a0<\/span><\/strong>084009519;\u00a0<span>\u00a0<\/span><strong>Bank account number:<\/strong><span>\u00a0<\/span><span>9600013415668150<\/span><\/p><\/blockquote>\n<p><strong>6. PayPal account:\u00a0<span>\u00a0<\/span><\/strong>info@ifcfa.org<\/p>\n<p><strong>7. Weboldal:<\/strong><span>\u00a0<\/span>https:\/\/ifcfa.org<\/p>\n<p><strong>8. Email c\u00edm:<\/strong><span>\u00a0<\/span><a href=\"mailto:info@ifcfa.org\">info@ifcfa.org<\/a><\/p>\n<p><strong>9. \u00dcgyf\u00e9lkapu:<\/strong>\u00a0<a href=\"https:\/\/ifcfa.org\/login\/clientarea.php?language=hungarian\">https:\/\/ifcfa.org\/login\/<\/a><\/p>\n<p><strong>10. Telefon:<\/strong>\u00a0<strong>UK-Vonalas:<\/strong><span>\u00a0<\/span>+44 (0) 1357-340-000;\u00a0 \u00a0<strong>UK-Mobil:<\/strong><span>\u00a0<\/span>+44 (0) 757-29-410-40;\u00a0<span>\u00a0<\/span><strong>HU-Mobil:<\/strong><span>\u00a0<\/span>+3670\/550-2804<br \/>\n<strong>11. A Sz\u00f6vets\u00e9g jog\u00e1ll\u00e1sa:<\/strong>\u00a0a International Federation of Company Founders &amp; Accountants (a tov\u00e1bbiakban: IFCFA) a vil\u00e1g minden orsz\u00e1g\u00e1ban (ahol c\u00e9galap\u00edt\u00e1st \u00e9s\/vagy k\u00f6nyvel\u00e9st is v\u00e9geznek) szakmai \u00e9s \u00e9rdekv\u00e9delmi, \u00e9rdekk\u00e9pviseleti szervezetk\u00e9nt m\u0171k\u00f6d\u0151 civil sz\u00f6vets\u00e9g, amely a sz\u00f6vets\u00e9gi szab\u00e1lyok szerint folytatja tev\u00e9kenys\u00e9g\u00e9t.<br \/>\n<strong>12. Az IFCFA\u00a0<\/strong>mint sz\u00f6vets\u00e9g, jogi szem\u00e9ly.<br \/>\n<strong>13. A Sz\u00f6vets\u00e9g hivatalos nyelve:<\/strong><span>\u00a0<\/span>az Angol \u00e9s a Magyar.<\/p>\n<blockquote>\n<h2 style=\"text-align: right;\"><a href=\"https:\/\/ifcfa.org\/hu\/newsletter\/\" target=\"_blank\" rel=\"noopener\"><span style=\"color: #0000ff;\">H\u00edrlev\u00e9l feliratkoz\u00e1s!<\/span><\/a><\/h2>\n<\/blockquote>\n<p>[vfb id=1]<\/p>","protected":false},"excerpt":{"rendered":"<p><p>1. A Sz\u00f6vets\u00e9g neve:\u00a0International Federation of Company Founders &amp; Accountants\u00a0(C\u00e9galap\u00edt\u00f3k &amp; K\u00f6nyvel\u0151k Nemzetk\u00f6zi Sz\u00f6vets\u00e9ge) 2. A Sz\u00f6vets\u00e9g r\u00f6vid\u00edtett neve:\u00a0\u00a0IFCFA Association 3. A Sz\u00f6vets\u00e9g k\u00f6zponti sz\u00e9khely c\u00edme:\u00a0293 Sugar Mill Business Park, Oakhurst Avenue, Leeds, South Yorkshire, LS117HL, United Kingdom 4. Company Number:\u00a011335775 5. Bank adatok:\u00a0Santander Bank,\u00a0Sort Code:\u00a009-01-29;\u00a0Account Number:\u00a0 26808206;\u00a0IBAN:\u00a0GB35ABBY09012926808206;\u00a0BIC\/Swift code:\u00a0ABBYGB2L \u20acuro bank account (\u20ac)\u00a0 Swift\/BIC code:\u00a0TRWIBEB1XXX;\u00a0\u00a0IBAN:<\/p>\n<\/p>","protected":false},"author":5,"featured_media":0,"parent":0,"menu_order":0,"comment_status":"closed","ping_status":"closed","template":"","meta":{"footnotes":""},"class_list":["post-1339","page","type-page","status-publish","hentry"],"_links":{"self":[{"href":"https:\/\/ifcfa.org\/hu\/wp-json\/wp\/v2\/pages\/1339"}],"collection":[{"href":"https:\/\/ifcfa.org\/hu\/wp-json\/wp\/v2\/pages"}],"about":[{"href":"https:\/\/ifcfa.org\/hu\/wp-json\/wp\/v2\/types\/page"}],"author":[{"embeddable":true,"href":"https:\/\/ifcfa.org\/hu\/wp-json\/wp\/v2\/users\/5"}],"replies":[{"embeddable":true,"href":"https:\/\/ifcfa.org\/hu\/wp-json\/wp\/v2\/comments?post=1339"}],"version-history":[{"count":53,"href":"https:\/\/ifcfa.org\/hu\/wp-json\/wp\/v2\/pages\/1339\/revisions"}],"predecessor-version":[{"id":6544,"href":"https:\/\/ifcfa.org\/hu\/wp-json\/wp\/v2\/pages\/1339\/revisions\/6544"}],"wp:attachment":[{"href":"https:\/\/ifcfa.org\/hu\/wp-json\/wp\/v2\/media?parent=1339"}],"curies":[{"name":"wp","href":"https:\/\/api.w.org\/{rel}","templated":true}]}}