{"id":1226,"date":"2018-04-14T19:44:03","date_gmt":"2018-04-14T19:44:03","guid":{"rendered":"https:\/\/ifcfa.org\/?page_id=1226"},"modified":"2018-12-13T18:39:25","modified_gmt":"2018-12-13T18:39:25","slug":"world-association-of-company-founders-accountants","status":"publish","type":"page","link":"https:\/\/ifcfa.org\/hu\/","title":{"rendered":"C\u00e9galap\u00edt\u00f3k &#038; K\u00f6nyvel\u0151k Vil\u00e1gsz\u00f6vets\u00e9ge"},"content":{"rendered":"<p><\/p>\n<h2>\u00dcdv\u00f6z\u00f6lj\u00fck!<\/h2>\n<p>&nbsp;<\/p>\n<p>Webldalunkon a vil\u00e1g \u00f6sszes min\u0151s\u00edt\u00e9ssel rendelkez\u0151 c\u00e9galap\u00edt\u00e1ssal \u00e9s k\u00f6nyvel\u00e9ssel foglalkoz\u00f3 c\u00e9g\u00e9t megtal\u00e1lja.<\/p>\n<p>Kontinensekre bontva tudja megkeresni az \u00f6nnek megfelel\u0151 c\u00e9get, aki elv\u00e9gzi \u00f6nnek adott orsz\u00e1gban a c\u00e9galap\u00edt\u00e1st, vagy a c\u00e9ge k\u00f6nyvel\u00e9s\u00e9t.<\/p>\n<p>&nbsp;<\/p>\n<p>Ha p\u00e9ld\u00e1ul angol c\u00e9get szeretne alap\u00edtani, egyszer\u0171en csak kattintson a<\/p>\n<p><strong>F\u0151men\u00fc &gt; Egyes\u00fclt Kir\u00e1lys\u00e1g &gt; Anglia linkre<\/strong><\/p>\n<p>&nbsp;<\/p>\n<p>Az oldalon a <strong>International Federation of Company Founders &amp; Accountants<\/strong>\u00a0\u00e1ltal min\u0151s\u00edtett c\u00e9gek jelennek meg.<\/p>\n<p>C\u00e9geink szigor\u00fa c\u00e9gbiztons\u00e1gi, adatv\u00e9delmi \u00e9s regisztr\u00e1ci\u00f3s sz\u0171r\u0151n \u00e1tmenve ker\u00fclnek fel az oldalra.<\/p>\n<p>Ha \u00f6n is c\u00e9galap\u00edt\u00e1ssal \u00e9s\/vagy k\u00f6nyvel\u00e9ssel foglalkozik, ind\u00edtsa el regisztr\u00e1ci\u00f3j\u00e1t a kapcsolati men\u00fcpont alatt.<\/p>","protected":false},"excerpt":{"rendered":"<p><p>\u00dcdv\u00f6z\u00f6lj\u00fck! &nbsp; Webldalunkon a vil\u00e1g \u00f6sszes min\u0151s\u00edt\u00e9ssel rendelkez\u0151 c\u00e9galap\u00edt\u00e1ssal \u00e9s k\u00f6nyvel\u00e9ssel foglalkoz\u00f3 c\u00e9g\u00e9t megtal\u00e1lja. Kontinensekre bontva tudja megkeresni az \u00f6nnek megfelel\u0151 c\u00e9get, aki elv\u00e9gzi \u00f6nnek adott orsz\u00e1gban a c\u00e9galap\u00edt\u00e1st, vagy a c\u00e9ge k\u00f6nyvel\u00e9s\u00e9t. &nbsp; Ha p\u00e9ld\u00e1ul angol c\u00e9get szeretne alap\u00edtani, egyszer\u0171en csak kattintson a F\u0151men\u00fc &gt; Egyes\u00fclt Kir\u00e1lys\u00e1g &gt; Anglia linkre &nbsp; Az oldalon a<\/p>\n<\/p>","protected":false},"author":5,"featured_media":0,"parent":0,"menu_order":0,"comment_status":"closed","ping_status":"closed","template":"templates\/home-page.php","meta":{"footnotes":""},"class_list":["post-1226","page","type-page","status-publish","hentry"],"_links":{"self":[{"href":"https:\/\/ifcfa.org\/hu\/wp-json\/wp\/v2\/pages\/1226"}],"collection":[{"href":"https:\/\/ifcfa.org\/hu\/wp-json\/wp\/v2\/pages"}],"about":[{"href":"https:\/\/ifcfa.org\/hu\/wp-json\/wp\/v2\/types\/page"}],"author":[{"embeddable":true,"href":"https:\/\/ifcfa.org\/hu\/wp-json\/wp\/v2\/users\/5"}],"replies":[{"embeddable":true,"href":"https:\/\/ifcfa.org\/hu\/wp-json\/wp\/v2\/comments?post=1226"}],"version-history":[{"count":10,"href":"https:\/\/ifcfa.org\/hu\/wp-json\/wp\/v2\/pages\/1226\/revisions"}],"predecessor-version":[{"id":5990,"href":"https:\/\/ifcfa.org\/hu\/wp-json\/wp\/v2\/pages\/1226\/revisions\/5990"}],"wp:attachment":[{"href":"https:\/\/ifcfa.org\/hu\/wp-json\/wp\/v2\/media?parent=1226"}],"curies":[{"name":"wp","href":"https:\/\/api.w.org\/{rel}","templated":true}]}}