{"id":121,"date":"2018-03-11T14:37:19","date_gmt":"2018-03-11T14:37:19","guid":{"rendered":"https:\/\/ifcfa.org\/?page_id=121"},"modified":"2018-06-10T22:36:32","modified_gmt":"2018-06-10T22:36:32","slug":"africa","status":"publish","type":"page","link":"https:\/\/ifcfa.org\/hu\/africa\/","title":{"rendered":"Afrika"},"content":{"rendered":"<p><\/p>\n<h2>Afrikai Tagozataink:<\/h2>\n<p><img loading=\"lazy\" decoding=\"async\" class=\"aligncenter wp-image-5068 size-full\" src=\"https:\/\/ifcfa.org\/wp-content\/uploads\/2018\/06\/africa.jpg\" alt=\"\" width=\"450\" height=\"428\" srcset=\"https:\/\/ifcfa.org\/wp-content\/uploads\/2018\/06\/africa.jpg 450w, https:\/\/ifcfa.org\/wp-content\/uploads\/2018\/06\/africa-300x285.jpg 300w\" sizes=\"(max-width: 450px) 100vw, 450px\" \/><\/p>\n<p>&nbsp;<\/p>\n\n<table id=\"tablepress-951\" class=\"tablepress tablepress-id-951\">\n<thead>\n<tr class=\"row-1\">\n\t<th class=\"column-1\">A - C<\/th><th class=\"column-2\">D - I<\/th><th class=\"column-3\">K - N<\/th><th class=\"column-4\">N - S<\/th><th class=\"column-5\">S - W<\/th>\n<\/tr>\n<\/thead>\n<tbody class=\"row-striping row-hover\">\n<tr class=\"row-2\">\n\t<td class=\"column-1\"><a href=\"https:\/\/ifcfa.org\/hu\/algeria\/\"rel=\"noopener\" target=\"_blank\">Algeria<\/a><\/td><td class=\"column-2\"><a href=\"https:\/\/ifcfa.org\/hu\/congo\/\"rel=\"noopener\" target=\"_blank\">Congo<\/a><\/td><td class=\"column-3\"><a href=\"https:\/\/ifcfa.org\/hu\/ivory-coast\/\"rel=\"noopener\" target=\"_blank\">Ivory Coast<\/a><\/td><td class=\"column-4\"><a href=\"https:\/\/ifcfa.org\/hu\/namibia\/\"rel=\"noopener\" target=\"_blank\">Namibia<\/a><\/td><td class=\"column-5\"><a href=\"https:\/\/ifcfa.org\/hu\/south-sudan\/\"rel=\"noopener\" target=\"_blank\">South Sudan<\/a><\/td>\n<\/tr>\n<tr class=\"row-3\">\n\t<td class=\"column-1\"><a href=\"https:\/\/ifcfa.org\/hu\/angola\/\"rel=\"noopener\" target=\"_blank\">Angola<\/a><\/td><td class=\"column-2\"><a href=\"https:\/\/ifcfa.org\/hu\/chad\/\"rel=\"noopener\" target=\"_blank\">Chad<\/a><\/td><td class=\"column-3\"><a href=\"https:\/\/ifcfa.org\/hu\/kenya\/\"rel=\"noopener\" target=\"_blank\">Kenya<\/a><\/td><td class=\"column-4\"><a href=\"https:\/\/ifcfa.org\/hu\/niger\/\"rel=\"noopener\" target=\"_blank\">Niger<\/a><\/td><td class=\"column-5\"><a href=\"https:\/\/ifcfa.org\/hu\/sudan\/\"rel=\"noopener\" target=\"_blank\">Sudan<\/a><\/td>\n<\/tr>\n<tr class=\"row-4\">\n\t<td class=\"column-1\"><a href=\"https:\/\/ifcfa.org\/hu\/azawad\/\"rel=\"noopener\" target=\"_blank\">Azawad<\/a><\/td><td class=\"column-2\"><a href=\"https:\/\/ifcfa.org\/hu\/democratic-republic-of-the-congo\/\"rel=\"noopener\" target=\"_blank\">Democratic Republic of the Congo<\/a><\/td><td class=\"column-3\"><a href=\"https:\/\/ifcfa.org\/hu\/lesotho\/\"rel=\"noopener\" target=\"_blank\">Lesotho<\/a><\/td><td class=\"column-4\"><a href=\"https:\/\/ifcfa.org\/hu\/nigeria\/\"rel=\"noopener\" target=\"_blank\">Nigeria<\/a><\/td><td class=\"column-5\"><a href=\"https:\/\/ifcfa.org\/hu\/swaziland\/\"rel=\"noopener\" target=\"_blank\">Swaziland<\/a><\/td>\n<\/tr>\n<tr class=\"row-5\">\n\t<td class=\"column-1\"><a href=\"https:\/\/ifcfa.org\/hu\/benin\/\"rel=\"noopener\" target=\"_blank\">Benin<\/a><\/td><td class=\"column-2\"><a href=\"https:\/\/ifcfa.org\/hu\/djibouti\/\"rel=\"noopener\" target=\"_blank\">Djibouti<\/a><\/td><td class=\"column-3\"><a href=\"https:\/\/ifcfa.org\/hu\/liberia\/\"rel=\"noopener\" target=\"_blank\">Liberia<\/a><\/td><td class=\"column-4\"><a href=\"https:\/\/ifcfa.org\/hu\/republic-of-congo\/\"rel=\"noopener\" target=\"_blank\">Republic of Congo<\/a><\/td><td class=\"column-5\"><a href=\"https:\/\/ifcfa.org\/hu\/tanzania\/\"rel=\"noopener\" target=\"_blank\">Tanzania<\/a><\/td>\n<\/tr>\n<tr class=\"row-6\">\n\t<td class=\"column-1\"><a href=\"https:\/\/ifcfa.org\/hu\/bissau-guinea\/\"rel=\"noopener\" target=\"_blank\">Bissau-Guinea<\/a><\/td><td class=\"column-2\"><a href=\"https:\/\/ifcfa.org\/hu\/equatorial-Guinea\/\"rel=\"noopener\" target=\"_blank\">Equatorial Guinea<\/a><\/td><td class=\"column-3\"><a href=\"https:\/\/ifcfa.org\/hu\/libya\/\"rel=\"noopener\" target=\"_blank\">Libya<\/a><\/td><td class=\"column-4\"><a href=\"https:\/\/ifcfa.org\/hu\/republic-of-south-africa\/\"rel=\"noopener\" target=\"_blank\">Republic of South Africa<\/a><\/td><td class=\"column-5\"><a href=\"https:\/\/ifcfa.org\/hu\/togo\/\"rel=\"noopener\" target=\"_blank\">Togo<\/a><\/td>\n<\/tr>\n<tr class=\"row-7\">\n\t<td class=\"column-1\"><a href=\"https:\/\/ifcfa.org\/hu\/botswana\/\"rel=\"noopener\" target=\"_blank\">Botswana<\/a><\/td><td class=\"column-2\"><a href=\"https:\/\/ifcfa.org\/hu\/egypt\/\"rel=\"noopener\" target=\"_blank\">Egypt<\/a><\/td><td class=\"column-3\"><a href=\"https:\/\/ifcfa.org\/hu\/madagascar\/\"rel=\"noopener\" target=\"_blank\">Madagascar<\/a><\/td><td class=\"column-4\"><a href=\"https:\/\/ifcfa.org\/hu\/sao-tome-and-principe\/\"rel=\"noopener\" target=\"_blank\">S\u00e3o Tom\u00e9 and Pr\u00edncipe<\/a><\/td><td class=\"column-5\"><a href=\"https:\/\/ifcfa.org\/hu\/tunisia\/\"rel=\"noopener\" target=\"_blank\">Tunisia<\/a><\/td>\n<\/tr>\n<tr class=\"row-8\">\n\t<td class=\"column-1\"><a href=\"https:\/\/ifcfa.org\/hu\/burkina-faso\/\"rel=\"noopener\" target=\"_blank\">Burkina Faso<\/a><\/td><td class=\"column-2\"><a href=\"https:\/\/ifcfa.org\/hu\/eritrea\/\"rel=\"noopener\" target=\"_blank\">Eritrea<\/a><\/td><td class=\"column-3\"><a href=\"https:\/\/ifcfa.org\/hu\/malawi\/\"rel=\"noopener\" target=\"_blank\">Malawi<\/a><\/td><td class=\"column-4\"><a href=\"https:\/\/ifcfa.org\/hu\/senegal\/\"rel=\"noopener\" target=\"_blank\">Senegal<\/a><\/td><td class=\"column-5\"><a href=\"https:\/\/ifcfa.org\/hu\/uganda\/\"rel=\"noopener\" target=\"_blank\">Uganda<\/a><\/td>\n<\/tr>\n<tr class=\"row-9\">\n\t<td class=\"column-1\"><a href=\"https:\/\/ifcfa.org\/hu\/burundi\/\"rel=\"noopener\" target=\"_blank\">Burundi<\/a><\/td><td class=\"column-2\"><a href=\"https:\/\/ifcfa.org\/hu\/ethiopia\/\"rel=\"noopener\" target=\"_blank\">Ethiopia<\/a><\/td><td class=\"column-3\"><a href=\"https:\/\/ifcfa.org\/hu\/mali\/\"rel=\"noopener\" target=\"_blank\">Mali<\/a><\/td><td class=\"column-4\"><a href=\"https:\/\/ifcfa.org\/hu\/seychelles\/\"rel=\"noopener\" target=\"_blank\">Seychelles<\/a><\/td><td class=\"column-5\"><a href=\"https:\/\/ifcfa.org\/hu\/zambia\/\"rel=\"noopener\" target=\"_blank\">Zambia<\/a><\/td>\n<\/tr>\n<tr class=\"row-10\">\n\t<td class=\"column-1\"><a href=\"https:\/\/ifcfa.org\/hu\/cameroon\/\"rel=\"noopener\" target=\"_blank\">Cameroon<\/a><\/td><td class=\"column-2\"><a href=\"https:\/\/ifcfa.org\/hu\/gabon\/\"rel=\"noopener\" target=\"_blank\">Gabon<\/a><\/td><td class=\"column-3\"><a href=\"https:\/\/ifcfa.org\/hu\/morocco\/\"rel=\"noopener\" target=\"_blank\">Morocco<\/a><\/td><td class=\"column-4\"><a href=\"https:\/\/ifcfa.org\/hu\/sierra-leone\/\"rel=\"noopener\" target=\"_blank\">Sierra Leone<\/a><\/td><td class=\"column-5\"><a href=\"https:\/\/ifcfa.org\/hu\/zimbabwe\/\"rel=\"noopener\" target=\"_blank\">Zimbabwe<\/a><\/td>\n<\/tr>\n<tr class=\"row-11\">\n\t<td class=\"column-1\"><a href=\"https:\/\/ifcfa.org\/hu\/cape-verde\/\"rel=\"noopener\" target=\"_blank\">Cape Verde<\/a><\/td><td class=\"column-2\"><a href=\"https:\/\/ifcfa.org\/hu\/gambia\/\"rel=\"noopener\" target=\"_blank\">Gambia<\/a><\/td><td class=\"column-3\"><a href=\"https:\/\/ifcfa.org\/hu\/mauritania\/\"rel=\"noopener\" target=\"_blank\">Mauritania<\/a><\/td><td class=\"column-4\"><a href=\"https:\/\/ifcfa.org\/hu\/somalia\/\"rel=\"noopener\" target=\"_blank\">Somalia<\/a><\/td><td class=\"column-5\"><a href=\"https:\/\/ifcfa.org\/hu\/western-sahara\/\"rel=\"noopener\" target=\"_blank\">Western Sahara<\/a><\/td>\n<\/tr>\n<tr class=\"row-12\">\n\t<td class=\"column-1\"><a href=\"https:\/\/ifcfa.org\/hu\/central-african-republic\/\"rel=\"noopener\" target=\"_blank\">Central African Republic<\/a><\/td><td class=\"column-2\"><a href=\"https:\/\/ifcfa.org\/hu\/ghana\/\"rel=\"noopener\" target=\"_blank\">Ghana<\/a><\/td><td class=\"column-3\"><a href=\"https:\/\/ifcfa.org\/hu\/mauritius\/\"rel=\"noopener\" target=\"_blank\">Mauritius<\/a><\/td><td class=\"column-4\"><a href=\"https:\/\/ifcfa.org\/hu\/somaliland\/\"rel=\"noopener\" target=\"_blank\">Somaliland<\/a><\/td><td class=\"column-5\"><\/td>\n<\/tr>\n<tr class=\"row-13\">\n\t<td class=\"column-1\"><a href=\"https:\/\/ifcfa.org\/hu\/comoros\/\"rel=\"noopener\" target=\"_blank\">Comoros<\/a><\/td><td class=\"column-2\"><a href=\"https:\/\/ifcfa.org\/hu\/guinea\/\"rel=\"noopener\" target=\"_blank\">Guinea<\/a><\/td><td class=\"column-3\"><a href=\"https:\/\/ifcfa.org\/hu\/mozambique\/\"rel=\"noopener\" target=\"_blank\">Mozambique<\/a><\/td><td class=\"column-4\"><a href=\"https:\/\/ifcfa.org\/hu\/south-africa\/\"rel=\"noopener\" target=\"_blank\">South Africa<\/a><\/td><td class=\"column-5\"><\/td>\n<\/tr>\n<\/tbody>\n<\/table>\n<!-- #tablepress-951 from cache -->\n<p>&nbsp;<\/p>","protected":false},"excerpt":{"rendered":"<p><p>Afrikai Tagozataink: &nbsp; &nbsp;<\/p>\n<\/p>","protected":false},"author":5,"featured_media":0,"parent":0,"menu_order":0,"comment_status":"closed","ping_status":"closed","template":"","meta":{"footnotes":""},"class_list":["post-121","page","type-page","status-publish","hentry"],"_links":{"self":[{"href":"https:\/\/ifcfa.org\/hu\/wp-json\/wp\/v2\/pages\/121"}],"collection":[{"href":"https:\/\/ifcfa.org\/hu\/wp-json\/wp\/v2\/pages"}],"about":[{"href":"https:\/\/ifcfa.org\/hu\/wp-json\/wp\/v2\/types\/page"}],"author":[{"embeddable":true,"href":"https:\/\/ifcfa.org\/hu\/wp-json\/wp\/v2\/users\/5"}],"replies":[{"embeddable":true,"href":"https:\/\/ifcfa.org\/hu\/wp-json\/wp\/v2\/comments?post=121"}],"version-history":[{"count":14,"href":"https:\/\/ifcfa.org\/hu\/wp-json\/wp\/v2\/pages\/121\/revisions"}],"predecessor-version":[{"id":5334,"href":"https:\/\/ifcfa.org\/hu\/wp-json\/wp\/v2\/pages\/121\/revisions\/5334"}],"wp:attachment":[{"href":"https:\/\/ifcfa.org\/hu\/wp-json\/wp\/v2\/media?parent=121"}],"curies":[{"name":"wp","href":"https:\/\/api.w.org\/{rel}","templated":true}]}}