{"id":115,"date":"2018-03-11T14:35:52","date_gmt":"2018-03-11T14:35:52","guid":{"rendered":"https:\/\/ifcfa.org\/?page_id=115"},"modified":"2018-05-30T13:42:47","modified_gmt":"2018-05-30T13:42:47","slug":"north-america","status":"publish","type":"page","link":"https:\/\/ifcfa.org\/hu\/north-america\/","title":{"rendered":"\u00c9szak-Amerika"},"content":{"rendered":"<p><\/p>\n<h2>Tagjaink \u00c9szak Amerik\u00e1ban<\/h2>\n<p>\n<table id=\"tablepress-21\" class=\"tablepress tablepress-id-21\">\n<thead>\n<tr class=\"row-1\">\n\t<th class=\"column-1\">N<\/th><th class=\"column-2\">O<\/th><th class=\"column-3\">R<\/th><th class=\"column-4\">T<\/th><th class=\"column-5\">H<\/th>\n<\/tr>\n<\/thead>\n<tbody class=\"row-striping row-hover\">\n<tr class=\"row-2\">\n\t<td class=\"column-1\"><a href=\"https:\/\/ifcfa.org\/hu\/united-states\/\" rel=\"noopener\" target=\"_blank\">Egyes\u00fclt \u00c1llamok<\/a><\/td><td class=\"column-2\"><a href=\"https:\/\/ifcfa.org\/guatemala\/\" rel=\"noopener\" target=\"_blank\">Guatemala<\/a><\/td><td class=\"column-3\"><a href=\"https:\/\/ifcfa.org\/saint-kitts-and-nevis\/\" rel=\"noopener\" target=\"_blank\">Saint Kitts \u00e9s Nevis<\/a><\/td><td class=\"column-4\"><a href=\"https:\/\/ifcfa.org\/anguilla\/\" rel=\"noopener\" target=\"_blank\">Anguilla<\/a><\/td><td class=\"column-5\"><a href=\"https:\/\/ifcfa.org\/saint-martin\/\" rel=\"noopener\" target=\"_blank\">Saint-Martin (Fr)<\/a><\/td>\n<\/tr>\n<tr class=\"row-3\">\n\t<td class=\"column-1\"><a href=\"https:\/\/ifcfa.org\/antigua-and-barbuda\/\" rel=\"noopener\" target=\"_blank\">Antigua \u00e9s Barbuda<\/a><\/td><td class=\"column-2\"><a href=\"https:\/\/ifcfa.org\/haiti\/\" rel=\"noopener\" target=\"_blank\">Haiti<\/a><\/td><td class=\"column-3\"><a href=\"https:\/\/ifcfa.org\/saint-lucia\/\" rel=\"noopener\" target=\"_blank\">Saint Lucia<\/a><\/td><td class=\"column-4\"><a href=\"https:\/\/ifcfa.org\/aruba\/\" rel=\"noopener\" target=\"_blank\">Aruba<\/a><\/td><td class=\"column-5\"><a href=\"https:\/\/ifcfa.org\/saint-pierre-es-miquelon\/\" rel=\"noopener\" target=\"_blank\">Saint-Pierre \u00e9s Miquelon<\/a><\/td>\n<\/tr>\n<tr class=\"row-4\">\n\t<td class=\"column-1\"><a href=\"https:\/\/ifcfa.org\/bahama-islands\/\" rel=\"noopener\" target=\"_blank\">Bahama-szigetek<\/a><\/td><td class=\"column-2\"><a href=\"https:\/\/ifcfa.org\/honduras\/\" rel=\"noopener\" target=\"_blank\">Honduras<\/a><\/td><td class=\"column-3\"><a href=\"https:\/\/ifcfa.org\/saint-vincent\/\" rel=\"noopener\" target=\"_blank\">Saint Vincent<\/a><\/td><td class=\"column-4\"><a href=\"https:\/\/ifcfa.org\/bermuda\/\" rel=\"noopener\" target=\"_blank\">Bermuda<\/a><\/td><td class=\"column-5\"><a href=\"https:\/\/ifcfa.org\/sint-maarten\/\" rel=\"noopener\" target=\"_blank\">Sint Maarten (NL)<\/a><\/td>\n<\/tr>\n<tr class=\"row-5\">\n\t<td class=\"column-1\"><a href=\"https:\/\/ifcfa.org\/barbados\/\" rel=\"noopener\" target=\"_blank\">Barbados<\/a><\/td><td class=\"column-2\"><a href=\"https:\/\/ifcfa.org\/jamaica\/\" rel=\"noopener\" target=\"_blank\">Jamaica<\/a><\/td><td class=\"column-3\"><a href=\"https:\/\/ifcfa.org\/trinidad-and-tobago\/\" rel=\"noopener\" target=\"_blank\">Trinidad \u00e9s Tobago<\/a><\/td><td class=\"column-4\"><a href=\"https:\/\/ifcfa.org\/british-virgin-islands\/\" rel=\"noopener\" target=\"_blank\">Brit Virgin-szigetek<\/a><\/td><td class=\"column-5\"><a href=\"https:\/\/ifcfa.org\/turks-and-caicos-islands\/\" rel=\"noopener\" target=\"_blank\">Turks- \u00e9s Caicos-szigetek<\/a><\/td>\n<\/tr>\n<tr class=\"row-6\">\n\t<td class=\"column-1\"><a href=\"https:\/\/ifcfa.org\/belize\/\" rel=\"noopener\" target=\"_blank\">Belize<\/a><\/td><td class=\"column-2\"><a href=\"https:\/\/ifcfa.org\/canada\/\" rel=\"noopener\" target=\"_blank\">Kanada<\/a><\/td><td class=\"column-3\"><a href=\"https:\/\/ifcfa.org\/virgin-islands\/\" rel=\"noopener\" target=\"_blank\">Amerikai Virgin-szigetek<\/a><\/td><td class=\"column-4\"><a href=\"https:\/\/ifcfa.org\/curacao\/\" rel=\"noopener\" target=\"_blank\">Cura\u00e7ao<\/a><\/td><td class=\"column-5\"><a href=\"https:\/\/ifcfa.org\/bonaire\/\" rel=\"noopener\" target=\"_blank\">Bonaire<\/a><\/td>\n<\/tr>\n<tr class=\"row-7\">\n\t<td class=\"column-1\"><a href=\"https:\/\/ifcfa.org\/costa-rica\/\" rel=\"noopener\" target=\"_blank\">Costa Rica<\/a><\/td><td class=\"column-2\"><a href=\"https:\/\/ifcfa.org\/cuba\/\" rel=\"noopener\" target=\"_blank\">Kuba<\/a><\/td><td class=\"column-3\"><a href=\"https:\/\/ifcfa.org\/navassa-island\/\" rel=\"noopener\" target=\"_blank\">Navassa-sziget<\/a><\/td><td class=\"column-4\"><a href=\"https:\/\/ifcfa.org\/greenland\/\" rel=\"noopener\" target=\"_blank\">Gr\u00f6nland<\/a><\/td><td class=\"column-5\"><a href=\"https:\/\/ifcfa.org\/guadeloupe\/\" rel=\"noopener\" target=\"_blank\">Guadeloupe<\/a><\/td>\n<\/tr>\n<tr class=\"row-8\">\n\t<td class=\"column-1\"><a href=\"https:\/\/ifcfa.org\/dominican-republic\/\" rel=\"noopener\" target=\"_blank\">Dominikai K\u00f6zt\u00e1rsas\u00e1g<\/a><\/td><td class=\"column-2\"><a href=\"https:\/\/ifcfa.org\/mexico\/\" rel=\"noopener\" target=\"_blank\">Mexik\u00f3<\/a><\/td><td class=\"column-3\"><a href=\"https:\/\/ifcfa.org\/navassa-island\/\" rel=\"noopener\" target=\"_blank\">Petrell-szigetek<\/a><\/td><td class=\"column-4\"><a href=\"https:\/\/ifcfa.org\/cayman-islands\/\" rel=\"noopener\" target=\"_blank\">Kajm\u00e1n-szigetek<\/a><\/td><td class=\"column-5\"><a href=\"https:\/\/ifcfa.org\/martinique\/\" rel=\"noopener\" target=\"_blank\">Martinique<\/a><\/td>\n<\/tr>\n<tr class=\"row-9\">\n\t<td class=\"column-1\"><a href=\"https:\/\/ifcfa.org\/salvador\/\" rel=\"noopener\" target=\"_blank\">Salvador<\/a><\/td><td class=\"column-2\"><a href=\"https:\/\/ifcfa.org\/nicaragua\/\" rel=\"noopener\" target=\"_blank\">Nicaragua<\/a><\/td><td class=\"column-3\"><a href=\"https:\/\/ifcfa.org\/puerto-rico\/\" rel=\"noopener\" target=\"_blank\">Puerto Rico<\/a><\/td><td class=\"column-4\"><a href=\"https:\/\/ifcfa.org\/montserrat\/\" rel=\"noopener\" target=\"_blank\">Montserrat<\/a><\/td><td class=\"column-5\"><a href=\"https:\/\/ifcfa.org\/saba\/\" rel=\"noopener\" target=\"_blank\">Saba<\/a><\/td>\n<\/tr>\n<tr class=\"row-10\">\n\t<td class=\"column-1\"><a href=\"https:\/\/ifcfa.org\/grenada\/\" rel=\"noopener\" target=\"_blank\">Grenada<\/a><\/td><td class=\"column-2\"><a href=\"https:\/\/ifcfa.org\/panama\/\" rel=\"noopener\" target=\"_blank\">Panama<\/a><\/td><td class=\"column-3\"><a href=\"https:\/\/ifcfa.org\/serranilla-island\/\" rel=\"noopener\" target=\"_blank\">Serranilla-sziget<\/a><\/td><td class=\"column-4\"><a href=\"https:\/\/ifcfa.org\/saint-barthelemy\/\" rel=\"noopener\" target=\"_blank\">Saint-Barth\u00e9lemy<\/a><\/td><td class=\"column-5\">\t<a href=\"https:\/\/ifcfa.org\/sint-eustatius\/\" rel=\"noopener\" target=\"_blank\">Sint Eustatius<\/a><\/td>\n<\/tr>\n<tr class=\"row-11\">\n\t<td class=\"column-1\"><\/td><td class=\"column-2\"><\/td><td class=\"column-3\"><\/td><td class=\"column-4\"><\/td><td class=\"column-5\"><\/td>\n<\/tr>\n<\/tbody>\n<\/table>\n<!-- #tablepress-21 from cache --><\/p>","protected":false},"excerpt":{"rendered":"<p><p>Tagjaink \u00c9szak Amerik\u00e1ban<\/p>\n<\/p>","protected":false},"author":5,"featured_media":0,"parent":0,"menu_order":0,"comment_status":"closed","ping_status":"closed","template":"page-templates\/page_fullwidth.php","meta":{"footnotes":""},"class_list":["post-115","page","type-page","status-publish","hentry"],"_links":{"self":[{"href":"https:\/\/ifcfa.org\/hu\/wp-json\/wp\/v2\/pages\/115"}],"collection":[{"href":"https:\/\/ifcfa.org\/hu\/wp-json\/wp\/v2\/pages"}],"about":[{"href":"https:\/\/ifcfa.org\/hu\/wp-json\/wp\/v2\/types\/page"}],"author":[{"embeddable":true,"href":"https:\/\/ifcfa.org\/hu\/wp-json\/wp\/v2\/users\/5"}],"replies":[{"embeddable":true,"href":"https:\/\/ifcfa.org\/hu\/wp-json\/wp\/v2\/comments?post=115"}],"version-history":[{"count":10,"href":"https:\/\/ifcfa.org\/hu\/wp-json\/wp\/v2\/pages\/115\/revisions"}],"predecessor-version":[{"id":678,"href":"https:\/\/ifcfa.org\/hu\/wp-json\/wp\/v2\/pages\/115\/revisions\/678"}],"wp:attachment":[{"href":"https:\/\/ifcfa.org\/hu\/wp-json\/wp\/v2\/media?parent=115"}],"curies":[{"name":"wp","href":"https:\/\/api.w.org\/{rel}","templated":true}]}}