{"id":113,"date":"2018-03-11T14:35:11","date_gmt":"2018-03-11T14:35:11","guid":{"rendered":"https:\/\/ifcfa.org\/?page_id=113"},"modified":"2018-06-10T22:35:56","modified_gmt":"2018-06-10T22:35:56","slug":"asia","status":"publish","type":"page","link":"https:\/\/ifcfa.org\/hu\/asia\/","title":{"rendered":"\u00c1zsia"},"content":{"rendered":"<p><\/p>\n<h2>\u00c1zsiai Tagozataink:<\/h2>\n<p><img loading=\"lazy\" decoding=\"async\" class=\"aligncenter wp-image-2291 size-full\" src=\"https:\/\/ifcfa.org\/wp-content\/uploads\/2018\/04\/asia.gif\" alt=\"\" width=\"800\" height=\"613\" \/><\/p>\n<p>&nbsp;<\/p>\n<p>\n<table id=\"tablepress-1305\" class=\"tablepress tablepress-id-1305\">\n<thead>\n<tr class=\"row-1\">\n\t<td class=\"column-1\"><\/td><td class=\"column-2\"><\/td><td class=\"column-3\"><\/td><td class=\"column-4\"><\/td><td class=\"column-5\"><\/td><td class=\"column-6\"><\/td>\n<\/tr>\n<\/thead>\n<tbody class=\"row-striping row-hover\">\n<tr class=\"row-2\">\n\t<td class=\"column-1\"><a href=\"https:\/\/ifcfa.org\/hu\/afghanistan\/\"rel=\"noopener\" target=\"_blank\">Afganiszt\u00e1n<\/a><\/td><td class=\"column-2\"><a href=\"https:\/\/ifcfa.org\/hu\/north Korea\/\"rel=\"noopener\" target=\"_blank\">\u00c9szak K\u00f3rea<\/a><\/td><td class=\"column-3\"><a href=\"https:\/\/ifcfa.org\/hu\/jordan\/\"rel=\"noopener\" target=\"_blank\">Jord\u00e1nia<\/a><\/td><td class=\"column-4\"><a href=\"https:\/\/ifcfa.org\/hu\/malaysia\/\"rel=\"noopener\" target=\"_blank\">Malaysia<\/a><\/td><td class=\"column-5\"><a href=\"https:\/\/ifcfa.org\/hu\/saudi-arabia\/\"rel=\"noopener\" target=\"_blank\">Saud Ar\u00e1bia<\/a><\/td><td class=\"column-6\"><a href=\"https:\/\/ifcfa.org\/hu\/south-ossetia\/\"rel=\"noopener\" target=\"_blank\">D\u00e9l-Osz\u00e9tia<\/a><\/td>\n<\/tr>\n<tr class=\"row-3\">\n\t<td class=\"column-1\"><a href=\"https:\/\/ifcfa.org\/hu\/azerbaijan\/\"rel=\"noopener\" target=\"_blank\">Azerbajdzs\u00e1n<\/a><\/td><td class=\"column-2\"><a href=\"https:\/\/ifcfa.org\/hu\/philippines\/\"rel=\"noopener\" target=\"_blank\">F\u00fcl\u00f6p-szigetek<\/a><\/td><td class=\"column-3\"><a href=\"https:\/\/ifcfa.org\/hu\/cambodia\/\"rel=\"noopener\" target=\"_blank\">Kambodzsa<\/a><\/td><td class=\"column-4\"><a href=\"https:\/\/ifcfa.org\/hu\/maldives\/\"rel=\"noopener\" target=\"_blank\">Maldiv-Szigetek<\/a><\/td><td class=\"column-5\"><a href=\"https:\/\/ifcfa.org\/hu\/singapore\/\"rel=\"noopener\" target=\"_blank\">Singapore<\/a><\/td><td class=\"column-6\"><a href=\"https:\/\/ifcfa.org\/hu\/north-cyprus\/\"rel=\"noopener\" target=\"_blank\">\u00c9szak-Ciprus<\/a><\/td>\n<\/tr>\n<tr class=\"row-4\">\n\t<td class=\"column-1\"><a href=\"https:\/\/ifcfa.org\/hu\/bahrain\/\"rel=\"noopener\" target=\"_blank\">Bahrein<\/a><\/td><td class=\"column-2\"><a href=\"https:\/\/ifcfa.org\/hu\/gruzia\/\"rel=\"noopener\" target=\"_blank\">Gr\u00fazia<\/a><\/td><td class=\"column-3\"><a href=\"https:\/\/ifcfa.org\/hu\/qatar\/\"rel=\"noopener\" target=\"_blank\">Katar<\/a><\/td><td class=\"column-4\"><a href=\"https:\/\/ifcfa.org\/hu\/mianmar\/\"rel=\"noopener\" target=\"_blank\">Mianmar<\/a><\/td><td class=\"column-5\"><a href=\"https:\/\/ifcfa.org\/hu\/syria\/\"rel=\"noopener\" target=\"_blank\">S\u00edria<\/a><\/td><td class=\"column-6\"><a href=\"https:\/\/ifcfa.org\/hu\/republic-of-karelia\/\"rel=\"noopener\" target=\"_blank\">Kareliai K\u00f6zt\u00e1rsas\u00e1g<\/a><\/td>\n<\/tr>\n<tr class=\"row-5\">\n\t<td class=\"column-1\"><a href=\"https:\/\/ifcfa.org\/hu\/bangladesh\/\"rel=\"noopener\" target=\"_blank\">Banglades<\/a><\/td><td class=\"column-2\"><a href=\"https:\/\/ifcfa.org\/hu\/india\/\"rel=\"noopener\" target=\"_blank\">India<\/a><\/td><td class=\"column-3\"><a href=\"https:\/\/ifcfa.org\/hu\/kazakhstan\/\"rel=\"noopener\" target=\"_blank\">Kazakhszt\u00e1n<\/a><\/td><td class=\"column-4\"><a href=\"https:\/\/ifcfa.org\/hu\/mongolia\/\"rel=\"noopener\" target=\"_blank\">Mongolia<\/a><\/td><td class=\"column-5\"><a href=\"https:\/\/ifcfa.org\/hu\/tajikistan\/\"rel=\"noopener\" target=\"_blank\">T\u00e1dzsikiszt\u00e1n<\/a><\/td><td class=\"column-6\"><a href=\"https:\/\/ifcfa.org\/hu\/palestine\/\"rel=\"noopener\" target=\"_blank\">Palestina<\/a><\/td>\n<\/tr>\n<tr class=\"row-6\">\n\t<td class=\"column-1\"><a href=\"https:\/\/ifcfa.org\/hu\/bhutan\/\"rel=\"noopener\" target=\"_blank\">Bhut\u00e1n<\/a><\/td><td class=\"column-2\"><a href=\"https:\/\/ifcfa.org\/hu\/indonesia\/\"rel=\"noopener\" target=\"_blank\">Indonesia<\/a><\/td><td class=\"column-3\"><a href=\"https:\/\/ifcfa.org\/hu\/east Timor\/\"rel=\"noopener\" target=\"_blank\">Kelet Timor<\/a><\/td><td class=\"column-4\"><a href=\"https:\/\/ifcfa.org\/hu\/nepal\/\"rel=\"noopener\" target=\"_blank\">Nep\u00e1l<\/a><\/td><td class=\"column-5\"><a href=\"https:\/\/ifcfa.org\/hu\/thailand\/\"rel=\"noopener\" target=\"_blank\">Thaif\u00f6ld<\/a><\/td><td class=\"column-6\"><a href=\"https:\/\/ifcfa.org\/hu\/taiwan\/\"rel=\"noopener\" target=\"_blank\">Taiwan<\/a><\/td>\n<\/tr>\n<tr class=\"row-7\">\n\t<td class=\"column-1\"><a href=\"https:\/\/ifcfa.org\/hu\/brunei\/\"rel=\"noopener\" target=\"_blank\">Brunei<\/a><\/td><td class=\"column-2\"><a href=\"https:\/\/ifcfa.org\/hu\/iraq\/\"rel=\"noopener\" target=\"_blank\">Irak<\/a><\/td><td class=\"column-3\"><a href=\"https:\/\/ifcfa.org\/hu\/china\/\"rel=\"noopener\" target=\"_blank\">K\u00edna<\/a><\/td><td class=\"column-4\"><a href=\"https:\/\/ifcfa.org\/hu\/oman\/\"rel=\"noopener\" target=\"_blank\">Om\u00e1n<\/a><\/td><td class=\"column-5\"><a href=\"https:\/\/ifcfa.org\/hu\/turkey\/\"rel=\"noopener\" target=\"_blank\">T\u00f6r\u00f6korsz\u00e1g<\/a><\/td><td class=\"column-6\"><a href=\"https:\/\/ifcfa.org\/hu\/christmas-island\/\"rel=\"noopener\" target=\"_blank\">Kar\u00e1csonyi sziget<\/a><\/td>\n<\/tr>\n<tr class=\"row-8\">\n\t<td class=\"column-1\"><a href=\"https:\/\/ifcfa.org\/hu\/cyprus\/\"rel=\"noopener\" target=\"_blank\">\tCyprus<\/a><\/td><td class=\"column-2\"><a href=\"https:\/\/ifcfa.org\/hu\/iran\/\"rel=\"noopener\" target=\"_blank\">Ir\u00e1n<\/a><\/td><td class=\"column-3\"><a href=\"https:\/\/ifcfa.org\/hu\/kyrgyzstan\/\"rel=\"noopener\" target=\"_blank\">Kirgiziszt\u00e1n<\/a><\/td><td class=\"column-4\"><a href=\"https:\/\/ifcfa.org\/hu\/russia\/\"rel=\"noopener\" target=\"_blank\">Oroszorsz\u00e1g<\/a><\/td><td class=\"column-5\"><a href=\"https:\/\/ifcfa.org\/hu\/turkmenistan\/\"rel=\"noopener\" target=\"_blank\">T\u00fcrkmeniszt\u00e1n<\/a><\/td><td class=\"column-6\"><a href=\"https:\/\/ifcfa.org\/hu\/coconut-(keeling)-islands\/\"rel=\"noopener\" target=\"_blank\">K\u00f3kusz (Keeling) Szigetek<\/a><\/td>\n<\/tr>\n<tr class=\"row-9\">\n\t<td class=\"column-1\"><a href=\"https:\/\/ifcfa.org\/hu\/south Korea\/\"rel=\"noopener\" target=\"_blank\">D\u00e9l-Korea<\/a><\/td><td class=\"column-2\"><a href=\"https:\/\/ifcfa.org\/hu\/israel\/\"rel=\"noopener\" target=\"_blank\">Izrael<\/a><\/td><td class=\"column-3\"><a href=\"https:\/\/ifcfa.org\/hu\/kuwait\/\"rel=\"noopener\" target=\"_blank\">Kuwait<\/a><\/td><td class=\"column-4\"><a href=\"https:\/\/ifcfa.org\/hu\/armenia\/\"rel=\"noopener\" target=\"_blank\">\u00d6rm\u00e9nyorsz\u00e1g<\/a><\/td><td class=\"column-5\"><a href=\"https:\/\/ifcfa.org\/hu\/uzbekistan\/\"rel=\"noopener\" target=\"_blank\">\u00dczbegiszt\u00e1n<\/a><\/td><td class=\"column-6\"><a href=\"https:\/\/ifcfa.org\/hu\/hong-kong\/\"rel=\"noopener\" target=\"_blank\">Hong Kong<\/a><\/td>\n<\/tr>\n<tr class=\"row-10\">\n\t<td class=\"column-1\"><a href=\"https:\/\/ifcfa.org\/hu\/united-arab-emirates\/\"rel=\"noopener\" target=\"_blank\">Egyes\u00fclt Arab Em\u00edrs\u00e9gek<\/a><\/td><td class=\"column-2\"><a href=\"https:\/\/ifcfa.org\/hu\/japan\/\"rel=\"noopener\" target=\"_blank\">Jap\u00e1n<\/a><\/td><td class=\"column-3\"><a href=\"https:\/\/ifcfa.org\/hu\/laos\/\"rel=\"noopener\" target=\"_blank\">Laosz<\/a><\/td><td class=\"column-4\"><a href=\"https:\/\/ifcfa.org\/hu\/pakistan\/\"rel=\"noopener\" target=\"_blank\">Pakiszt\u00e1n<\/a><\/td><td class=\"column-5\"><a href=\"https:\/\/ifcfa.org\/hu\/vietnam\/\"rel=\"noopener\" target=\"_blank\">Vietn\u00e1m<\/a><\/td><td class=\"column-6\"><a href=\"https:\/\/ifcfa.org\/hu\/macau\/\"rel=\"noopener\" target=\"_blank\">Macau<\/a><\/td>\n<\/tr>\n<tr class=\"row-11\">\n\t<td class=\"column-1\"><a href=\"https:\/\/ifcfa.org\/hu\/egypt\/\"rel=\"noopener\" target=\"_blank\">Egyiptom<\/a><\/td><td class=\"column-2\"><a href=\"https:\/\/ifcfa.org\/hu\/yemen\/\"rel=\"noopener\" target=\"_blank\">Jemen<\/a><\/td><td class=\"column-3\"><a href=\"https:\/\/ifcfa.org\/hu\/lebanon\/\"rel=\"noopener\" target=\"_blank\">Libanon<\/a><\/td><td class=\"column-4\"><a href=\"https:\/\/ifcfa.org\/hu\/sri-lanka\/\"rel=\"noopener\" target=\"_blank\">Sri Lanka<\/a><\/td><td class=\"column-5\"><a href=\"https:\/\/ifcfa.org\/hu\/abkhazia\/\"rel=\"noopener\" target=\"_blank\">Abh\u00e1zia<\/a><\/td><td class=\"column-6\"><\/td>\n<\/tr>\n<\/tbody>\n<\/table>\n<!-- #tablepress-1305 from cache --><\/p>","protected":false},"excerpt":{"rendered":"<p><p>\u00c1zsiai Tagozataink: &nbsp;<\/p>\n<\/p>","protected":false},"author":5,"featured_media":0,"parent":0,"menu_order":0,"comment_status":"closed","ping_status":"closed","template":"","meta":{"footnotes":""},"class_list":["post-113","page","type-page","status-publish","hentry"],"_links":{"self":[{"href":"https:\/\/ifcfa.org\/hu\/wp-json\/wp\/v2\/pages\/113"}],"collection":[{"href":"https:\/\/ifcfa.org\/hu\/wp-json\/wp\/v2\/pages"}],"about":[{"href":"https:\/\/ifcfa.org\/hu\/wp-json\/wp\/v2\/types\/page"}],"author":[{"embeddable":true,"href":"https:\/\/ifcfa.org\/hu\/wp-json\/wp\/v2\/users\/5"}],"replies":[{"embeddable":true,"href":"https:\/\/ifcfa.org\/hu\/wp-json\/wp\/v2\/comments?post=113"}],"version-history":[{"count":12,"href":"https:\/\/ifcfa.org\/hu\/wp-json\/wp\/v2\/pages\/113\/revisions"}],"predecessor-version":[{"id":5333,"href":"https:\/\/ifcfa.org\/hu\/wp-json\/wp\/v2\/pages\/113\/revisions\/5333"}],"wp:attachment":[{"href":"https:\/\/ifcfa.org\/hu\/wp-json\/wp\/v2\/media?parent=113"}],"curies":[{"name":"wp","href":"https:\/\/api.w.org\/{rel}","templated":true}]}}