{"id":108,"date":"2018-03-11T14:33:27","date_gmt":"2018-03-11T14:33:27","guid":{"rendered":"https:\/\/ifcfa.org\/?page_id=108"},"modified":"2018-06-10T22:33:39","modified_gmt":"2018-06-10T22:33:39","slug":"europe","status":"publish","type":"page","link":"https:\/\/ifcfa.org\/hu\/europe\/","title":{"rendered":"Eur\u00f3pa"},"content":{"rendered":"<p><\/p>\n<h2>Eur\u00f3pai Tagozataink:<\/h2>\n<p><img loading=\"lazy\" decoding=\"async\" class=\"aligncenter wp-image-5076 size-full\" src=\"https:\/\/ifcfa.org\/wp-content\/uploads\/2018\/06\/europe-map.gif\" alt=\"\" width=\"1000\" height=\"811\" \/><\/p>\n<p>&nbsp;<\/p>\n<p><h2 id=\"tablepress-3-name\" class=\"tablepress-table-name tablepress-table-name-id-3\">Eur\u00f3pa<\/h2>\n\n<table id=\"tablepress-3\" class=\"tablepress tablepress-id-3\" aria-labelledby=\"tablepress-3-name\" aria-describedby=\"tablepress-3-description\">\n<thead>\n<tr class=\"row-1\">\n\t<th class=\"column-1\">A - E<\/th><th class=\"column-2\">\u00c9 - H<\/th><th class=\"column-3\">I - M<\/th><th class=\"column-4\">M - P<\/th><th class=\"column-5\">R - U<\/th>\n<\/tr>\n<\/thead>\n<tbody class=\"row-striping row-hover\">\n<tr class=\"row-2\">\n\t<td class=\"column-1\"><a href=\"https:\/\/ifcfa.org\/hu\/albania\/\"rel=\"noopener\" target=\"_blank\">Albania<\/a><\/td><td class=\"column-2\"><a href=\"https:\/\/ifcfa.org\/hu\/estonia\/\"rel=\"noopener\" target=\"_blank\">\u00c9sztorsz\u00e1g<\/a><\/td><td class=\"column-3\"><a href=\"https:\/\/ifcfa.org\/hu\/ireland\/\"rel=\"noopener\" target=\"_blank\">\u00cdrorsz\u00e1g<\/a><\/td><td class=\"column-4\"><a href=\"https:\/\/ifcfa.org\/hu\/man-island\/\"rel=\"noopener\" target=\"_blank\">Man Sziget<\/a><\/td><td class=\"column-5\"><a href=\"https:\/\/ifcfa.org\/hu\/romania\/\"rel=\"noopener\" target=\"_blank\">Rom\u00e1nia<\/a><\/td>\n<\/tr>\n<tr class=\"row-3\">\n\t<td class=\"column-1\"><a href=\"https:\/\/ifcfa.org\/hu\/andorra\/\"rel=\"noopener\" target=\"_blank\">Andorra<\/a><\/td><td class=\"column-2\"><a href=\"https:\/\/ifcfa.org\/hu\/belarus\/\"rel=\"noopener\" target=\"_blank\">Feh\u00e9roroszorsz\u00e1g<\/a><\/td><td class=\"column-3\"><a href=\"https:\/\/ifcfa.org\/hu\/iceland\/\"rel=\"noopener\" target=\"_blank\">Izland<\/a><\/td><td class=\"column-4\"><a href=\"https:\/\/ifcfa.org\/hu\/hungary\/\"rel=\"noopener\" target=\"_blank\">Magyarorsz\u00e1g<\/a><\/td><td class=\"column-5\"><a href=\"https:\/\/ifcfa.org\/hu\/sanmarino\/\"rel=\"noopener\" target=\"_blank\">San Marino<\/a><\/td>\n<\/tr>\n<tr class=\"row-4\">\n\t<td class=\"column-1\"><a href=\"https:\/\/ifcfa.org\/hu\/austria\/\"rel=\"noopener\" target=\"_blank\">Ausztria<\/a><\/td><td class=\"column-2\"><a href=\"https:\/\/ifcfa.org\/hu\/faroe\/\"rel=\"noopener\" target=\"_blank\">Fer\u00f6er<\/a><\/td><td class=\"column-3\"><a href=\"https:\/\/ifcfa.org\/hu\/jersey\/\"rel=\"noopener\" target=\"_blank\">Jersey<\/a><\/td><td class=\"column-4\"><a href=\"https:\/\/ifcfa.org\/hu\/malta\/\"rel=\"noopener\" target=\"_blank\">M\u00e1lta<\/a><\/td><td class=\"column-5\"><a href=\"https:\/\/ifcfa.org\/hu\/spain\/\"rel=\"noopener\" target=\"_blank\">Spanyolorsz\u00e1g<\/a><\/td>\n<\/tr>\n<tr class=\"row-5\">\n\t<td class=\"column-1\"><a href=\"https:\/\/ifcfa.org\/hu\/belgium\/\"rel=\"noopener\" target=\"_blank\">Belgium<\/a><\/td><td class=\"column-2\"><a href=\"https:\/\/ifcfa.org\/hu\/finland\/\"rel=\"noopener\" target=\"_blank\">Finnorsz\u00e1g<\/a><\/td><td class=\"column-3\"><a href=\"https:\/\/ifcfa.org\/hu\/kosovo\/\"rel=\"noopener\" target=\"_blank\">Koszov\u00f3<\/a><\/td><td class=\"column-4\"><a href=\"https:\/\/ifcfa.org\/hu\/moldova\/\"rel=\"noopener\" target=\"_blank\">Moldova<\/a><\/td><td class=\"column-5\"><a href=\"https:\/\/ifcfa.org\/hu\/switzerland\/\"rel=\"noopener\" target=\"_blank\">Sv\u00e1jc<\/a><\/td>\n<\/tr>\n<tr class=\"row-6\">\n\t<td class=\"column-1\"><a href=\"https:\/\/ifcfa.org\/hu\/Bosniaandherzegovina\/\"rel=\"noopener\" target=\"_blank\">Bosznia-Hercegovina<\/a><\/td><td class=\"column-2\"><a href=\"https:\/\/ifcfa.org\/hu\/france\/\"rel=\"noopener\" target=\"_blank\">Franciaorsz\u00e1g<\/a><\/td><td class=\"column-3\"><a href=\"https:\/\/ifcfa.org\/hu\/poland\/\"rel=\"noopener\" target=\"_blank\">Lengyelorsz\u00e1g<\/a><\/td><td class=\"column-4\"><a href=\"https:\/\/ifcfa.org\/hu\/monaco\/\"rel=\"noopener\" target=\"_blank\">Monaco<\/a><\/td><td class=\"column-5\"><a href=\"https:\/\/ifcfa.org\/hu\/sweden\/\"rel=\"noopener\" target=\"_blank\">Sv\u00e9dorsz\u00e1g<\/a><\/td>\n<\/tr>\n<tr class=\"row-7\">\n\t<td class=\"column-1\"><a href=\"https:\/\/ifcfa.org\/hu\/bulgaria\/\"rel=\"noopener\" target=\"_blank\">Bulg\u00e1ria<\/a><\/td><td class=\"column-2\"><a href=\"https:\/\/ifcfa.org\/hu\/gibraltar\/\"rel=\"noopener\" target=\"_blank\">Gibralt\u00e1r<\/a><\/td><td class=\"column-3\"><a href=\"https:\/\/ifcfa.org\/hu\/latvia\/\"rel=\"noopener\" target=\"_blank\">Lettorsz\u00e1g<\/a><\/td><td class=\"column-4\"><a href=\"https:\/\/ifcfa.org\/hu\/montenegro\/\"rel=\"noopener\" target=\"_blank\">Montenegr\u00f3<\/a><\/td><td class=\"column-5\"><a href=\"https:\/\/ifcfa.org\/hu\/serbia\/\"rel=\"noopener\" target=\"_blank\">Szerbia<\/a><\/td>\n<\/tr>\n<tr class=\"row-8\">\n\t<td class=\"column-1\"><a href=\"https:\/\/ifcfa.org\/hu\/cyprus\/\"rel=\"noopener\" target=\"_blank\">Ciprus<\/a><\/td><td class=\"column-2\"><a href=\"https:\/\/ifcfa.org\/hu\/greece\/\"rel=\"noopener\" target=\"_blank\">G\u00f6r\u00f6gorsz\u00e1g<\/a><\/td><td class=\"column-3\"><a href=\"https:\/\/ifcfa.org\/hu\/Liechtenstein\/\"rel=\"noopener\" target=\"_blank\">Liechtenstein<\/a><\/td><td class=\"column-4\"><a href=\"https:\/\/ifcfa.org\/hu\/germany\/\"rel=\"noopener\" target=\"_blank\">N\u00e9metorsz\u00e1g<\/a><\/td><td class=\"column-5\"><a href=\"https:\/\/ifcfa.org\/hu\/slovakia\/\"rel=\"noopener\" target=\"_blank\">Szlov\u00e1kia<\/a><\/td>\n<\/tr>\n<tr class=\"row-9\">\n\t<td class=\"column-1\"><a href=\"https:\/\/ifcfa.org\/hu\/czechrepublic\/\"rel=\"noopener\" target=\"_blank\">Csehorsz\u00e1g<\/a><\/td><td class=\"column-2\"><a href=\"https:\/\/ifcfa.org\/hu\/guernsey\/\"rel=\"noopener\" target=\"_blank\">Guernsey<\/a><\/td><td class=\"column-3\"><a href=\"https:\/\/ifcfa.org\/hu\/lithuania\/\"rel=\"noopener\" target=\"_blank\">Litv\u00e1nia<\/a><\/td><td class=\"column-4\"><a href=\"https:\/\/ifcfa.org\/hu\/norway\/\"rel=\"noopener\" target=\"_blank\">Norv\u00e9gia<\/a><\/td><td class=\"column-5\"><a href=\"https:\/\/ifcfa.org\/hu\/slovenia\/\"rel=\"noopener\" target=\"_blank\">Szlov\u00e9nia<\/a><\/td>\n<\/tr>\n<tr class=\"row-10\">\n\t<td class=\"column-1\"><a href=\"https:\/\/ifcfa.org\/hu\/denmark\/\"rel=\"noopener\" target=\"_blank\">D\u00e1nia<\/a><\/td><td class=\"column-2\"><a href=\"https:\/\/ifcfa.org\/hu\/netherlands\/\"rel=\"noopener\" target=\"_blank\">Hollandia<\/a><\/td><td class=\"column-3\"><a href=\"https:\/\/ifcfa.org\/hu\/luxembourg\/\"rel=\"noopener\" target=\"_blank\">Luxemburg<\/a><\/td><td class=\"column-4\"><a href=\"https:\/\/ifcfa.org\/hu\/italy\/\"rel=\"noopener\" target=\"_blank\">Olaszorsz\u00e1g<\/a><\/td><td class=\"column-5\"><a href=\"https:\/\/ifcfa.org\/hu\/turkey\/\"rel=\"noopener\" target=\"_blank\">T\u00f6r\u00f6korsz\u00e1g<\/a><\/td>\n<\/tr>\n<tr class=\"row-11\">\n\t<td class=\"column-1\"><a href=\"https:\/\/ifcfa.org\/hu\/unitedkingdom\/\"rel=\"noopener\" target=\"_blank\">Egyes\u00fclt Kir\u00e1lys\u00e1g<\/a><\/td><td class=\"column-2\"><a href=\"https:\/\/ifcfa.org\/hu\/croatia\/\"rel=\"noopener\" target=\"_blank\">Horv\u00e1torsz\u00e1g<\/a><\/td><td class=\"column-3\"><a href=\"https:\/\/ifcfa.org\/hu\/macedonia\/\"rel=\"noopener\" target=\"_blank\">Maced\u00f3nia<\/a><\/td><td class=\"column-4\"><a href=\"https:\/\/ifcfa.org\/hu\/portugal\/\"rel=\"noopener\" target=\"_blank\">Portug\u00e1lia<\/a><\/td><td class=\"column-5\"><a href=\"https:\/\/ifcfa.org\/hu\/ukraine\/\"rel=\"noopener\" target=\"_blank\">Ukrajna<\/a><\/td>\n<\/tr>\n<\/tbody>\n<tfoot>\n<tr class=\"row-12\">\n\t<td class=\"column-1\"><\/td><td class=\"column-2\"><\/td><td class=\"column-3\"><\/td><td class=\"column-4\"><\/td><td class=\"column-5\"><\/td>\n<\/tr>\n<\/tfoot>\n<\/table>\n<span id=\"tablepress-3-description\" class=\"tablepress-table-description tablepress-table-description-id-3\"><\/span>\n<!-- #tablepress-3 from cache --><\/p>","protected":false},"excerpt":{"rendered":"<p><p>Eur\u00f3pai Tagozataink: &nbsp;<\/p>\n<\/p>","protected":false},"author":5,"featured_media":0,"parent":0,"menu_order":0,"comment_status":"closed","ping_status":"closed","template":"","meta":{"footnotes":""},"class_list":["post-108","page","type-page","status-publish","hentry"],"_links":{"self":[{"href":"https:\/\/ifcfa.org\/hu\/wp-json\/wp\/v2\/pages\/108"}],"collection":[{"href":"https:\/\/ifcfa.org\/hu\/wp-json\/wp\/v2\/pages"}],"about":[{"href":"https:\/\/ifcfa.org\/hu\/wp-json\/wp\/v2\/types\/page"}],"author":[{"embeddable":true,"href":"https:\/\/ifcfa.org\/hu\/wp-json\/wp\/v2\/users\/5"}],"replies":[{"embeddable":true,"href":"https:\/\/ifcfa.org\/hu\/wp-json\/wp\/v2\/comments?post=108"}],"version-history":[{"count":9,"href":"https:\/\/ifcfa.org\/hu\/wp-json\/wp\/v2\/pages\/108\/revisions"}],"predecessor-version":[{"id":5330,"href":"https:\/\/ifcfa.org\/hu\/wp-json\/wp\/v2\/pages\/108\/revisions\/5330"}],"wp:attachment":[{"href":"https:\/\/ifcfa.org\/hu\/wp-json\/wp\/v2\/media?parent=108"}],"curies":[{"name":"wp","href":"https:\/\/api.w.org\/{rel}","templated":true}]}}