{"id":6672,"date":"2024-01-02T03:48:33","date_gmt":"2024-01-02T03:48:33","guid":{"rendered":"https:\/\/ifcfa.org\/?page_id=6672"},"modified":"2024-01-02T04:30:47","modified_gmt":"2024-01-02T04:30:47","slug":"affiliate-program","status":"publish","type":"page","link":"https:\/\/ifcfa.org\/fr\/affiliate-program\/","title":{"rendered":"Programme d&rsquo;affiliation"},"content":{"rendered":"<p><\/p>\n<h2>Pr\u00e9sentation de notre programme de partenariat !<\/h2>\n<p>Nous avons le plaisir d&rsquo;annoncer le lancement de notre nouveau programme d&rsquo;affiliation, qui offre une opportunit\u00e9 unique \u00e0 nos clients et \u00e0 ceux qui souhaitent gagner de l&rsquo;argent en travaillant avec nous.<\/p>\n<p><strong>Comment cela fonctionne-t-il ?<\/strong><\/p>\n<p><strong>Tout d&rsquo;abord,<\/strong> connectez-vous \u00e0 votre propre compte sur notre site web ou enregistrez votre compte ici : S&rsquo;inscrire \u00e0<br \/>\n<strong>Pour trouver un partenaire :<\/strong> sur la page d&rsquo;accueil, dans la fen\u00eatre du programme d&rsquo;affiliation, sous \u00ab\u00a0Plus de d\u00e9tails\u00a0\u00bb, vous trouverez la section \u00ab\u00a0Lien unique\u00a0\u00bb. Copiez et collez ce lien.<br \/>\n<strong>Partager le lien :<\/strong> envoyez ce lien aux personnes \u00e0 qui vous souhaitez recommander nos services.<\/p>\n<p><strong>Pourquoi s&rsquo;inscrire ?<\/strong><\/p>\n<p><strong>Commission de 25 % :<\/strong> Pour chaque nouveau client qui s&rsquo;inscrit via votre lien et ach\u00e8te chez nous, vous recevrez une commission de 25 % sur la valeur totale du service command\u00e9 et pay\u00e9 !<br \/>\n<strong>Revenus r\u00e9currents :<\/strong> par exemple, si un nouveau client s&rsquo;inscrit \u00e0 un service de comptabilit\u00e9 mensuel, vous recevrez une commission chaque mois tant que le client utilisera notre service et paiera r\u00e9guli\u00e8rement.<br \/>\n<strong>Options de paiement :<\/strong> D\u00e8s que votre solde atteint 25 euros, vous pouvez r\u00e9clamer votre commission ou l&rsquo;utiliser pour payer vos propres factures.<br \/>\n<strong>Fr\u00e9quence de paiement<\/strong> : Vendredi de chaque semaine (si le vendredi est un jour f\u00e9ri\u00e9, le paiement est effectu\u00e9 le jeudi).<\/p>\n<p>&nbsp;<\/p>\n<h3 style=\"text-align: center;\">Si vous souhaitez faire de la recommandation de notre lien un travail d&rsquo;appoint ou un travail \u00e0 temps plein, nous vous apporterons toute l&rsquo;aide dont vous avez besoin,<\/h3>\n<h3 style=\"text-align: center;\">pour maximiser vos revenus !<br \/>\nLe potentiel de gagner des millions de forints est juste devant vous !<\/h3>\n<h3><\/h3>\n<h3>Rejoignez-nous d\u00e8s maintenant !<\/h3>\n<p>N&rsquo;h\u00e9sitez pas \u00e0 saisir cette extraordinaire opportunit\u00e9 de gagner de l&rsquo;argent tout en aidant les autres \u00e0 d\u00e9couvrir nos services !<\/p>\n<p>Il vous suffit d&rsquo;un clic pour profiter de notre programme d&rsquo;affiliation !<\/p>\n<h3><\/h3>\n<h3>1) Cr\u00e9ez un compte ou connectez-vous \u00e0 votre compte<\/h3>\n<p>(Consultez les instructions d&rsquo;inscription ici :<\/p>\n<h3>2. obtenez votre propre lien d&rsquo;affiliation<br \/>\n3. choisissez les services que vous souhaitez promouvoir<br \/>\n4. questions fr\u00e9quemment pos\u00e9es sur le programme d&rsquo;affiliation<\/h3>\n<p><\/p>","protected":false},"excerpt":{"rendered":"<p><p>Pr\u00e9sentation de notre programme de partenariat ! Nous avons le plaisir d&rsquo;annoncer le lancement de notre nouveau programme d&rsquo;affiliation, qui offre une opportunit\u00e9 unique \u00e0 nos clients et \u00e0 ceux qui souhaitent gagner de l&rsquo;argent en travaillant avec nous. Comment cela fonctionne-t-il ? Tout d&rsquo;abord, connectez-vous \u00e0 votre propre compte sur notre site web ou<\/p>\n<\/p>","protected":false},"author":5,"featured_media":0,"parent":0,"menu_order":0,"comment_status":"closed","ping_status":"closed","template":"","meta":{"footnotes":""},"class_list":["post-6672","page","type-page","status-publish","hentry"],"_links":{"self":[{"href":"https:\/\/ifcfa.org\/fr\/wp-json\/wp\/v2\/pages\/6672"}],"collection":[{"href":"https:\/\/ifcfa.org\/fr\/wp-json\/wp\/v2\/pages"}],"about":[{"href":"https:\/\/ifcfa.org\/fr\/wp-json\/wp\/v2\/types\/page"}],"author":[{"embeddable":true,"href":"https:\/\/ifcfa.org\/fr\/wp-json\/wp\/v2\/users\/5"}],"replies":[{"embeddable":true,"href":"https:\/\/ifcfa.org\/fr\/wp-json\/wp\/v2\/comments?post=6672"}],"version-history":[{"count":19,"href":"https:\/\/ifcfa.org\/fr\/wp-json\/wp\/v2\/pages\/6672\/revisions"}],"predecessor-version":[{"id":6692,"href":"https:\/\/ifcfa.org\/fr\/wp-json\/wp\/v2\/pages\/6672\/revisions\/6692"}],"wp:attachment":[{"href":"https:\/\/ifcfa.org\/fr\/wp-json\/wp\/v2\/media?parent=6672"}],"curies":[{"name":"wp","href":"https:\/\/api.w.org\/{rel}","templated":true}]}}