{"id":5853,"date":"2018-11-07T20:28:56","date_gmt":"2018-11-07T20:28:56","guid":{"rendered":"https:\/\/ifcfa.org\/?page_id=5853"},"modified":"2018-12-30T01:47:04","modified_gmt":"2018-12-30T01:47:04","slug":"marketing","status":"publish","type":"page","link":"https:\/\/ifcfa.org\/fr\/marketing\/","title":{"rendered":"Marketing"},"content":{"rendered":"<p>Du marketing \/ Commercialisation<\/p>\n<p>&nbsp;<\/p>\n<p>Pour continuer \u00e0 \u00eatre membre f\u00e9d\u00e9ral, cliquez sur le lien \u00ab<strong>Login<\/strong>\u00bb (\u00e0 droite dans le menu) pour cr\u00e9er un compte avec vos propres informations. Dans votre compte final, vous pouvez cliquer sur le bouton \u201c<strong>Boutique<\/strong>\u201d dans l\u2019en-t\u00eate (en haut \u00e0 gauche) pour s\u00e9lectionner le membre appropri\u00e9. Vous pourrez ensuite passer votre commande en s\u00e9lectionnant les options de paiement suivantes:<\/p>\n<ul>\n<li><strong>PayPal<\/strong>\u00a0&gt; (\u00c9tapes: Choisir un forfait)<strong>&gt;<\/strong>\u00a0<strong>Paiement<\/strong>\u00a0(bouton vert)<strong>&gt;<\/strong>\u00a0(PayPal Select)\u00a0<strong>PayPal&gt;<\/strong>\u00a0<strong>Commander<\/strong>\u00a0(Bouton bleu) &gt;\u00a0<strong>Connectez-vous \u00e0 votre compte PayPal.<\/strong><\/li>\n<li><strong>Carte de cr\u00e9dit<\/strong>\u00a0&gt; (Etapes: s\u00e9lectionner un forfait) &gt;\u00a0<strong>Paiement<\/strong>\u00a0(bouton vert) &gt; (PayPal Select)\u00a0<strong>PayPal<\/strong>\u00a0&gt;\u00a0<strong>Commander<\/strong>\u00a0(bouton bleu) &gt;\u00a0<strong>Paiement par carte de cr\u00e9dit<\/strong><\/li>\n<li><strong>Par virement bancaire<\/strong>\u00a0&gt; (\u00c9tapes: S\u00e9lectionnez un forfait) &gt;\u00a0<strong>Paiement<\/strong>\u00a0(bouton vert) &gt; (S\u00e9lectionnez un mode de paiement)\u00a0<strong>Mail dans l\u2019option Paiement<\/strong>\u00a0&gt;\u00a0<strong>Commande<\/strong>\u00a0(bouton bleu).<br \/>\nAvec les \u00e9tapes ci-dessus, vous pouvez commander votre commande pour IFCFA Alliance.<\/li>\n<\/ul>\n<p><strong>D\u00e8s que le paiement arrive, nous vous enverrons notre confirmation pour v\u00e9rifier que le formulaire est correctement rempli. D\u00e8s que vous avez re\u00e7u la confirmation de l\u2019exactitude des donn\u00e9es, nous entamons le processus de connexion et vous enverrons toutes les \u00e9tapes ult\u00e9rieures.<\/strong><\/p>","protected":false},"excerpt":{"rendered":"<p><p>Du marketing \/ Commercialisation &nbsp; Pour continuer \u00e0 \u00eatre membre f\u00e9d\u00e9ral, cliquez sur le lien \u00abLogin\u00bb (\u00e0 droite dans le menu) pour cr\u00e9er un compte avec vos propres informations. Dans votre compte final, vous pouvez cliquer sur le bouton \u201cBoutique\u201d dans l\u2019en-t\u00eate (en haut \u00e0 gauche) pour s\u00e9lectionner le membre appropri\u00e9. Vous pourrez ensuite passer<\/p>\n<\/p>","protected":false},"author":5,"featured_media":0,"parent":0,"menu_order":0,"comment_status":"closed","ping_status":"closed","template":"","meta":{"footnotes":""},"class_list":["post-5853","page","type-page","status-publish","hentry"],"_links":{"self":[{"href":"https:\/\/ifcfa.org\/fr\/wp-json\/wp\/v2\/pages\/5853"}],"collection":[{"href":"https:\/\/ifcfa.org\/fr\/wp-json\/wp\/v2\/pages"}],"about":[{"href":"https:\/\/ifcfa.org\/fr\/wp-json\/wp\/v2\/types\/page"}],"author":[{"embeddable":true,"href":"https:\/\/ifcfa.org\/fr\/wp-json\/wp\/v2\/users\/5"}],"replies":[{"embeddable":true,"href":"https:\/\/ifcfa.org\/fr\/wp-json\/wp\/v2\/comments?post=5853"}],"version-history":[{"count":6,"href":"https:\/\/ifcfa.org\/fr\/wp-json\/wp\/v2\/pages\/5853\/revisions"}],"predecessor-version":[{"id":6053,"href":"https:\/\/ifcfa.org\/fr\/wp-json\/wp\/v2\/pages\/5853\/revisions\/6053"}],"wp:attachment":[{"href":"https:\/\/ifcfa.org\/fr\/wp-json\/wp\/v2\/media?parent=5853"}],"curies":[{"name":"wp","href":"https:\/\/api.w.org\/{rel}","templated":true}]}}