{"id":5664,"date":"2018-10-22T09:27:46","date_gmt":"2018-10-22T09:27:46","guid":{"rendered":"https:\/\/ifcfa.org\/?page_id=5664"},"modified":"2018-12-30T10:40:36","modified_gmt":"2018-12-30T10:40:36","slug":"featured-members","status":"publish","type":"page","link":"https:\/\/ifcfa.org\/fr\/featured-members\/","title":{"rendered":"Membres en vedette"},"content":{"rendered":"<p>Un membre prioritaire de l\u2019Association peut devenir une personne physique, une personne morale ou une personne autre que la personne morale qui exerce les activit\u00e9s suivantes:<\/p>\n<p>&nbsp;<\/p>\n<p><strong>Bas\u00e9 sur un abonnement s\u00e9lectionn\u00e9:<\/strong><\/p>\n<ul>\n<li>Accepte les objectifs de l&rsquo;association et les obligations associ\u00e9es au type d&rsquo;adh\u00e9sion,<\/li>\n<li>Payer la cotisation annuelle, et<\/li>\n<li>\u00c9lu par la pr\u00e9sidence de IFCFA \u00e0 ce poste, en tant que membre.<\/li>\n<\/ul>\n<p>&nbsp;<\/p>\n<h2>D\u00e9finition d&rsquo;adh\u00e9sion prioritaire:<\/h2>\n<p>Le membre s\u00e9lectionn\u00e9 peut \u00eatre s\u00e9lectionn\u00e9 dans la section sur recommandation de tous les membres de la pr\u00e9sidence.<\/p>\n<p>L&rsquo;adh\u00e9sion \u00e9lue fournit un membre \u00e9minent de l&rsquo;Association pour tous les types d&rsquo;adh\u00e9sion. Une personne physique ou une personne morale (dont le nombre de membres est important) peut cr\u00e9er des groupes de travail, superviser leur travail, les diriger et \u00eatre responsable du travail du groupe de travail.<\/p>\n<p>La personne demandant l\u2019adh\u00e9sion sera enregistr\u00e9e par les secr\u00e9taires apr\u00e8s le paiement de la cotisation et enverra un message \u00e9lectronique au membre de l\u2019inscription. La date de d\u00e9but de la relation d&rsquo;adh\u00e9sion pour le membre est le jour o\u00f9 la pr\u00e9sidence de l&rsquo;association a pris une d\u00e9cision concernant l&rsquo;adh\u00e9sion.<\/p>","protected":false},"excerpt":{"rendered":"<p><p>Un membre prioritaire de l\u2019Association peut devenir une personne physique, une personne morale ou une personne autre que la personne morale qui exerce les activit\u00e9s suivantes: &nbsp; Bas\u00e9 sur un abonnement s\u00e9lectionn\u00e9: Accepte les objectifs de l&rsquo;association et les obligations associ\u00e9es au type d&rsquo;adh\u00e9sion, Payer la cotisation annuelle, et \u00c9lu par la pr\u00e9sidence de IFCFA<\/p>\n<\/p>","protected":false},"author":5,"featured_media":0,"parent":0,"menu_order":0,"comment_status":"closed","ping_status":"closed","template":"","meta":{"footnotes":""},"class_list":["post-5664","page","type-page","status-publish","hentry"],"_links":{"self":[{"href":"https:\/\/ifcfa.org\/fr\/wp-json\/wp\/v2\/pages\/5664"}],"collection":[{"href":"https:\/\/ifcfa.org\/fr\/wp-json\/wp\/v2\/pages"}],"about":[{"href":"https:\/\/ifcfa.org\/fr\/wp-json\/wp\/v2\/types\/page"}],"author":[{"embeddable":true,"href":"https:\/\/ifcfa.org\/fr\/wp-json\/wp\/v2\/users\/5"}],"replies":[{"embeddable":true,"href":"https:\/\/ifcfa.org\/fr\/wp-json\/wp\/v2\/comments?post=5664"}],"version-history":[{"count":13,"href":"https:\/\/ifcfa.org\/fr\/wp-json\/wp\/v2\/pages\/5664\/revisions"}],"predecessor-version":[{"id":6083,"href":"https:\/\/ifcfa.org\/fr\/wp-json\/wp\/v2\/pages\/5664\/revisions\/6083"}],"wp:attachment":[{"href":"https:\/\/ifcfa.org\/fr\/wp-json\/wp\/v2\/media?parent=5664"}],"curies":[{"name":"wp","href":"https:\/\/api.w.org\/{rel}","templated":true}]}}