{"id":5406,"date":"2018-07-26T13:42:06","date_gmt":"2018-07-26T13:42:06","guid":{"rendered":"https:\/\/ifcfa.org\/?page_id=5406"},"modified":"2018-12-30T10:32:41","modified_gmt":"2018-12-30T10:32:41","slug":"selected-membership","status":"publish","type":"page","link":"https:\/\/ifcfa.org\/fr\/selected-membership\/","title":{"rendered":"Adh\u00e9sion s\u00e9lectionn\u00e9e"},"content":{"rendered":"<p>Un membre \u00e9lu de l\u2019Association peut devenir une personne (personne physique, personne morale) qui<\/p>\n<p>&nbsp;<\/p>\n<ol>\n<li><strong>Volontaire:<\/strong><\/li>\n<\/ol>\n<ul>\n<li>D\u00e9clare l&rsquo;intention de l&rsquo;entr\u00e9e,<\/li>\n<li>Accepte les objectifs de l&rsquo;association et les obligations associ\u00e9es au type d&rsquo;adh\u00e9sion,<\/li>\n<li>Payer la cotisation annuelle, et<\/li>\n<li>\u00c9lu par la pr\u00e9sidence de IFCFA en tant que membre du poste propos\u00e9.<\/li>\n<\/ul>\n<p>&nbsp;<\/p>\n<p>2. <strong>Sur la base des membres \u00e9lus:<\/strong><\/p>\n<ul>\n<li>D\u00e9clare l&rsquo;intention de l&rsquo;entr\u00e9e,<\/li>\n<li>Accepte les objectifs de l&rsquo;association et les obligations associ\u00e9es au type d&rsquo;adh\u00e9sion,<\/li>\n<li>Payer la cotisation annuelle, et<\/li>\n<li>\u00c9lu par la pr\u00e9sidence de IFCFA en tant que membre du poste propos\u00e9.<\/li>\n<\/ul>\n<p>&nbsp;<\/p>\n<h2>D\u00e9finition de membre \u00e9lu:<\/h2>\n<p>Le membre \u00e9lu peut \u00eatre s\u00e9lectionn\u00e9 sur la recommandation de 13 membres ayant le statut de membre de l\u2019Association.<\/p>\n<p>L&rsquo;adh\u00e9sion \u00e9lue fournit une adh\u00e9sion \u00e9quivalente \u00e0 l&rsquo;adh\u00e9sion f\u00e9d\u00e9rale.<\/p>\n<p>La personne demandant l\u2019adh\u00e9sion sera enregistr\u00e9e par les secr\u00e9taires apr\u00e8s le paiement de la cotisation et enverra un message \u00e9lectronique au membre de l\u2019inscription. La date de d\u00e9but de la relation d&rsquo;adh\u00e9sion pour le membre est le jour o\u00f9 la pr\u00e9sidence de l&rsquo;association a pris une d\u00e9cision concernant l&rsquo;adh\u00e9sion.<\/p>\n<p>&nbsp;<\/p>\n<h2>Si vous souhaitez devenir membre de IFCFA, remplissez le formulaire ci-dessous:<\/h2>\n<p>&nbsp;<\/p>\n<p>[vfb id = 8]<\/p>\n<p>&nbsp;<\/p>\n<p>Pour continuer \u00e0 \u00eatre membre f\u00e9d\u00e9ral, cliquez sur le lien \u00ab<strong>Login<\/strong>\u00bb (\u00e0 droite dans le menu) pour cr\u00e9er un compte avec vos propres informations. Dans votre compte final, vous pouvez cliquer sur le bouton \u201c<strong>Boutique<\/strong>\u201d dans l\u2019en-t\u00eate (en haut \u00e0 gauche) pour s\u00e9lectionner le membre appropri\u00e9. Vous pourrez ensuite passer votre commande en s\u00e9lectionnant les options de paiement suivantes:<\/p>\n<ul>\n<li><strong>PayPal<\/strong>\u00a0&gt; (\u00c9tapes: Choisir un forfait)<strong>&gt;<\/strong>\u00a0<strong>Paiement<\/strong>\u00a0(bouton vert)<strong>&gt;<\/strong>\u00a0(PayPal Select)\u00a0<strong>PayPal&gt;<\/strong>\u00a0<strong>Commander<\/strong>\u00a0(Bouton bleu) &gt;\u00a0<strong>Connectez-vous \u00e0 votre compte PayPal.<\/strong><\/li>\n<li><strong>Carte de cr\u00e9dit<\/strong>\u00a0&gt; (Etapes: s\u00e9lectionner un forfait) &gt;\u00a0<strong>Paiement<\/strong>\u00a0(bouton vert) &gt; (PayPal Select)\u00a0<strong>PayPal<\/strong>\u00a0&gt;\u00a0<strong>Commander<\/strong>\u00a0(bouton bleu) &gt;\u00a0<strong>Paiement par carte de cr\u00e9dit<\/strong><\/li>\n<li><strong>Par virement bancaire<\/strong>\u00a0&gt; (\u00c9tapes: S\u00e9lectionnez un forfait) &gt;\u00a0<strong>Paiement<\/strong>\u00a0(bouton vert) &gt; (S\u00e9lectionnez un mode de paiement)\u00a0<strong>Mail dans l\u2019option Paiement<\/strong>\u00a0&gt;\u00a0<strong>Commande<\/strong>\u00a0(bouton bleu).<br \/>\nAvec les \u00e9tapes ci-dessus, vous pouvez commander votre commande pour IFCFA Alliance.<\/li>\n<\/ul>\n<p><strong>D\u00e8s que le paiement arrive, nous vous enverrons notre confirmation pour v\u00e9rifier que le formulaire est correctement rempli. D\u00e8s que vous avez re\u00e7u la confirmation de l\u2019exactitude des donn\u00e9es, nous entamons le processus de connexion et vous enverrons toutes les \u00e9tapes ult\u00e9rieures.<\/strong><\/p>","protected":false},"excerpt":{"rendered":"<p><p>Un membre \u00e9lu de l\u2019Association peut devenir une personne (personne physique, personne morale) qui &nbsp; Volontaire: D\u00e9clare l&rsquo;intention de l&rsquo;entr\u00e9e, Accepte les objectifs de l&rsquo;association et les obligations associ\u00e9es au type d&rsquo;adh\u00e9sion, Payer la cotisation annuelle, et \u00c9lu par la pr\u00e9sidence de IFCFA en tant que membre du poste propos\u00e9. &nbsp; 2. Sur la base<\/p>\n<\/p>","protected":false},"author":5,"featured_media":0,"parent":0,"menu_order":0,"comment_status":"closed","ping_status":"closed","template":"","meta":{"footnotes":""},"class_list":["post-5406","page","type-page","status-publish","hentry"],"_links":{"self":[{"href":"https:\/\/ifcfa.org\/fr\/wp-json\/wp\/v2\/pages\/5406"}],"collection":[{"href":"https:\/\/ifcfa.org\/fr\/wp-json\/wp\/v2\/pages"}],"about":[{"href":"https:\/\/ifcfa.org\/fr\/wp-json\/wp\/v2\/types\/page"}],"author":[{"embeddable":true,"href":"https:\/\/ifcfa.org\/fr\/wp-json\/wp\/v2\/users\/5"}],"replies":[{"embeddable":true,"href":"https:\/\/ifcfa.org\/fr\/wp-json\/wp\/v2\/comments?post=5406"}],"version-history":[{"count":14,"href":"https:\/\/ifcfa.org\/fr\/wp-json\/wp\/v2\/pages\/5406\/revisions"}],"predecessor-version":[{"id":6082,"href":"https:\/\/ifcfa.org\/fr\/wp-json\/wp\/v2\/pages\/5406\/revisions\/6082"}],"wp:attachment":[{"href":"https:\/\/ifcfa.org\/fr\/wp-json\/wp\/v2\/media?parent=5406"}],"curies":[{"name":"wp","href":"https:\/\/api.w.org\/{rel}","templated":true}]}}