{"id":5404,"date":"2018-07-26T13:40:58","date_gmt":"2018-07-26T13:40:58","guid":{"rendered":"https:\/\/ifcfa.org\/?page_id=5404"},"modified":"2023-05-07T22:05:15","modified_gmt":"2023-05-07T22:05:15","slug":"basic-membership","status":"publish","type":"page","link":"https:\/\/ifcfa.org\/fr\/basic-membership\/","title":{"rendered":"Abonnement de base"},"content":{"rendered":"<p><\/p>\n<h2>Adh\u00e9sion \/ Adh\u00e9sion f\u00e9d\u00e9rale<\/h2>\n<p>Un membre de IFCFA peut devenir une personne (personne physique, personne morale, personne morale) qui exerce les activit\u00e9s suivantes: cr\u00e9ation d&rsquo;entreprise, cr\u00e9ation d&rsquo;entreprise, services de r\u00e8glement-livraison, comptabilit\u00e9, comptabilit\u00e9, paie et audit.<\/p>\n<p>&nbsp;<\/p>\n<ol>\n<li><strong>Sur une base volontaire:<\/strong><\/li>\n<\/ol>\n<ul>\n<li>D\u00e9clare l&rsquo;intention de l&rsquo;entr\u00e9e,<\/li>\n<li>Accepte les objectifs de l\u2019Association et les obligations associ\u00e9es au type de membre,<\/li>\n<li>Payer la cotisation annuelle, et<\/li>\n<li>\u00c9lu par la pr\u00e9sidence de IFCFA en tant que membre du poste propos\u00e9.<\/li>\n<\/ul>\n<p>&nbsp;<\/p>\n<p><strong>\u00a0 \u00a0 \u00a0 \u00a02. Sur la base des membres \u00e9lus:<\/strong><\/p>\n<ul>\n<li>D\u00e9clare l&rsquo;intention de l&rsquo;entr\u00e9e,<\/li>\n<li>Accepte les objectifs de l\u2019Association et les obligations associ\u00e9es au type de membre,<\/li>\n<li>Payer la cotisation annuelle, et<\/li>\n<li>\u00c9lu par la pr\u00e9sidence de IFCFA en tant que membre du poste propos\u00e9.<\/li>\n<\/ul>\n<p>&nbsp;<\/p>\n<h2>L&rsquo;adh\u00e9sion couvre:<\/h2>\n<ul>\n<li>Aux membres nationaux choisis par le membre,<\/li>\n<li>Pour les membres internationaux de IFCFA (Membre f\u00e9d\u00e9ral)<\/li>\n<\/ul>\n<p>&nbsp;<\/p>\n<h2>La cotisation<\/h2>\n<p>La cotisation de l&rsquo;association est d\u00e9termin\u00e9e par la pr\u00e9sidence de l&rsquo;association.<\/p>\n<p>La cotisation annuelle actuelle et sa modification seront notifi\u00e9es aux membres par courrier \u00e9lectronique. La cotisation actuelle est disponible sur la page \u00abCotisations\u00bb.<\/p>\n<p>La cotisation doit \u00eatre r\u00e9gl\u00e9e par virement sur le compte de l\u2019association, par PayPal ou par virement aupr\u00e8s des bureaux locaux de l\u2019association IFCFA.<\/p>\n<p>Le certificat d&rsquo;adh\u00e9sion est remis \u00e0 la soci\u00e9t\u00e9 ou \u00e0 l&rsquo;entreprise, au nom du responsable \/ repr\u00e9sentant de la soci\u00e9t\u00e9.<\/p>\n<p>&nbsp;<\/p>\n<h2>Droits et obligations du d\u00e9put\u00e9 f\u00e9d\u00e9ral<\/h2>\n<p>Le membre f\u00e9d\u00e9ral<\/p>\n<ul>\n<li>Participer aux activit\u00e9s et \u00e9v\u00e9nements de l&rsquo;association;<\/li>\n<li>Voter \u00e0 l&rsquo;assembl\u00e9e;<\/li>\n<li>S&rsquo;il \/ elle remplit les conditions statutaires, il \/ elle peut \u00eatre \u00e9lu (e) \u00e0 n&rsquo;importe quel poste de l&rsquo;association;<\/li>\n<li>Faire des propositions \u00e0 l&rsquo;ordre du jour de l&rsquo;assembl\u00e9e des membres;<\/li>\n<li>Initier l&rsquo;admission d&rsquo;un membre honoraire;<\/li>\n<li>Avoir le droit d&rsquo;utiliser les services fournis par l&rsquo;association \u00e0 ses membres.<\/li>\n<li>Seul un membre de la f\u00e9d\u00e9ration peut adh\u00e9rer volontairement au programme d\u2019assurance responsabilit\u00e9 civile de l\u2019Association. L\u2019adh\u00e9sion au programme d\u2019assurance responsabilit\u00e9 civile entra\u00eene une augmentation de la cotisation et des droits garantis par la police d\u2019assurance de l\u2019Association.<\/li>\n<li>Le membre f\u00e9d\u00e9ral a acc\u00e8s aux canaux de communication \u00e9lectroniques de l\u2019Association. Lorsqu\u2019ils accordent l\u2019acc\u00e8s, les secr\u00e9taires agissant au nom de l\u2019Association v\u00e9rifient les droits de l\u2019utilisateur sur celui-ci en v\u00e9rifiant son identit\u00e9.<\/li>\n<\/ul>\n<p>&nbsp;<\/p>\n<h2>Avantages de l&rsquo;adh\u00e9sion<\/h2>\n<p>Le membre f\u00e9d\u00e9ral fournira les mots-cl\u00e9s pour lesquels vous souhaitez que la sous-page de l&rsquo;association apparaisse dans les moteurs de recherche lors de votre inscription.<\/p>\n<p>(Google, Yahoo, Bing, Recherche, Yandex).<\/p>\n<p>En fonction des mots-cl\u00e9s que vous avez entr\u00e9s, l\u2019association (le membre sp\u00e9cifi\u00e9 lors de l\u2019enregistrement) optimise le moteur de recherche sur les pages Google, Yahoo, Bing, Recherche, Yandex.<\/p>\n<p>En fonction des mots-cl\u00e9s que vous avez entr\u00e9s, le c\u00f4t\u00e9 association (affich\u00e9 par le membre lors de son inscription) appara\u00eet sur la premi\u00e8re page des moteurs de recherche.<\/p>\n<p>&nbsp;<\/p>\n<h2>Bas\u00e9 sur ceci:<\/h2>\n<ul>\n<li>Le site Web et l\u2019adresse \u00e9lectronique du membre f\u00e9d\u00e9ral appara\u00eetront sur https:\/\/ifcfa.org.<\/li>\n<li>Le membre f\u00e9d\u00e9ral peut \u00e9galement \u00eatre visit\u00e9 par les visiteurs de https:\/\/ifcfa.org<\/li>\n<li>Envoi des demandes des visiteurs vers ifcfa.org aux membres<\/li>\n<li>Le membre f\u00e9d\u00e9ral re\u00e7oit des recommandations et des ordres<\/li>\n<\/ul>\n<p>Les membres, pages d&rsquo;associations, sont r\u00e9pertori\u00e9s dans l&rsquo;ordre dans lequel ils s&rsquo;affichent, ind\u00e9pendamment de l&rsquo;heure d&rsquo;enregistrement, du paiement des frais, du montant du don ou du parrainage.<\/p>\n<p>Un membre f\u00e9d\u00e9ral exerce autant d&rsquo;activit\u00e9s que la f\u00e9d\u00e9ration, plus il devient haut sur la liste des membres du Web.<\/p>\n<p>&nbsp;<\/p>\n<h2>Si vous souhaitez devenir membre de IFCFA, remplissez le formulaire ci-dessous:<\/h2>\n<p>&nbsp;<\/p>\n<p>[vfb id = 2]<\/p>\n<p>&nbsp;<\/p>\n<p>Pour continuer \u00e0 \u00eatre membre f\u00e9d\u00e9ral, cliquez sur le lien \u00ab<strong>Login<\/strong>\u00bb (\u00e0 droite dans le menu) pour cr\u00e9er un compte avec vos propres informations. Dans votre compte final, vous pouvez cliquer sur le bouton \u201c<strong>Boutique<\/strong>\u201d dans l\u2019en-t\u00eate (en haut \u00e0 gauche) pour s\u00e9lectionner le membre appropri\u00e9. Vous pourrez ensuite passer votre commande en s\u00e9lectionnant les options de paiement suivantes:<\/p>\n<ul>\n<li><strong>PayPal<\/strong>\u00a0&gt; (\u00c9tapes: Choisir un forfait)<strong>&gt;<\/strong>\u00a0<strong>Paiement<\/strong>\u00a0(bouton vert)<strong>&gt;<\/strong>\u00a0(PayPal Select)\u00a0<strong>PayPal&gt;<\/strong>\u00a0<strong>Commander<\/strong>\u00a0(Bouton bleu) &gt;\u00a0<strong>Connectez-vous \u00e0 votre compte PayPal.<\/strong><\/li>\n<li><strong>Carte de cr\u00e9dit<\/strong>\u00a0&gt; (Etapes: s\u00e9lectionner un forfait) &gt;\u00a0<strong>Paiement<\/strong>\u00a0(bouton vert) &gt; (PayPal Select)\u00a0<strong>PayPal<\/strong>\u00a0&gt;\u00a0<strong>Commander<\/strong>\u00a0(bouton bleu) &gt;\u00a0<strong>Paiement par carte de cr\u00e9dit<\/strong><\/li>\n<li><strong>Par virement bancaire<\/strong>\u00a0&gt; (\u00c9tapes: S\u00e9lectionnez un forfait) &gt;\u00a0<strong>Paiement<\/strong>\u00a0(bouton vert) &gt; (S\u00e9lectionnez un mode de paiement)\u00a0<strong>Mail dans l\u2019option Paiement<\/strong>\u00a0&gt;\u00a0<strong>Commande<\/strong>\u00a0(bouton bleu).<br \/>\nAvec les \u00e9tapes ci-dessus, vous pouvez commander votre commande pour IFCFA Alliance.<\/li>\n<\/ul>\n<p><strong>D\u00e8s que le paiement arrive, nous vous enverrons notre confirmation pour v\u00e9rifier que le formulaire est correctement rempli. D\u00e8s que vous avez re\u00e7u la confirmation de l\u2019exactitude des donn\u00e9es, nous entamons le processus de connexion et vous enverrons toutes les \u00e9tapes ult\u00e9rieures.<\/strong><\/p>","protected":false},"excerpt":{"rendered":"<p><p>Adh\u00e9sion \/ Adh\u00e9sion f\u00e9d\u00e9rale Un membre de IFCFA peut devenir une personne (personne physique, personne morale, personne morale) qui exerce les activit\u00e9s suivantes: cr\u00e9ation d&rsquo;entreprise, cr\u00e9ation d&rsquo;entreprise, services de r\u00e8glement-livraison, comptabilit\u00e9, comptabilit\u00e9, paie et audit. &nbsp; Sur une base volontaire: D\u00e9clare l&rsquo;intention de l&rsquo;entr\u00e9e, Accepte les objectifs de l\u2019Association et les obligations associ\u00e9es au type<\/p>\n<\/p>","protected":false},"author":5,"featured_media":0,"parent":0,"menu_order":0,"comment_status":"closed","ping_status":"closed","template":"","meta":{"footnotes":""},"class_list":["post-5404","page","type-page","status-publish","hentry"],"_links":{"self":[{"href":"https:\/\/ifcfa.org\/fr\/wp-json\/wp\/v2\/pages\/5404"}],"collection":[{"href":"https:\/\/ifcfa.org\/fr\/wp-json\/wp\/v2\/pages"}],"about":[{"href":"https:\/\/ifcfa.org\/fr\/wp-json\/wp\/v2\/types\/page"}],"author":[{"embeddable":true,"href":"https:\/\/ifcfa.org\/fr\/wp-json\/wp\/v2\/users\/5"}],"replies":[{"embeddable":true,"href":"https:\/\/ifcfa.org\/fr\/wp-json\/wp\/v2\/comments?post=5404"}],"version-history":[{"count":55,"href":"https:\/\/ifcfa.org\/fr\/wp-json\/wp\/v2\/pages\/5404\/revisions"}],"predecessor-version":[{"id":6515,"href":"https:\/\/ifcfa.org\/fr\/wp-json\/wp\/v2\/pages\/5404\/revisions\/6515"}],"wp:attachment":[{"href":"https:\/\/ifcfa.org\/fr\/wp-json\/wp\/v2\/media?parent=5404"}],"curies":[{"name":"wp","href":"https:\/\/api.w.org\/{rel}","templated":true}]}}