{"id":5398,"date":"2018-07-26T13:38:01","date_gmt":"2018-07-26T13:38:01","guid":{"rendered":"https:\/\/ifcfa.org\/?page_id=5398"},"modified":"2018-12-30T10:47:42","modified_gmt":"2018-12-30T10:47:42","slug":"correspondence-membership","status":"publish","type":"page","link":"https:\/\/ifcfa.org\/fr\/correspondence-membership\/","title":{"rendered":"Adh\u00e9sion \u00e0 la correspondance"},"content":{"rendered":"<p>Un membre de la IFCFA peut devenir une personne physique, une personne morale ou une personne autre que la personne morale qui exerce les activit\u00e9s suivantes: cr\u00e9ation d&rsquo;entreprise, cr\u00e9ation d&rsquo;entreprise, services de bureau, comptabilit\u00e9, paie, audit et comptabilit\u00e9.<\/p>\n<p>&nbsp;<\/p>\n<h2>Volontaire:<\/h2>\n<p>&#8211; d\u00e9clare l&rsquo;intention de l&rsquo;entr\u00e9e,<\/p>\n<p>&#8211; Accepte les objectifs de l&rsquo;association et les obligations associ\u00e9es au type d&rsquo;adh\u00e9sion<\/p>\n<p>&#8211; payer la cotisation annuelle<\/p>\n<p>&#8211; Qui est \u00e9lu membre de la pr\u00e9sidence de l&rsquo;effectif de IFCFA<\/p>\n<p>&#8211; \u00e9lu par la pr\u00e9sidence de IFCFA en tant que membre du poste propos\u00e9.<\/p>\n<p>&nbsp;<\/p>\n<h2>Activit\u00e9s:<\/h2>\n<p>Dans le cas de l&rsquo;enregistrement d&rsquo;une soci\u00e9t\u00e9 ou d&rsquo;une entreprise, l&rsquo;adh\u00e9sion correspondante concerne uniquement le responsable de la soci\u00e9t\u00e9.<\/p>\n<p>Le correspondant peut faire des commentaires, des recommandations, des ajouts, des suggestions qui doivent toujours \u00eatre adress\u00e9s par \u00e9crit au chef d\u2019\u00e9quipe.<\/p>\n<p>Le correspondant peut assister aux assembl\u00e9es, aux r\u00e9unions et aux \u00e9v\u00e9nements de l&rsquo;Association et des membres, mais n&rsquo;a pas le droit de commenter ou de parler.<\/p>\n<p>Les commentaires et suggestions envoy\u00e9s par le membre correspondant doivent toujours \u00eatre pris en consid\u00e9ration par la pr\u00e9sidence et les dirigeants des membres.<\/p>\n<p>Le membre correspondant ne peut participer \u00e0 un groupe de travail qu&rsquo;avec l&rsquo;autorisation de la pr\u00e9sidence.<\/p>\n<p>Un correspondant est enregistr\u00e9 par le secr\u00e9tariat apr\u00e8s le paiement de la cotisation et envoie un message \u00e9lectronique \u00e0 la personne pour enregistrement. La date de d\u00e9but de l\u2019adh\u00e9sion des membres correspondants correspond au jour (apr\u00e8s les frais d\u2019adh\u00e9sion) au cours duquel la pr\u00e9sidence des membres prend une d\u00e9cision concernant le choix de l\u2019adh\u00e9sion de la personne.<\/p>\n<p>&nbsp;<\/p>\n<h2>Si vous souhaitez devenir membre de l&rsquo;association IFCFA, remplissez le formulaire ci-dessous:<\/h2>\n<p>&nbsp;<\/p>\n<p>[vfb id = 2]<\/p>\n<p>&nbsp;<\/p>\n<p>Pour continuer \u00e0 \u00eatre membre f\u00e9d\u00e9ral, cliquez sur le lien \u00ab<strong>Login<\/strong>\u00bb (\u00e0 droite dans le menu) pour cr\u00e9er un compte avec vos propres informations. Dans votre compte final, vous pouvez cliquer sur le bouton \u201c<strong>Boutique<\/strong>\u201d dans l\u2019en-t\u00eate (en haut \u00e0 gauche) pour s\u00e9lectionner le membre appropri\u00e9. Vous pourrez ensuite passer votre commande en s\u00e9lectionnant les options de paiement suivantes:<\/p>\n<ul>\n<li><strong>PayPal<\/strong>\u00a0&gt; (\u00c9tapes: Choisir un forfait)<strong>&gt;<\/strong>\u00a0<strong>Paiement<\/strong>\u00a0(bouton vert)<strong>&gt;<\/strong>\u00a0(PayPal Select)\u00a0<strong>PayPal&gt;<\/strong>\u00a0<strong>Commander<\/strong>\u00a0(Bouton bleu) &gt;\u00a0<strong>Connectez-vous \u00e0 votre compte PayPal.<\/strong><\/li>\n<li><strong>Carte de cr\u00e9dit<\/strong>\u00a0&gt; (Etapes: s\u00e9lectionner un forfait) &gt;\u00a0<strong>Paiement<\/strong>\u00a0(bouton vert) &gt; (PayPal Select)\u00a0<strong>PayPal<\/strong>\u00a0&gt;\u00a0<strong>Commander<\/strong>\u00a0(bouton bleu) &gt;\u00a0<strong>Paiement par carte de cr\u00e9dit<\/strong><\/li>\n<li><strong>Par virement bancaire<\/strong>\u00a0&gt; (\u00c9tapes: S\u00e9lectionnez un forfait) &gt;\u00a0<strong>Paiement<\/strong>\u00a0(bouton vert) &gt; (S\u00e9lectionnez un mode de paiement)\u00a0<strong>Mail dans l\u2019option Paiement<\/strong>\u00a0&gt;\u00a0<strong>Commande<\/strong>\u00a0(bouton bleu).<br \/>\nAvec les \u00e9tapes ci-dessus, vous pouvez commander votre commande pour IFCFA Alliance.<\/li>\n<\/ul>\n<p><strong>D\u00e8s que le paiement arrive, nous vous enverrons notre confirmation pour v\u00e9rifier que le formulaire est correctement rempli. D\u00e8s que vous avez re\u00e7u la confirmation de l\u2019exactitude des donn\u00e9es, nous entamons le processus de connexion et vous enverrons toutes les \u00e9tapes ult\u00e9rieures.<\/strong><\/p>","protected":false},"excerpt":{"rendered":"<p><p>Un membre de la IFCFA peut devenir une personne physique, une personne morale ou une personne autre que la personne morale qui exerce les activit\u00e9s suivantes: cr\u00e9ation d&rsquo;entreprise, cr\u00e9ation d&rsquo;entreprise, services de bureau, comptabilit\u00e9, paie, audit et comptabilit\u00e9. &nbsp; Volontaire: &#8211; d\u00e9clare l&rsquo;intention de l&rsquo;entr\u00e9e, &#8211; Accepte les objectifs de l&rsquo;association et les obligations associ\u00e9es<\/p>\n<\/p>","protected":false},"author":5,"featured_media":0,"parent":0,"menu_order":0,"comment_status":"closed","ping_status":"closed","template":"","meta":{"footnotes":""},"class_list":["post-5398","page","type-page","status-publish","hentry"],"_links":{"self":[{"href":"https:\/\/ifcfa.org\/fr\/wp-json\/wp\/v2\/pages\/5398"}],"collection":[{"href":"https:\/\/ifcfa.org\/fr\/wp-json\/wp\/v2\/pages"}],"about":[{"href":"https:\/\/ifcfa.org\/fr\/wp-json\/wp\/v2\/types\/page"}],"author":[{"embeddable":true,"href":"https:\/\/ifcfa.org\/fr\/wp-json\/wp\/v2\/users\/5"}],"replies":[{"embeddable":true,"href":"https:\/\/ifcfa.org\/fr\/wp-json\/wp\/v2\/comments?post=5398"}],"version-history":[{"count":28,"href":"https:\/\/ifcfa.org\/fr\/wp-json\/wp\/v2\/pages\/5398\/revisions"}],"predecessor-version":[{"id":6084,"href":"https:\/\/ifcfa.org\/fr\/wp-json\/wp\/v2\/pages\/5398\/revisions\/6084"}],"wp:attachment":[{"href":"https:\/\/ifcfa.org\/fr\/wp-json\/wp\/v2\/media?parent=5398"}],"curies":[{"name":"wp","href":"https:\/\/api.w.org\/{rel}","templated":true}]}}