{"id":5390,"date":"2018-07-26T13:32:06","date_gmt":"2018-07-26T13:32:06","guid":{"rendered":"https:\/\/ifcfa.org\/?page_id=5390"},"modified":"2018-12-30T01:42:10","modified_gmt":"2018-12-30T01:42:10","slug":"finance","status":"publish","type":"page","link":"https:\/\/ifcfa.org\/fr\/finance\/","title":{"rendered":"La finance"},"content":{"rendered":"<p><\/p>\n<h2>Fonction du service financier:<\/h2>\n<ul>\n<li>Maintenir l&rsquo;\u00e9quilibre de gestion financi\u00e8re et comptable de la direction nationale<\/li>\n<li>Garder les frais d&rsquo;adh\u00e9sion, les investissements, les commandes<\/li>\n<\/ul>\n<p>&nbsp;<\/p>\n<ul>\n<li>Maintenir l&rsquo;\u00e9quilibre financier et comptable de l&rsquo;association<\/li>\n<li>Garder les frais d&rsquo;adh\u00e9sion, les investissements, les commandes<\/li>\n<\/ul>\n<p>&nbsp;<\/p>\n<h2>Si vous souhaitez postuler au D\u00e9partement des finances nationales, remplissez le formulaire ci-dessous:<\/h2>\n<p>&nbsp;<\/p>\n<p>[vfb id=12]<\/p>\n<p>&nbsp;<\/p>\n<p>Pour continuer \u00e0 \u00eatre membre f\u00e9d\u00e9ral, cliquez sur le lien \u00ab<strong>Login<\/strong>\u00bb (\u00e0 droite dans le menu) pour cr\u00e9er un compte avec vos propres informations. Dans votre compte final, vous pouvez cliquer sur le bouton \u201c<strong>Boutique<\/strong>\u201d dans l\u2019en-t\u00eate (en haut \u00e0 gauche) pour s\u00e9lectionner le membre appropri\u00e9. Vous pourrez ensuite passer votre commande en s\u00e9lectionnant les options de paiement suivantes:<\/p>\n<ul>\n<li><strong>PayPal<\/strong>\u00a0&gt; (\u00c9tapes: Choisir un forfait)<strong>&gt;<\/strong>\u00a0<strong>Paiement<\/strong>\u00a0(bouton vert)<strong>&gt;<\/strong>\u00a0(PayPal Select)\u00a0<strong>PayPal&gt;<\/strong>\u00a0<strong>Commander<\/strong>\u00a0(Bouton bleu) &gt;\u00a0<strong>Connectez-vous \u00e0 votre compte PayPal.<\/strong><\/li>\n<li><strong>Carte de cr\u00e9dit<\/strong>\u00a0&gt; (Etapes: s\u00e9lectionner un forfait) &gt;\u00a0<strong>Paiement<\/strong>\u00a0(bouton vert) &gt; (PayPal Select)\u00a0<strong>PayPal<\/strong>\u00a0&gt;\u00a0<strong>Commander<\/strong>\u00a0(bouton bleu) &gt;\u00a0<strong>Paiement par carte de cr\u00e9dit<\/strong><\/li>\n<li><strong>Par virement bancaire<\/strong>\u00a0&gt; (\u00c9tapes: S\u00e9lectionnez un forfait) &gt;\u00a0<strong>Paiement<\/strong>\u00a0(bouton vert) &gt; (S\u00e9lectionnez un mode de paiement)\u00a0<strong>Mail dans l\u2019option Paiement<\/strong>\u00a0&gt;\u00a0<strong>Commande<\/strong>\u00a0(bouton bleu).<br \/>\nAvec les \u00e9tapes ci-dessus, vous pouvez commander votre commande pour IFCFA Alliance.<\/li>\n<\/ul>\n<p><strong>D\u00e8s que le paiement arrive, nous vous enverrons notre confirmation pour v\u00e9rifier que le formulaire est correctement rempli. D\u00e8s que vous avez re\u00e7u la confirmation de l\u2019exactitude des donn\u00e9es, nous entamons le processus de connexion et vous enverrons toutes les \u00e9tapes ult\u00e9rieures.<\/strong><\/p>","protected":false},"excerpt":{"rendered":"<p><p>Fonction du service financier: Maintenir l&rsquo;\u00e9quilibre de gestion financi\u00e8re et comptable de la direction nationale Garder les frais d&rsquo;adh\u00e9sion, les investissements, les commandes &nbsp; Maintenir l&rsquo;\u00e9quilibre financier et comptable de l&rsquo;association Garder les frais d&rsquo;adh\u00e9sion, les investissements, les commandes &nbsp; Si vous souhaitez postuler au D\u00e9partement des finances nationales, remplissez le formulaire ci-dessous: &nbsp; [vfb<\/p>\n<\/p>","protected":false},"author":5,"featured_media":0,"parent":0,"menu_order":0,"comment_status":"closed","ping_status":"closed","template":"","meta":{"footnotes":""},"class_list":["post-5390","page","type-page","status-publish","hentry"],"_links":{"self":[{"href":"https:\/\/ifcfa.org\/fr\/wp-json\/wp\/v2\/pages\/5390"}],"collection":[{"href":"https:\/\/ifcfa.org\/fr\/wp-json\/wp\/v2\/pages"}],"about":[{"href":"https:\/\/ifcfa.org\/fr\/wp-json\/wp\/v2\/types\/page"}],"author":[{"embeddable":true,"href":"https:\/\/ifcfa.org\/fr\/wp-json\/wp\/v2\/users\/5"}],"replies":[{"embeddable":true,"href":"https:\/\/ifcfa.org\/fr\/wp-json\/wp\/v2\/comments?post=5390"}],"version-history":[{"count":15,"href":"https:\/\/ifcfa.org\/fr\/wp-json\/wp\/v2\/pages\/5390\/revisions"}],"predecessor-version":[{"id":6052,"href":"https:\/\/ifcfa.org\/fr\/wp-json\/wp\/v2\/pages\/5390\/revisions\/6052"}],"wp:attachment":[{"href":"https:\/\/ifcfa.org\/fr\/wp-json\/wp\/v2\/media?parent=5390"}],"curies":[{"name":"wp","href":"https:\/\/api.w.org\/{rel}","templated":true}]}}