{"id":5386,"date":"2018-07-26T13:29:43","date_gmt":"2018-07-26T13:29:43","guid":{"rendered":"https:\/\/ifcfa.org\/?page_id=5386"},"modified":"2018-12-30T01:33:25","modified_gmt":"2018-12-30T01:33:25","slug":"secretariat","status":"publish","type":"page","link":"https:\/\/ifcfa.org\/fr\/secretariat\/","title":{"rendered":"Secr\u00e9tariat"},"content":{"rendered":"<p><\/p>\n<h2>Types de secr\u00e9taires:<\/h2>\n<ul>\n<li>Secr\u00e9taires ex\u00e9cutifs<\/li>\n<li>Secr\u00e9taires f\u00e9d\u00e9raux<\/li>\n<\/ul>\n<p>&nbsp;<\/p>\n<h2>Fonction des secr\u00e9taires:<\/h2>\n<ul>\n<li>Compilation d&rsquo;articles et de mat\u00e9riel professionnels pour le journal appartenant \u00e0 l&rsquo;Association<\/li>\n<li>Suivi de commande<\/li>\n<li>Retracer les services fournis par l&rsquo;association<\/li>\n<li>Organiser et mener des r\u00e9unions \u00e0 grande \u00e9chelle,<\/li>\n<li>G\u00e9rer les adh\u00e9sions (entr\u00e9es d&rsquo;adh\u00e9sion, sortie, etc.)<\/li>\n<li>Effectuer des t\u00e2ches de secr\u00e9tariat (r\u00e9daction du protocole et des contrats, organisation, classement, etc.)<\/li>\n<li>Suivi des d\u00e9lais<\/li>\n<li>Restez en contact avec les secr\u00e9taires des autres d\u00e9partements<\/li>\n<li>Contacter les secr\u00e9taires de l&rsquo;association, pr\u00e9parer des rapports hebdomadaires et mensuels aux secr\u00e9taires f\u00e9d\u00e9raux<\/li>\n<li>Faciliter les t\u00e2ches du service des admissions; services comptables, financiers, juridiques et marketing<\/li>\n<li>Superviser et assister les groupes de travail<\/li>\n<li>Faciliter le travail des commissions<\/li>\n<li>Mettre en \u0153uvre les t\u00e2ches assign\u00e9es par la pr\u00e9sidence<\/li>\n<\/ul>\n<p>&nbsp;<\/p>\n<h2>Si vous souhaitez postuler \u00e0 la section des secr\u00e9taires nationaux de gestion, remplissez le formulaire ci-dessous:<\/h2>\n<p>&nbsp;<\/p>\n<p>[vfb id=12]<\/p>\n<p>&nbsp;<\/p>\n<p>Pour continuer \u00e0 \u00eatre membre f\u00e9d\u00e9ral, cliquez sur le lien \u00ab<strong>Login<\/strong>\u00bb (\u00e0 droite dans le menu) pour cr\u00e9er un compte avec vos propres informations. Dans votre compte final, vous pouvez cliquer sur le bouton \u201c<strong>Boutique<\/strong>\u201d dans l\u2019en-t\u00eate (en haut \u00e0 gauche) pour s\u00e9lectionner le membre appropri\u00e9. Vous pourrez ensuite passer votre commande en s\u00e9lectionnant les options de paiement suivantes:<\/p>\n<ul>\n<li><strong>PayPal<\/strong>\u00a0&gt; (\u00c9tapes: Choisir un forfait)<strong>&gt;<\/strong>\u00a0<strong>Paiement<\/strong> (bouton vert)<strong>&gt;<\/strong>\u00a0(PayPal Select) <strong>PayPal&gt;<\/strong>\u00a0<strong>Commander<\/strong> (Bouton bleu) &gt; <strong>Connectez-vous \u00e0 votre compte PayPal.<\/strong><\/li>\n<li><strong>Carte de cr\u00e9dit<\/strong>\u00a0&gt; (Etapes: s\u00e9lectionner un forfait) &gt; <strong>Paiement<\/strong> (bouton vert) &gt; (PayPal Select) <strong>PayPal<\/strong> &gt; <strong>Commander<\/strong> (bouton bleu) &gt; <strong>Paiement par carte de cr\u00e9dit<\/strong><\/li>\n<li><strong>Par virement bancaire<\/strong>\u00a0&gt; (\u00c9tapes: S\u00e9lectionnez un forfait) &gt; <strong>Paiement<\/strong> (bouton vert) &gt; (S\u00e9lectionnez un mode de paiement) <strong>Mail dans l\u2019option Paiement<\/strong> &gt; <strong>Commande<\/strong> (bouton bleu).<br \/>\nAvec les \u00e9tapes ci-dessus, vous pouvez commander votre commande pour IFCFA Alliance.<\/li>\n<\/ul>\n<p><strong>D\u00e8s que le paiement arrive, nous vous enverrons notre confirmation pour v\u00e9rifier que le formulaire est correctement rempli. D\u00e8s que vous avez re\u00e7u la confirmation de l\u2019exactitude des donn\u00e9es, nous entamons le processus de connexion et vous enverrons toutes les \u00e9tapes ult\u00e9rieures.<\/strong><\/p>","protected":false},"excerpt":{"rendered":"<p><p>Types de secr\u00e9taires: Secr\u00e9taires ex\u00e9cutifs Secr\u00e9taires f\u00e9d\u00e9raux &nbsp; Fonction des secr\u00e9taires: Compilation d&rsquo;articles et de mat\u00e9riel professionnels pour le journal appartenant \u00e0 l&rsquo;Association Suivi de commande Retracer les services fournis par l&rsquo;association Organiser et mener des r\u00e9unions \u00e0 grande \u00e9chelle, G\u00e9rer les adh\u00e9sions (entr\u00e9es d&rsquo;adh\u00e9sion, sortie, etc.) Effectuer des t\u00e2ches de secr\u00e9tariat (r\u00e9daction du protocole<\/p>\n<\/p>","protected":false},"author":5,"featured_media":0,"parent":0,"menu_order":0,"comment_status":"closed","ping_status":"closed","template":"","meta":{"footnotes":""},"class_list":["post-5386","page","type-page","status-publish","hentry"],"_links":{"self":[{"href":"https:\/\/ifcfa.org\/fr\/wp-json\/wp\/v2\/pages\/5386"}],"collection":[{"href":"https:\/\/ifcfa.org\/fr\/wp-json\/wp\/v2\/pages"}],"about":[{"href":"https:\/\/ifcfa.org\/fr\/wp-json\/wp\/v2\/types\/page"}],"author":[{"embeddable":true,"href":"https:\/\/ifcfa.org\/fr\/wp-json\/wp\/v2\/users\/5"}],"replies":[{"embeddable":true,"href":"https:\/\/ifcfa.org\/fr\/wp-json\/wp\/v2\/comments?post=5386"}],"version-history":[{"count":30,"href":"https:\/\/ifcfa.org\/fr\/wp-json\/wp\/v2\/pages\/5386\/revisions"}],"predecessor-version":[{"id":6051,"href":"https:\/\/ifcfa.org\/fr\/wp-json\/wp\/v2\/pages\/5386\/revisions\/6051"}],"wp:attachment":[{"href":"https:\/\/ifcfa.org\/fr\/wp-json\/wp\/v2\/media?parent=5386"}],"curies":[{"name":"wp","href":"https:\/\/api.w.org\/{rel}","templated":true}]}}