{"id":5380,"date":"2018-07-26T13:16:12","date_gmt":"2018-07-26T13:16:12","guid":{"rendered":"https:\/\/ifcfa.org\/?page_id=5380"},"modified":"2018-12-30T00:37:11","modified_gmt":"2018-12-30T00:37:11","slug":"chairman","status":"publish","type":"page","link":"https:\/\/ifcfa.org\/fr\/chairman\/","title":{"rendered":"Pr\u00e9sident"},"content":{"rendered":"<p><\/p>\n<h2>Signification de chef de la direction:<\/h2>\n<p>Pr\u00e9sident de la direction au sein de l\u2019Alliance IFCFA: Membre (Pays \/ \u00c9tat).<\/p>\n<h2><\/h2>\n<h2>Directeur G\u00e9n\u00e9ral<\/h2>\n<p>Le pr\u00e9sident est \u00e9lu par l&rsquo;assembl\u00e9e des membres pour 3 ans. Le m\u00eame poste peut \u00eatre pourvu pour une dur\u00e9e illimit\u00e9e par r\u00e9\u00e9lection.<\/p>\n<p>Les membres de la pr\u00e9sidence sont \u00e9lus par le pr\u00e9sident et les membres fondateurs pour un an. Le m\u00eame poste peut \u00eatre pourvu pour une dur\u00e9e illimit\u00e9e par r\u00e9\u00e9lection.<\/p>\n<p>&nbsp;<\/p>\n<h2>L&rsquo;adh\u00e9sion \u00e0 la pr\u00e9sidence cesse:<\/h2>\n<ul>\n<li>Avec d\u00e9mission du poste<\/li>\n<li>Rappel,<\/li>\n<li>Apr\u00e8s un temps d\u00e9termin\u00e9 expire,<\/li>\n<li>Avec la mort du membre de la pr\u00e9sidence.<\/li>\n<\/ul>\n<p>La d\u00e9mission doit \u00eatre annonc\u00e9e lors de la r\u00e9union de la pr\u00e9sidence et consign\u00e9e dans le rapport ou \u00e9crite de mani\u00e8re v\u00e9rifiable avec le pr\u00e9sident.<\/p>\n<p>Si la composition d&rsquo;un membre de la pr\u00e9sidence expire avant son expiration, le mandat du membre nouvellement \u00e9lu est pour la dur\u00e9e du mandat restant \u00e0 courir du mandat initial du membre \u00e9lu.<\/p>\n<p>&nbsp;<\/p>\n<h2>La pr\u00e9sidence est charg\u00e9e de prendre les d\u00e9cisions suivantes:<\/h2>\n<ul>\n<li>\u00c9tablissement du budget annuel de l&rsquo;association.<\/li>\n<li>Recommandation sur la position strat\u00e9gique vis-\u00e0-vis des objectifs et des t\u00e2ches de l&rsquo;association;<\/li>\n<li>Propositions de points de l&rsquo;ordre du jour;<\/li>\n<li>\u00c9tablir des comit\u00e9s de cas;<\/li>\n<li>La pr\u00e9sidence peut \u00eatre appel\u00e9e par le pr\u00e9sident \u00e0 tout moment, mais au moins une fois par an. La pr\u00e9sidence appelle de mani\u00e8re v\u00e9rifiable, par \u00e9crit, par courrier \u00e9lectronique.<\/li>\n<li>La pr\u00e9sidence a un quorum si plus de la moiti\u00e9 de ses membres sont impliqu\u00e9s. Les d\u00e9cisions de la pr\u00e9sidence sont prises \u00e0 la majorit\u00e9 des voix des membres pr\u00e9sents, \u00e0 l&rsquo;issue d&rsquo;un vote \u00e0 distance. 1 adh\u00e9sion, une voix.<\/li>\n<li>La pr\u00e9sidence est oblig\u00e9e d&rsquo;\u00e9lire le rapport et les deux membres qui certifient le rapport.<\/li>\n<\/ul>\n<h2><\/h2>\n<h2>Les devoirs et pouvoirs du pr\u00e9sident:<\/h2>\n<ul>\n<li>Convoquer l&rsquo;assembl\u00e9e,<\/li>\n<li>Convoquer et donner d\u00e9charge \u00e0 la r\u00e9union de la pr\u00e9sidence,<\/li>\n<li>Il veille \u00e0 la bonne pr\u00e9paration des r\u00e9unions et des d\u00e9cisions de la pr\u00e9sidence et des r\u00e9unions des membres.<\/li>\n<li>Ayant des contacts avec des organisations professionnelles similaires, des administrations publiques, des organismes publics,<\/li>\n<\/ul>\n<h2><\/h2>\n<h2>Le pr\u00e9sident des directeurs nationaux:<\/h2>\n<ul>\n<li>il contr\u00f4le la gestion de l&rsquo;association nationale,<\/li>\n<li>Il conclut les contrats n\u00e9cessaires au fonctionnement de l&rsquo;association nationale,<\/li>\n<li>Il soumet \u00e0 la pr\u00e9sidence les contrats, accords,<\/li>\n<li>Exercer les droits des employeurs sur les employ\u00e9s de l&rsquo;association nationale,<\/li>\n<li>Il organise et dirige les secr\u00e9taires.<\/li>\n<\/ul>\n<h2><\/h2>\n<h2>Le pr\u00e9sident, avec la participation des secr\u00e9taires<\/h2>\n<ul>\n<li>Introduit un registre des membres de l&rsquo;association nationale (membres de l&rsquo;association, membres auxiliaires, membres honoraires, membres professionnels)<\/li>\n<li>Enregistrement des cotisations pay\u00e9es, des cotisations professionnelles, des subventions,<\/li>\n<li>Il g\u00e8re les fonds de l&rsquo;association nationale en exer\u00e7ant ses pouvoirs de rachat,<\/li>\n<li>Il g\u00e8re les documents de l&rsquo;association nationale, ses certificats de revenus et de d\u00e9penses,<\/li>\n<li>Il effectue des t\u00e2ches de comptabilit\u00e9,<\/li>\n<li>Pr\u00e9sentez le r\u00e9f\u00e9rentiel des d\u00e9cisions.<\/li>\n<li>En l&rsquo;absence de d\u00e9cision, les membres de l&rsquo;Assembl\u00e9e et la d\u00e9cision de la pr\u00e9sidence doivent prendre les mesures qui s&rsquo;imposent, dans le respect des int\u00e9r\u00eats de la Direction nationale et de l&rsquo;Association internationale (IFCFA).<\/li>\n<li>Si le pr\u00e9sident est emp\u00each\u00e9, les vice-pr\u00e9sidents nomm\u00e9s par lui pour le remplacer.<\/li>\n<li>Parmi les vice-pr\u00e9sidents, le pr\u00e9sident d\u00e9signe les vice-pr\u00e9sidents responsables des t\u00e2ches professionnelles et le vice-pr\u00e9sident responsable des op\u00e9rations \u00e9lectroniques.<\/li>\n<\/ul>\n<h2><\/h2>\n<h2>Repr\u00e9sentation de l&rsquo;association<\/h2>\n<ul>\n<li>L\u2019association nationale est repr\u00e9sent\u00e9e ind\u00e9pendamment par le pr\u00e9sident. Au nom de l\u2019association nationale, le pr\u00e9sident a le droit de signer pour signature. S&rsquo;il n&rsquo;est pas signataire et que la loi requiert une forme \u00e9crite pour valider la d\u00e9claration, le vice-pr\u00e9sident doit signer deux signatures et avoir le droit de repr\u00e9senter le pr\u00e9sident. Le pr\u00e9sident fournit un acc\u00e8s bancaire \u00e9lectronique \u00e0 au moins 4 personnes des vice-pr\u00e9sidents et des membres de la pr\u00e9sidence, sur la base duquel seul un paiement par signature conjointe peut \u00eatre autoris\u00e9.<\/li>\n<li>Dans le cadre des activit\u00e9s professionnelles de l&rsquo;association nationale ou de l&rsquo;association internationale (IFCFA), le pr\u00e9sident, les vice-pr\u00e9sidents, les pr\u00e9sidents des commissions ou leurs membres \u00e0 la pr\u00e9sidence nomm\u00e9s ont le droit de repr\u00e9senter la fonction officielle au nom de l&rsquo;association nationale. En l&rsquo;absence de d\u00e9signation, le d\u00e9clarant ne peut \u00eatre consid\u00e9r\u00e9 comme une personne d\u00e9clarant au nom de l&rsquo;association nationale.<\/li>\n<\/ul>\n<p>&nbsp;<\/p>\n<h2>Si vous souhaitez poser votre candidature \u00e0 la pr\u00e9sidence nationale, veuillez remplir le formulaire ci-dessous:<\/h2>\n<p>&nbsp;<\/p>\n<p>[vfb id=3]<\/p>\n<p>&nbsp;<\/p>\n<p>Pour continuer \u00e0 \u00eatre membre f\u00e9d\u00e9ral, cliquez sur le lien \u00ab<strong>Login<\/strong>\u00bb (\u00e0 droite dans le menu) pour cr\u00e9er un compte avec vos propres informations. Dans votre compte final, vous pouvez cliquer sur le bouton \u201c<strong>Boutique<\/strong>\u201d dans l\u2019en-t\u00eate (en haut \u00e0 gauche) pour s\u00e9lectionner le membre appropri\u00e9. Vous pourrez ensuite passer votre commande en s\u00e9lectionnant les options de paiement suivantes:<\/p>\n<ul>\n<li><strong>PayPal<\/strong>\u00a0&gt; (\u00c9tapes: Choisir un forfait)<strong>&gt;<\/strong>\u00a0<strong>Paiement<\/strong> (bouton vert)<strong>&gt;<\/strong>\u00a0(PayPal Select) <strong>PayPal&gt;<\/strong>\u00a0<strong>Commander<\/strong> (Bouton bleu) &gt; <strong>Connectez-vous \u00e0 votre compte PayPal.<\/strong><\/li>\n<li><strong>Carte de cr\u00e9dit<\/strong>\u00a0&gt; (Etapes: s\u00e9lectionner un forfait) &gt; <strong>Paiement<\/strong> (bouton vert) &gt; (PayPal Select) <strong>PayPal<\/strong> &gt; <strong>Commander<\/strong> (bouton bleu) &gt; <strong>Paiement par carte de cr\u00e9dit<\/strong><\/li>\n<li><strong>Par virement bancaire<\/strong>\u00a0&gt; (\u00c9tapes: S\u00e9lectionnez un forfait) &gt; <strong>Paiement<\/strong> (bouton vert) &gt; (S\u00e9lectionnez un mode de paiement) <strong>Mail dans l\u2019option Paiement<\/strong> &gt; <strong>Commande<\/strong> (bouton bleu).<br \/>\nAvec les \u00e9tapes ci-dessus, vous pouvez commander votre commande pour IFCFA Alliance.<\/li>\n<\/ul>\n<p><strong>D\u00e8s que le paiement arrive, nous vous enverrons notre confirmation pour v\u00e9rifier que le formulaire est correctement rempli. D\u00e8s que vous avez re\u00e7u la confirmation de l\u2019exactitude des donn\u00e9es, nous entamons le processus de connexion et vous enverrons toutes les \u00e9tapes ult\u00e9rieures.<\/strong><\/p>","protected":false},"excerpt":{"rendered":"<p><p>Signification de chef de la direction: Pr\u00e9sident de la direction au sein de l\u2019Alliance IFCFA: Membre (Pays \/ \u00c9tat). Directeur G\u00e9n\u00e9ral Le pr\u00e9sident est \u00e9lu par l&rsquo;assembl\u00e9e des membres pour 3 ans. Le m\u00eame poste peut \u00eatre pourvu pour une dur\u00e9e illimit\u00e9e par r\u00e9\u00e9lection. Les membres de la pr\u00e9sidence sont \u00e9lus par le pr\u00e9sident et<\/p>\n<\/p>","protected":false},"author":5,"featured_media":0,"parent":0,"menu_order":0,"comment_status":"closed","ping_status":"closed","template":"","meta":{"footnotes":""},"class_list":["post-5380","page","type-page","status-publish","hentry"],"_links":{"self":[{"href":"https:\/\/ifcfa.org\/fr\/wp-json\/wp\/v2\/pages\/5380"}],"collection":[{"href":"https:\/\/ifcfa.org\/fr\/wp-json\/wp\/v2\/pages"}],"about":[{"href":"https:\/\/ifcfa.org\/fr\/wp-json\/wp\/v2\/types\/page"}],"author":[{"embeddable":true,"href":"https:\/\/ifcfa.org\/fr\/wp-json\/wp\/v2\/users\/5"}],"replies":[{"embeddable":true,"href":"https:\/\/ifcfa.org\/fr\/wp-json\/wp\/v2\/comments?post=5380"}],"version-history":[{"count":30,"href":"https:\/\/ifcfa.org\/fr\/wp-json\/wp\/v2\/pages\/5380\/revisions"}],"predecessor-version":[{"id":6036,"href":"https:\/\/ifcfa.org\/fr\/wp-json\/wp\/v2\/pages\/5380\/revisions\/6036"}],"wp:attachment":[{"href":"https:\/\/ifcfa.org\/fr\/wp-json\/wp\/v2\/media?parent=5380"}],"curies":[{"name":"wp","href":"https:\/\/api.w.org\/{rel}","templated":true}]}}