{"id":5357,"date":"2018-06-20T10:31:03","date_gmt":"2018-06-20T10:31:03","guid":{"rendered":"https:\/\/ifcfa.org\/?page_id=5357"},"modified":"2018-12-30T10:41:49","modified_gmt":"2018-12-30T10:41:49","slug":"honorary-members","status":"publish","type":"page","link":"https:\/\/ifcfa.org\/fr\/honorary-members\/","title":{"rendered":"Membres honoraires"},"content":{"rendered":"<p>Le membre honoraire de l&rsquo;association peut devenir une personne physique ou morale de toute nationalit\u00e9 (personne physique, personne morale, entreprise non l\u00e9gale) qui est engag\u00e9e sur la base de l&rsquo;objectif de l&rsquo;association ou d&rsquo;activit\u00e9s continues li\u00e9es au domaine de l&rsquo;association et \u00e0 la promotion de la comp\u00e9tence f\u00e9d\u00e9rale. objectifs de l\u2019association, l\u2019assembl\u00e9e des membres d\u00e9cide en tant que membres honoraires. En outre, le candidat:<\/p>\n<ul>\n<li>D\u00e9clarez votre intention d&rsquo;entrer et<\/li>\n<li>Accepte les objectifs de l&rsquo;Alliance,<\/li>\n<li>En vertu des statuts, il s&rsquo;engage \u00e0 remplir les obligations des membres de l&rsquo;association.<\/li>\n<\/ul>\n<h2>Le membre d&rsquo;honneur<\/h2>\n<ul>\n<li>Il ne peut \u00eatre \u00e9lu dans les organes de l\u2019Association;<\/li>\n<li>Vous ne pouvez participer qu&rsquo;\u00e0 la prise de d\u00e9cision de l&rsquo;assembl\u00e9e de l&rsquo;association;<\/li>\n<li>Vous devez vous conformer aux Statuts de l\u2019Association, appliquer les r\u00e9solutions de l\u2019Assembl\u00e9e, des Commissions et de la Pr\u00e9sidence.<\/li>\n<\/ul>\n<p>Le membre honoraire est enregistr\u00e9 par le Secr\u00e9tariat sur la base d&rsquo;une d\u00e9cision de l&rsquo;Assembl\u00e9e des membres et envoie un message \u00e9lectronique sur l&rsquo;enregistrement. La date de d\u00e9but de l\u2019adh\u00e9sion a lieu \u00e0 la date de la d\u00e9cision d\u2019\u00e9lire le membre honoraire.<\/p>","protected":false},"excerpt":{"rendered":"<p><p>Le membre honoraire de l&rsquo;association peut devenir une personne physique ou morale de toute nationalit\u00e9 (personne physique, personne morale, entreprise non l\u00e9gale) qui est engag\u00e9e sur la base de l&rsquo;objectif de l&rsquo;association ou d&rsquo;activit\u00e9s continues li\u00e9es au domaine de l&rsquo;association et \u00e0 la promotion de la comp\u00e9tence f\u00e9d\u00e9rale. objectifs de l\u2019association, l\u2019assembl\u00e9e des membres d\u00e9cide<\/p>\n<\/p>","protected":false},"author":5,"featured_media":0,"parent":0,"menu_order":0,"comment_status":"closed","ping_status":"closed","template":"","meta":{"footnotes":""},"class_list":["post-5357","page","type-page","status-publish","hentry"],"_links":{"self":[{"href":"https:\/\/ifcfa.org\/fr\/wp-json\/wp\/v2\/pages\/5357"}],"collection":[{"href":"https:\/\/ifcfa.org\/fr\/wp-json\/wp\/v2\/pages"}],"about":[{"href":"https:\/\/ifcfa.org\/fr\/wp-json\/wp\/v2\/types\/page"}],"author":[{"embeddable":true,"href":"https:\/\/ifcfa.org\/fr\/wp-json\/wp\/v2\/users\/5"}],"replies":[{"embeddable":true,"href":"https:\/\/ifcfa.org\/fr\/wp-json\/wp\/v2\/comments?post=5357"}],"version-history":[{"count":13,"href":"https:\/\/ifcfa.org\/fr\/wp-json\/wp\/v2\/pages\/5357\/revisions"}],"predecessor-version":[{"id":5965,"href":"https:\/\/ifcfa.org\/fr\/wp-json\/wp\/v2\/pages\/5357\/revisions\/5965"}],"wp:attachment":[{"href":"https:\/\/ifcfa.org\/fr\/wp-json\/wp\/v2\/media?parent=5357"}],"curies":[{"name":"wp","href":"https:\/\/api.w.org\/{rel}","templated":true}]}}