{"id":5355,"date":"2018-06-20T10:29:23","date_gmt":"2018-06-20T10:29:23","guid":{"rendered":"https:\/\/ifcfa.org\/?page_id=5355"},"modified":"2018-06-20T14:15:01","modified_gmt":"2018-06-20T14:15:01","slug":"supporting-members","status":"publish","type":"page","link":"https:\/\/ifcfa.org\/fr\/supporting-members\/","title":{"rendered":"Membres de soutien"},"content":{"rendered":"<p><\/p>\n<h2>Membres de soutien<\/h2>\n<p>Le membre de soutien<br \/>\n&#8211; Il ne peut \u00eatre \u00e9lu ou \u00e9lu dans les organes de l&rsquo;Alliance;<br \/>\n&#8211; Vous ne pouvez participer qu&rsquo;\u00e0 la prise de d\u00e9cision de l&rsquo;Assembl\u00e9e de l&rsquo;Alliance;<br \/>\n&#8211; doit observer la Constitution de l&rsquo;Association, mettre en \u0153uvre les r\u00e9solutions de l&rsquo;Assembl\u00e9e, des Commissions et de la Pr\u00e9sidence.<\/p>\n<p>Le membre de soutien de l&rsquo;Association doit, sur une base annuelle, \u00e0 la date limite fix\u00e9e par le Secr\u00e9tariat, verser le virement sur le compte de l&rsquo;Alliance en souscrivant \u00e0 l&rsquo;Alliance.<\/p>\n<p>Le pr\u00e9sident de la f\u00e9d\u00e9ration peut \u00e9lire une personne qui a vers\u00e9 une subvention annuelle d&rsquo;un certain montant d&rsquo;aide \u00e0 la f\u00e9d\u00e9ration et a vers\u00e9 sa premi\u00e8re subvention en la transf\u00e9rant sur le compte de l&rsquo;association. Les organes budg\u00e9taires de la f\u00e9d\u00e9ration ne peuvent pas \u00eatre membres de soutien. Le membre de soutien est enregistr\u00e9 par le secr\u00e9tariat et envoie un message \u00e9lectronique au membre de soutien de l&rsquo;enregistrement.<\/p>\n<p>La date de d\u00e9but de l&rsquo;adh\u00e9sion est pour les membres f\u00e9d\u00e9raux le jour o\u00f9 le Bureau a pris la d\u00e9cision de faire un choix d&rsquo;adh\u00e9sion.<\/p>\n<h2>Pour remplir votre demande, remplissez le formulaire suivant:<\/h2>\n<p><\/p>","protected":false},"excerpt":{"rendered":"<p><p>Membres de soutien Le membre de soutien &#8211; Il ne peut \u00eatre \u00e9lu ou \u00e9lu dans les organes de l&rsquo;Alliance; &#8211; Vous ne pouvez participer qu&rsquo;\u00e0 la prise de d\u00e9cision de l&rsquo;Assembl\u00e9e de l&rsquo;Alliance; &#8211; doit observer la Constitution de l&rsquo;Association, mettre en \u0153uvre les r\u00e9solutions de l&rsquo;Assembl\u00e9e, des Commissions et de la Pr\u00e9sidence. Le<\/p>\n<\/p>","protected":false},"author":5,"featured_media":0,"parent":0,"menu_order":0,"comment_status":"closed","ping_status":"closed","template":"","meta":{"footnotes":""},"class_list":["post-5355","page","type-page","status-publish","hentry"],"_links":{"self":[{"href":"https:\/\/ifcfa.org\/fr\/wp-json\/wp\/v2\/pages\/5355"}],"collection":[{"href":"https:\/\/ifcfa.org\/fr\/wp-json\/wp\/v2\/pages"}],"about":[{"href":"https:\/\/ifcfa.org\/fr\/wp-json\/wp\/v2\/types\/page"}],"author":[{"embeddable":true,"href":"https:\/\/ifcfa.org\/fr\/wp-json\/wp\/v2\/users\/5"}],"replies":[{"embeddable":true,"href":"https:\/\/ifcfa.org\/fr\/wp-json\/wp\/v2\/comments?post=5355"}],"version-history":[{"count":3,"href":"https:\/\/ifcfa.org\/fr\/wp-json\/wp\/v2\/pages\/5355\/revisions"}],"predecessor-version":[{"id":5373,"href":"https:\/\/ifcfa.org\/fr\/wp-json\/wp\/v2\/pages\/5355\/revisions\/5373"}],"wp:attachment":[{"href":"https:\/\/ifcfa.org\/fr\/wp-json\/wp\/v2\/media?parent=5355"}],"curies":[{"name":"wp","href":"https:\/\/api.w.org\/{rel}","templated":true}]}}