{"id":3102,"date":"2018-04-30T14:04:57","date_gmt":"2018-04-30T14:04:57","guid":{"rendered":"https:\/\/ifcfa.org\/?page_id=3102"},"modified":"2023-05-04T17:18:06","modified_gmt":"2023-05-04T17:18:06","slug":"articles-of-association","status":"publish","type":"page","link":"https:\/\/ifcfa.org\/fr\/articles-of-association\/","title":{"rendered":"Articles d&rsquo;association"},"content":{"rendered":"<p><\/p>\n<h2 style=\"text-align: center;\">Informations G\u00e9n\u00e9rales<\/h2>\n<p>&nbsp;<\/p>\n<ol>\n<li><strong>Le nom de l\u2019association:<\/strong>\u00a0 International Federation of Company Founders &amp; Accountants (<strong>F\u00e9d\u00e9ration internationale des fondateurs et des comptables)<\/strong><\/li>\n<li><strong>Nom abr\u00e9g\u00e9 de l&rsquo;association:<\/strong> IFCFA Association<\/li>\n<li><strong>Adresse du si\u00e8ge social de l\u2019Association:<\/strong> 293 Sugar Mill Business Park, Oakhurst Avenue, Leeds, South Yorkshire, LS117HL, United Kingdom<\/li>\n<li><strong>Num\u00e9ro d&rsquo;entreprise:<\/strong> 11335775<\/li>\n<li><strong>Donn\u00e9es bancaires:<\/strong> Banque Santander, <strong>Code de tri:<\/strong> 09-01-29; <strong>Num\u00e9ro de compte:<\/strong> 26808206; <strong>IBAN:<\/strong> GB35ABBY09012926808206; <strong>Code BIC \/ Swift:<\/strong> ABBYGB2L<\/li>\n<\/ol>\n<blockquote><p><strong>\u20acuro bank account (\u20ac)\u00a0 Swift\/BIC code: <\/strong><span>TRWIBEB1XXX;\u00a0 <strong>IBAN<\/strong>: BE07 9676 2842 4566<\/span><br \/>\n<strong>British pounds account (\u00a3)\u00a0 Sort code: <\/strong>23-14-70;<strong>\u00a0 \u00a0Account number: <\/strong>46617012;<strong><span>\u00a0 \u00a0IBAN: <\/span><\/strong>GB61 TRWI 2314 7046 6170 12<br \/>\n<strong>American USD account ($) dollar account details: ACH: <\/strong>084009519;\u00a0 <strong>Bank account number:<\/strong> <span>9600013415668150<\/span><\/p><\/blockquote>\n<ol>\n<li><strong>Compte PayPal:<\/strong> info@ifcfa.org<\/li>\n<li><strong>Site web:<\/strong> https:\/\/ifcfa.org<\/li>\n<li><strong>Adresse \u00e9lectronique:<\/strong> <a href=\"mailto:info@ifcfa.org\">info@ifcfa.org<\/a><\/li>\n<li><strong>Client Gate:<\/strong> <a href=\"https:\/\/ifcfa.org\/login\/clientarea.php?language=french\">https:\/\/ifcfa.org\/login\/<\/a><\/li>\n<li><strong>T\u00e9l\u00e9phone: UK-Land Line:<\/strong> +44 (0) 1357-340-000;\u00a0 <strong>UK-Mobile:<\/strong> +44 (0) 757-29-410-40; <strong>HU-Mobile:<\/strong> + 3670 \/ 550-2804<\/li>\n<li><strong>Statut juridique de l\u2019Association\u00a0:<\/strong>l\u2019Association mondiale des soci\u00e9t\u00e9s et intervenants sp\u00e9cialis\u00e9s dans la cr\u00e9ation &amp; comptabilit\u00e9 d\u2019entreprise (ci-apr\u00e8s\u00a0: IFCFA) est une association non gouvernementale qui agit au titre d\u2019organisation professionnelle de protection et de repr\u00e9sentation d\u2019int\u00e9r\u00eats, dans tous les pays du monde (o\u00f9 existent la cr\u00e9ation d\u2019entreprise et\/ou la tenue de livres comptables) et dont l\u2019activit\u00e9 est conforme aux r\u00e8gles de l\u2019association.<\/li>\n<li><strong>La IFCFA, <\/strong>comme association, est une personne morale.<\/li>\n<li><strong>Les langues officielles de l\u2019Association sont\u00a0<\/strong>l\u2019anglais et le hongrois.<\/li>\n<\/ol>\n<p>&nbsp;<\/p>\n<p>&nbsp;<\/p>\n<h2 style=\"text-align: center;\">Principaux objectifs de l\u2019Association\u00a0:<\/h2>\n<p>&nbsp;<\/p>\n<p>&nbsp;<\/p>\n<ol start=\"14\">\n<li><strong>Repr\u00e9senter les int\u00e9r\u00eats<\/strong> professionnels des membres, leur offrir des soutiens, informations, formations et conseils professionnels, organiser des s\u00e9minaires et conf\u00e9rences sur les missions de cr\u00e9ation d\u2019entreprise et de comptabilit\u00e9 ainsi qu\u2019\u00e9diter et diffuser des ouvrages de pr\u00e9sentation.<\/li>\n<li><strong>Optimiser le site Web<\/strong> de l\u2019Association en fonction des mots cl\u00e9s indiqu\u00e9s par les membres lors de leur enregistrement (Google, Yahoo, Bing, Search, Yandex) et transmettre aux membres concern\u00e9s les demandes re\u00e7ues sur le site Web ifcfa.org.<\/li>\n<li><strong>Rendre accessible<\/strong> \u00e0 chaque visiteur du site Web, dans sa langue native, les coordonn\u00e9es de la soci\u00e9t\u00e9 sp\u00e9cialis\u00e9e dans la cr\u00e9ation d\u2019entreprise et\/ou du cabinet comptable qui exercent leurs activit\u00e9s dans le pays o\u00f9 le visiteur souhaite cr\u00e9er une entreprise et faire tenir ses livres comptables.<\/li>\n<li><strong>Rendre accessible<\/strong> \u00e0 chaque visiteur du site Web, dans sa langue native, les coordonn\u00e9es de la soci\u00e9t\u00e9 sp\u00e9cialis\u00e9e dans la cr\u00e9ation d\u2019entreprise et\/ou du cabinet comptable qui exercent leurs activit\u00e9s dans le pays o\u00f9 la garantie de qualit\u00e9 est assur\u00e9e au client conform\u00e9ment aux crit\u00e8res pr\u00e9vus par l\u2019Association (&#8230;&#8230;&#8230;&#8230;.. points).<\/li>\n<li><strong>Recommander aux<\/strong> clients des soci\u00e9t\u00e9s offrant une prestation de qualit\u00e9 (utilisation de logo)<\/li>\n<li><strong>Favoriser entre<\/strong> les membres la mise en commun de la client\u00e8le (par ex.\u00a0: un membre de l\u2019Association sp\u00e9cialis\u00e9 uniquement dans la cr\u00e9ation d\u2019entreprise turque, pourra demander assistance \u00e0 un co-membre allemand sp\u00e9cialis\u00e9 dans la cr\u00e9ation d\u2019entreprise allemande, si le client de ce premier souhaite cr\u00e9er une entreprise allemande)<\/li>\n<li>Offrir des opportunit\u00e9s d&rsquo;investissement, des subventions, des programmes de tutorat pour les membres.<\/li>\n<li>Fournir un soutien aux membres pour les activit\u00e9s d&rsquo;investissement, de candidature et de parrainage de leurs clients<\/li>\n<li><strong>Populariser les<\/strong> m\u00e9tiers de la cr\u00e9ation d\u2019entreprise et de la comptabilit\u00e9<\/li>\n<li><strong>Repr\u00e9senter les int\u00e9r\u00eats<\/strong> des m\u00e9tiers de la cr\u00e9ation d\u2019entreprise et de la comptabilit\u00e9 en prenant position concernant les projets de lois relatifs \u00e0 ces m\u00e9tiers et en intervenant aupr\u00e8s des autorit\u00e9s comp\u00e9tentes diff\u00e9rentes<\/li>\n<li><strong>Repr\u00e9senter l\u2019Association<\/strong> dans les diff\u00e9rents pays et aupr\u00e8s des organisations professionnelles internationales<\/li>\n<li><strong>Cr\u00e9er des divisions<\/strong> autonomes dans chaque pays<\/li>\n<li><strong>\u00c9tablir des notes<\/strong> sur la r\u00e9glementation relative aux activit\u00e9s de cr\u00e9ation d\u2019entreprise et de comptabilit\u00e9,<\/li>\n<li><strong>\u00c9laborer des propositions<\/strong> pour la modification des lois portant sur les activit\u00e9s de cr\u00e9ation d\u2019entreprise et de comptabilit\u00e9, pour l\u2019\u00e9tablissement de normes internationales, pour la simplification des missions de cr\u00e9ation d\u2019entreprise et de comptabilit\u00e9, pour la modernisation de l\u2019enseignement et de la formation dans ce domaine,<\/li>\n<li><strong>D\u00e9velopper les principes<\/strong> th\u00e9oriques de la cr\u00e9ation d\u2019entreprise et de la comptabilit\u00e9 ainsi que finaliser et mettre en place les bonnes pratiques,<\/li>\n<li><strong>\u00c9laborer les normes<\/strong> \u00e9thiques professionnelles et conceptualiser la formation professionnelle concernant l\u2019ensemble des activit\u00e9s de cr\u00e9ation d\u2019entreprise et de comptabilit\u00e9,<\/li>\n<li><strong>Mettre en place les<\/strong> mesures relatives \u00e0 la formation professionnelle continue des membres et participer \u00e0 leur formation professionnelle,<\/li>\n<li><strong>G\u00e9rer un service<\/strong> d\u2019informations professionnelles, collecter les points ouverts et les prises de position les concernant,<\/li>\n<li><strong>Collecter et publier<\/strong> les prises de position accord\u00e9es et approuv\u00e9es par la profession<\/li>\n<li><strong>Organiser des conf\u00e9rences<\/strong>, consultations, forums-d\u00e9bats sur les missions d\u2019actualit\u00e9, les difficult\u00e9s rencontr\u00e9es avec, si besoin est, l\u2019intervention d\u2019avocats, conseillers fiscaux et experts comptables et dans tous les cas, avec le plus grand respect de la libert\u00e9 d\u2019expression<\/li>\n<li><strong>Conseiller les membres<\/strong> afin qu\u2019ils soient consid\u00e9r\u00e9s comme des experts reconnus et r\u00e9put\u00e9s dans les m\u00e9tiers de la cr\u00e9ation d\u2019entreprise, de la fiscalit\u00e9 et de la comptabilit\u00e9<\/li>\n<li><strong>Former les intervenants<\/strong> sp\u00e9cialis\u00e9s dans la cr\u00e9ation d\u2019entreprise ainsi que les comptables dans le cadre des formations accr\u00e9dit\u00e9es<\/li>\n<li><strong>Coop\u00e9rer avec d\u2019autres<\/strong> organisations, associations dans le but d\u2019atteindre les objectifs professionnels<\/li>\n<li><strong>Offrir aux membres de l\u2019Association<\/strong> \u2013 selon les possibilit\u00e9s \u2013 des activit\u00e9s afin de satisfaire \u00e0 leurs souhaits de r\u00e9cr\u00e9ation et de sport<\/li>\n<li><strong> Les comp\u00e9tence de l\u2019Association<\/strong>s\u2019\u00e9tendent \u00e0 tous les pays du monde o\u00f9 existent la cr\u00e9ation d\u2019entreprise et\/ou la tenue de livres comptables.<\/li>\n<\/ol>\n<p>&nbsp;<\/p>\n<h2 style=\"text-align: center;\">La structure organisationnelle de l&rsquo;association<\/h2>\n<p style=\"text-align: center;\">Dans tous les pays:\u00a0\u00a0<a href=\"https:\/\/ifcfa.org\/fr\/registration\/\">https:\/\/ifcfa.org\/fr\/registration\/<\/a><\/p>\n<p>&nbsp;<\/p>\n<p>&nbsp;<\/p>\n<h2>\u00cates-vous question? Ecrire ici:<\/h2>\n<p>[vfb id=1]<\/p>","protected":false},"excerpt":{"rendered":"<p><p>Informations G\u00e9n\u00e9rales &nbsp; Le nom de l\u2019association:\u00a0 International Federation of Company Founders &amp; Accountants (F\u00e9d\u00e9ration internationale des fondateurs et des comptables) Nom abr\u00e9g\u00e9 de l&rsquo;association: IFCFA Association Adresse du si\u00e8ge social de l\u2019Association: 293 Sugar Mill Business Park, Oakhurst Avenue, Leeds, South Yorkshire, LS117HL, United Kingdom Num\u00e9ro d&rsquo;entreprise: 11335775 Donn\u00e9es bancaires: Banque Santander, Code de<\/p>\n<\/p>","protected":false},"author":5,"featured_media":0,"parent":0,"menu_order":0,"comment_status":"closed","ping_status":"closed","template":"","meta":{"footnotes":""},"class_list":["post-3102","page","type-page","status-publish","hentry"],"_links":{"self":[{"href":"https:\/\/ifcfa.org\/fr\/wp-json\/wp\/v2\/pages\/3102"}],"collection":[{"href":"https:\/\/ifcfa.org\/fr\/wp-json\/wp\/v2\/pages"}],"about":[{"href":"https:\/\/ifcfa.org\/fr\/wp-json\/wp\/v2\/types\/page"}],"author":[{"embeddable":true,"href":"https:\/\/ifcfa.org\/fr\/wp-json\/wp\/v2\/users\/5"}],"replies":[{"embeddable":true,"href":"https:\/\/ifcfa.org\/fr\/wp-json\/wp\/v2\/comments?post=3102"}],"version-history":[{"count":207,"href":"https:\/\/ifcfa.org\/fr\/wp-json\/wp\/v2\/pages\/3102\/revisions"}],"predecessor-version":[{"id":6444,"href":"https:\/\/ifcfa.org\/fr\/wp-json\/wp\/v2\/pages\/3102\/revisions\/6444"}],"wp:attachment":[{"href":"https:\/\/ifcfa.org\/fr\/wp-json\/wp\/v2\/media?parent=3102"}],"curies":[{"name":"wp","href":"https:\/\/api.w.org\/{rel}","templated":true}]}}