{"id":1339,"date":"2018-04-15T13:07:39","date_gmt":"2018-04-15T13:07:39","guid":{"rendered":"https:\/\/ifcfa.org\/?page_id=1339"},"modified":"2023-05-19T20:19:39","modified_gmt":"2023-05-19T20:19:39","slug":"contact","status":"publish","type":"page","link":"https:\/\/ifcfa.org\/fr\/contact\/","title":{"rendered":"Contact"},"content":{"rendered":"<p><\/p>\n<ol>\n<li><strong>Le nom de l\u2019association:<\/strong>\u00a0 International Federation of Company Founders &amp; Accountants (<strong>F\u00e9d\u00e9ration internationale des fondateurs et des comptables)<\/strong><\/li>\n<li><strong>Nom abr\u00e9g\u00e9 de l\u2019association:<\/strong><span>\u00a0<\/span>IFCFA Association<\/li>\n<li><strong>Adresse du si\u00e8ge social de l\u2019Association:<\/strong><span>\u00a0<\/span>293 Sugar Mill Business Park, Oakhurst Avenue, Leeds, South Yorkshire, LS117HL, United Kingdom<\/li>\n<li><strong>Num\u00e9ro d\u2019entreprise:<\/strong><span>\u00a0<\/span>11335775<\/li>\n<li><strong>Donn\u00e9es bancaires:<\/strong><span>\u00a0<\/span>Banque Santander,<span>\u00a0<\/span><strong>Code de tri:<\/strong><span>\u00a0<\/span>09-01-29;<span>\u00a0<\/span><strong>Num\u00e9ro de compte:<\/strong><span>\u00a0<\/span>26808206;<span>\u00a0<\/span><strong>IBAN:<\/strong><span>\u00a0<\/span>GB35ABBY09012926808206;<span>\u00a0<\/span><strong>Code BIC \/ Swift:<\/strong><span>\u00a0<\/span>ABBYGB2L<\/li>\n<\/ol>\n<blockquote><p><strong>\u20acuro bank account (\u20ac)\u00a0 Swift\/BIC code:<span>\u00a0<\/span><\/strong><span>TRWIBEB1XXX;\u00a0\u00a0<strong>IBAN<\/strong>: BE07 9676 2842 4566<\/span><br \/>\n<strong>British pounds account (\u00a3)\u00a0 Sort code:<span>\u00a0<\/span><\/strong>23-14-70;<strong>\u00a0 \u00a0Account number:<span>\u00a0<\/span><\/strong>46617012;<strong><span>\u00a0 \u00a0IBAN:\u00a0<\/span><\/strong>GB61 TRWI 2314 7046 6170 12<br \/>\n<strong>American USD account ($) dollar account details: ACH:<span>\u00a0<\/span><\/strong>084009519;\u00a0<span>\u00a0<\/span><strong>Bank account number:<\/strong><span>\u00a0<\/span><span>9600013415668150<\/span><\/p><\/blockquote>\n<ol>\n<li><strong>Compte PayPal:<\/strong><span>\u00a0<\/span>info@ifcfa.org<\/li>\n<li><strong>Site web:<\/strong><span>\u00a0<\/span>https:\/\/ifcfa.org<\/li>\n<li><strong>Adresse \u00e9lectronique:<\/strong><span>\u00a0<\/span><a href=\"mailto:info@ifcfa.org\">info@ifcfa.org<\/a><\/li>\n<li><strong>Client Gate:<\/strong><span>\u00a0<\/span><a href=\"https:\/\/ifcfa.org\/login\/clientarea.php?language=french\">https:\/\/ifcfa.org\/login\/<\/a><\/li>\n<li><strong>T\u00e9l\u00e9phone: UK-Land Line:<\/strong><span>\u00a0<\/span>+44 (0) 1357-340-000;\u00a0<span>\u00a0<\/span><strong>UK-Mobile:<\/strong><span>\u00a0<\/span>+44 (0) 757-29-410-40;<span>\u00a0<\/span><strong>HU-Mobile:<\/strong><span>\u00a0<\/span>+ 3670 \/ 550-2804<\/li>\n<li><strong>Statut juridique de l\u2019Association\u00a0:<\/strong>l\u2019Association mondiale des soci\u00e9t\u00e9s et intervenants sp\u00e9cialis\u00e9s dans la cr\u00e9ation &amp; comptabilit\u00e9 d\u2019entreprise (ci-apr\u00e8s\u00a0: IFCFA) est une association non gouvernementale qui agit au titre d\u2019organisation professionnelle de protection et de repr\u00e9sentation d\u2019int\u00e9r\u00eats, dans tous les pays du monde (o\u00f9 existent la cr\u00e9ation d\u2019entreprise et\/ou la tenue de livres comptables) et dont l\u2019activit\u00e9 est conforme aux r\u00e8gles de l\u2019association.<\/li>\n<li><strong>La IFCFA,<span>\u00a0<\/span><\/strong>comme association, est une personne morale.<\/li>\n<li><strong>Les langues officielles de l\u2019Association sont\u00a0<\/strong>l\u2019anglais et le hongrois.<\/li>\n<\/ol>\n<blockquote>\n<h2 style=\"text-align: right;\"><a href=\"https:\/\/ifcfa.org\/fr\/newsletter\/\" target=\"_blank\" rel=\"noopener\">S&rsquo;inscrire aux Newsletters!<\/a><\/h2>\n<\/blockquote>\n<p>[vfb id=1]<\/p>","protected":false},"excerpt":{"rendered":"<p><p>Le nom de l\u2019association:\u00a0 International Federation of Company Founders &amp; Accountants (F\u00e9d\u00e9ration internationale des fondateurs et des comptables) Nom abr\u00e9g\u00e9 de l\u2019association:\u00a0IFCFA Association Adresse du si\u00e8ge social de l\u2019Association:\u00a0293 Sugar Mill Business Park, Oakhurst Avenue, Leeds, South Yorkshire, LS117HL, United Kingdom Num\u00e9ro d\u2019entreprise:\u00a011335775 Donn\u00e9es bancaires:\u00a0Banque Santander,\u00a0Code de tri:\u00a009-01-29;\u00a0Num\u00e9ro de compte:\u00a026808206;\u00a0IBAN:\u00a0GB35ABBY09012926808206;\u00a0Code BIC \/ Swift:\u00a0ABBYGB2L \u20acuro bank<\/p>\n<\/p>","protected":false},"author":5,"featured_media":0,"parent":0,"menu_order":0,"comment_status":"closed","ping_status":"closed","template":"","meta":{"footnotes":""},"class_list":["post-1339","page","type-page","status-publish","hentry"],"_links":{"self":[{"href":"https:\/\/ifcfa.org\/fr\/wp-json\/wp\/v2\/pages\/1339"}],"collection":[{"href":"https:\/\/ifcfa.org\/fr\/wp-json\/wp\/v2\/pages"}],"about":[{"href":"https:\/\/ifcfa.org\/fr\/wp-json\/wp\/v2\/types\/page"}],"author":[{"embeddable":true,"href":"https:\/\/ifcfa.org\/fr\/wp-json\/wp\/v2\/users\/5"}],"replies":[{"embeddable":true,"href":"https:\/\/ifcfa.org\/fr\/wp-json\/wp\/v2\/comments?post=1339"}],"version-history":[{"count":53,"href":"https:\/\/ifcfa.org\/fr\/wp-json\/wp\/v2\/pages\/1339\/revisions"}],"predecessor-version":[{"id":6544,"href":"https:\/\/ifcfa.org\/fr\/wp-json\/wp\/v2\/pages\/1339\/revisions\/6544"}],"wp:attachment":[{"href":"https:\/\/ifcfa.org\/fr\/wp-json\/wp\/v2\/media?parent=1339"}],"curies":[{"name":"wp","href":"https:\/\/api.w.org\/{rel}","templated":true}]}}