{"id":1226,"date":"2018-04-14T19:44:03","date_gmt":"2018-04-14T19:44:03","guid":{"rendered":"https:\/\/ifcfa.org\/?page_id=1226"},"modified":"2018-12-13T18:39:25","modified_gmt":"2018-12-13T18:39:25","slug":"world-association-of-company-founders-accountants","status":"publish","type":"page","link":"https:\/\/ifcfa.org\/fr\/","title":{"rendered":"F\u00e9d\u00e9ration internationale des fondateurs et des comptables"},"content":{"rendered":"<p><\/p>\n<h2>Bienvenue!<\/h2>\n<p>&nbsp;<\/p>\n<p>Sur notre site Web, vous trouverez une entreprise de r\u00e9putation mondiale dans le domaine de la cr\u00e9ation d&rsquo;entreprise et de la comptabilit\u00e9.<\/p>\n<p>Par continent, vous pouvez trouver une entreprise qui vous convient pour cr\u00e9er votre entreprise ou r\u00e9server votre entreprise dans un pays donn\u00e9.<\/p>\n<p>&nbsp;<\/p>\n<p>Par exemple, si vous souhaitez cr\u00e9er une soci\u00e9t\u00e9 anglaise, cliquez simplement sur<\/p>\n<p><strong>Menu principal&gt; Royaume-Uni&gt; Angleterre lien<\/strong><\/p>\n<p>&nbsp;<\/p>\n<p>Ce site est une liste d&rsquo;entreprises certifi\u00e9es par <strong>F\u00e9d\u00e9ration internationale des fondateurs et des comptables.<\/strong><\/p>\n<p>Nos entreprises passent par le filtre strict de s\u00e9curit\u00e9 de l&rsquo;entreprise, de confidentialit\u00e9 et d&rsquo;enregistrement.<\/p>\n<p>Si vous \u00eates \u00e9galement impliqu\u00e9 dans l&rsquo;\u00e9tablissement d&rsquo;une soci\u00e9t\u00e9 et \/ ou de la tenue de livres, commencez votre inscription sous l&rsquo;\u00e9l\u00e9ment de menu lien.<\/p>","protected":false},"excerpt":{"rendered":"<p><p>Bienvenue! &nbsp; Sur notre site Web, vous trouverez une entreprise de r\u00e9putation mondiale dans le domaine de la cr\u00e9ation d&rsquo;entreprise et de la comptabilit\u00e9. Par continent, vous pouvez trouver une entreprise qui vous convient pour cr\u00e9er votre entreprise ou r\u00e9server votre entreprise dans un pays donn\u00e9. &nbsp; Par exemple, si vous souhaitez cr\u00e9er une soci\u00e9t\u00e9<\/p>\n<\/p>","protected":false},"author":5,"featured_media":0,"parent":0,"menu_order":0,"comment_status":"closed","ping_status":"closed","template":"templates\/home-page.php","meta":{"footnotes":""},"class_list":["post-1226","page","type-page","status-publish","hentry"],"_links":{"self":[{"href":"https:\/\/ifcfa.org\/fr\/wp-json\/wp\/v2\/pages\/1226"}],"collection":[{"href":"https:\/\/ifcfa.org\/fr\/wp-json\/wp\/v2\/pages"}],"about":[{"href":"https:\/\/ifcfa.org\/fr\/wp-json\/wp\/v2\/types\/page"}],"author":[{"embeddable":true,"href":"https:\/\/ifcfa.org\/fr\/wp-json\/wp\/v2\/users\/5"}],"replies":[{"embeddable":true,"href":"https:\/\/ifcfa.org\/fr\/wp-json\/wp\/v2\/comments?post=1226"}],"version-history":[{"count":10,"href":"https:\/\/ifcfa.org\/fr\/wp-json\/wp\/v2\/pages\/1226\/revisions"}],"predecessor-version":[{"id":5990,"href":"https:\/\/ifcfa.org\/fr\/wp-json\/wp\/v2\/pages\/1226\/revisions\/5990"}],"wp:attachment":[{"href":"https:\/\/ifcfa.org\/fr\/wp-json\/wp\/v2\/media?parent=1226"}],"curies":[{"name":"wp","href":"https:\/\/api.w.org\/{rel}","templated":true}]}}