{"id":6672,"date":"2024-01-02T03:48:33","date_gmt":"2024-01-02T03:48:33","guid":{"rendered":"https:\/\/ifcfa.org\/?page_id=6672"},"modified":"2024-01-02T04:30:47","modified_gmt":"2024-01-02T04:30:47","slug":"affiliate-program","status":"publish","type":"page","link":"https:\/\/ifcfa.org\/es\/affiliate-program\/","title":{"rendered":"Programa de afiliados"},"content":{"rendered":"<p><\/p>\n<h2>\u00a1Presentamos nuestro Programa de Socios!<\/h2>\n<p>Nos complace anunciar el lanzamiento de nuestro nuevo Programa de Afiliados, que ofrece una oportunidad \u00fanica a nuestros clientes y a quienes deseen ganar dinero trabajando con nosotros.<\/p>\n<p><strong>\u00bfC\u00f3mo funciona?<\/strong><\/p>\n<p><strong>En primer lugar,<\/strong> acceda a su propia cuenta en nuestro sitio web o registre su cuenta con nosotros aqu\u00ed: Reg\u00edstrese en<br \/>\n<strong>Para encontrar un socio:<\/strong> en la p\u00e1gina de inicio, en la ventana del Programa de Afiliados, en \u00abM\u00e1s detalles\u00bb, encontrar\u00e1 la secci\u00f3n \u00abEnlace \u00fanico\u00bb. Copie y pegue este enlace.<br \/>\n<strong>Comparta el enlace:<\/strong> env\u00ede este enlace a las personas a las que desee recomendar nuestros servicios.<\/p>\n<p><strong>\u00bfPor qu\u00e9 afiliarse?<\/strong><\/p>\n<p><strong>25% de comisi\u00f3n:<\/strong> Por cada nuevo cliente que se registre a trav\u00e9s de su enlace y nos compre, recibir\u00e1 una comisi\u00f3n del 25% sobre el valor total del servicio solicitado y pagado.<br \/>\n<strong>Ingresos recurrentes:<\/strong> por ejemplo, si un nuevo cliente se suscribe a un servicio de contabilidad mensual, recibir\u00e1 una comisi\u00f3n cada mes mientras el cliente utilice nuestro servicio y pague regularmente.<br \/>\n<strong>Opciones de pago:<\/strong> Una vez que su saldo alcance los 25 euros, podr\u00e1 reclamar su comisi\u00f3n o utilizarla para pagar sus propias facturas.<br \/>\n<strong>Frecuencia de pago:<\/strong> Viernes de cada semana (si el viernes es festivo, el pago se realiza el jueves).<\/p>\n<p>&nbsp;<\/p>\n<h3 style=\"text-align: center;\">Si quieres hacer de la recomendaci\u00f3n de nuestro enlace un trabajo secundario o a tiempo completo, te daremos toda la ayuda que necesites,<\/h3>\n<h3 style=\"text-align: center;\">\u00a1para maximizar tus ingresos!<br \/>\n\u00a1El potencial de ganar millones de forints est\u00e1 justo delante de ti!<\/h3>\n<h3><\/h3>\n<h3>\u00a1\u00danete ahora!<\/h3>\n<p>\u00a1No dudes en aprovechar esta extraordinaria oportunidad de ganar dinero mientras ayudas a otros a descubrir nuestros servicios!<\/p>\n<p>\u00a1Est\u00e1 a un solo clic de beneficiarse de nuestro Programa de Afiliaci\u00f3n!<\/p>\n<h3><\/h3>\n<h3>1. Reg\u00edstrese para obtener una cuenta o acceda a su cuenta<\/h3>\n<p>(Consulte las instrucciones de registro aqu\u00ed:<\/p>\n<h3>2. Obtenga su propio enlace de afiliado<br \/>\n3. Elija cu\u00e1l de nuestros servicios desea promocionar<br \/>\n4. Preguntas frecuentes sobre el Programa de Afiliaci\u00f3n<\/h3>\n<p><\/p>","protected":false},"excerpt":{"rendered":"<p><p>\u00a1Presentamos nuestro Programa de Socios! Nos complace anunciar el lanzamiento de nuestro nuevo Programa de Afiliados, que ofrece una oportunidad \u00fanica a nuestros clientes y a quienes deseen ganar dinero trabajando con nosotros. \u00bfC\u00f3mo funciona? En primer lugar, acceda a su propia cuenta en nuestro sitio web o registre su cuenta con nosotros aqu\u00ed: Reg\u00edstrese<\/p>\n<\/p>","protected":false},"author":5,"featured_media":0,"parent":0,"menu_order":0,"comment_status":"closed","ping_status":"closed","template":"","meta":{"footnotes":""},"class_list":["post-6672","page","type-page","status-publish","hentry"],"_links":{"self":[{"href":"https:\/\/ifcfa.org\/es\/wp-json\/wp\/v2\/pages\/6672"}],"collection":[{"href":"https:\/\/ifcfa.org\/es\/wp-json\/wp\/v2\/pages"}],"about":[{"href":"https:\/\/ifcfa.org\/es\/wp-json\/wp\/v2\/types\/page"}],"author":[{"embeddable":true,"href":"https:\/\/ifcfa.org\/es\/wp-json\/wp\/v2\/users\/5"}],"replies":[{"embeddable":true,"href":"https:\/\/ifcfa.org\/es\/wp-json\/wp\/v2\/comments?post=6672"}],"version-history":[{"count":19,"href":"https:\/\/ifcfa.org\/es\/wp-json\/wp\/v2\/pages\/6672\/revisions"}],"predecessor-version":[{"id":6692,"href":"https:\/\/ifcfa.org\/es\/wp-json\/wp\/v2\/pages\/6672\/revisions\/6692"}],"wp:attachment":[{"href":"https:\/\/ifcfa.org\/es\/wp-json\/wp\/v2\/media?parent=6672"}],"curies":[{"name":"wp","href":"https:\/\/api.w.org\/{rel}","templated":true}]}}