{"id":5664,"date":"2018-10-22T09:27:46","date_gmt":"2018-10-22T09:27:46","guid":{"rendered":"https:\/\/ifcfa.org\/?page_id=5664"},"modified":"2018-12-30T10:40:36","modified_gmt":"2018-12-30T10:40:36","slug":"featured-members","status":"publish","type":"page","link":"https:\/\/ifcfa.org\/es\/featured-members\/","title":{"rendered":"Miembros Destacados"},"content":{"rendered":"<p>Un miembro prioritario de la Asociaci\u00f3n puede convertirse en una persona f\u00edsica, jur\u00eddica, no jur\u00eddica, que participa en:<\/p>\n<p>&nbsp;<\/p>\n<p><strong>\u00a0Basado en una membres\u00eda seleccionada:<\/strong><\/p>\n<ul>\n<li>Acepta los objetivos de la Asociaci\u00f3n y las obligaciones asociadas con el Tipo de Membres\u00eda,<\/li>\n<li>Pagar la cuota anual de membres\u00eda, y<\/li>\n<li>Elegido por la Presidencia de la IFCFA para este cargo, como miembro.<\/li>\n<\/ul>\n<p>&nbsp;<\/p>\n<h2>Definici\u00f3n de Membres\u00eda Prioritaria:<\/h2>\n<p>El miembro seleccionado puede seleccionarse dentro de la secci\u00f3n por recomendaci\u00f3n de todos los miembros de la Presidencia.<\/p>\n<p>La membres\u00eda elegida proporciona una membres\u00eda prominente de la Asociaci\u00f3n para todos los tipos de membres\u00eda. Una persona f\u00edsica, o una persona jur\u00eddica (con una membres\u00eda prominente), puede establecer grupos de trabajo, supervisar su trabajo, dirigirlos y ser responsable del trabajo del grupo de trabajo.<\/p>\n<p>La persona que solicita la membres\u00eda ser\u00e1 registrada por los Secretarios despu\u00e9s del pago de la cuota de membres\u00eda y enviar\u00e1 un mensaje electr\u00f3nico al miembro de la inscripci\u00f3n. La fecha de inicio de la relaci\u00f3n de membres\u00eda para el miembro es el d\u00eda en que la Presidencia de la Asociaci\u00f3n ha tomado una decisi\u00f3n sobre la membres\u00eda.<\/p>","protected":false},"excerpt":{"rendered":"<p><p>Un miembro prioritario de la Asociaci\u00f3n puede convertirse en una persona f\u00edsica, jur\u00eddica, no jur\u00eddica, que participa en: &nbsp; \u00a0Basado en una membres\u00eda seleccionada: Acepta los objetivos de la Asociaci\u00f3n y las obligaciones asociadas con el Tipo de Membres\u00eda, Pagar la cuota anual de membres\u00eda, y Elegido por la Presidencia de la IFCFA para este<\/p>\n<\/p>","protected":false},"author":5,"featured_media":0,"parent":0,"menu_order":0,"comment_status":"closed","ping_status":"closed","template":"","meta":{"footnotes":""},"class_list":["post-5664","page","type-page","status-publish","hentry"],"_links":{"self":[{"href":"https:\/\/ifcfa.org\/es\/wp-json\/wp\/v2\/pages\/5664"}],"collection":[{"href":"https:\/\/ifcfa.org\/es\/wp-json\/wp\/v2\/pages"}],"about":[{"href":"https:\/\/ifcfa.org\/es\/wp-json\/wp\/v2\/types\/page"}],"author":[{"embeddable":true,"href":"https:\/\/ifcfa.org\/es\/wp-json\/wp\/v2\/users\/5"}],"replies":[{"embeddable":true,"href":"https:\/\/ifcfa.org\/es\/wp-json\/wp\/v2\/comments?post=5664"}],"version-history":[{"count":13,"href":"https:\/\/ifcfa.org\/es\/wp-json\/wp\/v2\/pages\/5664\/revisions"}],"predecessor-version":[{"id":6083,"href":"https:\/\/ifcfa.org\/es\/wp-json\/wp\/v2\/pages\/5664\/revisions\/6083"}],"wp:attachment":[{"href":"https:\/\/ifcfa.org\/es\/wp-json\/wp\/v2\/media?parent=5664"}],"curies":[{"name":"wp","href":"https:\/\/api.w.org\/{rel}","templated":true}]}}