{"id":5406,"date":"2018-07-26T13:42:06","date_gmt":"2018-07-26T13:42:06","guid":{"rendered":"https:\/\/ifcfa.org\/?page_id=5406"},"modified":"2018-12-30T10:32:41","modified_gmt":"2018-12-30T10:32:41","slug":"selected-membership","status":"publish","type":"page","link":"https:\/\/ifcfa.org\/es\/selected-membership\/","title":{"rendered":"Membres\u00eda seleccionada"},"content":{"rendered":"<p>Un miembro electo de la Asociaci\u00f3n puede convertirse en una persona (persona f\u00edsica, persona jur\u00eddica) que<\/p>\n<p>&nbsp;<\/p>\n<ol>\n<li><strong>Voluntario:<\/strong><\/li>\n<\/ol>\n<ul>\n<li>Declara la intenci\u00f3n de entrada,<\/li>\n<li>Acepta los objetivos de la Asociaci\u00f3n y las obligaciones asociadas con el Tipo de Membres\u00eda,<\/li>\n<li>Pagar la cuota anual de membres\u00eda, y<\/li>\n<li>Elegido por la Presidencia de IFCFA como miembro de la posici\u00f3n nominada.<\/li>\n<\/ul>\n<p>&nbsp;<\/p>\n<p>2. <strong>Sobre la base de la membres\u00eda elegida:<\/strong><\/p>\n<ul>\n<li>Declara la intenci\u00f3n de entrada,<\/li>\n<li>Acepta los objetivos de la Asociaci\u00f3n y las obligaciones asociadas con el Tipo de Membres\u00eda,<\/li>\n<li>Pagar la cuota anual de membres\u00eda, y<\/li>\n<li>Elegido por la Presidencia de IFCFA como miembro de la posici\u00f3n nominada.<\/li>\n<\/ul>\n<p>&nbsp;<\/p>\n<h2>Definici\u00f3n de membres\u00eda elegida:<\/h2>\n<p>El miembro electo puede ser seleccionado por la recomendaci\u00f3n de 13 miembros que tienen membres\u00eda dentro de la membres\u00eda de la Asociaci\u00f3n.<\/p>\n<p>La membres\u00eda elegida proporciona una membres\u00eda equivalente a la membres\u00eda federal.<\/p>\n<p>La persona que solicita la membres\u00eda ser\u00e1 registrada por los Secretarios despu\u00e9s del pago de la cuota de membres\u00eda y enviar\u00e1 un mensaje electr\u00f3nico al miembro de la inscripci\u00f3n. La fecha de inicio de la relaci\u00f3n de membres\u00eda para el miembro es el d\u00eda en que la Presidencia de la Asociaci\u00f3n tom\u00f3 una decisi\u00f3n con respecto a la membres\u00eda.<\/p>\n<p>&nbsp;<\/p>\n<h2>Si desea ser miembro de IFCFA, complete el formulario de solicitud a continuaci\u00f3n:<\/h2>\n<p>&nbsp;<\/p>\n<p>[vfb id = 8]<\/p>\n<p>&nbsp;<\/p>\n<p>Para continuar con la membres\u00eda federal, haga clic en el enlace \u201c<strong>Iniciar sesi\u00f3n<\/strong>\u201d (justo en el men\u00fa) para registrar una cuenta con sus propios detalles. En su cuenta finalizada, puede hacer clic en el bot\u00f3n \u201c<strong>Comprar<\/strong>\u201d en el encabezado (arriba a la izquierda) para seleccionar la membres\u00eda adecuada y luego puede hacer su pedido seleccionando las siguientes opciones de pago:<\/p>\n<ul>\n<li><strong>PayPal<\/strong>\u00a0&gt; (Pasos: Seleccionar paquete) &gt;\u00a0<strong>Pago<\/strong>\u00a0(bot\u00f3n verde) &gt; (PayPal Select)\u00a0<strong>PayPal<\/strong>\u00a0&gt;\u00a0<strong>Ordenar<\/strong>\u00a0(bot\u00f3n azul) &gt;\u00a0<strong>Inicie sesi\u00f3n en su cuenta PayPal<\/strong><\/li>\n<li><strong>Tarjeta de cr\u00e9dito<\/strong>\u00a0&gt; (Pasos: Seleccionar paquete) &gt;\u00a0<strong>Pago<\/strong>\u00a0(bot\u00f3n verde) &gt; (PayPal Select)\u00a0<strong>PayPal<\/strong>\u00a0&gt;\u00a0<strong>Pedido<\/strong>\u00a0(bot\u00f3n azul) &gt;\u00a0<strong>Pago con tarjeta de cr\u00e9dito<\/strong><\/li>\n<li><strong>Por transferencia bancaria<\/strong>\u00a0&gt; (Pasos: Seleccionar paquete) &gt;\u00a0<strong>Pago<\/strong>\u00a0(bot\u00f3n verde) &gt; (Seleccionar m\u00e9todo de pago)\u00a0<strong>Opci\u00f3n Enviar por correo en pago<\/strong>\u00a0&gt;\u00a0<strong>Pedido<\/strong>(bot\u00f3n azul).<br \/>\nCon los pasos anteriores, puede solicitar su pedido de IFCFA Alliance.<\/li>\n<\/ul>\n<p><strong>Tan pronto como llegue el pago, le enviaremos nuestra confirmaci\u00f3n para verificar el llenado correcto del formulario. Tan pronto como haya recibido la confirmaci\u00f3n de la exactitud de los datos, iniciaremos el proceso de inicio de sesi\u00f3n y le enviaremos los pasos adicionales.<\/strong><\/p>","protected":false},"excerpt":{"rendered":"<p><p>Un miembro electo de la Asociaci\u00f3n puede convertirse en una persona (persona f\u00edsica, persona jur\u00eddica) que &nbsp; Voluntario: Declara la intenci\u00f3n de entrada, Acepta los objetivos de la Asociaci\u00f3n y las obligaciones asociadas con el Tipo de Membres\u00eda, Pagar la cuota anual de membres\u00eda, y Elegido por la Presidencia de IFCFA como miembro de la<\/p>\n<\/p>","protected":false},"author":5,"featured_media":0,"parent":0,"menu_order":0,"comment_status":"closed","ping_status":"closed","template":"","meta":{"footnotes":""},"class_list":["post-5406","page","type-page","status-publish","hentry"],"_links":{"self":[{"href":"https:\/\/ifcfa.org\/es\/wp-json\/wp\/v2\/pages\/5406"}],"collection":[{"href":"https:\/\/ifcfa.org\/es\/wp-json\/wp\/v2\/pages"}],"about":[{"href":"https:\/\/ifcfa.org\/es\/wp-json\/wp\/v2\/types\/page"}],"author":[{"embeddable":true,"href":"https:\/\/ifcfa.org\/es\/wp-json\/wp\/v2\/users\/5"}],"replies":[{"embeddable":true,"href":"https:\/\/ifcfa.org\/es\/wp-json\/wp\/v2\/comments?post=5406"}],"version-history":[{"count":14,"href":"https:\/\/ifcfa.org\/es\/wp-json\/wp\/v2\/pages\/5406\/revisions"}],"predecessor-version":[{"id":6082,"href":"https:\/\/ifcfa.org\/es\/wp-json\/wp\/v2\/pages\/5406\/revisions\/6082"}],"wp:attachment":[{"href":"https:\/\/ifcfa.org\/es\/wp-json\/wp\/v2\/media?parent=5406"}],"curies":[{"name":"wp","href":"https:\/\/api.w.org\/{rel}","templated":true}]}}