{"id":5398,"date":"2018-07-26T13:38:01","date_gmt":"2018-07-26T13:38:01","guid":{"rendered":"https:\/\/ifcfa.org\/?page_id=5398"},"modified":"2018-12-30T10:47:42","modified_gmt":"2018-12-30T10:47:42","slug":"correspondence-membership","status":"publish","type":"page","link":"https:\/\/ifcfa.org\/es\/correspondence-membership\/","title":{"rendered":"Membres\u00eda por correspondencia"},"content":{"rendered":"<p>Un miembro de IFCFA puede convertirse en una persona f\u00edsica, una entidad legal, una entidad no legal, que est\u00e1 involucrada en: Crear una empresa, establecer una empresa, servicios de oficina, contabilidad, n\u00f3mina, auditor\u00eda y contabilidad.<\/p>\n<p>&nbsp;<\/p>\n<h2>Voluntario:<\/h2>\n<p>&#8211; Declara la intenci\u00f3n de entrada,<\/p>\n<p>&#8211; Acepta los objetivos de la Asociaci\u00f3n y las obligaciones asociadas con el Tipo de Membres\u00eda.<\/p>\n<p>&#8211; pagar la cuota anual de membres\u00eda<\/p>\n<p>&#8211; qui\u00e9n es elegido miembro de la Presidencia de Membres\u00eda de la IFCFA<\/p>\n<p>&#8211; elegido por la Presidencia de IFCFA como miembro de la posici\u00f3n nominada.<\/p>\n<p>&nbsp;<\/p>\n<h2>Ocupaciones:<\/h2>\n<p>En el caso de registro de una Compa\u00f1\u00eda o Empresa, la Membres\u00eda correspondiente solo afecta al gerente de la compa\u00f1\u00eda.<\/p>\n<p>El corresponsal puede hacer comentarios, recomendaciones, adiciones, sugerencias, que siempre deben hacerse por escrito al Equipo de Liderazgo.<\/p>\n<p>El corresponsal puede asistir a las asambleas, reuniones y eventos de la Asociaci\u00f3n y los Miembros, pero no tiene el derecho de comentar o hablar.<\/p>\n<p>Los comentarios y sugerencias enviados por el miembro corresponsal siempre deben ser tomados para atenci\u00f3n por la Presidencia de los miembros y los L\u00edderes de los miembros.<\/p>\n<p>El miembro correspondiente puede participar en un grupo de trabajo solo con la asignaci\u00f3n de la presidencia de membres\u00eda.<\/p>\n<p>Un corresponsal es registrado por la secretar\u00eda despu\u00e9s del pago de la cuota de membres\u00eda y env\u00eda un mensaje electr\u00f3nico a la persona para el registro. La fecha de inicio de la membres\u00eda para los Miembros Correspondientes es el d\u00eda (despu\u00e9s de las cuotas de membres\u00eda) en el que la Presidencia de Membres\u00eda toma una decisi\u00f3n sobre la elecci\u00f3n de la membres\u00eda de la persona.<\/p>\n<p>&nbsp;<\/p>\n<h2>Si desea ser miembro de la Asociaci\u00f3n IFCFA, complete el formulario de solicitud a continuaci\u00f3n:<\/h2>\n<p>&nbsp;<\/p>\n<p>[vfb id = 2]<\/p>\n<p>&nbsp;<\/p>\n<p>Para continuar con la membres\u00eda federal, haga clic en el enlace \u201c<strong>Iniciar sesi\u00f3n<\/strong>\u201d (justo en el men\u00fa) para registrar una cuenta con sus propios detalles. En su cuenta finalizada, puede hacer clic en el bot\u00f3n \u201c<strong>Comprar<\/strong>\u201d en el encabezado (arriba a la izquierda) para seleccionar la membres\u00eda adecuada y luego puede hacer su pedido seleccionando las siguientes opciones de pago:<\/p>\n<ul>\n<li><strong>PayPal<\/strong>\u00a0&gt; (Pasos: Seleccionar paquete) &gt;\u00a0<strong>Pago<\/strong>\u00a0(bot\u00f3n verde) &gt; (PayPal Select)\u00a0<strong>PayPal<\/strong>\u00a0&gt;\u00a0<strong>Ordenar<\/strong>\u00a0(bot\u00f3n azul) &gt;\u00a0<strong>Inicie sesi\u00f3n en su cuenta PayPal<\/strong><\/li>\n<li><strong>Tarjeta de cr\u00e9dito<\/strong>\u00a0&gt; (Pasos: Seleccionar paquete) &gt;\u00a0<strong>Pago<\/strong>\u00a0(bot\u00f3n verde) &gt; (PayPal Select)\u00a0<strong>PayPal<\/strong>\u00a0&gt;\u00a0<strong>Pedido<\/strong>\u00a0(bot\u00f3n azul) &gt;\u00a0<strong>Pago con tarjeta de cr\u00e9dito<\/strong><\/li>\n<li><strong>Por transferencia bancaria<\/strong>\u00a0&gt; (Pasos: Seleccionar paquete) &gt;\u00a0<strong>Pago<\/strong>\u00a0(bot\u00f3n verde) &gt; (Seleccionar m\u00e9todo de pago)\u00a0<strong>Opci\u00f3n Enviar por correo en pago<\/strong>\u00a0&gt;\u00a0<strong>Pedido<\/strong>(bot\u00f3n azul).<br \/>\nCon los pasos anteriores, puede solicitar su pedido de IFCFA Alliance.<\/li>\n<\/ul>\n<p><strong>Tan pronto como llegue el pago, le enviaremos nuestra confirmaci\u00f3n para verificar el llenado correcto del formulario. Tan pronto como haya recibido la confirmaci\u00f3n de la exactitud de los datos, iniciaremos el proceso de inicio de sesi\u00f3n y le enviaremos los pasos adicionales.<\/strong><\/p>","protected":false},"excerpt":{"rendered":"<p><p>Un miembro de IFCFA puede convertirse en una persona f\u00edsica, una entidad legal, una entidad no legal, que est\u00e1 involucrada en: Crear una empresa, establecer una empresa, servicios de oficina, contabilidad, n\u00f3mina, auditor\u00eda y contabilidad. &nbsp; Voluntario: &#8211; Declara la intenci\u00f3n de entrada, &#8211; Acepta los objetivos de la Asociaci\u00f3n y las obligaciones asociadas con<\/p>\n<\/p>","protected":false},"author":5,"featured_media":0,"parent":0,"menu_order":0,"comment_status":"closed","ping_status":"closed","template":"","meta":{"footnotes":""},"class_list":["post-5398","page","type-page","status-publish","hentry"],"_links":{"self":[{"href":"https:\/\/ifcfa.org\/es\/wp-json\/wp\/v2\/pages\/5398"}],"collection":[{"href":"https:\/\/ifcfa.org\/es\/wp-json\/wp\/v2\/pages"}],"about":[{"href":"https:\/\/ifcfa.org\/es\/wp-json\/wp\/v2\/types\/page"}],"author":[{"embeddable":true,"href":"https:\/\/ifcfa.org\/es\/wp-json\/wp\/v2\/users\/5"}],"replies":[{"embeddable":true,"href":"https:\/\/ifcfa.org\/es\/wp-json\/wp\/v2\/comments?post=5398"}],"version-history":[{"count":28,"href":"https:\/\/ifcfa.org\/es\/wp-json\/wp\/v2\/pages\/5398\/revisions"}],"predecessor-version":[{"id":6084,"href":"https:\/\/ifcfa.org\/es\/wp-json\/wp\/v2\/pages\/5398\/revisions\/6084"}],"wp:attachment":[{"href":"https:\/\/ifcfa.org\/es\/wp-json\/wp\/v2\/media?parent=5398"}],"curies":[{"name":"wp","href":"https:\/\/api.w.org\/{rel}","templated":true}]}}