{"id":5396,"date":"2018-07-26T13:36:49","date_gmt":"2018-07-26T13:36:49","guid":{"rendered":"https:\/\/ifcfa.org\/?page_id=5396"},"modified":"2018-12-30T10:15:34","modified_gmt":"2018-12-30T10:15:34","slug":"working-groups","status":"publish","type":"page","link":"https:\/\/ifcfa.org\/es\/working-groups\/","title":{"rendered":"Grupos de trabajo"},"content":{"rendered":"<p><\/p>\n<h2>La esencia del grupo de trabajo es crear un objetivo com\u00fan.<\/h2>\n<p><strong>Tipos de<\/strong><\/p>\n<ul>\n<li>Grupo de trabajo de marketing<\/li>\n<li>Grupo de trabajo del comit\u00e9<\/li>\n<li>Grupo de trabajo profesional<\/li>\n<\/ul>\n<h2>Si desea ser miembro de IFCFA, complete el siguiente formulario de solicitud:<\/h2>\n<p>[vfb id = 2]<\/p>\n<p>&nbsp;<\/p>\n<p>Para continuar con la membres\u00eda federal, haga clic en el enlace \u201c<strong>Iniciar sesi\u00f3n<\/strong>\u201d (justo en el men\u00fa) para registrar una cuenta con sus propios detalles. En su cuenta finalizada, puede hacer clic en el bot\u00f3n \u201c<strong>Comprar<\/strong>\u201d en el encabezado (arriba a la izquierda) para seleccionar la membres\u00eda adecuada y luego puede hacer su pedido seleccionando las siguientes opciones de pago:<\/p>\n<ul>\n<li><strong>PayPal<\/strong>\u00a0&gt; (Pasos: Seleccionar paquete) &gt;\u00a0<strong>Pago<\/strong>\u00a0(bot\u00f3n verde) &gt; (PayPal Select)\u00a0<strong>PayPal<\/strong>\u00a0&gt;\u00a0<strong>Ordenar<\/strong>\u00a0(bot\u00f3n azul) &gt;\u00a0<strong>Inicie sesi\u00f3n en su cuenta PayPal<\/strong><\/li>\n<li><strong>Tarjeta de cr\u00e9dito<\/strong>\u00a0&gt; (Pasos: Seleccionar paquete) &gt;\u00a0<strong>Pago<\/strong>\u00a0(bot\u00f3n verde) &gt; (PayPal Select)\u00a0<strong>PayPal<\/strong>\u00a0&gt;\u00a0<strong>Pedido<\/strong>\u00a0(bot\u00f3n azul) &gt;\u00a0<strong>Pago con tarjeta de cr\u00e9dito<\/strong><\/li>\n<li><strong>Por transferencia bancaria<\/strong>\u00a0&gt; (Pasos: Seleccionar paquete) &gt;\u00a0<strong>Pago<\/strong>\u00a0(bot\u00f3n verde) &gt; (Seleccionar m\u00e9todo de pago)\u00a0<strong>Opci\u00f3n Enviar por correo en pago<\/strong>\u00a0&gt;\u00a0<strong>Pedido<\/strong>(bot\u00f3n azul).<br \/>\nCon los pasos anteriores, puede solicitar su pedido de IFCFA Alliance.<\/li>\n<\/ul>\n<p><strong>Tan pronto como llegue el pago, le enviaremos nuestra confirmaci\u00f3n para verificar el llenado correcto del formulario. Tan pronto como haya recibido la confirmaci\u00f3n de la exactitud de los datos, iniciaremos el proceso de inicio de sesi\u00f3n y le enviaremos los pasos adicionales.<\/strong><\/p>","protected":false},"excerpt":{"rendered":"<p><p>La esencia del grupo de trabajo es crear un objetivo com\u00fan. Tipos de Grupo de trabajo de marketing Grupo de trabajo del comit\u00e9 Grupo de trabajo profesional Si desea ser miembro de IFCFA, complete el siguiente formulario de solicitud: [vfb id = 2] &nbsp; Para continuar con la membres\u00eda federal, haga clic en el enlace<\/p>\n<\/p>","protected":false},"author":5,"featured_media":0,"parent":0,"menu_order":0,"comment_status":"closed","ping_status":"closed","template":"","meta":{"footnotes":""},"class_list":["post-5396","page","type-page","status-publish","hentry"],"_links":{"self":[{"href":"https:\/\/ifcfa.org\/es\/wp-json\/wp\/v2\/pages\/5396"}],"collection":[{"href":"https:\/\/ifcfa.org\/es\/wp-json\/wp\/v2\/pages"}],"about":[{"href":"https:\/\/ifcfa.org\/es\/wp-json\/wp\/v2\/types\/page"}],"author":[{"embeddable":true,"href":"https:\/\/ifcfa.org\/es\/wp-json\/wp\/v2\/users\/5"}],"replies":[{"embeddable":true,"href":"https:\/\/ifcfa.org\/es\/wp-json\/wp\/v2\/comments?post=5396"}],"version-history":[{"count":10,"href":"https:\/\/ifcfa.org\/es\/wp-json\/wp\/v2\/pages\/5396\/revisions"}],"predecessor-version":[{"id":6078,"href":"https:\/\/ifcfa.org\/es\/wp-json\/wp\/v2\/pages\/5396\/revisions\/6078"}],"wp:attachment":[{"href":"https:\/\/ifcfa.org\/es\/wp-json\/wp\/v2\/media?parent=5396"}],"curies":[{"name":"wp","href":"https:\/\/api.w.org\/{rel}","templated":true}]}}