{"id":5386,"date":"2018-07-26T13:29:43","date_gmt":"2018-07-26T13:29:43","guid":{"rendered":"https:\/\/ifcfa.org\/?page_id=5386"},"modified":"2018-12-30T01:33:25","modified_gmt":"2018-12-30T01:33:25","slug":"secretariat","status":"publish","type":"page","link":"https:\/\/ifcfa.org\/es\/secretariat\/","title":{"rendered":"Secretar\u00eda"},"content":{"rendered":"<p><\/p>\n<h2>Tipos de secretarias:<\/h2>\n<ul>\n<li>Secretarias Ejecutivas<\/li>\n<li>Secretarias Federales<\/li>\n<\/ul>\n<p>&nbsp;<\/p>\n<h2>Funci\u00f3n de los secretarios:<\/h2>\n<ul>\n<li>Recopilaci\u00f3n de art\u00edculos y materiales profesionales para el peri\u00f3dico propiedad de la Asociaci\u00f3n.<\/li>\n<li>Rastreo de orden<\/li>\n<li>Seguimiento de los servicios prestados por la asociaci\u00f3n.<\/li>\n<li>Organizar, realizar reuniones a gran escala,<\/li>\n<li>Administrar membres\u00edas (entradas de membres\u00eda, salida, etc.)<\/li>\n<li>Realizaci\u00f3n de tareas secretariales (redacci\u00f3n de protocolo y contratos, organizaci\u00f3n, archivo, etc.).<\/li>\n<li>Seguimiento de plazos.<\/li>\n<li>Mantenerse en contacto con los secretarios de otros departamentos.<\/li>\n<li>Contactar a los secretarios de la asociaci\u00f3n, preparando informes semanales y mensuales a los secretarios federales.<\/li>\n<li>Facilitar las tareas del Departamento de Admisiones; Departamentos de contabilidad, finanzas, derecho y marketing.<\/li>\n<li>Supervisar y asistir a los grupos de trabajo.<\/li>\n<li>Facilitar el trabajo de los comit\u00e9s.<\/li>\n<li>Implementar las tareas asignadas por la Presidencia.<\/li>\n<\/ul>\n<h2>Si desea postularse a la secci\u00f3n de Secretarios de Administraci\u00f3n Nacional, complete el siguiente formulario:<\/h2>\n<p>&nbsp;<\/p>\n<p>[vfb id=12]<\/p>\n<p>&nbsp;<\/p>\n<p>Para continuar con la membres\u00eda federal, haga clic en el enlace \u201c<strong>Iniciar sesi\u00f3n<\/strong>\u201d (justo en el men\u00fa) para registrar una cuenta con sus propios detalles. En su cuenta finalizada, puede hacer clic en el bot\u00f3n \u201c<strong>Comprar<\/strong>\u201d en el encabezado (arriba a la izquierda) para seleccionar la membres\u00eda adecuada y luego puede hacer su pedido seleccionando las siguientes opciones de pago:<\/p>\n<ul>\n<li><strong>PayPal<\/strong>\u00a0&gt; (Pasos: Seleccionar paquete) &gt; <strong>Pago<\/strong> (bot\u00f3n verde) &gt; (PayPal Select) <strong>PayPal<\/strong> &gt; <strong>Ordenar<\/strong> (bot\u00f3n azul) &gt; <strong>Inicie sesi\u00f3n en su cuenta PayPal<\/strong><\/li>\n<li><strong>Tarjeta de cr\u00e9dito<\/strong>\u00a0&gt; (Pasos: Seleccionar paquete) &gt; <strong>Pago<\/strong> (bot\u00f3n verde) &gt; (PayPal Select) <strong>PayPal<\/strong> &gt; <strong>Pedido<\/strong> (bot\u00f3n azul) &gt; <strong>Pago con tarjeta de cr\u00e9dito<\/strong><\/li>\n<li><strong>Por transferencia bancaria<\/strong>\u00a0&gt; (Pasos: Seleccionar paquete) &gt; <strong>Pago<\/strong> (bot\u00f3n verde) &gt; (Seleccionar m\u00e9todo de pago) <strong>Opci\u00f3n Enviar por correo en pago<\/strong> &gt; <strong>Pedido<\/strong> (bot\u00f3n azul).<br \/>\nCon los pasos anteriores, puede solicitar su pedido de IFCFA Alliance.<\/li>\n<\/ul>\n<p><strong>Tan pronto como llegue el pago, le enviaremos nuestra confirmaci\u00f3n para verificar el llenado correcto del formulario. Tan pronto como haya recibido la confirmaci\u00f3n de la exactitud de los datos, iniciaremos el proceso de inicio de sesi\u00f3n y le enviaremos los pasos adicionales.<\/strong><\/p>","protected":false},"excerpt":{"rendered":"<p><p>Tipos de secretarias: Secretarias Ejecutivas Secretarias Federales &nbsp; Funci\u00f3n de los secretarios: Recopilaci\u00f3n de art\u00edculos y materiales profesionales para el peri\u00f3dico propiedad de la Asociaci\u00f3n. Rastreo de orden Seguimiento de los servicios prestados por la asociaci\u00f3n. Organizar, realizar reuniones a gran escala, Administrar membres\u00edas (entradas de membres\u00eda, salida, etc.) Realizaci\u00f3n de tareas secretariales (redacci\u00f3n de<\/p>\n<\/p>","protected":false},"author":5,"featured_media":0,"parent":0,"menu_order":0,"comment_status":"closed","ping_status":"closed","template":"","meta":{"footnotes":""},"class_list":["post-5386","page","type-page","status-publish","hentry"],"_links":{"self":[{"href":"https:\/\/ifcfa.org\/es\/wp-json\/wp\/v2\/pages\/5386"}],"collection":[{"href":"https:\/\/ifcfa.org\/es\/wp-json\/wp\/v2\/pages"}],"about":[{"href":"https:\/\/ifcfa.org\/es\/wp-json\/wp\/v2\/types\/page"}],"author":[{"embeddable":true,"href":"https:\/\/ifcfa.org\/es\/wp-json\/wp\/v2\/users\/5"}],"replies":[{"embeddable":true,"href":"https:\/\/ifcfa.org\/es\/wp-json\/wp\/v2\/comments?post=5386"}],"version-history":[{"count":30,"href":"https:\/\/ifcfa.org\/es\/wp-json\/wp\/v2\/pages\/5386\/revisions"}],"predecessor-version":[{"id":6051,"href":"https:\/\/ifcfa.org\/es\/wp-json\/wp\/v2\/pages\/5386\/revisions\/6051"}],"wp:attachment":[{"href":"https:\/\/ifcfa.org\/es\/wp-json\/wp\/v2\/media?parent=5386"}],"curies":[{"name":"wp","href":"https:\/\/api.w.org\/{rel}","templated":true}]}}