{"id":5380,"date":"2018-07-26T13:16:12","date_gmt":"2018-07-26T13:16:12","guid":{"rendered":"https:\/\/ifcfa.org\/?page_id=5380"},"modified":"2018-12-30T00:37:11","modified_gmt":"2018-12-30T00:37:11","slug":"chairman","status":"publish","type":"page","link":"https:\/\/ifcfa.org\/es\/chairman\/","title":{"rendered":"Presidente"},"content":{"rendered":"<p><\/p>\n<h2>Significado del Director Ejecutivo:<\/h2>\n<p>Presidente de la Direcci\u00f3n, dentro de la Alianza IFCFA: Miembro (Pa\u00eds \/ Estado).<\/p>\n<h2><\/h2>\n<h2>Director Ejecutivo<\/h2>\n<p>El presidente es elegido por la asamblea miembro por 3 a\u00f1os. La misma publicaci\u00f3n se puede llenar por un per\u00edodo ilimitado por reelecci\u00f3n.<\/p>\n<p>Los miembros de la presidencia son elegidos por el presidente y los miembros fundadores por un a\u00f1o. La misma publicaci\u00f3n se puede llenar por un per\u00edodo ilimitado por reelecci\u00f3n.<\/p>\n<p>&nbsp;<\/p>\n<h2>La pertenencia a la Presidencia cesa:<\/h2>\n<ul>\n<li>Con renuncia al cargo.<\/li>\n<li>Recordar,<\/li>\n<li>Despu\u00e9s de un tiempo definido,<\/li>\n<li>Con la muerte del miembro de la presidencia.<\/li>\n<\/ul>\n<p>La renuncia debe ser anunciada en la reuni\u00f3n de la presidencia y registrada en el informe o escrita de manera verificable con el Presidente.<\/p>\n<p>Si la membres\u00eda de un miembro de la presidencia expira antes de su expiraci\u00f3n, el mandato del miembro reci\u00e9n elegido es por el resto del t\u00e9rmino del t\u00e9rmino inicial del miembro elegido.<\/p>\n<p>&nbsp;<\/p>\n<h2>La Presidencia es responsable de tomar las siguientes decisiones:<\/h2>\n<ul>\n<li>Establecimiento del presupuesto anual de la asociaci\u00f3n.<\/li>\n<li>Recomendaci\u00f3n sobre la posici\u00f3n estrat\u00e9gica con respecto a los objetivos y tareas de la Asociaci\u00f3n;<\/li>\n<li>Propuestas para los puntos del orden del d\u00eda;<\/li>\n<li>Establecimiento de comit\u00e9s de casos;<\/li>\n<li>La presidencia puede ser convocada por el presidente en cualquier momento, pero al menos una vez al a\u00f1o. La Presidencia convocar\u00e1 de manera verificable, por escrito, por correo electr\u00f3nico.<\/li>\n<li>La Presidencia tiene qu\u00f3rum si m\u00e1s de la mitad de sus miembros est\u00e1n involucrados. Las decisiones de la Presidencia se tomar\u00e1n por votaci\u00f3n abierta de la mayor\u00eda de los miembros presentes. 1 membres\u00eda, un voto.<\/li>\n<li>La Presidencia estar\u00e1 obligada a elegir el informe y los dos miembros que certifiquen el informe.<\/li>\n<\/ul>\n<p>&nbsp;<\/p>\n<h2>Los deberes y poderes del presidente:<\/h2>\n<ul>\n<li>Convocar juntos a la asamblea,<\/li>\n<li>Convocar juntos y dar de alta la reuni\u00f3n de la Presidencia,<\/li>\n<li>Asegura la correcta preparaci\u00f3n de las reuniones y decisiones de la Presidencia y de los miembros.<\/li>\n<li>Tener contacto con organizaciones profesionales similares, organismos de la administraci\u00f3n p\u00fablica, organismos p\u00fablicos<\/li>\n<\/ul>\n<p>&nbsp;<\/p>\n<h2>El Presidente de los Directores Nacionales:<\/h2>\n<ul>\n<li>Controla la gesti\u00f3n de la Asociaci\u00f3n Nacional,<\/li>\n<li>Concluye los contratos necesarios para el funcionamiento de la Asociaci\u00f3n Nacional,<\/li>\n<li>Presenta a la Presidencia los contratos, convenios,<\/li>\n<li>Practicar los derechos de los empleadores sobre los empleados de la Asociaci\u00f3n Nacional.<\/li>\n<li>Organiza y dirige a los secretarios<\/li>\n<\/ul>\n<p>&nbsp;<\/p>\n<h2>El presidente, con la participaci\u00f3n de los secretarios<\/h2>\n<ul>\n<li>Introduce un registro de miembros de la Asociaci\u00f3n Nacional (miembros de la asociaci\u00f3n, miembros de apoyo, miembros honorarios, miembros profesionales)<\/li>\n<li>Registro de cuotas de membres\u00eda pagadas, cuotas de membres\u00eda profesional, subvenciones,<\/li>\n<li>Gestiona los fondos de la Asociaci\u00f3n Nacional, ejerciendo sus facultades de redenci\u00f3n,<\/li>\n<li>Gestiona los documentos de la Asociaci\u00f3n Nacional, sus certificados de ingresos y gastos,<\/li>\n<li>Realiza tareas contables.<\/li>\n<li>Introducir el repositorio de decisiones.<\/li>\n<li>Las acciones deben ser tomadas por los miembros de la Asamblea y la decisi\u00f3n de la Presidencia, en ausencia de una decisi\u00f3n, de acuerdo con los intereses de la Administraci\u00f3n Nacional y la Asociaci\u00f3n Internacional (IFCFA).<\/li>\n<li>Si el Presidente es impedido, los Vicepresidentes designados por \u00e9l para reemplazarlos.<\/li>\n<li>Entre los Vicepresidentes, el Presidente nombrar\u00e1 a los Vicepresidentes responsables de las tareas profesionales y al Vicepresidente responsable de la operaci\u00f3n electr\u00f3nica<\/li>\n<\/ul>\n<p>&nbsp;<\/p>\n<h2>Representaci\u00f3n de la asociaci\u00f3n<\/h2>\n<ul>\n<li>La Asociaci\u00f3n Nacional est\u00e1 representada de forma independiente por el Presidente. En nombre de la Asociaci\u00f3n Nacional, el Presidente tiene derecho a firmar para la firma. Si \u00e9l o ella no es un signatario y la ley exige una forma escrita para validar la declaraci\u00f3n, el Vicepresidente firmar\u00e1 dos firmas con el derecho de representar al Presidente. El Presidente proporcionar\u00e1 acceso a la banca electr\u00f3nica a al menos 4 personas de los vicepresidentes y miembros de la presidencia, sobre la base de las cuales solo se puede autorizar un pago de firma conjunta.<\/li>\n<li>Dentro de las actividades profesionales de la Asociaci\u00f3n Nacional o la Asociaci\u00f3n Internacional (IFCFA), el Presidente, los Vicepresidentes, los Presidentes de la Comisi\u00f3n o los miembros de su presidencia designados tienen derecho a representar la posici\u00f3n oficial en nombre de la Asociaci\u00f3n Nacional. En ausencia de una designaci\u00f3n, el declarante no puede ser considerado como una persona que declara en nombre de la Asociaci\u00f3n Nacional<\/li>\n<\/ul>\n<p>&nbsp;<\/p>\n<h2>Si desea postularse para la Presidencia Nacional, complete el siguiente formulario:<\/h2>\n<p>&nbsp;<\/p>\n<p>[vfb id=3]<\/p>\n<p>&nbsp;<\/p>\n<p>Para continuar con la membres\u00eda federal, haga clic en el enlace \u201c<strong>Iniciar sesi\u00f3n<\/strong>\u201d (justo en el men\u00fa) para registrar una cuenta con sus propios detalles. En su cuenta finalizada, puede hacer clic en el bot\u00f3n \u201c<strong>Comprar<\/strong>\u201d en el encabezado (arriba a la izquierda) para seleccionar la membres\u00eda adecuada y luego puede hacer su pedido seleccionando las siguientes opciones de pago:<\/p>\n<ul>\n<li><strong>PayPal<\/strong>\u00a0&gt; (Pasos: Seleccionar paquete) &gt; <strong>Pago<\/strong> (bot\u00f3n verde) &gt; (PayPal Select) <strong>PayPal<\/strong> &gt; <strong>Ordenar<\/strong> (bot\u00f3n azul) &gt; <strong>Inicie sesi\u00f3n en su cuenta PayPal<\/strong><\/li>\n<li><strong>Tarjeta de cr\u00e9dito<\/strong>\u00a0&gt; (Pasos: Seleccionar paquete) &gt; <strong>Pago<\/strong> (bot\u00f3n verde) &gt; (PayPal Select) <strong>PayPal<\/strong> &gt; <strong>Pedido<\/strong> (bot\u00f3n azul) &gt; <strong>Pago con tarjeta de cr\u00e9dito<\/strong><\/li>\n<li><strong>Por transferencia bancaria<\/strong>\u00a0&gt; (Pasos: Seleccionar paquete) &gt; <strong>Pago<\/strong> (bot\u00f3n verde) &gt; (Seleccionar m\u00e9todo de pago) <strong>Opci\u00f3n Enviar por correo en pago<\/strong> &gt; <strong>Pedido<\/strong> (bot\u00f3n azul).<br \/>\nCon los pasos anteriores, puede solicitar su pedido de IFCFA Alliance.<\/li>\n<\/ul>\n<p><strong>Tan pronto como llegue el pago, le enviaremos nuestra confirmaci\u00f3n para verificar el llenado correcto del formulario. Tan pronto como haya recibido la confirmaci\u00f3n de la exactitud de los datos, iniciaremos el proceso de inicio de sesi\u00f3n y le enviaremos los pasos adicionales.<\/strong><\/p>","protected":false},"excerpt":{"rendered":"<p><p>Significado del Director Ejecutivo: Presidente de la Direcci\u00f3n, dentro de la Alianza IFCFA: Miembro (Pa\u00eds \/ Estado). Director Ejecutivo El presidente es elegido por la asamblea miembro por 3 a\u00f1os. La misma publicaci\u00f3n se puede llenar por un per\u00edodo ilimitado por reelecci\u00f3n. Los miembros de la presidencia son elegidos por el presidente y los miembros<\/p>\n<\/p>","protected":false},"author":5,"featured_media":0,"parent":0,"menu_order":0,"comment_status":"closed","ping_status":"closed","template":"","meta":{"footnotes":""},"class_list":["post-5380","page","type-page","status-publish","hentry"],"_links":{"self":[{"href":"https:\/\/ifcfa.org\/es\/wp-json\/wp\/v2\/pages\/5380"}],"collection":[{"href":"https:\/\/ifcfa.org\/es\/wp-json\/wp\/v2\/pages"}],"about":[{"href":"https:\/\/ifcfa.org\/es\/wp-json\/wp\/v2\/types\/page"}],"author":[{"embeddable":true,"href":"https:\/\/ifcfa.org\/es\/wp-json\/wp\/v2\/users\/5"}],"replies":[{"embeddable":true,"href":"https:\/\/ifcfa.org\/es\/wp-json\/wp\/v2\/comments?post=5380"}],"version-history":[{"count":30,"href":"https:\/\/ifcfa.org\/es\/wp-json\/wp\/v2\/pages\/5380\/revisions"}],"predecessor-version":[{"id":6036,"href":"https:\/\/ifcfa.org\/es\/wp-json\/wp\/v2\/pages\/5380\/revisions\/6036"}],"wp:attachment":[{"href":"https:\/\/ifcfa.org\/es\/wp-json\/wp\/v2\/media?parent=5380"}],"curies":[{"name":"wp","href":"https:\/\/api.w.org\/{rel}","templated":true}]}}