{"id":5357,"date":"2018-06-20T10:31:03","date_gmt":"2018-06-20T10:31:03","guid":{"rendered":"https:\/\/ifcfa.org\/?page_id=5357"},"modified":"2018-12-30T10:41:49","modified_gmt":"2018-12-30T10:41:49","slug":"honorary-members","status":"publish","type":"page","link":"https:\/\/ifcfa.org\/es\/honorary-members\/","title":{"rendered":"Miembros Honorarios"},"content":{"rendered":"<p>El Miembro Honorario de la Asociaci\u00f3n puede convertirse en una persona f\u00edsica o jur\u00eddica de cualquier nacionalidad (persona f\u00edsica, persona jur\u00eddica, empresa no jur\u00eddica) que se comprometa con base en el objetivo de la asociaci\u00f3n o actividades continuas relacionadas con el \u00e1rea de la asociaci\u00f3n y en la promoci\u00f3n de Objetivos de la asociaci\u00f3n, la asamblea de miembros decide como miembros honorarios. Adem\u00e1s, el candidato:<\/p>\n<ul>\n<li>Declara tu intenci\u00f3n de entrar, y<\/li>\n<li>Acepta los objetivos de la Alianza,<\/li>\n<li>En virtud de los Estatutos, se compromete a cumplir las obligaciones de los miembros de la asociaci\u00f3n.<\/li>\n<\/ul>\n<h2>El miembro honorario<\/h2>\n<ul>\n<li>No puede ser elegido en los \u00f3rganos de la Asociaci\u00f3n;<\/li>\n<li>Solo puedes participar en la toma de decisiones de la Asamblea de la Asociaci\u00f3n;<\/li>\n<li>Debe cumplir con la Constituci\u00f3n de la Asociaci\u00f3n, implementar las resoluciones de la Asamblea, las Comisiones y la Presidencia.<\/li>\n<\/ul>\n<p>El miembro honorario ser\u00e1 registrado por la Secretar\u00eda en base a la decisi\u00f3n de la Asamblea de Miembros y enviar\u00e1 un mensaje electr\u00f3nico sobre el registro. La fecha de inicio de la membres\u00eda se llevar\u00e1 a cabo en la fecha de la decisi\u00f3n de elegir al miembro honorario.<\/p>","protected":false},"excerpt":{"rendered":"<p><p>El Miembro Honorario de la Asociaci\u00f3n puede convertirse en una persona f\u00edsica o jur\u00eddica de cualquier nacionalidad (persona f\u00edsica, persona jur\u00eddica, empresa no jur\u00eddica) que se comprometa con base en el objetivo de la asociaci\u00f3n o actividades continuas relacionadas con el \u00e1rea de la asociaci\u00f3n y en la promoci\u00f3n de Objetivos de la asociaci\u00f3n, la<\/p>\n<\/p>","protected":false},"author":5,"featured_media":0,"parent":0,"menu_order":0,"comment_status":"closed","ping_status":"closed","template":"","meta":{"footnotes":""},"class_list":["post-5357","page","type-page","status-publish","hentry"],"_links":{"self":[{"href":"https:\/\/ifcfa.org\/es\/wp-json\/wp\/v2\/pages\/5357"}],"collection":[{"href":"https:\/\/ifcfa.org\/es\/wp-json\/wp\/v2\/pages"}],"about":[{"href":"https:\/\/ifcfa.org\/es\/wp-json\/wp\/v2\/types\/page"}],"author":[{"embeddable":true,"href":"https:\/\/ifcfa.org\/es\/wp-json\/wp\/v2\/users\/5"}],"replies":[{"embeddable":true,"href":"https:\/\/ifcfa.org\/es\/wp-json\/wp\/v2\/comments?post=5357"}],"version-history":[{"count":13,"href":"https:\/\/ifcfa.org\/es\/wp-json\/wp\/v2\/pages\/5357\/revisions"}],"predecessor-version":[{"id":5965,"href":"https:\/\/ifcfa.org\/es\/wp-json\/wp\/v2\/pages\/5357\/revisions\/5965"}],"wp:attachment":[{"href":"https:\/\/ifcfa.org\/es\/wp-json\/wp\/v2\/media?parent=5357"}],"curies":[{"name":"wp","href":"https:\/\/api.w.org\/{rel}","templated":true}]}}