{"id":5355,"date":"2018-06-20T10:29:23","date_gmt":"2018-06-20T10:29:23","guid":{"rendered":"https:\/\/ifcfa.org\/?page_id=5355"},"modified":"2018-06-20T14:15:01","modified_gmt":"2018-06-20T14:15:01","slug":"supporting-members","status":"publish","type":"page","link":"https:\/\/ifcfa.org\/es\/supporting-members\/","title":{"rendered":"Socios de apoyo"},"content":{"rendered":"<p><\/p>\n<h2>Socios de apoyo<\/h2>\n<p>El miembro de soporte<br \/>\n&#8211; No puede ser elegido o elegido en los \u00f3rganos de la Alianza;<br \/>\n&#8211; Usted solo puede participar en la toma de decisiones de la Asamblea de la Alianza;<br \/>\n&#8211; debe observar la Constituci\u00f3n de la Asociaci\u00f3n, implementar las resoluciones de la Asamblea, las Comisiones y la Presidencia.<\/p>\n<p>El miembro de apoyo de la Asociaci\u00f3n deber\u00e1, anualmente, en el plazo establecido por la Secretar\u00eda, pagar la transferencia a la cuenta de la Alianza mediante la suscripci\u00f3n a la Alianza.<\/p>\n<p>El miembro presidente de la federaci\u00f3n puede elegir a una persona que haya pagado un subsidio anual de una cierta cantidad de ayuda a la federaci\u00f3n y haya pagado su primer subsidio transfiri\u00e9ndolo a la cuenta de la asociaci\u00f3n. Los \u00f3rganos presupuestarios de la federaci\u00f3n no pueden ser un miembro de apoyo. El miembro de soporte es registrado por la secretar\u00eda y env\u00eda un mensaje electr\u00f3nico al miembro de soporte del registro.<\/p>\n<p>La fecha de inicio de la membres\u00eda es para los miembros federales el d\u00eda en que la Oficina haya tomado la decisi\u00f3n de elegir una membres\u00eda.<\/p>\n<h2>Para completar su solicitud, complete el siguiente formulario:<\/h2>\n<p><\/p>","protected":false},"excerpt":{"rendered":"<p><p>Socios de apoyo El miembro de soporte &#8211; No puede ser elegido o elegido en los \u00f3rganos de la Alianza; &#8211; Usted solo puede participar en la toma de decisiones de la Asamblea de la Alianza; &#8211; debe observar la Constituci\u00f3n de la Asociaci\u00f3n, implementar las resoluciones de la Asamblea, las Comisiones y la Presidencia.<\/p>\n<\/p>","protected":false},"author":5,"featured_media":0,"parent":0,"menu_order":0,"comment_status":"closed","ping_status":"closed","template":"","meta":{"footnotes":""},"class_list":["post-5355","page","type-page","status-publish","hentry"],"_links":{"self":[{"href":"https:\/\/ifcfa.org\/es\/wp-json\/wp\/v2\/pages\/5355"}],"collection":[{"href":"https:\/\/ifcfa.org\/es\/wp-json\/wp\/v2\/pages"}],"about":[{"href":"https:\/\/ifcfa.org\/es\/wp-json\/wp\/v2\/types\/page"}],"author":[{"embeddable":true,"href":"https:\/\/ifcfa.org\/es\/wp-json\/wp\/v2\/users\/5"}],"replies":[{"embeddable":true,"href":"https:\/\/ifcfa.org\/es\/wp-json\/wp\/v2\/comments?post=5355"}],"version-history":[{"count":3,"href":"https:\/\/ifcfa.org\/es\/wp-json\/wp\/v2\/pages\/5355\/revisions"}],"predecessor-version":[{"id":5373,"href":"https:\/\/ifcfa.org\/es\/wp-json\/wp\/v2\/pages\/5355\/revisions\/5373"}],"wp:attachment":[{"href":"https:\/\/ifcfa.org\/es\/wp-json\/wp\/v2\/media?parent=5355"}],"curies":[{"name":"wp","href":"https:\/\/api.w.org\/{rel}","templated":true}]}}