{"id":3102,"date":"2018-04-30T14:04:57","date_gmt":"2018-04-30T14:04:57","guid":{"rendered":"https:\/\/ifcfa.org\/?page_id=3102"},"modified":"2023-05-04T17:18:06","modified_gmt":"2023-05-04T17:18:06","slug":"articles-of-association","status":"publish","type":"page","link":"https:\/\/ifcfa.org\/es\/articles-of-association\/","title":{"rendered":"Estatutos"},"content":{"rendered":"<p><\/p>\n<h2 style=\"text-align: center;\">Informaci\u00f3n General<\/h2>\n<p>&nbsp;<\/p>\n<ol>\n<li><strong>El nombre de la Asociaci\u00f3n:<\/strong> International Federation of Company Founders &amp; Accountants \u00a0(<strong>Federaci\u00f3n Internacional de Fundadores de Empresas y Contadores<\/strong>)<\/li>\n<li><strong>Nombre abreviado de la Asociaci\u00f3n:<\/strong> IFCFA Association<\/li>\n<li><strong>Direcci\u00f3n de la sede de la asociaci\u00f3n:<\/strong> 293 Sugar Mill Business Park, Oakhurst Avenue, Leeds, South Yorkshire, LS117HL, United Kingdom<\/li>\n<li><strong>N\u00famero de la empresa:<\/strong> 11335775<\/li>\n<li><strong>Datos del banco:<\/strong> Banco Santander, <strong>C\u00f3digo de clasificaci\u00f3n:<\/strong> 09-01-29; <strong>N\u00famero de cuenta:<\/strong> 26808206; <strong>IBAN:<\/strong> GB35ABBY09012926808206; <strong>C\u00f3digo BIC \/ Swift:<\/strong> ABBYGB2L<\/li>\n<\/ol>\n<blockquote><p><strong>\u20acuro bank account (\u20ac)\u00a0 Swift\/BIC code: <\/strong><span>TRWIBEB1XXX;\u00a0 <strong>IBAN<\/strong>: BE07 9676 2842 4566<\/span><br \/>\n<strong>British pounds account (\u00a3)\u00a0 Sort code: <\/strong>23-14-70;<strong>\u00a0 \u00a0Account number: <\/strong>46617012;<strong><span>\u00a0 \u00a0IBAN: <\/span><\/strong>GB61 TRWI 2314 7046 6170 12<br \/>\n<strong>American USD account ($) dollar account details: ACH: <\/strong>084009519;\u00a0 <strong>Bank account number:<\/strong> <span>9600013415668150<\/span><\/p><\/blockquote>\n<ol>\n<li><strong>Cuenta de PayPal:<\/strong> info@ifcfa.org<\/li>\n<li><strong>Sitio web:<\/strong> https:\/\/ifcfa.org<\/li>\n<li><strong>Direcci\u00f3n de correo electr\u00f3nico:<\/strong> <a href=\"mailto:info@ifcfa.org\">info@ifcfa.org<\/a><\/li>\n<li><strong>Puerta del cliente:<\/strong> <a href=\"https:\/\/ifcfa.org\/login\/clientarea.php?language=spanish\">https:\/\/ifcfa.org\/login\/<\/a><\/li>\n<li><strong>Tel\u00e9fono: UK-Land Line:<\/strong> +44 (0) 1357-340-000; <strong>UK-Mobile:<\/strong> +44 (0) 757-29-410-40; <strong>HU-Mobile:<\/strong> + 3670 \/ 550-2804<\/li>\n<li><strong>Estatus legal de la Asociaci\u00f3n: International Federation of Company Founders &amp; Accountants<\/strong>\u00a0(en lo sucesivo: IFCFA) desarrolla sus actividades en todos los pa\u00edses del mundo seg\u00fan los reglamentos federativos (donde se constituyen sociedades mercantiles y\/o se prestan servicios de contabilidad) como una Asociaci\u00f3n c\u00edvica profesional de representaci\u00f3n y concertaci\u00f3n de intereses.<\/li>\n<li><strong>IFCFA\u00a0<\/strong>como Asociaci\u00f3n, tiene personalidad jur\u00eddica.<\/li>\n<li><strong>Lenguas oficiales de la Asociaci\u00f3n:<\/strong> ingl\u00e9s y h\u00fangaro.<\/li>\n<\/ol>\n<p>&nbsp;<\/p>\n<p>&nbsp;<\/p>\n<h2 style=\"text-align: center;\">Objetivo principal de la Asociaci\u00f3n:<\/h2>\n<p>&nbsp;<\/p>\n<p>&nbsp;<\/p>\n<ol start=\"14\">\n<li><strong>Representar los intereses<\/strong> profesionales, apoyar, ofrecer informaciones profesionales, formaci\u00f3n y asesoramiento para sus miembros, as\u00ed como organizar presentaciones sobre la constituci\u00f3n de sociedades mercantiles y sobre la contabilidad, publicar y divulgar folletos.<\/li>\n<li><strong>Optimizar la p\u00e1gina<\/strong> web de la Asociaci\u00f3n para las palabras claves, introducidas por los socios, en el momento de su registro, (Google, Yahoo, Bing, Search, Yandex), as\u00ed como enviar a los socios informaciones que llegan a la p\u00e1gina web de ifcfa.org.<\/li>\n<li><strong>Cada visitante<\/strong> de la p\u00e1gina web encontrar\u00e1 en su propia lengua la empresa que presta servicios para constituir sociedades mercantiles y\/o sobre la oficina de contabilidad, en el pa\u00eds donde el visitante pretende fundar su propia empresa o solicitar servicios de contabilidad.<\/li>\n<li><strong>Cada uno de los<\/strong> visitantes de la p\u00e1gina web encontrar\u00e1 en su propia lengua la empresa que presta servicios para constituir sociedades mercantiles y\/o la oficina de contabilidad, que desarrolla sus actividades en el pa\u00eds, donde, en base a los requisitos impuestos por la Asociaci\u00f3n (\u2026\u2026\u2026\u2026. punto) existen garant\u00edas para los clientes.<\/li>\n<li><strong>Contactar los clientes<\/strong> con las compa\u00f1\u00edas que prestan servicios de alta calidad (empleo del logotipo)<\/li>\n<li><strong>Promover la distribuci\u00f3n<\/strong> de los clientes entre los socios (p.ej.: el socio de la Asociaci\u00f3n que se ocupa \u00fanicamente de la constituci\u00f3n de mercantiles turcos puede solicitar a su cliente la ayuda de un socio de la Asociaci\u00f3n que se ocupa de la constituci\u00f3n de mercantiles alemanes, cuando \u00e9ste quiere fundar una compa\u00f1\u00eda alemana)<\/li>\n<li><strong>Ofrecer<\/strong> oportunidades de inversi\u00f3n, subvenciones y programas de tutor\u00eda para los afiliados<\/li>\n<li><strong>Proporcionar<\/strong> apoyo a los miembros para las actividades de inversi\u00f3n, aplicaci\u00f3n y tutor\u00eda de sus clientes<\/li>\n<li><strong>Difundir la profesi\u00f3n<\/strong> de constituci\u00f3n de compa\u00f1\u00edas mercantiles y de contabilidad<\/li>\n<li><strong>Representar los intereses<\/strong> de la profesi\u00f3n de constituci\u00f3n de compa\u00f1\u00edas mercantiles y de contabilidad, a trav\u00e9s de sus opiniones formalizadas sobre los respectivos proyectos de leyes y a trav\u00e9s de sus posturas profesionales que representan ante las autoridades extranjeras<\/li>\n<li><strong>Representar las<\/strong> organizaciones profesionales nacionales e internacionales<\/li>\n<li><strong>Crear secciones<\/strong> propias en cada pa\u00eds, en beneficio del funcionamiento aut\u00f3nomo<\/li>\n<li><strong>Opinar sobre<\/strong> las normas legales, atinentes a la constituci\u00f3n de sociedades mercantiles y a la contabilidad,<\/li>\n<li><strong>Proponer modificaciones<\/strong> de las leyes sobre la constituci\u00f3n de sociedades mercantiles y sobre la contabilidad, para elaborar est\u00e1ndares internacionales, simplificar la labor de constituci\u00f3n de compa\u00f1\u00edas mercantiles y de contabilidad y para modernizar la educaci\u00f3n y la formaci\u00f3n,<\/li>\n<li><strong>Desarrollar las<\/strong> cuestiones te\u00f3ricas de la constituci\u00f3n de mercantiles y de la contabilidad y su ejecuci\u00f3n pr\u00e1ctica,<\/li>\n<li><strong>Elaborar las<\/strong> normas \u00e9ticas profesionales y de las concepciones de la formaci\u00f3n, relativas al conjunto de la constituci\u00f3n de sociedades mercantiles y de la contabilidad,<\/li>\n<li><strong>Adoptar medidas<\/strong> constantes de formaci\u00f3n profesional de los socios, participar en su formaci\u00f3n profesional,<\/li>\n<li><strong>Suministrar informaciones<\/strong> profesionales, recopilar y responder a las preguntas formuladas y las posturas relacionadas con las mismas,<\/li>\n<li><strong>Recopilar y publicar<\/strong> las posturas coordinadas y aprobadas por las entidades profesionales<\/li>\n<li><strong>Organizar presentaciones<\/strong>, consultas y foros de debate sobre las tareas actuales, los problemas planteados, en ocasiones junto con abogados, consultores fiscales y auditores, mediante la libre exposici\u00f3n de las opiniones<\/li>\n<li><strong>Ofrecer asesoramiento<\/strong> profesional a los socios para que se conviertan en expertos reconocidos de la profesi\u00f3n de constituci\u00f3n de sociedades mercantiles, de los asuntos fiscales y de la contabilidad<\/li>\n<li><strong>Formar a los<\/strong> fundadores de sociedades y a los contables como participantes en formaciones acreditadas<\/li>\n<li><strong>Colaborar con<\/strong> otras entidades y asociaciones con el fin de alcanzar los objetivos profesionales<\/li>\n<li><strong>Ofrecer apoyo<\/strong> a los socios de la Asociaci\u00f3n \u2013 dentro de las posibilidades \u2013 para recrearse y practicar deportes<\/li>\n<li><strong> Alcance de la Asociaci\u00f3n:<\/strong>En todos los pa\u00edses del mundo donde se fundan compa\u00f1\u00edas mercantiles y se prestan servicios de contabilidad.<\/li>\n<\/ol>\n<p>&nbsp;<\/p>\n<h2 style=\"text-align: center;\">La estructura organizativa de la asociaci\u00f3n.<\/h2>\n<p style=\"text-align: center;\">En cada pa\u00eds:\u00a0\u00a0<a href=\"https:\/\/ifcfa.org\/es\/registration\/\">https:\/\/ifcfa.org\/es\/registration\/<\/a><\/p>\n<p>&nbsp;<\/p>\n<p>&nbsp;<\/p>\n<h2>\u00bfEst\u00e1s preguntando? Escriba aqui:<\/h2>\n<p>[vfb id=1]<\/p>","protected":false},"excerpt":{"rendered":"<p><p>Informaci\u00f3n General &nbsp; El nombre de la Asociaci\u00f3n: International Federation of Company Founders &amp; Accountants \u00a0(Federaci\u00f3n Internacional de Fundadores de Empresas y Contadores) Nombre abreviado de la Asociaci\u00f3n: IFCFA Association Direcci\u00f3n de la sede de la asociaci\u00f3n: 293 Sugar Mill Business Park, Oakhurst Avenue, Leeds, South Yorkshire, LS117HL, United Kingdom N\u00famero de la empresa: 11335775<\/p>\n<\/p>","protected":false},"author":5,"featured_media":0,"parent":0,"menu_order":0,"comment_status":"closed","ping_status":"closed","template":"","meta":{"footnotes":""},"class_list":["post-3102","page","type-page","status-publish","hentry"],"_links":{"self":[{"href":"https:\/\/ifcfa.org\/es\/wp-json\/wp\/v2\/pages\/3102"}],"collection":[{"href":"https:\/\/ifcfa.org\/es\/wp-json\/wp\/v2\/pages"}],"about":[{"href":"https:\/\/ifcfa.org\/es\/wp-json\/wp\/v2\/types\/page"}],"author":[{"embeddable":true,"href":"https:\/\/ifcfa.org\/es\/wp-json\/wp\/v2\/users\/5"}],"replies":[{"embeddable":true,"href":"https:\/\/ifcfa.org\/es\/wp-json\/wp\/v2\/comments?post=3102"}],"version-history":[{"count":207,"href":"https:\/\/ifcfa.org\/es\/wp-json\/wp\/v2\/pages\/3102\/revisions"}],"predecessor-version":[{"id":6444,"href":"https:\/\/ifcfa.org\/es\/wp-json\/wp\/v2\/pages\/3102\/revisions\/6444"}],"wp:attachment":[{"href":"https:\/\/ifcfa.org\/es\/wp-json\/wp\/v2\/media?parent=3102"}],"curies":[{"name":"wp","href":"https:\/\/api.w.org\/{rel}","templated":true}]}}