{"id":1339,"date":"2018-04-15T13:07:39","date_gmt":"2018-04-15T13:07:39","guid":{"rendered":"https:\/\/ifcfa.org\/?page_id=1339"},"modified":"2023-05-19T20:19:39","modified_gmt":"2023-05-19T20:19:39","slug":"contact","status":"publish","type":"page","link":"https:\/\/ifcfa.org\/es\/contact\/","title":{"rendered":"Contacto"},"content":{"rendered":"<p><\/p>\n<ol>\n<li><strong>El nombre de la Asociaci\u00f3n:<\/strong><span>\u00a0<\/span>International Federation of Company Founders &amp; Accountants \u00a0(<strong>Federaci\u00f3n Internacional de Fundadores de Empresas y Contadores<\/strong>)<\/li>\n<li><strong>Nombre abreviado de la Asociaci\u00f3n:<\/strong><span>\u00a0<\/span>IFCFA Association<\/li>\n<li><strong>Direcci\u00f3n de la sede de la asociaci\u00f3n:<\/strong><span>\u00a0<\/span>293 Sugar Mill Business Park, Oakhurst Avenue, Leeds, South Yorkshire, LS117HL, United Kingdom<\/li>\n<li><strong>N\u00famero de la empresa:<\/strong><span>\u00a0<\/span>11335775<\/li>\n<li><strong>Datos del banco:<\/strong><span>\u00a0<\/span>Banco Santander,<span>\u00a0<\/span><strong>C\u00f3digo de clasificaci\u00f3n:<\/strong><span>\u00a0<\/span>09-01-29;<span>\u00a0<\/span><strong>N\u00famero de cuenta:<\/strong><span>\u00a0<\/span>26808206;<span>\u00a0<\/span><strong>IBAN:<\/strong><span>\u00a0<\/span>GB35ABBY09012926808206;<span>\u00a0<\/span><strong>C\u00f3digo BIC \/ Swift:<\/strong><span>\u00a0<\/span>ABBYGB2L<\/li>\n<\/ol>\n<blockquote><p><strong>\u20acuro bank account (\u20ac)\u00a0 Swift\/BIC code:<span>\u00a0<\/span><\/strong><span>TRWIBEB1XXX;\u00a0\u00a0<strong>IBAN<\/strong>: BE07 9676 2842 4566<\/span><br \/>\n<strong>British pounds account (\u00a3)\u00a0 Sort code:<span>\u00a0<\/span><\/strong>23-14-70;<strong>\u00a0 \u00a0Account number:<span>\u00a0<\/span><\/strong>46617012;<strong><span>\u00a0 \u00a0IBAN:\u00a0<\/span><\/strong>GB61 TRWI 2314 7046 6170 12<br \/>\n<strong>American USD account ($) dollar account details: ACH:<span>\u00a0<\/span><\/strong>084009519;\u00a0<span>\u00a0<\/span><strong>Bank account number:<\/strong><span>\u00a0<\/span><span>9600013415668150<\/span><\/p><\/blockquote>\n<ol>\n<li><strong>Cuenta de PayPal:<\/strong><span>\u00a0<\/span>info@ifcfa.org<\/li>\n<li><strong>Sitio web:<\/strong><span>\u00a0<\/span>https:\/\/ifcfa.org<\/li>\n<li><strong>Direcci\u00f3n de correo electr\u00f3nico:<\/strong><span>\u00a0<\/span><a href=\"mailto:info@ifcfa.org\">info@ifcfa.org<\/a><\/li>\n<li><strong>Puerta del cliente:<\/strong><span>\u00a0<\/span><a href=\"https:\/\/ifcfa.org\/login\/clientarea.php?language=spanish\">https:\/\/ifcfa.org\/login\/<\/a><\/li>\n<li><strong>Tel\u00e9fono: UK-Land Line:<\/strong><span>\u00a0<\/span>+44 (0) 1357-340-000;<span>\u00a0<\/span><strong>UK-Mobile:<\/strong><span>\u00a0<\/span>+44 (0) 757-29-410-40;<span>\u00a0<\/span><strong>HU-Mobile:<\/strong><span>\u00a0<\/span>+ 3670 \/ 550-2804<\/li>\n<li><strong>Estatus legal de la Asociaci\u00f3n: International Federation of Company Founders &amp; Accountants<\/strong>\u00a0(en lo sucesivo: IFCFA) desarrolla sus actividades en todos los pa\u00edses del mundo seg\u00fan los reglamentos federativos (donde se constituyen sociedades mercantiles y\/o se prestan servicios de contabilidad) como una Asociaci\u00f3n c\u00edvica profesional de representaci\u00f3n y concertaci\u00f3n de intereses.<\/li>\n<li><strong>IFCFA\u00a0<\/strong>como Asociaci\u00f3n, tiene personalidad jur\u00eddica.<\/li>\n<li><strong>Lenguas oficiales de la Asociaci\u00f3n:<\/strong><span>\u00a0<\/span>ingl\u00e9s y h\u00fangaro.<\/li>\n<\/ol>\n<blockquote>\n<h2 style=\"text-align: right;\"><a href=\"https:\/\/ifcfa.org\/es\/newsletter\/\" target=\"_blank\" rel=\"noopener\">\u00a1Suscr\u00edbete al bolet\u00edn!<\/a><\/h2>\n<\/blockquote>\n<p>[vfb id=1]<\/p>\n<div id=\"simple-translate\">\n<div>\n<div class=\"simple-translate-button isShow\" style=\"background-image: url('chrome-extension:\/\/cllnohpbfenopiakdcjmjcbaeapmkcdl\/icons\/512.png'); height: 22px; width: 22px; top: 328px; left: 62px;\"><\/div>\n<div class=\"simple-translate-panel \" style=\"width: 300px; height: 200px; top: 0px; left: 0px; font-size: 13px; background-color: #ffffff;\">\n<div class=\"simple-translate-result-wrapper\" style=\"overflow: hidden;\">\n<div class=\"simple-translate-move\"><\/div>\n<div class=\"simple-translate-result-contents\">\n<p class=\"simple-translate-candidate\" dir=\"auto\" style=\"color: #737373;\">\n<\/div>\n<\/div>\n<\/div>\n<\/div>\n<\/div>\n<p><\/p>","protected":false},"excerpt":{"rendered":"<p><p>El nombre de la Asociaci\u00f3n:\u00a0International Federation of Company Founders &amp; Accountants \u00a0(Federaci\u00f3n Internacional de Fundadores de Empresas y Contadores) Nombre abreviado de la Asociaci\u00f3n:\u00a0IFCFA Association Direcci\u00f3n de la sede de la asociaci\u00f3n:\u00a0293 Sugar Mill Business Park, Oakhurst Avenue, Leeds, South Yorkshire, LS117HL, United Kingdom N\u00famero de la empresa:\u00a011335775 Datos del banco:\u00a0Banco Santander,\u00a0C\u00f3digo de clasificaci\u00f3n:\u00a009-01-29;\u00a0N\u00famero de<\/p>\n<\/p>","protected":false},"author":5,"featured_media":0,"parent":0,"menu_order":0,"comment_status":"closed","ping_status":"closed","template":"","meta":{"footnotes":""},"class_list":["post-1339","page","type-page","status-publish","hentry"],"_links":{"self":[{"href":"https:\/\/ifcfa.org\/es\/wp-json\/wp\/v2\/pages\/1339"}],"collection":[{"href":"https:\/\/ifcfa.org\/es\/wp-json\/wp\/v2\/pages"}],"about":[{"href":"https:\/\/ifcfa.org\/es\/wp-json\/wp\/v2\/types\/page"}],"author":[{"embeddable":true,"href":"https:\/\/ifcfa.org\/es\/wp-json\/wp\/v2\/users\/5"}],"replies":[{"embeddable":true,"href":"https:\/\/ifcfa.org\/es\/wp-json\/wp\/v2\/comments?post=1339"}],"version-history":[{"count":53,"href":"https:\/\/ifcfa.org\/es\/wp-json\/wp\/v2\/pages\/1339\/revisions"}],"predecessor-version":[{"id":6544,"href":"https:\/\/ifcfa.org\/es\/wp-json\/wp\/v2\/pages\/1339\/revisions\/6544"}],"wp:attachment":[{"href":"https:\/\/ifcfa.org\/es\/wp-json\/wp\/v2\/media?parent=1339"}],"curies":[{"name":"wp","href":"https:\/\/api.w.org\/{rel}","templated":true}]}}