{"id":1226,"date":"2018-04-14T19:44:03","date_gmt":"2018-04-14T19:44:03","guid":{"rendered":"https:\/\/ifcfa.org\/?page_id=1226"},"modified":"2018-12-13T18:39:25","modified_gmt":"2018-12-13T18:39:25","slug":"world-association-of-company-founders-accountants","status":"publish","type":"page","link":"https:\/\/ifcfa.org\/es\/","title":{"rendered":"Federaci\u00f3n Internacional de Fundadores de Empresas y Contadores"},"content":{"rendered":"<p><\/p>\n<h2>Bienvenido!<\/h2>\n<p>&nbsp;<\/p>\n<p>En nuestro sitio web, encontrar\u00e1 una empresa con una reputaci\u00f3n mundial en el campo de la fundaci\u00f3n de empresas y la contabilidad.<\/p>\n<p>Por continente, puede encontrar una empresa adecuada para que configure su empresa o reserve su negocio en un pa\u00eds determinado.<\/p>\n<p>&nbsp;<\/p>\n<p>Por ejemplo, si desea configurar una empresa en ingl\u00e9s, simplemente haga clic<\/p>\n<p><strong>Men\u00fa principal&gt; Reino Unido&gt; Inglaterra enlace<\/strong><\/p>\n<p>&nbsp;<\/p>\n<p>Este sitio es una lista de compa\u00f1\u00edas certificadas por la <strong>Federaci\u00f3n Internacional de Fundadores de Empresas y Contadores.<\/strong><\/p>\n<p>Nuestras compa\u00f1\u00edas est\u00e1n pasando por el estricto filtro de seguridad, privacidad y registro de la compa\u00f1\u00eda.<\/p>\n<p>Si tambi\u00e9n est\u00e1 involucrado en el establecimiento de una empresa y \/ o contabilidad, comience su registro en el elemento del men\u00fa de enlace.<\/p>","protected":false},"excerpt":{"rendered":"<p><p>Bienvenido! &nbsp; En nuestro sitio web, encontrar\u00e1 una empresa con una reputaci\u00f3n mundial en el campo de la fundaci\u00f3n de empresas y la contabilidad. Por continente, puede encontrar una empresa adecuada para que configure su empresa o reserve su negocio en un pa\u00eds determinado. &nbsp; Por ejemplo, si desea configurar una empresa en ingl\u00e9s, simplemente<\/p>\n<\/p>","protected":false},"author":5,"featured_media":0,"parent":0,"menu_order":0,"comment_status":"closed","ping_status":"closed","template":"templates\/home-page.php","meta":{"footnotes":""},"class_list":["post-1226","page","type-page","status-publish","hentry"],"_links":{"self":[{"href":"https:\/\/ifcfa.org\/es\/wp-json\/wp\/v2\/pages\/1226"}],"collection":[{"href":"https:\/\/ifcfa.org\/es\/wp-json\/wp\/v2\/pages"}],"about":[{"href":"https:\/\/ifcfa.org\/es\/wp-json\/wp\/v2\/types\/page"}],"author":[{"embeddable":true,"href":"https:\/\/ifcfa.org\/es\/wp-json\/wp\/v2\/users\/5"}],"replies":[{"embeddable":true,"href":"https:\/\/ifcfa.org\/es\/wp-json\/wp\/v2\/comments?post=1226"}],"version-history":[{"count":10,"href":"https:\/\/ifcfa.org\/es\/wp-json\/wp\/v2\/pages\/1226\/revisions"}],"predecessor-version":[{"id":5990,"href":"https:\/\/ifcfa.org\/es\/wp-json\/wp\/v2\/pages\/1226\/revisions\/5990"}],"wp:attachment":[{"href":"https:\/\/ifcfa.org\/es\/wp-json\/wp\/v2\/media?parent=1226"}],"curies":[{"name":"wp","href":"https:\/\/api.w.org\/{rel}","templated":true}]}}